{"id":2104,"date":"2021-03-23T09:33:48","date_gmt":"2021-03-23T09:33:48","guid":{"rendered":"http:\/\/localhost\/nuss\/?page_id=167"},"modified":"2025-12-04T10:40:48","modified_gmt":"2025-12-04T10:40:48","slug":"unsere-geschichte","status":"publish","type":"page","link":"https:\/\/eastsacredhotel.com\/de\/unsere-geschichte\/","title":{"rendered":"Unsere Geschichte"},"content":{"rendered":"<div data-elementor-type=\"wp-page\" data-elementor-id=\"2104\" class=\"elementor elementor-2104\">\n\t\t\t\t\t\t<section class=\"elementor-section elementor-top-section elementor-element elementor-element-8f5bb9d elementor-section-boxed elementor-section-gap-beside-yes elementor-section-height-default elementor-section-height-default elementor-section-column-vertical-align-stretch\" data-id=\"8f5bb9d\" data-element_type=\"section\" data-e-type=\"section\">\n\t\t\t\t\t\t<div class=\"elementor-container elementor-column-gap-extended\">\n\t\t\t\t\t<div class=\"elementor-column elementor-col-100 elementor-top-column elementor-element elementor-element-7ec4215\" data-id=\"7ec4215\" data-element_type=\"column\" data-e-type=\"column\">\n\t\t\t<div class=\"elementor-widget-wrap elementor-element-populated\">\n\t\t\t\t\t\t<div class=\"elementor-element elementor-element-edd9d03 elementor-widget__width-initial elementor-invisible elementor-widget elementor-widget-text-editor\" data-id=\"edd9d03\" data-element_type=\"widget\" data-e-type=\"widget\" data-settings=\"{&quot;_animation&quot;:&quot;nussFadeInUp&quot;}\" data-widget_type=\"text-editor.default\">\n\t\t\t\t\t\t\t\t\t<p>Wir sind mehr als nur ein Boutique-Hotel \u2013 wir sind eine lebendige Erz\u00e4hlung, die jahrhundertealte Traditionen mit zeitgen\u00f6ssischem Komfort verbindet und G\u00e4sten eine einzigartige Gelegenheit bietet, die Seele Pekings in einer Umgebung zu erleben, die sowohl Geschichte als auch Innovation feiert.<\/p>\t\t\t\t\t\t\t\t<\/div>\n\t\t\t\t\t<\/div>\n\t\t<\/div>\n\t\t\t\t\t<\/div>\n\t\t<\/section>\n\t\t\t\t<section class=\"elementor-section elementor-top-section elementor-element elementor-element-fcc2c5b elementor-section-boxed elementor-section-gap-beside-yes elementor-section-height-default elementor-section-height-default elementor-section-column-vertical-align-stretch\" data-id=\"fcc2c5b\" data-element_type=\"section\" data-e-type=\"section\">\n\t\t\t\t\t\t<div class=\"elementor-container elementor-column-gap-extended\">\n\t\t\t\t\t<div class=\"elementor-column elementor-col-100 elementor-top-column elementor-element elementor-element-2f7d653\" data-id=\"2f7d653\" data-element_type=\"column\" data-e-type=\"column\">\n\t\t\t<div class=\"elementor-widget-wrap elementor-element-populated\">\n\t\t\t\t\t\t<section class=\"elementor-section elementor-inner-section elementor-element elementor-element-6f6d8ba elementor-section-boxed elementor-section-gap-beside-yes elementor-section-height-default elementor-section-height-default elementor-section-column-vertical-align-stretch\" data-id=\"6f6d8ba\" data-element_type=\"section\" data-e-type=\"section\">\n\t\t\t\t\t\t<div class=\"elementor-container elementor-column-gap-extended\">\n\t\t\t\t\t<div class=\"elementor-column elementor-col-50 elementor-inner-column elementor-element elementor-element-0878be6\" data-id=\"0878be6\" data-element_type=\"column\" data-e-type=\"column\">\n\t\t\t<div class=\"elementor-widget-wrap elementor-element-populated\">\n\t\t\t\t\t\t<div class=\"elementor-element elementor-element-42014f7 elementor-invisible elementor-widget elementor-widget-heading\" data-id=\"42014f7\" data-element_type=\"widget\" data-e-type=\"widget\" data-settings=\"{&quot;_animation&quot;:&quot;nussFadeInUp&quot;}\" data-widget_type=\"heading.default\">\n\t\t\t\t\t<h3 class=\"elementor-heading-title elementor-size-default\">Bescheidene Anf\u00e4nge, verwurzelt im kulturellen Respekt <\/h3>\t\t\t\t<\/div>\n\t\t\t\t<div class=\"elementor-element elementor-element-2ba7908 elementor-invisible elementor-widget elementor-widget-text-editor\" data-id=\"2ba7908\" data-element_type=\"widget\" data-e-type=\"widget\" data-settings=\"{&quot;_animation&quot;:&quot;nussFadeInUp&quot;}\" data-widget_type=\"text-editor.default\">\n\t\t\t\t\t\t\t\t\t<p data-spm-anchor-id=\"a2ty_o01.29997173.0.i103.1dedc9214ByEdy\">Die Idee f\u00fcr <strong>East Sacred Hotel <\/strong> entstand aus dem Wunsch, etwas wirklich Sinnvolles zu schaffen \u2013 einen Ort, an dem Reisende nicht nur ihren Kopf ausruhen, sondern auch in die Essenz der traditionellen chinesischen Kultur eintauchen und gleichzeitig die Annehmlichkeiten moderner Gastfreundschaft genie\u00dfen k\u00f6nnen. Gelegen im historischen <strong>Dongdan-Gebiet im Bezirk Dongcheng <\/strong>, bekannt f\u00fcr seine imperiale Vergangenheit und die N\u00e4he zu Sehensw\u00fcrdigkeiten wie dem <strong>Verbotene Stadt <\/strong> Und <strong>Platz des Himmlischen Friedens <\/strong>Das Hotel wurde als Zufluchtsort f\u00fcr anspruchsvolle Reisende konzipiert, die Authentizit\u00e4t suchen, ohne Kompromisse bei Qualit\u00e4t oder Komfort einzugehen.<\/p><p data-spm-anchor-id=\"a2ty_o01.29997173.0.i104.1dedc9214ByEdy\">In der Anfangsphase erkannten die Gr\u00fcnder das Potenzial, eine schlichte, aber elegante Struktur in einen Raum zu verwandeln, der die Harmonie zwischen Natur, Architektur und menschlichem Wohlbefinden widerspiegelt. Inspiriert von der alten chinesischen Philosophie des Gleichgewichts \u2013 repr\u00e4sentiert durch Konzepte wie <strong>Feng Shui <\/strong> Und <strong>Zen-Minimalismus <\/strong>\u2013 arbeitete das Designteam eng mit lokalen Handwerkern und Architekten zusammen, um sicherzustellen, dass jedes Detail die kulturellen Wurzeln des Ortes w\u00fcrdigt.<\/p>\t\t\t\t\t\t\t\t<\/div>\n\t\t\t\t\t<\/div>\n\t\t<\/div>\n\t\t\t\t<div class=\"elementor-column elementor-col-50 elementor-inner-column elementor-element elementor-element-6f3f021\" data-id=\"6f3f021\" data-element_type=\"column\" data-e-type=\"column\">\n\t\t\t<div class=\"elementor-widget-wrap elementor-element-populated\">\n\t\t\t\t\t\t<div class=\"elementor-element elementor-element-63d8463 elementor-invisible nuss-elementor-loading nuss-slide-in-left elementor-widget elementor-widget-image\" data-id=\"63d8463\" data-element_type=\"widget\" data-e-type=\"widget\" data-settings=\"{&quot;_animation&quot;:&quot;nussSlideInLeft&quot;}\" data-widget_type=\"image.default\">\n\t\t\t\t\t\t\t\t\t\t\t\t\t\t\t<img fetchpriority=\"high\" decoding=\"async\" width=\"1600\" height=\"1067\" src=\"https:\/\/eastsacredhotel.com\/wp-content\/uploads\/2025\/07\/East-Sacred-Hotel-Beijing-55.jpg\" class=\"attachment-full size-full wp-image-5455\" alt=\"\" srcset=\"https:\/\/eastsacredhotel.com\/wp-content\/uploads\/2025\/07\/East-Sacred-Hotel-Beijing-55.jpg 1600w, https:\/\/eastsacredhotel.com\/wp-content\/uploads\/2025\/07\/East-Sacred-Hotel-Beijing-55-300x200.jpg 300w, https:\/\/eastsacredhotel.com\/wp-content\/uploads\/2025\/07\/East-Sacred-Hotel-Beijing-55-1024x683.jpg 1024w, https:\/\/eastsacredhotel.com\/wp-content\/uploads\/2025\/07\/East-Sacred-Hotel-Beijing-55-768x512.jpg 768w, https:\/\/eastsacredhotel.com\/wp-content\/uploads\/2025\/07\/East-Sacred-Hotel-Beijing-55-1536x1024.jpg 1536w\" sizes=\"(max-width: 1600px) 100vw, 1600px\" \/>\t\t\t\t\t\t\t\t\t\t\t\t\t\t\t<\/div>\n\t\t\t\t\t<\/div>\n\t\t<\/div>\n\t\t\t\t\t<\/div>\n\t\t<\/section>\n\t\t\t\t<section class=\"elementor-section elementor-inner-section elementor-element elementor-element-0ad233f elementor-section-boxed elementor-section-gap-beside-yes elementor-section-height-default elementor-section-height-default elementor-section-column-vertical-align-stretch\" data-id=\"0ad233f\" data-element_type=\"section\" data-e-type=\"section\">\n\t\t\t\t\t\t<div class=\"elementor-container elementor-column-gap-extended\">\n\t\t\t\t\t<div class=\"elementor-column elementor-col-50 elementor-inner-column elementor-element elementor-element-2cde083\" data-id=\"2cde083\" data-element_type=\"column\" data-e-type=\"column\">\n\t\t\t<div class=\"elementor-widget-wrap elementor-element-populated\">\n\t\t\t\t\t\t<div class=\"elementor-element elementor-element-28e3da5 elementor-widget elementor-widget-image\" data-id=\"28e3da5\" data-element_type=\"widget\" data-e-type=\"widget\" data-widget_type=\"image.default\">\n\t\t\t\t\t\t\t\t\t\t\t\t\t\t\t<img decoding=\"async\" width=\"1024\" height=\"686\" src=\"https:\/\/eastsacredhotel.com\/wp-content\/uploads\/2025\/07\/East-Sacred-Hotel-Beijing-4-1024x686.jpg\" class=\"attachment-large size-large wp-image-5444\" alt=\"\" srcset=\"https:\/\/eastsacredhotel.com\/wp-content\/uploads\/2025\/07\/East-Sacred-Hotel-Beijing-4-1024x686.jpg 1024w, https:\/\/eastsacredhotel.com\/wp-content\/uploads\/2025\/07\/East-Sacred-Hotel-Beijing-4-300x201.jpg 300w, https:\/\/eastsacredhotel.com\/wp-content\/uploads\/2025\/07\/East-Sacred-Hotel-Beijing-4-768x515.jpg 768w, https:\/\/eastsacredhotel.com\/wp-content\/uploads\/2025\/07\/East-Sacred-Hotel-Beijing-4-1536x1029.jpg 1536w, https:\/\/eastsacredhotel.com\/wp-content\/uploads\/2025\/07\/East-Sacred-Hotel-Beijing-4.jpg 1600w\" sizes=\"(max-width: 1024px) 100vw, 1024px\" \/>\t\t\t\t\t\t\t\t\t\t\t\t\t\t\t<\/div>\n\t\t\t\t\t<\/div>\n\t\t<\/div>\n\t\t\t\t<div class=\"elementor-column elementor-col-50 elementor-inner-column elementor-element elementor-element-ccbc7cc\" data-id=\"ccbc7cc\" data-element_type=\"column\" data-e-type=\"column\">\n\t\t\t<div class=\"elementor-widget-wrap elementor-element-populated\">\n\t\t\t\t\t\t<div class=\"elementor-element elementor-element-377ec23 elementor-invisible elementor-widget elementor-widget-heading\" data-id=\"377ec23\" data-element_type=\"widget\" data-e-type=\"widget\" data-settings=\"{&quot;_animation&quot;:&quot;nussFadeInUp&quot;}\" data-widget_type=\"heading.default\">\n\t\t\t\t\t<h3 class=\"elementor-heading-title elementor-size-default\">Ein Name, der unsere Identit\u00e4t widerspiegelt <\/h3>\t\t\t\t<\/div>\n\t\t\t\t<div class=\"elementor-element elementor-element-9956e21 elementor-invisible elementor-widget elementor-widget-text-editor\" data-id=\"9956e21\" data-element_type=\"widget\" data-e-type=\"widget\" data-settings=\"{&quot;_animation&quot;:&quot;nussFadeInUp&quot;}\" data-widget_type=\"text-editor.default\">\n\t\t\t\t\t\t\t\t\t<p data-spm-anchor-id=\"a2ty_o01.29997173.0.i113.1dedc9214ByEdy\">Der Name <strong>\u201eHeiliger Osten\u201c <\/strong> Der Name \u201eHeilig\u201c ist nicht leichtfertig gew\u00e4hlt \u2013 er dr\u00fcckt tiefen Respekt f\u00fcr die spirituellen und philosophischen Traditionen des Ostens aus, insbesondere f\u00fcr jene, die in der chinesischen Kultur verwurzelt sind. \u201eHeilig\u201c steht f\u00fcr unsere Ehrfurcht vor dem Land, seinen Menschen und der zeitlosen Weisheit seiner Br\u00e4uche. Es symbolisiert unser Engagement, R\u00e4ume zu schaffen, die nicht nur sch\u00f6n, sondern auch bedeutungsvoll sind \u2013 in denen jeder Gast Frieden, Verbundenheit und Inspiration empfindet.<\/p><p data-spm-anchor-id=\"a2ty_o01.29997173.0.i114.1dedc9214ByEdy\">Diese Philosophie zeigt sich in allem, was wir tun \u2013 von der sorgf\u00e4ltig zusammengestellten Inneneinrichtung bis hin zum pers\u00f6nlichen Service, der jedem Besucher das Gef\u00fchl gibt, zu Hause zu sein.<\/p>\t\t\t\t\t\t\t\t<\/div>\n\t\t\t\t\t<\/div>\n\t\t<\/div>\n\t\t\t\t\t<\/div>\n\t\t<\/section>\n\t\t\t\t<section class=\"elementor-section elementor-inner-section elementor-element elementor-element-c127b44 elementor-section-boxed elementor-section-gap-beside-yes elementor-section-height-default elementor-section-height-default elementor-section-column-vertical-align-stretch\" data-id=\"c127b44\" data-element_type=\"section\" data-e-type=\"section\">\n\t\t\t\t\t\t<div class=\"elementor-container elementor-column-gap-extended\">\n\t\t\t\t\t<div class=\"elementor-column elementor-col-50 elementor-inner-column elementor-element elementor-element-e050279\" data-id=\"e050279\" data-element_type=\"column\" data-e-type=\"column\">\n\t\t\t<div class=\"elementor-widget-wrap elementor-element-populated\">\n\t\t\t\t\t\t<div class=\"elementor-element elementor-element-75973ee elementor-invisible elementor-widget elementor-widget-heading\" data-id=\"75973ee\" data-element_type=\"widget\" data-e-type=\"widget\" data-settings=\"{&quot;_animation&quot;:&quot;nussFadeInUp&quot;}\" data-widget_type=\"heading.default\">\n\t\t\t\t\t<h3 class=\"elementor-heading-title elementor-size-default\">Gestaltung eines Zufluchtsortes f\u00fcr den modernen Reisenden <\/h3>\t\t\t\t<\/div>\n\t\t\t\t<div class=\"elementor-element elementor-element-818ffa2 elementor-invisible elementor-widget elementor-widget-text-editor\" data-id=\"818ffa2\" data-element_type=\"widget\" data-e-type=\"widget\" data-settings=\"{&quot;_animation&quot;:&quot;nussFadeInUp&quot;}\" data-widget_type=\"text-editor.default\">\n\t\t\t\t\t\t\t\t\t<p data-spm-anchor-id=\"a2ty_o01.29997173.0.i108.1dedc9214ByEdy\">Von Anfang an war unsere Mission klar: ein Reiseerlebnis zu bieten, das \u00fcber das Gew\u00f6hnliche hinausgeht. Anstatt Massenmarkttrends zu folgen, konzentrierten wir uns auf <strong>Authentizit\u00e4t, Handwerkskunst und Nachhaltigkeit <\/strong>.<\/p><p data-spm-anchor-id=\"a2ty_o01.29997173.0.i107.1dedc9214ByEdy\">Jedes Zimmer und jede Suite wurde nicht nur zum Schlafen, sondern zum Erleben gestaltet. Lokale Handwerker wurden beauftragt, viele der Innenausstattungselemente in Handarbeit herzustellen, darunter ma\u00dfgefertigte M\u00f6bel, bestickte Textilien und dekorative Akzente, die von klassischen chinesischen Motiven inspiriert sind. Auch die Gestaltung des Hotels folgt den Prinzipien von <strong>traditionelle Hofh\u00e4user (Siheyuan) <\/strong>, wodurch ein Gef\u00fchl von Privatsph\u00e4re, Ruhe und Gemeinschaft entsteht.<\/p><p data-spm-anchor-id=\"a2ty_o01.29997173.0.i109.1dedc9214ByEdy\">Dieser durchdachte Designansatz hat <strong>East Sacred Hotel <\/strong> ein Favorit unter Reisenden, die eine bedeutungsvolle Verbindung zu den Orten suchen, die sie besuchen \u2013 nicht nur als Touristen, sondern als Kulturentdecker.<\/p>\t\t\t\t\t\t\t\t<\/div>\n\t\t\t\t\t<\/div>\n\t\t<\/div>\n\t\t\t\t<div class=\"elementor-column elementor-col-50 elementor-inner-column elementor-element elementor-element-6cab6d3\" data-id=\"6cab6d3\" data-element_type=\"column\" data-e-type=\"column\">\n\t\t\t<div class=\"elementor-widget-wrap elementor-element-populated\">\n\t\t\t\t\t\t<div class=\"elementor-element elementor-element-03b3301 elementor-widget elementor-widget-image\" data-id=\"03b3301\" data-element_type=\"widget\" data-e-type=\"widget\" data-widget_type=\"image.default\">\n\t\t\t\t\t\t\t\t\t\t\t\t\t\t\t<img decoding=\"async\" width=\"1024\" height=\"683\" src=\"https:\/\/eastsacredhotel.com\/wp-content\/uploads\/2025\/07\/East-Sacred-Hotel-Beijing-57-1024x683.jpg\" class=\"attachment-large size-large wp-image-5422\" alt=\"\" srcset=\"https:\/\/eastsacredhotel.com\/wp-content\/uploads\/2025\/07\/East-Sacred-Hotel-Beijing-57-1024x683.jpg 1024w, https:\/\/eastsacredhotel.com\/wp-content\/uploads\/2025\/07\/East-Sacred-Hotel-Beijing-57-300x200.jpg 300w, https:\/\/eastsacredhotel.com\/wp-content\/uploads\/2025\/07\/East-Sacred-Hotel-Beijing-57-768x512.jpg 768w, https:\/\/eastsacredhotel.com\/wp-content\/uploads\/2025\/07\/East-Sacred-Hotel-Beijing-57-1536x1024.jpg 1536w, https:\/\/eastsacredhotel.com\/wp-content\/uploads\/2025\/07\/East-Sacred-Hotel-Beijing-57.jpg 1600w\" sizes=\"(max-width: 1024px) 100vw, 1024px\" \/>\t\t\t\t\t\t\t\t\t\t\t\t\t\t\t<\/div>\n\t\t\t\t\t<\/div>\n\t\t<\/div>\n\t\t\t\t\t<\/div>\n\t\t<\/section>\n\t\t\t\t<section class=\"elementor-section elementor-inner-section elementor-element elementor-element-60124f0 elementor-section-boxed elementor-section-gap-beside-yes elementor-section-height-default elementor-section-height-default elementor-section-column-vertical-align-stretch\" data-id=\"60124f0\" data-element_type=\"section\" data-e-type=\"section\">\n\t\t\t\t\t\t<div class=\"elementor-container elementor-column-gap-extended\">\n\t\t\t\t\t<div class=\"elementor-column elementor-col-50 elementor-inner-column elementor-element elementor-element-98bc148\" data-id=\"98bc148\" data-element_type=\"column\" data-e-type=\"column\">\n\t\t\t<div class=\"elementor-widget-wrap elementor-element-populated\">\n\t\t\t\t\t\t<div class=\"elementor-element elementor-element-c2a2c4a elementor-widget elementor-widget-image\" data-id=\"c2a2c4a\" data-element_type=\"widget\" data-e-type=\"widget\" data-widget_type=\"image.default\">\n\t\t\t\t\t\t\t\t\t\t\t\t\t\t\t<img decoding=\"async\" width=\"1024\" height=\"686\" src=\"https:\/\/eastsacredhotel.com\/wp-content\/uploads\/2025\/07\/East-Sacred-Hotel-Beijing-4-1024x686.jpg\" class=\"attachment-large size-large wp-image-5444\" alt=\"\" srcset=\"https:\/\/eastsacredhotel.com\/wp-content\/uploads\/2025\/07\/East-Sacred-Hotel-Beijing-4-1024x686.jpg 1024w, https:\/\/eastsacredhotel.com\/wp-content\/uploads\/2025\/07\/East-Sacred-Hotel-Beijing-4-300x201.jpg 300w, https:\/\/eastsacredhotel.com\/wp-content\/uploads\/2025\/07\/East-Sacred-Hotel-Beijing-4-768x515.jpg 768w, https:\/\/eastsacredhotel.com\/wp-content\/uploads\/2025\/07\/East-Sacred-Hotel-Beijing-4-1536x1029.jpg 1536w, https:\/\/eastsacredhotel.com\/wp-content\/uploads\/2025\/07\/East-Sacred-Hotel-Beijing-4.jpg 1600w\" sizes=\"(max-width: 1024px) 100vw, 1024px\" \/>\t\t\t\t\t\t\t\t\t\t\t\t\t\t\t<\/div>\n\t\t\t\t\t<\/div>\n\t\t<\/div>\n\t\t\t\t<div class=\"elementor-column elementor-col-50 elementor-inner-column elementor-element elementor-element-6b06576\" data-id=\"6b06576\" data-element_type=\"column\" data-e-type=\"column\">\n\t\t\t<div class=\"elementor-widget-wrap elementor-element-populated\">\n\t\t\t\t\t\t<div class=\"elementor-element elementor-element-166c3f0 elementor-invisible elementor-widget elementor-widget-heading\" data-id=\"166c3f0\" data-element_type=\"widget\" data-e-type=\"widget\" data-settings=\"{&quot;_animation&quot;:&quot;nussFadeInUp&quot;}\" data-widget_type=\"heading.default\">\n\t\t\t\t\t<h3 class=\"elementor-heading-title elementor-size-default\">Aufbau eines Erbes der W\u00e4rme und Gastfreundschaft <\/h3>\t\t\t\t<\/div>\n\t\t\t\t<div class=\"elementor-element elementor-element-e7f6d91 elementor-invisible elementor-widget elementor-widget-text-editor\" data-id=\"e7f6d91\" data-element_type=\"widget\" data-e-type=\"widget\" data-settings=\"{&quot;_animation&quot;:&quot;nussFadeInUp&quot;}\" data-widget_type=\"text-editor.default\">\n\t\t\t\t\t\t\t\t\t<p data-spm-anchor-id=\"a2ty_o01.29997173.0.i112.1dedc9214ByEdy\">Im Laufe der Jahre haben wir G\u00e4ste aus aller Welt begr\u00fc\u00dft \u2013 Gesch\u00e4ftsleute, neugierige Abenteurer, Kunstliebhaber, Historiker und Familien, die Chinas Hauptstadt besser kennenlernen wollten. Jeder Gast bringt seine eigene Geschichte mit, und wir sind stolz darauf, Teil ihrer Reisegeschichte zu werden.<\/p><p data-spm-anchor-id=\"a2ty_o01.29997173.0.i111.1dedc9214ByEdy\">Unser Team ist sowohl in internationalen Servicestandards als auch in traditioneller chinesischer Etikette geschult und bem\u00fcht sich, jedem Besucher das Gef\u00fchl zu geben, nicht nur willkommen, sondern auch aufrichtig umsorgt zu sein. Ob es darum geht, ein verstecktes Juwel in einem nahegelegenen Teehaus zu empfehlen, Ihnen bei der Orientierung im U-Bahn-System zu helfen oder Ihnen bei Ihrer Ankunft einfach ein herzliches L\u00e4cheln zu schenken \u2013 unser Personal verk\u00f6rpert den Geist von <strong>Gastfreundschaft mit Herz <\/strong>.<\/p>\t\t\t\t\t\t\t\t<\/div>\n\t\t\t\t\t<\/div>\n\t\t<\/div>\n\t\t\t\t\t<\/div>\n\t\t<\/section>\n\t\t\t\t\t<\/div>\n\t\t<\/div>\n\t\t\t\t\t<\/div>\n\t\t<\/section>\n\t\t\t\t<\/div>","protected":false},"excerpt":{"rendered":"<p>We are more than just a boutique hotel\u2014we are a living narrative that bridges centuries-old traditions with contemporary comfort, offering guests a unique opportunity to experience the soul of Beijing in an environment that celebrates both history and innovation. Humble Beginnings Rooted in Cultural Respect The idea for East Sacred Hotel was born from a [&hellip;]<\/p>\n","protected":false},"author":1,"featured_media":0,"parent":0,"menu_order":0,"comment_status":"closed","ping_status":"closed","template":"","meta":{"footnotes":""},"class_list":["post-2104","page","type-page","status-publish","hentry","post-no-thumbnail"],"_links":{"self":[{"href":"https:\/\/eastsacredhotel.com\/de\/wp-json\/wp\/v2\/pages\/2104","targetHints":{"allow":["GET"]}}],"collection":[{"href":"https:\/\/eastsacredhotel.com\/de\/wp-json\/wp\/v2\/pages"}],"about":[{"href":"https:\/\/eastsacredhotel.com\/de\/wp-json\/wp\/v2\/types\/page"}],"author":[{"embeddable":true,"href":"https:\/\/eastsacredhotel.com\/de\/wp-json\/wp\/v2\/users\/1"}],"replies":[{"embeddable":true,"href":"https:\/\/eastsacredhotel.com\/de\/wp-json\/wp\/v2\/comments?post=2104"}],"version-history":[{"count":0,"href":"https:\/\/eastsacredhotel.com\/de\/wp-json\/wp\/v2\/pages\/2104\/revisions"}],"wp:attachment":[{"href":"https:\/\/eastsacredhotel.com\/de\/wp-json\/wp\/v2\/media?parent=2104"}],"curies":[{"name":"wp","href":"https:\/\/api.w.org\/{rel}","templated":true}]}}