{"id":2105,"date":"2021-03-24T07:25:45","date_gmt":"2021-03-24T07:25:45","guid":{"rendered":"http:\/\/localhost\/nuss\/?page_id=235"},"modified":"2025-07-06T15:31:27","modified_gmt":"2025-07-06T15:31:27","slug":"faqs","status":"publish","type":"page","link":"https:\/\/eastsacredhotel.com\/de\/faqs\/","title":{"rendered":"FAQs"},"content":{"rendered":"<div data-elementor-type=\"wp-page\" data-elementor-id=\"2105\" class=\"elementor elementor-2105\">\n\t\t\t\t\t\t<section class=\"elementor-section elementor-top-section elementor-element elementor-element-2a96a73 elementor-section-boxed elementor-section-gap-beside-yes elementor-section-height-default elementor-section-height-default elementor-section-column-vertical-align-stretch\" data-id=\"2a96a73\" data-element_type=\"section\" data-e-type=\"section\">\n\t\t\t\t\t\t<div class=\"elementor-container elementor-column-gap-extended\">\n\t\t\t\t\t<div class=\"elementor-column elementor-col-100 elementor-top-column elementor-element elementor-element-98ef20c\" data-id=\"98ef20c\" data-element_type=\"column\" data-e-type=\"column\">\n\t\t\t<div class=\"elementor-widget-wrap elementor-element-populated\">\n\t\t\t\t\t\t<div class=\"elementor-element elementor-element-97088c0 elementor-widget__width-initial elementor-invisible elementor-widget elementor-widget-text-editor\" data-id=\"97088c0\" data-element_type=\"widget\" data-e-type=\"widget\" data-settings=\"{&quot;_animation&quot;:&quot;nussFadeInUp&quot;}\" data-widget_type=\"text-editor.default\">\n\t\t\t\t\t\t\t\t\t<p>Nachfolgend finden Sie eine Liste der am h\u00e4ufigsten von unseren G\u00e4sten gestellten Fragen.<\/p>\t\t\t\t\t\t\t\t<\/div>\n\t\t\t\t\t<\/div>\n\t\t<\/div>\n\t\t\t\t\t<\/div>\n\t\t<\/section>\n\t\t\t\t<section class=\"elementor-section elementor-top-section elementor-element elementor-element-b184647 elementor-section-gap-beside-no elementor-section-boxed elementor-section-height-default elementor-section-height-default elementor-section-column-vertical-align-stretch\" data-id=\"b184647\" data-element_type=\"section\" data-e-type=\"section\">\n\t\t\t\t\t\t<div class=\"elementor-container elementor-column-gap-extended\">\n\t\t\t\t\t<div class=\"elementor-column elementor-col-100 elementor-top-column elementor-element elementor-element-1d49749\" data-id=\"1d49749\" data-element_type=\"column\" data-e-type=\"column\">\n\t\t\t<div class=\"elementor-widget-wrap elementor-element-populated\">\n\t\t\t\t\t\t<div class=\"elementor-element elementor-element-b986a9e elementor-invisible elementor-widget elementor-widget-nuss-heading\" data-id=\"b986a9e\" data-element_type=\"widget\" data-e-type=\"widget\" data-settings=\"{&quot;_animation&quot;:&quot;nussFadeInUp&quot;}\" data-widget_type=\"nuss-heading.default\">\n\t\t\t\t<div class=\"elementor-widget-container\">\n\t\t\t\t\t\t\t<div class=\"nuss-modern-heading\">\r\n\t\t\t\r\n\t\t\t\t\t\t<div class=\"heading-primary-wrap\">\r\n\t\t\t\t<h4 class=\"heading-primary elementor-heading-title\">FAQ&#039;S<\/h4>\t\t\t<\/div>\r\n\t\t\r\n\t\t\t\t\t\t<div class=\"heading-divider-wrap\">\r\n\t\t\t\t<div class=\"heading-divider\" style=\"left: 0px;top: 6px\"><\/div>\r\n\t\t\t<\/div>\r\n\t\r\n\t\t\t\t\t<\/div>\r\n\t\t\t\t\t<\/div>\n\t\t\t\t<\/div>\n\t\t\t\t<div class=\"elementor-element elementor-element-50f0733 elementor-invisible elementor-widget elementor-widget-heading\" data-id=\"50f0733\" data-element_type=\"widget\" data-e-type=\"widget\" data-settings=\"{&quot;_animation&quot;:&quot;nussFadeInUp&quot;}\" data-widget_type=\"heading.default\">\n\t\t\t\t\t<h2 class=\"elementor-heading-title elementor-size-default\">Fragen &amp; Antworten<\/h2>\t\t\t\t<\/div>\n\t\t\t\t<div class=\"elementor-element elementor-element-ff9f09b elementor-widget elementor-widget-text-editor\" data-id=\"ff9f09b\" data-element_type=\"widget\" data-e-type=\"widget\" data-widget_type=\"text-editor.default\">\n\t\t\t\t\t\t\t\t\t<h3 data-spm-anchor-id=\"a2ty_o01.29997173.0.i94.1dedc9214ByEdy\"><strong>Lage &amp; Erreichbarkeit <\/strong><\/h3><ol start=\"1\"><li><p><strong>Wo befindet sich das East Sacred Hotel? <\/strong><br \/>Das Hotel befindet sich in <strong>Nr. 33 Jia, Nr. 3 Stra\u00dfe, Dongdan, Bezirk Dongcheng, Peking, China <\/strong>, in einem geschichtstr\u00e4chtigen und kulturell reichen Viertel in der N\u00e4he wichtiger Touristenattraktionen.<\/p><\/li><li><p><strong>Wie weit ist das Hotel vom Platz des Himmlischen Friedens und der Verbotenen Stadt entfernt? <\/strong><br \/>Es ist ungef\u00e4hr <strong>2 Kilometer <\/strong> von beiden <strong>Platz des Himmlischen Friedens <\/strong> und die <strong>Verbotene Stadt <\/strong>, mit einer gesch\u00e4tzten Reisezeit von ca. <strong>10\u201315 Minuten mit dem Taxi oder der U-Bahn <\/strong>.<\/p><\/li><li><p><strong>Gibt es Parkpl\u00e4tze am Hotel? <\/strong><br \/>Aufgrund der begrenzten Parkm\u00f6glichkeiten im Zentrum von Peking verf\u00fcgt das Hotel nicht \u00fcber private Parkpl\u00e4tze. \u00d6ffentliche Parkpl\u00e4tze in der N\u00e4he sind jedoch auf Anfrage verf\u00fcgbar.<\/p><\/li><li><p><strong>Welche U-Bahn-Station befindet sich am n\u00e4chsten zum East Sacred Hotel? <\/strong><br \/>Die n\u00e4chstgelegene U-Bahnstation ist <strong>Dongdan Station (Linie 5) <\/strong>, das ist nur ein <strong>5 Minuten zu Fu\u00df <\/strong> vom Hoteleingang.<\/p><\/li><li><p><strong>Kann ich lokale Sehensw\u00fcrdigkeiten wie die Wangfujing-Stra\u00dfe oder den Beihai-Park zu Fu\u00df erreichen? <\/strong><br \/>Ja! <strong>Wangfujing-Stra\u00dfe <\/strong> handelt von einem <strong>10 Minuten zu Fu\u00df <\/strong>, w\u00e4hrend <strong>Beihai-Park <\/strong> betr\u00e4gt ungef\u00e4hr <strong>2 km entfernt <\/strong>, leicht mit dem Taxi, Fahrrad oder einer kurzen U-Bahnfahrt erreichbar.<\/p><\/li><\/ol><div class=\"my-2\">\u00a0<\/div><div class=\"py-2 my-3\"><hr \/><\/div><h3>\ud83d\udecf\ufe0f <strong>Unterkunfts- &amp; Zimmeranfragen <\/strong><\/h3><ol start=\"6\"><li><p><strong>Welche Zimmertypen stehen im Hotel zur Verf\u00fcgung? <\/strong><br \/>Das Hotel bietet eine Reihe von Zimmertypen, darunter <strong>Deluxe-Zimmer, Executive-Suiten und Familienzimmer <\/strong>, die alle modernen Komfort mit traditionellen chinesischen Designelementen verbinden.<\/p><\/li><li><p><strong>Sind die Zimmer mit Klimaanlage und Heizung ausgestattet? <\/strong><br \/>Ja, alle Zimmer verf\u00fcgen \u00fcber individuell regulierbare <strong>Klimaanlagen und Heizungsanlagen <\/strong> um das ganze Jahr \u00fcber Komfort zu gew\u00e4hrleisten.<\/p><\/li><li><p><strong>Verf\u00fcgt das Hotel \u00fcber Nichtraucherzimmer? <\/strong><br \/>Ja, das Hotel setzt eine <strong>striktes Rauchverbot in den Zimmern <\/strong> und verf\u00fcgt \u00fcber ausgewiesene Raucherbereiche im Freien.<\/p><\/li><li><p><strong>Sind Zustellbetten oder Babybetten verf\u00fcgbar? <\/strong><br \/>Zustellbetten k\u00f6nnen auf Anfrage gegen eine zus\u00e4tzliche Geb\u00fchr bereitgestellt werden. <strong>Babybetten stehen kostenlos zur Verf\u00fcgung <\/strong>, je nach Verf\u00fcgbarkeit.<\/p><\/li><li><p><strong>Gibt es in den Zimmern M\u00f6glichkeiten zur Tee-\/Kaffeezubereitung? <\/strong><br \/>Ja, jedes Zimmer beinhaltet kostenlose <strong>Teezubereitungsm\u00f6glichkeiten und t\u00e4glich Wasser in Flaschen <\/strong>.<\/p><\/li><\/ol><div class=\"my-2\">\u00a0<\/div><div class=\"py-2 my-3\"><hr \/><\/div><h3>\ud83c\udf7d\ufe0f <strong>Lebensmittel und Getr\u00e4nke <\/strong><\/h3><ol start=\"11\"><li><p><strong>Ist das Fr\u00fchst\u00fcck im Zimmerpreis inbegriffen? <\/strong><br \/>A <strong>kontinentales und chinesisches Fr\u00fchst\u00fccksbuffet <\/strong> ist in den meisten Zimmerpreisen inbegriffen. F\u00fcr Upgrades oder spezielle Ern\u00e4hrungsbed\u00fcrfnisse k\u00f6nnen zus\u00e4tzliche Geb\u00fchren anfallen.<\/p><\/li><li><p><strong>Verf\u00fcgt das Hotel \u00fcber ein eigenes Restaurant oder Caf\u00e9? <\/strong><br \/>Ja, das Hotel verf\u00fcgt \u00fcber ein <strong>Gourmetrestaurant <\/strong> bietet eine Mischung aus <strong>lokale Spezialit\u00e4ten und internationale Gerichte <\/strong>.<\/p><\/li><li><p><strong>Gibt es in der N\u00e4he des Hotels Restaurants oder Essensm\u00f6glichkeiten? <\/strong><br \/>Die Gegend um Dongdan ist bekannt f\u00fcr ihre gro\u00dfe Vielfalt an <strong>authentische lokale Restaurants, Stra\u00dfenimbisse und gehobene Speiselokale <\/strong>, insbesondere entlang <strong>Wangfujing-Stra\u00dfe <\/strong>.<\/p><\/li><\/ol><div class=\"my-2\">\u00a0<\/div><div class=\"py-2 my-3\"><hr \/><\/div><h3>\ud83e\uddf3 <strong>Serviceleistungen und Einrichtungen <\/strong><\/h3><ol start=\"14\"><li><p><strong>Bietet das Hotel einen Flughafentransfer an? <\/strong><br \/>Flughafentransfers k\u00f6nnen auf Anfrage und gegen Aufpreis arrangiert werden. Wir empfehlen Ihnen, den Transfer im Voraus an der Rezeption zu buchen.<\/p><\/li><li><p><strong>Gibt es eine 24-Stunden-Rezeption und einen Concierge-Service? <\/strong><br \/>Ja, das Hotel betreibt eine <strong>24\/7 Rezeption <\/strong> und Angebote <strong>Concierge-Service <\/strong> f\u00fcr Buchungen, Touren und Reisevorbereitungen.<\/p><\/li><li><p><strong>Sind W\u00e4sche- und Reinigungsdienste verf\u00fcgbar? <\/strong><br \/>Ja, <strong>W\u00e4sche- und Reinigungsservice am selben und n\u00e4chsten Tag <\/strong> stehen den G\u00e4sten zur Verf\u00fcgung.<\/p><\/li><li><p><strong>Gibt es im gesamten Hotel kostenloses WLAN? <\/strong><br \/>Kostenloses Highspeed-WLAN ist in allen <strong>G\u00e4stezimmer und \u00f6ffentliche Bereiche <\/strong>.<\/p><\/li><\/ol><div class=\"my-2\">\u00a0<\/div><div class=\"py-2 my-3\"><hr \/><\/div><h3>\ud83d\udcc5 <strong>Buchung &amp; Richtlinien <\/strong><\/h3><ol start=\"18\"><li><p><strong>Wie sind die Check-in- und Check-out-Zeiten? <\/strong><br \/>Check-in-Zeit ist ab <strong>14:00 Uhr <\/strong>, und Check-out ist bis <strong>12:00 Uhr <\/strong>. Ein sp\u00e4ter Check-out ist auf Anfrage und je nach Verf\u00fcgbarkeit m\u00f6glich.<\/p><\/li><li><p><strong data-spm-anchor-id=\"a2ty_o01.29997173.0.i92.1dedc9214ByEdy\">Kann ich meine Reservierung kostenlos stornieren? <\/strong><br \/>Die Stornierungsbedingungen variieren je nach Buchungsart. Die meisten flexiblen Tarife erlauben <strong>kostenlose Stornierung bis 24\u201348 Stunden vor Anreise <\/strong>.<\/p><\/li><li><p><strong>Sind im Hotel Haustiere erlaubt? <\/strong><br \/>Leider tut das Hotel <strong>keine Haustiere erlaubt <\/strong> Aus hygienischen und allergikerbezogenen Gr\u00fcnden. Assistenztiere k\u00f6nnen nach vorheriger Ank\u00fcndigung gestattet werden.<\/p><\/li><\/ol><div class=\"my-2\">\u00a0<\/div><div class=\"py-2 my-3\" data-spm-anchor-id=\"a2ty_o01.29997173.0.i93.1dedc9214ByEdy\"><hr \/><\/div>\t\t\t\t\t\t\t\t<\/div>\n\t\t\t\t\t<\/div>\n\t\t<\/div>\n\t\t\t\t\t<\/div>\n\t\t<\/section>\n\t\t\t\t<\/div>","protected":false},"excerpt":{"rendered":"<p>Below, you will find a list of the questions most frequently asked by our guests. FAQ&#8217;S Questions &amp; Answers Check-in time? As a rough guide, the check-in time is after 12 a.m. Let us know your arrival time in case you schedule and early check in we\u2018ll do our best to have your room available. [&hellip;]<\/p>\n","protected":false},"author":1,"featured_media":0,"parent":0,"menu_order":0,"comment_status":"closed","ping_status":"closed","template":"elementor_header_footer","meta":{"footnotes":""},"class_list":["post-2105","page","type-page","status-publish","hentry","post-no-thumbnail"],"_links":{"self":[{"href":"https:\/\/eastsacredhotel.com\/de\/wp-json\/wp\/v2\/pages\/2105","targetHints":{"allow":["GET"]}}],"collection":[{"href":"https:\/\/eastsacredhotel.com\/de\/wp-json\/wp\/v2\/pages"}],"about":[{"href":"https:\/\/eastsacredhotel.com\/de\/wp-json\/wp\/v2\/types\/page"}],"author":[{"embeddable":true,"href":"https:\/\/eastsacredhotel.com\/de\/wp-json\/wp\/v2\/users\/1"}],"replies":[{"embeddable":true,"href":"https:\/\/eastsacredhotel.com\/de\/wp-json\/wp\/v2\/comments?post=2105"}],"version-history":[{"count":0,"href":"https:\/\/eastsacredhotel.com\/de\/wp-json\/wp\/v2\/pages\/2105\/revisions"}],"wp:attachment":[{"href":"https:\/\/eastsacredhotel.com\/de\/wp-json\/wp\/v2\/media?parent=2105"}],"curies":[{"name":"wp","href":"https:\/\/api.w.org\/{rel}","templated":true}]}}