{"id":2106,"date":"2021-03-25T04:08:26","date_gmt":"2021-03-25T04:08:26","guid":{"rendered":"http:\/\/localhost\/nuss\/?page_id=298"},"modified":"2025-12-04T10:40:36","modified_gmt":"2025-12-04T10:40:36","slug":"erlebnisse","status":"publish","type":"page","link":"https:\/\/eastsacredhotel.com\/de\/erlebnisse\/","title":{"rendered":"Kundenerfahrungen &amp; Bewertungen"},"content":{"rendered":"<div data-elementor-type=\"wp-page\" data-elementor-id=\"2106\" class=\"elementor elementor-2106\">\n\t\t\t\t\t\t<section class=\"elementor-section elementor-top-section elementor-element elementor-element-1954ffc elementor-section-boxed elementor-section-gap-beside-yes elementor-section-height-default elementor-section-height-default elementor-section-column-vertical-align-stretch\" data-id=\"1954ffc\" data-element_type=\"section\" data-e-type=\"section\">\n\t\t\t\t\t\t<div class=\"elementor-container elementor-column-gap-extended\">\n\t\t\t\t\t<div class=\"elementor-column elementor-col-100 elementor-top-column elementor-element elementor-element-86aebc5\" data-id=\"86aebc5\" data-element_type=\"column\" data-e-type=\"column\">\n\t\t\t<div class=\"elementor-widget-wrap elementor-element-populated\">\n\t\t\t\t\t\t<div class=\"elementor-element elementor-element-11803d1 elementor-widget__width-initial elementor-invisible elementor-widget elementor-widget-text-editor\" data-id=\"11803d1\" data-element_type=\"widget\" data-e-type=\"widget\" data-settings=\"{&quot;_animation&quot;:&quot;nussFadeInUp&quot;}\" data-widget_type=\"text-editor.default\">\n\t\t\t\t\t\t\t\t\t<p>Entdecken Sie, was G\u00e4ste \u00fcber das East Sacred Hotel sagen \u2013 eine Sammlung echter Kundenerfahrungen und Bewertungen<\/p>\t\t\t\t\t\t\t\t<\/div>\n\t\t\t\t<div class=\"elementor-element elementor-element-be7ac48 elementor-widget elementor-widget-text-editor\" data-id=\"be7ac48\" data-element_type=\"widget\" data-e-type=\"widget\" data-widget_type=\"text-editor.default\">\n\t\t\t\t\t\t\t\t\t<p data-spm-anchor-id=\"a2ty_o01.29997173.0.i61.1dedc9214ByEdy\">Bei <strong data-spm-anchor-id=\"a2ty_o01.29997173.0.i63.1dedc9214ByEdy\">East Sacred Hotel <\/strong>, gelegen in <strong data-spm-anchor-id=\"a2ty_o01.29997173.0.i62.1dedc9214ByEdy\">Nr. 33 Jia, Nr. 3 Stra\u00dfe, Dongdan, Bezirk Dongcheng, Peking, China <\/strong>Wir glauben, dass die wahre Essenz unserer Gastfreundschaft am besten in den Stimmen unserer G\u00e4ste zum Ausdruck kommt. Eingebettet in einem der kulturell reichsten und verkehrsg\u00fcnstigsten Viertel Pekings bietet unser Boutique-Hotel eine einzigartige Mischung aus <strong>moderner Komfort, traditionelle Eleganz und pers\u00f6nlicher Service <\/strong>\u2013 und ist daher eine beliebte Wahl f\u00fcr Urlauber und Gesch\u00e4ftsreisende.<\/p><p data-spm-anchor-id=\"a2ty_o01.29997173.0.i67.1dedc9214ByEdy\">Im Laufe der Jahre hat das East Sacred Hotel eine wachsende Zahl von <strong data-spm-anchor-id=\"a2ty_o01.29997173.0.i66.1dedc9214ByEdy\">positive Bewertungen auf f\u00fchrenden Reiseplattformen <\/strong> wie zum Beispiel <strong>TripAdvisor.com <\/strong>, <strong>Booking.com <\/strong>, <strong>Expedia <\/strong>und andere wichtige <strong>Online-Reiseb\u00fcros (OTAs) <\/strong>. Diese Bewertungen unterstreichen nicht nur unser Engagement f\u00fcr Spitzenleistungen, sondern bieten auch wertvolle Einblicke in das, was einen Aufenthalt hier wirklich unvergesslich macht.<\/p>\t\t\t\t\t\t\t\t<\/div>\n\t\t\t\t\t<\/div>\n\t\t<\/div>\n\t\t\t\t\t<\/div>\n\t\t<\/section>\n\t\t\t\t<section class=\"elementor-section elementor-top-section elementor-element elementor-element-b2344ff elementor-section-gap-beside-no elementor-section-boxed elementor-section-height-default elementor-section-height-default elementor-section-column-vertical-align-stretch\" data-id=\"b2344ff\" data-element_type=\"section\" data-e-type=\"section\">\n\t\t\t\t\t\t<div class=\"elementor-container elementor-column-gap-extended\">\n\t\t\t\t\t<div class=\"elementor-column elementor-col-50 elementor-top-column elementor-element elementor-element-4698ec8\" data-id=\"4698ec8\" data-element_type=\"column\" data-e-type=\"column\">\n\t\t\t<div class=\"elementor-widget-wrap elementor-element-populated\">\n\t\t\t\t\t\t<div class=\"elementor-element elementor-element-88e5290 elementor-invisible nuss-elementor-loading nuss-slide-in-right elementor-widget elementor-widget-image\" data-id=\"88e5290\" data-element_type=\"widget\" data-e-type=\"widget\" data-settings=\"{&quot;_animation&quot;:&quot;nussSlideInRight&quot;}\" data-widget_type=\"image.default\">\n\t\t\t\t\t\t\t\t\t\t\t\t\t\t\t<img fetchpriority=\"high\" decoding=\"async\" width=\"1600\" height=\"1067\" src=\"https:\/\/eastsacredhotel.com\/wp-content\/uploads\/2025\/07\/East-Sacred-Hotel-Beijing-30.jpg\" class=\"attachment-full size-full wp-image-5475\" alt=\"\" srcset=\"https:\/\/eastsacredhotel.com\/wp-content\/uploads\/2025\/07\/East-Sacred-Hotel-Beijing-30.jpg 1600w, https:\/\/eastsacredhotel.com\/wp-content\/uploads\/2025\/07\/East-Sacred-Hotel-Beijing-30-300x200.jpg 300w, https:\/\/eastsacredhotel.com\/wp-content\/uploads\/2025\/07\/East-Sacred-Hotel-Beijing-30-1024x683.jpg 1024w, https:\/\/eastsacredhotel.com\/wp-content\/uploads\/2025\/07\/East-Sacred-Hotel-Beijing-30-768x512.jpg 768w, https:\/\/eastsacredhotel.com\/wp-content\/uploads\/2025\/07\/East-Sacred-Hotel-Beijing-30-1536x1024.jpg 1536w\" sizes=\"(max-width: 1600px) 100vw, 1600px\" \/>\t\t\t\t\t\t\t\t\t\t\t\t\t\t\t<\/div>\n\t\t\t\t\t<\/div>\n\t\t<\/div>\n\t\t\t\t<div class=\"elementor-column elementor-col-50 elementor-top-column elementor-element elementor-element-4b9e677\" data-id=\"4b9e677\" data-element_type=\"column\" data-e-type=\"column\">\n\t\t\t<div class=\"elementor-widget-wrap elementor-element-populated\">\n\t\t\t\t\t\t<div class=\"elementor-element elementor-element-fd82a54 elementor-invisible elementor-widget elementor-widget-heading\" data-id=\"fd82a54\" data-element_type=\"widget\" data-e-type=\"widget\" data-settings=\"{&quot;_animation&quot;:&quot;nussFadeInUp&quot;}\" data-widget_type=\"heading.default\">\n\t\t\t\t\t<h3 class=\"elementor-heading-title elementor-size-default\">Eine bevorzugte Wahl f\u00fcr anspruchsvolle Reisende <\/h3>\t\t\t\t<\/div>\n\t\t\t\t<div class=\"elementor-element elementor-element-bc0b7e2 elementor-invisible elementor-widget elementor-widget-text-editor\" data-id=\"bc0b7e2\" data-element_type=\"widget\" data-e-type=\"widget\" data-settings=\"{&quot;_animation&quot;:&quot;nussFadeInUp&quot;}\" data-widget_type=\"text-editor.default\">\n\t\t\t\t\t\t\t\t\t<p data-spm-anchor-id=\"a2ty_o01.29997173.0.i69.1dedc9214ByEdy\">Mit konstant hohen Bewertungen und einem stetigen Strom begeisterter Testimonials, <strong>East Sacred Hotel <\/strong> hat sich einen Ruf f\u00fcr die Lieferung <strong>au\u00dfergew\u00f6hnliches Preis-Leistungs-Verh\u00e4ltnis, authentischer Charme und erstklassiger Service <\/strong>Viele G\u00e4ste loben das Hotel f\u00fcr seine <strong>strategische Lage <\/strong>, <strong>durchdachtes Design <\/strong>, Und <strong data-spm-anchor-id=\"a2ty_o01.29997173.0.i70.1dedc9214ByEdy\">aufmerksames Personal <\/strong>, die zusammen eine Atmosph\u00e4re schaffen, die sowohl luxuri\u00f6s als auch einladend wirkt.<\/p><div class=\"my-2\">\u00a0<\/div><p>An <strong>TripAdvisor <\/strong>, schrieb ein k\u00fcrzlich erschienener Rezensent:<\/p><blockquote><p><em data-spm-anchor-id=\"a2ty_o01.29997173.0.i72.1dedc9214ByEdy\">Was f\u00fcr ein Juwel! Das East Sacred Hotel hat all meine Erwartungen \u00fcbertroffen. Das Zimmer war ger\u00e4umig, sauber und wundersch\u00f6n mit traditionellen Akzenten eingerichtet. Die Lage ist perfekt \u2013 nur wenige Minuten von Wangfujing entfernt und mit einfachem Zugang zum Tiananmen-Platz und der Verbotenen Stadt. Besonders gefiel mir die Freundlichkeit und Hilfsbereitschaft des Personals. Ich w\u00fcrde definitiv wieder hier \u00fcbernachten! <\/em><\/p><\/blockquote><p>Ein anderer Gast f\u00fcgte hinzu:<\/p><blockquote><p data-spm-anchor-id=\"a2ty_o01.29997173.0.i71.1dedc9214ByEdy\"><em>\u201eDieses Hotel schafft die perfekte Balance zwischen Moderne und Tradition. Die Atmosph\u00e4re ist friedlich, das Fr\u00fchst\u00fcck war k\u00f6stlich und der Service geh\u00f6rte zu den besten, die ich in Asien erlebt habe.\u201c <\/em><\/p><\/blockquote>\t\t\t\t\t\t\t\t<\/div>\n\t\t\t\t\t<\/div>\n\t\t<\/div>\n\t\t\t\t\t<\/div>\n\t\t<\/section>\n\t\t\t\t<section class=\"elementor-section elementor-top-section elementor-element elementor-element-575fc68 elementor-section-gap-beside-no elementor-section-boxed elementor-section-height-default elementor-section-height-default elementor-section-column-vertical-align-stretch\" data-id=\"575fc68\" data-element_type=\"section\" data-e-type=\"section\">\n\t\t\t\t\t\t<div class=\"elementor-container elementor-column-gap-extended\">\n\t\t\t\t\t<div class=\"elementor-column elementor-col-50 elementor-top-column elementor-element elementor-element-dd03a56\" data-id=\"dd03a56\" data-element_type=\"column\" data-e-type=\"column\">\n\t\t\t<div class=\"elementor-widget-wrap elementor-element-populated\">\n\t\t\t\t\t\t<div class=\"elementor-element elementor-element-78ab5be elementor-invisible nuss-elementor-loading nuss-slide-in-right elementor-widget elementor-widget-image\" data-id=\"78ab5be\" data-element_type=\"widget\" data-e-type=\"widget\" data-settings=\"{&quot;_animation&quot;:&quot;nussSlideInRight&quot;}\" data-widget_type=\"image.default\">\n\t\t\t\t\t\t\t\t\t\t\t\t\t\t\t<img decoding=\"async\" width=\"1600\" height=\"1254\" src=\"https:\/\/eastsacredhotel.com\/wp-content\/uploads\/2025\/07\/East-Sacred-Hotel-Beijing-66.jpg\" class=\"attachment-full size-full wp-image-5443\" alt=\"\" srcset=\"https:\/\/eastsacredhotel.com\/wp-content\/uploads\/2025\/07\/East-Sacred-Hotel-Beijing-66.jpg 1600w, https:\/\/eastsacredhotel.com\/wp-content\/uploads\/2025\/07\/East-Sacred-Hotel-Beijing-66-300x235.jpg 300w, https:\/\/eastsacredhotel.com\/wp-content\/uploads\/2025\/07\/East-Sacred-Hotel-Beijing-66-1024x803.jpg 1024w, https:\/\/eastsacredhotel.com\/wp-content\/uploads\/2025\/07\/East-Sacred-Hotel-Beijing-66-768x602.jpg 768w, https:\/\/eastsacredhotel.com\/wp-content\/uploads\/2025\/07\/East-Sacred-Hotel-Beijing-66-1536x1204.jpg 1536w\" sizes=\"(max-width: 1600px) 100vw, 1600px\" \/>\t\t\t\t\t\t\t\t\t\t\t\t\t\t\t<\/div>\n\t\t\t\t\t<\/div>\n\t\t<\/div>\n\t\t\t\t<div class=\"elementor-column elementor-col-50 elementor-top-column elementor-element elementor-element-364a6b2\" data-id=\"364a6b2\" data-element_type=\"column\" data-e-type=\"column\">\n\t\t\t<div class=\"elementor-widget-wrap elementor-element-populated\">\n\t\t\t\t\t\t<div class=\"elementor-element elementor-element-e60cb65 elementor-invisible elementor-widget elementor-widget-heading\" data-id=\"e60cb65\" data-element_type=\"widget\" data-e-type=\"widget\" data-settings=\"{&quot;_animation&quot;:&quot;nussFadeInUp&quot;}\" data-widget_type=\"heading.default\">\n\t\t\t\t\t<h3 class=\"elementor-heading-title elementor-size-default\">Au\u00dfergew\u00f6hnlicher Service, der einen bleibenden Eindruck hinterl\u00e4sst <\/h3>\t\t\t\t<\/div>\n\t\t\t\t<div class=\"elementor-element elementor-element-ccbb94d elementor-invisible elementor-widget elementor-widget-text-editor\" data-id=\"ccbb94d\" data-element_type=\"widget\" data-e-type=\"widget\" data-settings=\"{&quot;_animation&quot;:&quot;nussFadeInUp&quot;}\" data-widget_type=\"text-editor.default\">\n\t\t\t\t\t\t\t\t\t<p>Eines der am h\u00e4ufigsten erw\u00e4hnten Highlights in Kundenbewertungen ist unser <strong>engagiertes und mehrsprachiges Personal <\/strong>, die alles daran setzen, dass sich jeder Gast willkommen und gut aufgehoben f\u00fchlt. Vom reibungslosen Check-in und der Gep\u00e4ckhilfe bis hin zu lokalen Tipps und der Organisation von Touren tr\u00e4gt unser Team ma\u00dfgeblich dazu bei, unvergessliche Aufenthalte zu gestalten.<\/p><div class=\"my-2\">\u00a0<\/div><p>Eine 5-Sterne-Bewertung auf <strong>Booking.com <\/strong> lautet:<\/p><blockquote><p><em>\u201eDas Personal an der Rezeption verdient eine besondere Erw\u00e4hnung \u2013 sie haben alles organisiert, vom Flughafentransfer bis zu den Tickets f\u00fcr die Chinesische Mauer. Wir f\u00fchlten uns nie wie ein normaler Tourist; es war eher wie bei Freunden, die uns Peking wirklich n\u00e4herbringen wollten.\u201c <\/em><\/p><\/blockquote><p data-spm-anchor-id=\"a2ty_o01.29997173.0.i74.1dedc9214ByEdy\">Ein begeisterter Google-Rezensent \u00e4u\u00dferte eine \u00e4hnliche Meinung:<\/p><blockquote><p data-spm-anchor-id=\"a2ty_o01.29997173.0.i76.1dedc9214ByEdy\"><em>\u201eHervorragender Kundenservice! Sie haben mir sogar geholfen, einen verlorenen Gegenstand nach dem Check-out wiederzufinden. Nicht viele Hotels gehen heute noch so einen Schritt weiter.\u201c <\/em><\/p><\/blockquote>\t\t\t\t\t\t\t\t<\/div>\n\t\t\t\t\t<\/div>\n\t\t<\/div>\n\t\t\t\t\t<\/div>\n\t\t<\/section>\n\t\t\t\t<section class=\"elementor-section elementor-top-section elementor-element elementor-element-7853fd5 elementor-section-gap-beside-no elementor-section-boxed elementor-section-height-default elementor-section-height-default elementor-section-column-vertical-align-stretch\" data-id=\"7853fd5\" data-element_type=\"section\" data-e-type=\"section\">\n\t\t\t\t\t\t<div class=\"elementor-container elementor-column-gap-extended\">\n\t\t\t\t\t<div class=\"elementor-column elementor-col-50 elementor-top-column elementor-element elementor-element-9a8fa64\" data-id=\"9a8fa64\" data-element_type=\"column\" data-e-type=\"column\">\n\t\t\t<div class=\"elementor-widget-wrap elementor-element-populated\">\n\t\t\t\t\t\t<div class=\"elementor-element elementor-element-6f7d3f1 elementor-invisible nuss-elementor-loading nuss-slide-in-right elementor-widget elementor-widget-image\" data-id=\"6f7d3f1\" data-element_type=\"widget\" data-e-type=\"widget\" data-settings=\"{&quot;_animation&quot;:&quot;nussSlideInRight&quot;}\" data-widget_type=\"image.default\">\n\t\t\t\t\t\t\t\t\t\t\t\t\t\t\t<img decoding=\"async\" width=\"1600\" height=\"1067\" src=\"https:\/\/eastsacredhotel.com\/wp-content\/uploads\/2025\/07\/East-Sacred-Hotel-Beijing-58.jpg\" class=\"attachment-full size-full wp-image-5410\" alt=\"\" srcset=\"https:\/\/eastsacredhotel.com\/wp-content\/uploads\/2025\/07\/East-Sacred-Hotel-Beijing-58.jpg 1600w, https:\/\/eastsacredhotel.com\/wp-content\/uploads\/2025\/07\/East-Sacred-Hotel-Beijing-58-300x200.jpg 300w, https:\/\/eastsacredhotel.com\/wp-content\/uploads\/2025\/07\/East-Sacred-Hotel-Beijing-58-1024x683.jpg 1024w, https:\/\/eastsacredhotel.com\/wp-content\/uploads\/2025\/07\/East-Sacred-Hotel-Beijing-58-768x512.jpg 768w, https:\/\/eastsacredhotel.com\/wp-content\/uploads\/2025\/07\/East-Sacred-Hotel-Beijing-58-1536x1024.jpg 1536w\" sizes=\"(max-width: 1600px) 100vw, 1600px\" \/>\t\t\t\t\t\t\t\t\t\t\t\t\t\t\t<\/div>\n\t\t\t\t\t<\/div>\n\t\t<\/div>\n\t\t\t\t<div class=\"elementor-column elementor-col-50 elementor-top-column elementor-element elementor-element-abd874b\" data-id=\"abd874b\" data-element_type=\"column\" data-e-type=\"column\">\n\t\t\t<div class=\"elementor-widget-wrap elementor-element-populated\">\n\t\t\t\t\t\t<div class=\"elementor-element elementor-element-9ae1d53 elementor-invisible elementor-widget elementor-widget-heading\" data-id=\"9ae1d53\" data-element_type=\"widget\" data-e-type=\"widget\" data-settings=\"{&quot;_animation&quot;:&quot;nussFadeInUp&quot;}\" data-widget_type=\"heading.default\">\n\t\t\t\t\t<h3 class=\"elementor-heading-title elementor-size-default\">Komfort trifft Kultur im Herzen von Peking <\/h3>\t\t\t\t<\/div>\n\t\t\t\t<div class=\"elementor-element elementor-element-a80ff28 elementor-invisible elementor-widget elementor-widget-text-editor\" data-id=\"a80ff28\" data-element_type=\"widget\" data-e-type=\"widget\" data-settings=\"{&quot;_animation&quot;:&quot;nussFadeInUp&quot;}\" data-widget_type=\"text-editor.default\">\n\t\t\t\t\t\t\t\t\t<p data-spm-anchor-id=\"a2ty_o01.29997173.0.i78.1dedc9214ByEdy\">Befindet sich in der <strong>Dongdan-Gebiet im Bezirk Dongcheng <\/strong>Das East Sacred Hotel genie\u00dft eine erstklassige Lage, die es den G\u00e4sten erm\u00f6glicht, bequem zu erreichen <strong>Pekings ber\u00fchmteste Wahrzeichen <\/strong>-einschlie\u00dflich <strong>Platz des Himmlischen Friedens, Verbotene Stadt, Beihai-Park und Wangfujing-Stra\u00dfe <\/strong>. Diese unschlagbare Lage ist weiterhin ein Highlight f\u00fcr Reisende, die sowohl in die Kultur eintauchen als auch urbanen Komfort suchen.<\/p><div class=\"my-2\">\u00a0<\/div><p>Ein TripAdvisor-Benutzer bemerkte:<\/p><blockquote><p><em>\u201eEine bessere Lage h\u00e4tte man sich nicht w\u00fcnschen k\u00f6nnen. Wir besuchten jeden Tag mehrere historische St\u00e4tten und kamen zur\u00fcck, um in einem ruhigen, wundersch\u00f6n gestalteten Hotel zu entspannen. Es ist die perfekte Mischung aus Authentizit\u00e4t und Komfort.\u201c <\/em><\/p><\/blockquote><p>Ein weiterer Gast auf <strong>Agoda <\/strong> hinzugef\u00fcgt:<\/p><blockquote><p data-spm-anchor-id=\"a2ty_o01.29997173.0.i79.1dedc9214ByEdy\"><em>\u201eWir waren begeistert, so nah an den Hauptattraktionen zu sein, ohne mit \u00fcberf\u00fcllten Verkehrsmitteln fahren zu m\u00fcssen. Und trotzdem war das Hotel selbst ruhig und entspannend \u2013 genau das Richtige nach einem langen Sightseeing-Tag.\u201c <\/em><\/p><\/blockquote>\t\t\t\t\t\t\t\t<\/div>\n\t\t\t\t\t<\/div>\n\t\t<\/div>\n\t\t\t\t\t<\/div>\n\t\t<\/section>\n\t\t\t\t<section class=\"elementor-section elementor-top-section elementor-element elementor-element-9044336 elementor-section-gap-beside-no elementor-section-boxed elementor-section-height-default elementor-section-height-default elementor-section-column-vertical-align-stretch\" data-id=\"9044336\" data-element_type=\"section\" data-e-type=\"section\">\n\t\t\t\t\t\t<div class=\"elementor-container elementor-column-gap-extended\">\n\t\t\t\t\t<div class=\"elementor-column elementor-col-50 elementor-top-column elementor-element elementor-element-813ad3e\" data-id=\"813ad3e\" data-element_type=\"column\" data-e-type=\"column\">\n\t\t\t<div class=\"elementor-widget-wrap elementor-element-populated\">\n\t\t\t\t\t\t<div class=\"elementor-element elementor-element-650e526 elementor-invisible nuss-elementor-loading nuss-slide-in-right elementor-widget elementor-widget-image\" data-id=\"650e526\" data-element_type=\"widget\" data-e-type=\"widget\" data-settings=\"{&quot;_animation&quot;:&quot;nussSlideInRight&quot;}\" data-widget_type=\"image.default\">\n\t\t\t\t\t\t\t\t\t\t\t\t\t\t\t<img loading=\"lazy\" decoding=\"async\" width=\"1600\" height=\"1086\" src=\"https:\/\/eastsacredhotel.com\/wp-content\/uploads\/2025\/07\/East-Sacred-Hotel-Beijing-49.jpg\" class=\"attachment-full size-full wp-image-5434\" alt=\"\" srcset=\"https:\/\/eastsacredhotel.com\/wp-content\/uploads\/2025\/07\/East-Sacred-Hotel-Beijing-49.jpg 1600w, https:\/\/eastsacredhotel.com\/wp-content\/uploads\/2025\/07\/East-Sacred-Hotel-Beijing-49-300x204.jpg 300w, https:\/\/eastsacredhotel.com\/wp-content\/uploads\/2025\/07\/East-Sacred-Hotel-Beijing-49-1024x695.jpg 1024w, https:\/\/eastsacredhotel.com\/wp-content\/uploads\/2025\/07\/East-Sacred-Hotel-Beijing-49-768x521.jpg 768w, https:\/\/eastsacredhotel.com\/wp-content\/uploads\/2025\/07\/East-Sacred-Hotel-Beijing-49-1536x1043.jpg 1536w\" sizes=\"(max-width: 1600px) 100vw, 1600px\" \/>\t\t\t\t\t\t\t\t\t\t\t\t\t\t\t<\/div>\n\t\t\t\t\t<\/div>\n\t\t<\/div>\n\t\t\t\t<div class=\"elementor-column elementor-col-50 elementor-top-column elementor-element elementor-element-4e24363\" data-id=\"4e24363\" data-element_type=\"column\" data-e-type=\"column\">\n\t\t\t<div class=\"elementor-widget-wrap elementor-element-populated\">\n\t\t\t\t\t\t<div class=\"elementor-element elementor-element-d315bbe elementor-invisible elementor-widget elementor-widget-heading\" data-id=\"d315bbe\" data-element_type=\"widget\" data-e-type=\"widget\" data-settings=\"{&quot;_animation&quot;:&quot;nussFadeInUp&quot;}\" data-widget_type=\"heading.default\">\n\t\t\t\t\t<h3 class=\"elementor-heading-title elementor-size-default\">Durchdacht gestaltete Zimmer f\u00fcr maximalen Komfort <\/h3>\t\t\t\t<\/div>\n\t\t\t\t<div class=\"elementor-element elementor-element-607c4ef elementor-invisible elementor-widget elementor-widget-text-editor\" data-id=\"607c4ef\" data-element_type=\"widget\" data-e-type=\"widget\" data-settings=\"{&quot;_animation&quot;:&quot;nussFadeInUp&quot;}\" data-widget_type=\"text-editor.default\">\n\t\t\t\t\t\t\t\t\t<p data-spm-anchor-id=\"a2ty_o01.29997173.0.i81.1dedc9214ByEdy\">G\u00e4ste kommentieren oft die <strong>elegante Innenausstattung, hochwertige Bettw\u00e4sche und Liebe zum Detail <\/strong> in jedem Zimmer und jeder Suite. Ob allein, zu zweit oder mit der Familie, Besucher sch\u00e4tzen die <strong>gro\u00dfz\u00fcgige Grundrisse, moderne Annehmlichkeiten und warmes Ambiente <\/strong> die ihren Aufenthalt eher wie einen R\u00fcckzugsort als nur einen Zwischenstopp erscheinen lassen.<\/p><div class=\"my-2\">\u00a0<\/div><p>Ein k\u00fcrzlicher Gast auf <strong>Hotels.com <\/strong> geteilt:<\/p><blockquote><p><em>Das Zimmer war ger\u00e4umig, sauber und geschmackvoll eingerichtet. Ich war begeistert von der sanften Beleuchtung und den traditionellen Akzenten in der Einrichtung. Au\u00dferdem haben wir das kostenlose Mineralwasser, die Hausschuhe und das superschnelle Internet sehr gesch\u00e4tzt \u2013 perfekt f\u00fcr Arbeit und Freizeit. <\/em><\/p><\/blockquote><p>Ein anderer Reisender lobte die Sauberkeit und den Komfort des Hotels:<\/p><blockquote><p data-spm-anchor-id=\"a2ty_o01.29997173.0.i82.1dedc9214ByEdy\"><em data-spm-anchor-id=\"a2ty_o01.29997173.0.i83.1dedc9214ByEdy\">Ich habe in vielen Hotels in Asien \u00fcbernachtet, und dieses sticht durch seinen makellosen Standard und sein durchdachtes Design hervor. Jedes Detail \u2013 von den Toilettenartikeln im Badezimmer bis zum Teeservice \u2013 wurde sorgf\u00e4ltig ausgew\u00e4hlt. <\/em><\/p><\/blockquote>\t\t\t\t\t\t\t\t<\/div>\n\t\t\t\t\t<\/div>\n\t\t<\/div>\n\t\t\t\t\t<\/div>\n\t\t<\/section>\n\t\t<div class=\"elementor-element elementor-element-9689d1f e-flex e-con-boxed e-con e-parent\" data-id=\"9689d1f\" data-element_type=\"container\" data-e-type=\"container\">\n\t\t\t\t\t<div class=\"e-con-inner\">\n\t\t\t\t<div class=\"elementor-element elementor-element-5687c27 elementor-widget elementor-widget-nuss-heading\" data-id=\"5687c27\" data-element_type=\"widget\" data-e-type=\"widget\" data-widget_type=\"nuss-heading.default\">\n\t\t\t\t<div class=\"elementor-widget-container\">\n\t\t\t\t\t\t\t<div class=\"nuss-modern-heading\">\r\n\t\t\t\t\t\t<div class=\"heading-secondary-wrap\">\r\n\t\t\t\t<h3 class=\"heading-secondary elementor-heading-title\">Warum Reisende immer wiederkommen <\/h3>\t\t\t<\/div>\r\n\t\t\r\n\t\t\t\r\n\t\t\t\r\n\t\t\t\t\t<\/div>\r\n\t\t\t\t\t<\/div>\n\t\t\t\t<\/div>\n\t\t\t\t<div class=\"elementor-element elementor-element-19ba05e elementor-widget elementor-widget-text-editor\" data-id=\"19ba05e\" data-element_type=\"widget\" data-e-type=\"widget\" data-widget_type=\"text-editor.default\">\n\t\t\t\t\t\t\t\t\t<p data-spm-anchor-id=\"a2ty_o01.29997173.0.i84.1dedc9214ByEdy\">Ob es die <strong>tadellose Sauberkeit <\/strong>, Die <strong>zentrale und dennoch ruhige Lage <\/strong>oder die <strong>au\u00dfergew\u00f6hnliches Preis-Leistungs-Verh\u00e4ltnis <\/strong>, Stammg\u00e4ste und treue G\u00e4ste w\u00e4hlen weiterhin <strong>East Sacred Hotel <\/strong> f\u00fcr ihre Aufenthalte in Peking. Unsere F\u00e4higkeit, <strong>traditionelle W\u00e4rme mit moderner Effizienz <\/strong> stellt sicher, dass jeder Besuch nicht nur angenehm, sondern auch sinnvoll ist.<\/p><p>Wir laden Sie ein, zu lesen, was andere \u00fcber uns gesagt haben auf <strong>TripAdvisor <\/strong>, <strong>Google Bewertungen <\/strong>und andere OTA-Plattformen \u2013 und erleben Sie dann den Unterschied von East Sacred selbst. Lassen Sie uns Ihren Besuch in Peking in etwas Au\u00dfergew\u00f6hnliches verwandeln.<\/p><p data-spm-anchor-id=\"a2ty_o01.29997173.0.i85.1dedc9214ByEdy\">Buchen Sie Ihren Aufenthalt noch heute und werden Sie Teil unserer wachsenden Familie zufriedener G\u00e4ste, die nicht nur mit Souvenirs, sondern auch mit wertvollen Erinnerungen an ein wirklich bemerkenswertes Gastfreundschaftserlebnis im Herzen Pekings nach Hause zur\u00fcckkehren.<\/p>\t\t\t\t\t\t\t\t<\/div>\n\t\t\t\t\t<\/div>\n\t\t\t\t<\/div>\n\t\t\t\t<\/div>","protected":false},"excerpt":{"rendered":"<p>Discover what guests are saying about East Sacred Hotel \u2013 a collection of real customer experiences &amp; reviews At East Sacred Hotel , located at No. 33 Jia, No. 3 Street, Dongdan, Dongcheng District, Beijing, China , we believe that the true essence of our hospitality is best reflected in the voices of our guests. [&hellip;]<\/p>\n","protected":false},"author":1,"featured_media":0,"parent":0,"menu_order":0,"comment_status":"closed","ping_status":"closed","template":"","meta":{"footnotes":""},"class_list":["post-2106","page","type-page","status-publish","hentry","post-no-thumbnail"],"_links":{"self":[{"href":"https:\/\/eastsacredhotel.com\/de\/wp-json\/wp\/v2\/pages\/2106","targetHints":{"allow":["GET"]}}],"collection":[{"href":"https:\/\/eastsacredhotel.com\/de\/wp-json\/wp\/v2\/pages"}],"about":[{"href":"https:\/\/eastsacredhotel.com\/de\/wp-json\/wp\/v2\/types\/page"}],"author":[{"embeddable":true,"href":"https:\/\/eastsacredhotel.com\/de\/wp-json\/wp\/v2\/users\/1"}],"replies":[{"embeddable":true,"href":"https:\/\/eastsacredhotel.com\/de\/wp-json\/wp\/v2\/comments?post=2106"}],"version-history":[{"count":0,"href":"https:\/\/eastsacredhotel.com\/de\/wp-json\/wp\/v2\/pages\/2106\/revisions"}],"wp:attachment":[{"href":"https:\/\/eastsacredhotel.com\/de\/wp-json\/wp\/v2\/media?parent=2106"}],"curies":[{"name":"wp","href":"https:\/\/api.w.org\/{rel}","templated":true}]}}