{"id":612,"date":"2021-03-26T10:04:13","date_gmt":"2021-03-26T10:04:13","guid":{"rendered":"http:\/\/localhost\/nuss\/?page_id=612"},"modified":"2025-12-04T10:41:03","modified_gmt":"2025-12-04T10:41:03","slug":"restaurant","status":"publish","type":"page","link":"https:\/\/eastsacredhotel.com\/de\/restaurant\/","title":{"rendered":"Restaurant"},"content":{"rendered":"<div data-elementor-type=\"wp-page\" data-elementor-id=\"612\" class=\"elementor elementor-612\">\n\t\t\t\t\t\t<section class=\"elementor-section elementor-top-section elementor-element elementor-element-e2effe8 elementor-section-boxed elementor-section-gap-beside-yes elementor-section-height-default elementor-section-height-default elementor-section-column-vertical-align-stretch\" data-id=\"e2effe8\" data-element_type=\"section\" data-e-type=\"section\">\n\t\t\t\t\t\t<div class=\"elementor-container elementor-column-gap-extended\">\n\t\t\t\t\t<div class=\"elementor-column elementor-col-100 elementor-top-column elementor-element elementor-element-e18f688\" data-id=\"e18f688\" data-element_type=\"column\" data-e-type=\"column\">\n\t\t\t<div class=\"elementor-widget-wrap elementor-element-populated\">\n\t\t\t\t\t\t<div class=\"elementor-element elementor-element-6db146d elementor-widget__width-initial elementor-invisible elementor-widget elementor-widget-text-editor\" data-id=\"6db146d\" data-element_type=\"widget\" data-e-type=\"widget\" data-settings=\"{&quot;_animation&quot;:&quot;nussFadeInUp&quot;}\" data-widget_type=\"text-editor.default\">\n\t\t\t\t\t\t\t\t\t<p data-spm-anchor-id=\"a2ty_o01.29997173.0.i42.1dedc9214ByEdy\">Mehr als nur ein Ort zum Essen, unser Restaurant ist ein Reiseziel f\u00fcr sich \u2013 eine elegante Fusion aus <strong>traditionelle chinesische \u00c4sthetik <\/strong> Und <strong>moderne Kochkunst <\/strong>, wo altbew\u00e4hrte Rezepte auf moderne Pr\u00e4sentation treffen. Ob Sie ein gem\u00fctliches Fr\u00fchst\u00fcck vor der Erkundung der Verbotenen Stadt genie\u00dfen, ein Gesch\u00e4ftsessen in ruhiger Atmosph\u00e4re genie\u00dfen oder ein romantisches Abendessen bei sanfter Beleuchtung genie\u00dfen \u2013 jeder Besuch verspricht eine unvergessliche Reise durch Geschmack und Tradition.<\/p>\t\t\t\t\t\t\t\t<\/div>\n\t\t\t\t\t<\/div>\n\t\t<\/div>\n\t\t\t\t\t<\/div>\n\t\t<\/section>\n\t\t<div class=\"elementor-element elementor-element-73e8a9d e-flex e-con-boxed e-con e-parent\" data-id=\"73e8a9d\" data-element_type=\"container\" data-e-type=\"container\">\n\t\t\t\t\t<div class=\"e-con-inner\">\n\t\t<div class=\"elementor-element elementor-element-6aae9ff e-con-full e-flex e-con e-child\" data-id=\"6aae9ff\" data-element_type=\"container\" data-e-type=\"container\">\n\t\t\t\t<div class=\"elementor-element elementor-element-f677e27 elementor-widget elementor-widget-text-editor\" data-id=\"f677e27\" data-element_type=\"widget\" data-e-type=\"widget\" data-widget_type=\"text-editor.default\">\n\t\t\t\t\t\t\t\t\t<p data-spm-anchor-id=\"a2ty_o01.29997173.0.i47.1dedc9214ByEdy\">Im Mittelpunkt der Philosophie unseres Restaurants steht der tiefe Respekt f\u00fcr <strong>Chinesische Gastronomie <\/strong>, insbesondere die Aromen und Techniken, die Pekings kulinarische Identit\u00e4t seit Jahrhunderten pr\u00e4gen. Unser Team aus erfahrenen K\u00f6chen l\u00e4sst sich inspirieren von <strong>regionale Spezialit\u00e4ten und kaiserliche K\u00fcche <\/strong>, wobei nur die frischesten saisonalen Zutaten von vertrauensw\u00fcrdigen lokalen Lieferanten verwendet werden, um die Authentizit\u00e4t und Qualit\u00e4t jedes Gerichts zu gew\u00e4hrleisten.<\/p><p data-spm-anchor-id=\"a2ty_o01.29997173.0.i44.1dedc9214ByEdy\">Vom ersten Bissen unserer Signatur <strong>Pekingente <\/strong>, zubereitet nach traditionellen R\u00f6stmethoden, die seit Generationen weitergegeben werden, bis hin zu den zarten Texturen unserer handgemachten Teigtaschen und Dim Sum \u2013 jedes Gericht auf unserer Speisekarte erz\u00e4hlt eine Geschichte, die in der Geschichte verwurzelt ist \u2013 und dennoch mit einem modernen Touch pr\u00e4sentiert wird, der den anspruchsvollen Gaumen von heute anspricht.<\/p>\t\t\t\t\t\t\t\t<\/div>\n\t\t\t\t<\/div>\n\t\t<div class=\"elementor-element elementor-element-3e2f665 e-con-full e-flex e-con e-child\" data-id=\"3e2f665\" data-element_type=\"container\" data-e-type=\"container\">\n\t\t\t\t<div class=\"elementor-element elementor-element-6e371d4 elementor-widget elementor-widget-image\" data-id=\"6e371d4\" data-element_type=\"widget\" data-e-type=\"widget\" data-widget_type=\"image.default\">\n\t\t\t\t\t\t\t\t\t\t\t\t\t\t\t<img fetchpriority=\"high\" decoding=\"async\" width=\"1024\" height=\"682\" src=\"https:\/\/eastsacredhotel.com\/wp-content\/uploads\/2025\/07\/East-Sacred-Hotel-dinning-5-1024x682.webp\" class=\"attachment-large size-large wp-image-5504\" alt=\"\" srcset=\"https:\/\/eastsacredhotel.com\/wp-content\/uploads\/2025\/07\/East-Sacred-Hotel-dinning-5-1024x682.webp 1024w, https:\/\/eastsacredhotel.com\/wp-content\/uploads\/2025\/07\/East-Sacred-Hotel-dinning-5-300x200.webp 300w, https:\/\/eastsacredhotel.com\/wp-content\/uploads\/2025\/07\/East-Sacred-Hotel-dinning-5-768x512.webp 768w, https:\/\/eastsacredhotel.com\/wp-content\/uploads\/2025\/07\/East-Sacred-Hotel-dinning-5.webp 1280w\" sizes=\"(max-width: 1024px) 100vw, 1024px\" \/>\t\t\t\t\t\t\t\t\t\t\t\t\t\t\t<\/div>\n\t\t\t\t<\/div>\n\t\t\t\t\t<\/div>\n\t\t\t\t<\/div>\n\t\t<div class=\"elementor-element elementor-element-5da33e8 e-flex e-con-boxed e-con e-parent\" data-id=\"5da33e8\" data-element_type=\"container\" data-e-type=\"container\">\n\t\t\t\t\t<div class=\"e-con-inner\">\n\t\t<div class=\"elementor-element elementor-element-a3f373d e-con-full e-flex e-con e-child\" data-id=\"a3f373d\" data-element_type=\"container\" data-e-type=\"container\">\n\t\t\t\t<div class=\"elementor-element elementor-element-eb56151 elementor-widget elementor-widget-image\" data-id=\"eb56151\" data-element_type=\"widget\" data-e-type=\"widget\" data-widget_type=\"image.default\">\n\t\t\t\t\t\t\t\t\t\t\t\t\t\t\t<img decoding=\"async\" width=\"1024\" height=\"695\" src=\"https:\/\/eastsacredhotel.com\/wp-content\/uploads\/2025\/07\/East-Sacred-Hotel-dinning-1-1024x695.webp\" class=\"attachment-large size-large wp-image-5505\" alt=\"\" srcset=\"https:\/\/eastsacredhotel.com\/wp-content\/uploads\/2025\/07\/East-Sacred-Hotel-dinning-1-1024x695.webp 1024w, https:\/\/eastsacredhotel.com\/wp-content\/uploads\/2025\/07\/East-Sacred-Hotel-dinning-1-300x204.webp 300w, https:\/\/eastsacredhotel.com\/wp-content\/uploads\/2025\/07\/East-Sacred-Hotel-dinning-1-768x522.webp 768w, https:\/\/eastsacredhotel.com\/wp-content\/uploads\/2025\/07\/East-Sacred-Hotel-dinning-1.webp 1256w\" sizes=\"(max-width: 1024px) 100vw, 1024px\" \/>\t\t\t\t\t\t\t\t\t\t\t\t\t\t\t<\/div>\n\t\t\t\t<\/div>\n\t\t<div class=\"elementor-element elementor-element-867318e e-con-full e-flex e-con e-child\" data-id=\"867318e\" data-element_type=\"container\" data-e-type=\"container\">\n\t\t\t\t<div class=\"elementor-element elementor-element-559a1ed elementor-widget elementor-widget-text-editor\" data-id=\"559a1ed\" data-element_type=\"widget\" data-e-type=\"widget\" data-widget_type=\"text-editor.default\">\n\t\t\t\t\t\t\t\t\t<p data-spm-anchor-id=\"a2ty_o01.29997173.0.i48.1dedc9214ByEdy\">Obwohl unsere Wurzeln tief in der chinesischen kulinarischen Tradition verwurzelt sind, wissen wir, dass Reisende aus aller Welt mit unterschiedlichen Geschm\u00e4ckern und Vorlieben kommen. Deshalb bietet unsere Speisekarte auch eine sorgf\u00e4ltig ausgew\u00e4hlte Auswahl an <strong>internationale Gerichte <\/strong>, von herzhaften Fr\u00fchst\u00fccken im westlichen Stil und Gourmet-Pasta bis hin zu panasiatischen K\u00f6stlichkeiten und leichten, gesunden Optionen f\u00fcr gesundheitsbewusste G\u00e4ste.<\/p><p>Egal, ob Sie sich nach der W\u00e4rme eines klassischen italienischen Risottos, der Frische japanischen Sushis oder der wohligen Vertrautheit franz\u00f6sischen Geb\u00e4cks sehnen, unsere K\u00fcche ist darauf eingerichtet, eine gro\u00dfe Bandbreite an Gel\u00fcsten zu stillen, ohne Kompromisse bei Qualit\u00e4t oder Authentizit\u00e4t einzugehen.<\/p>\t\t\t\t\t\t\t\t<\/div>\n\t\t\t\t<\/div>\n\t\t\t\t\t<\/div>\n\t\t\t\t<\/div>\n\t\t<div class=\"elementor-element elementor-element-30c710b e-flex e-con-boxed e-con e-parent\" data-id=\"30c710b\" data-element_type=\"container\" data-e-type=\"container\">\n\t\t\t\t\t<div class=\"e-con-inner\">\n\t\t<div class=\"elementor-element elementor-element-4ae2562 e-con-full e-flex e-con e-child\" data-id=\"4ae2562\" data-element_type=\"container\" data-e-type=\"container\">\n\t\t\t\t<div class=\"elementor-element elementor-element-29bfa29 elementor-widget elementor-widget-text-editor\" data-id=\"29bfa29\" data-element_type=\"widget\" data-e-type=\"widget\" data-widget_type=\"text-editor.default\">\n\t\t\t\t\t\t\t\t\t<p data-spm-anchor-id=\"a2ty_o01.29997173.0.i49.1dedc9214ByEdy\">Unser Restaurant ist in das wundersch\u00f6n gestaltete Interieur des Hotels eingebettet und f\u00fcgt sich nahtlos ein <strong>nat\u00fcrliche Holzakzente, traditionelle Kalligraphie und minimalistisches Dekor <\/strong>, wodurch ein Raum entsteht, der zeitlos und modern zugleich wirkt. Das Ambiente ist warm und einladend, mit sanfter Beleuchtung, bequemen Sitzgelegenheiten und dezenter Hintergrundmusik, die das gesamte Sinneserlebnis verst\u00e4rkt.<\/p><p data-spm-anchor-id=\"a2ty_o01.29997173.0.i50.1dedc9214ByEdy\">Das Layout erm\u00f6glicht sowohl <strong>intime Speiseerlebnisse <\/strong> Und <strong>gr\u00f6\u00dfere Versammlungen <\/strong>, ideal f\u00fcr Alleinreisende, Paare, Familien und kleine Gesch\u00e4ftsgruppen. Ob Sie drinnen speisen oder einen ruhigen Moment auf unserer Terrasse mit Blick auf die gesch\u00e4ftigen Stra\u00dfen von Dongdan genie\u00dfen, Sie werden feststellen, dass jedes Detail f\u00fcr Ihren Komfort und Ihr Vergn\u00fcgen gedacht ist.<\/p>\t\t\t\t\t\t\t\t<\/div>\n\t\t\t\t<\/div>\n\t\t<div class=\"elementor-element elementor-element-862e28d e-con-full e-flex e-con e-child\" data-id=\"862e28d\" data-element_type=\"container\" data-e-type=\"container\">\n\t\t\t\t<div class=\"elementor-element elementor-element-5d46164 elementor-widget elementor-widget-image\" data-id=\"5d46164\" data-element_type=\"widget\" data-e-type=\"widget\" data-widget_type=\"image.default\">\n\t\t\t\t\t\t\t\t\t\t\t\t\t\t\t<img decoding=\"async\" width=\"1024\" height=\"682\" src=\"https:\/\/eastsacredhotel.com\/wp-content\/uploads\/2025\/07\/East-Sacred-Hotel-dinning-4-1024x682.webp\" class=\"attachment-large size-large wp-image-5506\" alt=\"\" srcset=\"https:\/\/eastsacredhotel.com\/wp-content\/uploads\/2025\/07\/East-Sacred-Hotel-dinning-4-1024x682.webp 1024w, https:\/\/eastsacredhotel.com\/wp-content\/uploads\/2025\/07\/East-Sacred-Hotel-dinning-4-300x200.webp 300w, https:\/\/eastsacredhotel.com\/wp-content\/uploads\/2025\/07\/East-Sacred-Hotel-dinning-4-768x512.webp 768w, https:\/\/eastsacredhotel.com\/wp-content\/uploads\/2025\/07\/East-Sacred-Hotel-dinning-4.webp 1280w\" sizes=\"(max-width: 1024px) 100vw, 1024px\" \/>\t\t\t\t\t\t\t\t\t\t\t\t\t\t\t<\/div>\n\t\t\t\t<\/div>\n\t\t\t\t\t<\/div>\n\t\t\t\t<\/div>\n\t\t<div class=\"elementor-element elementor-element-fa46734 e-flex e-con-boxed e-con e-parent\" data-id=\"fa46734\" data-element_type=\"container\" data-e-type=\"container\">\n\t\t\t\t\t<div class=\"e-con-inner\">\n\t\t<div class=\"elementor-element elementor-element-9ab4a1b e-con-full e-flex e-con e-child\" data-id=\"9ab4a1b\" data-element_type=\"container\" data-e-type=\"container\">\n\t\t\t\t<div class=\"elementor-element elementor-element-0443a57 elementor-widget elementor-widget-image\" data-id=\"0443a57\" data-element_type=\"widget\" data-e-type=\"widget\" data-widget_type=\"image.default\">\n\t\t\t\t\t\t\t\t\t\t\t\t\t\t\t<img loading=\"lazy\" decoding=\"async\" width=\"1024\" height=\"682\" src=\"https:\/\/eastsacredhotel.com\/wp-content\/uploads\/2025\/07\/East-Sacred-Hotel-dinning-2-1024x682.webp\" class=\"attachment-large size-large wp-image-5507\" alt=\"\" srcset=\"https:\/\/eastsacredhotel.com\/wp-content\/uploads\/2025\/07\/East-Sacred-Hotel-dinning-2-1024x682.webp 1024w, https:\/\/eastsacredhotel.com\/wp-content\/uploads\/2025\/07\/East-Sacred-Hotel-dinning-2-300x200.webp 300w, https:\/\/eastsacredhotel.com\/wp-content\/uploads\/2025\/07\/East-Sacred-Hotel-dinning-2-768x512.webp 768w, https:\/\/eastsacredhotel.com\/wp-content\/uploads\/2025\/07\/East-Sacred-Hotel-dinning-2.webp 1280w\" sizes=\"(max-width: 1024px) 100vw, 1024px\" \/>\t\t\t\t\t\t\t\t\t\t\t\t\t\t\t<\/div>\n\t\t\t\t<\/div>\n\t\t<div class=\"elementor-element elementor-element-3d9c457 e-con-full e-flex e-con e-child\" data-id=\"3d9c457\" data-element_type=\"container\" data-e-type=\"container\">\n\t\t\t\t<div class=\"elementor-element elementor-element-9873e7a elementor-widget elementor-widget-text-editor\" data-id=\"9873e7a\" data-element_type=\"widget\" data-e-type=\"widget\" data-widget_type=\"text-editor.default\">\n\t\t\t\t\t\t\t\t\t<p data-spm-anchor-id=\"a2ty_o01.29997173.0.i51.1dedc9214ByEdy\">Unsere Speisekarte passt sich den Jahreszeiten an und spiegelt die nat\u00fcrliche Verf\u00fcgbarkeit frischer Produkte sowie die wechselnden Vorlieben unserer G\u00e4ste im Jahresverlauf wider. In den k\u00e4lteren Monaten genie\u00dfen Sie w\u00e4rmende Suppen, langsam gegarte Eint\u00f6pfe und Gew\u00fcrztees, w\u00e4hrend der Sommer leichtere Gerichte wie gek\u00fchlte Nudeln, Kr\u00e4uterbr\u00fchen und erfrischende Fruchtdesserts bietet.<\/p><p data-spm-anchor-id=\"a2ty_o01.29997173.0.i52.1dedc9214ByEdy\">Wir sind auch Gastgeber <strong>spezielle Themenabende und Degustationsmen\u00fcs <\/strong> bei gro\u00dfen Festivals wie dem <strong>Fr\u00fchlingsfest, Mittherbstfest und Laternenfest <\/strong>, sodass die G\u00e4ste den Reichtum der chinesischen Kultur durch das Essen erleben k\u00f6nnen.<\/p>\t\t\t\t\t\t\t\t<\/div>\n\t\t\t\t<\/div>\n\t\t\t\t\t<\/div>\n\t\t\t\t<\/div>\n\t\t<div class=\"elementor-element elementor-element-17a8ffd e-flex e-con-boxed e-con e-parent\" data-id=\"17a8ffd\" data-element_type=\"container\" data-e-type=\"container\">\n\t\t\t\t\t<div class=\"e-con-inner\">\n\t\t<div class=\"elementor-element elementor-element-d3aab42 e-con-full e-flex e-con e-child\" data-id=\"d3aab42\" data-element_type=\"container\" data-e-type=\"container\">\n\t\t\t\t<div class=\"elementor-element elementor-element-639311b elementor-widget elementor-widget-text-editor\" data-id=\"639311b\" data-element_type=\"widget\" data-e-type=\"widget\" data-widget_type=\"text-editor.default\">\n\t\t\t\t\t\t\t\t\t<p data-spm-anchor-id=\"a2ty_o01.29997173.0.i53.1dedc9214ByEdy\">Was unser Restaurant wirklich auszeichnet, ist nicht nur der Inhalt, sondern auch die Art und Weise, wie es serviert wird. Unser aufmerksames, mehrsprachiges Personal geht auf Ihre W\u00fcnsche ein und bietet Ihnen einen perfekten Service, der internationale Professionalit\u00e4t mit der W\u00e4rme und Freundlichkeit traditioneller chinesischer Gastfreundschaft verbindet.<\/p><p>Ob es darum geht, die perfekte Teebegleitung zu Ihrem Essen zu empfehlen, auf Ern\u00e4hrungseinschr\u00e4nkungen R\u00fccksicht zu nehmen oder ein privates Speiseerlebnis f\u00fcr besondere Anl\u00e4sse zu arrangieren \u2013 unser Team setzt sich daf\u00fcr ein, dass jeder Gast einen bleibenden Eindruck bei uns hinterl\u00e4sst.<\/p>\t\t\t\t\t\t\t\t<\/div>\n\t\t\t\t<\/div>\n\t\t<div class=\"elementor-element elementor-element-c7effd6 e-con-full e-flex e-con e-child\" data-id=\"c7effd6\" data-element_type=\"container\" data-e-type=\"container\">\n\t\t\t\t<div class=\"elementor-element elementor-element-21dc18f elementor-widget elementor-widget-image\" data-id=\"21dc18f\" data-element_type=\"widget\" data-e-type=\"widget\" data-widget_type=\"image.default\">\n\t\t\t\t\t\t\t\t\t\t\t\t\t\t\t<img loading=\"lazy\" decoding=\"async\" width=\"1024\" height=\"682\" src=\"https:\/\/eastsacredhotel.com\/wp-content\/uploads\/2025\/07\/East-Sacred-Hotel-1024x682.webp\" class=\"attachment-large size-large wp-image-5499\" alt=\"\" srcset=\"https:\/\/eastsacredhotel.com\/wp-content\/uploads\/2025\/07\/East-Sacred-Hotel-1024x682.webp 1024w, https:\/\/eastsacredhotel.com\/wp-content\/uploads\/2025\/07\/East-Sacred-Hotel-300x200.webp 300w, https:\/\/eastsacredhotel.com\/wp-content\/uploads\/2025\/07\/East-Sacred-Hotel-768x512.webp 768w, https:\/\/eastsacredhotel.com\/wp-content\/uploads\/2025\/07\/East-Sacred-Hotel.webp 1280w\" sizes=\"(max-width: 1024px) 100vw, 1024px\" \/>\t\t\t\t\t\t\t\t\t\t\t\t\t\t\t<\/div>\n\t\t\t\t<\/div>\n\t\t\t\t\t<\/div>\n\t\t\t\t<\/div>\n\t\t<div class=\"elementor-element elementor-element-9da748c e-flex e-con-boxed e-con e-parent\" data-id=\"9da748c\" data-element_type=\"container\" data-e-type=\"container\">\n\t\t\t\t\t<div class=\"e-con-inner\">\n\t\t\t\t<div class=\"elementor-element elementor-element-afbe34b elementor-widget elementor-widget-text-editor\" data-id=\"afbe34b\" data-element_type=\"widget\" data-e-type=\"widget\" data-widget_type=\"text-editor.default\">\n\t\t\t\t\t\t\t\t\t<p data-spm-anchor-id=\"a2ty_o01.29997173.0.i55.1dedc9214ByEdy\">Egal, ob Sie Gast des Hotels sind oder einfach nur die pulsierenden Stra\u00dfen von Dongdan erkunden, wir laden Sie ein, eine kulinarische Reise zu erleben, die die Vergangenheit ehrt und gleichzeitig die Zukunft begr\u00fc\u00dft. Bei <strong>Restaurant des East Sacred Hotels <\/strong>, jede Mahlzeit ist eine Geschichte, die durch den Geschmack erz\u00e4hlt wird, jedes Gericht eine Hommage an das Land, das es inspiriert, und jeder Besuch eine Erinnerung, die darauf wartet, geschaffen zu werden.<\/p><p data-spm-anchor-id=\"a2ty_o01.29997173.0.i57.1dedc9214ByEdy\">Wir hei\u00dfen Sie mit offenen Armen, herzlicher Gastfreundschaft und einem gedeckten Tisch mit den besten kulinarischen Angeboten Pekings willkommen.<\/p>\t\t\t\t\t\t\t\t<\/div>\n\t\t\t\t\t<\/div>\n\t\t\t\t<\/div>\n\t\t\t\t<\/div>","protected":false},"excerpt":{"rendered":"<p>More than just a place to dine, our restaurant is a destination in itself\u2014an elegant fusion of traditional Chinese aesthetics and modern culinary artistry , where time-honored recipes meet contemporary presentation. Whether you&#8217;re enjoying a leisurely breakfast before exploring the Forbidden City, savoring a business lunch in a tranquil setting, or indulging in a romantic [&hellip;]<\/p>\n","protected":false},"author":1,"featured_media":0,"parent":0,"menu_order":0,"comment_status":"closed","ping_status":"closed","template":"","meta":{"footnotes":""},"class_list":["post-612","page","type-page","status-publish","hentry","post-no-thumbnail"],"_links":{"self":[{"href":"https:\/\/eastsacredhotel.com\/de\/wp-json\/wp\/v2\/pages\/612","targetHints":{"allow":["GET"]}}],"collection":[{"href":"https:\/\/eastsacredhotel.com\/de\/wp-json\/wp\/v2\/pages"}],"about":[{"href":"https:\/\/eastsacredhotel.com\/de\/wp-json\/wp\/v2\/types\/page"}],"author":[{"embeddable":true,"href":"https:\/\/eastsacredhotel.com\/de\/wp-json\/wp\/v2\/users\/1"}],"replies":[{"embeddable":true,"href":"https:\/\/eastsacredhotel.com\/de\/wp-json\/wp\/v2\/comments?post=612"}],"version-history":[{"count":0,"href":"https:\/\/eastsacredhotel.com\/de\/wp-json\/wp\/v2\/pages\/612\/revisions"}],"wp:attachment":[{"href":"https:\/\/eastsacredhotel.com\/de\/wp-json\/wp\/v2\/media?parent=612"}],"curies":[{"name":"wp","href":"https:\/\/api.w.org\/{rel}","templated":true}]}}