{"id":647,"date":"2021-03-29T02:13:52","date_gmt":"2021-03-29T02:13:52","guid":{"rendered":"http:\/\/localhost\/nuss\/?page_id=647"},"modified":"2025-12-04T10:41:16","modified_gmt":"2025-12-04T10:41:16","slug":"dienstleistungen","status":"publish","type":"page","link":"https:\/\/eastsacredhotel.com\/de\/dienstleistungen\/","title":{"rendered":"Leistungen"},"content":{"rendered":"<div data-elementor-type=\"wp-page\" data-elementor-id=\"647\" class=\"elementor elementor-647\">\n\t\t\t\t\t\t<section class=\"elementor-section elementor-top-section elementor-element elementor-element-3353bc8 elementor-section-boxed elementor-section-gap-beside-yes elementor-section-height-default elementor-section-height-default elementor-section-column-vertical-align-stretch\" data-id=\"3353bc8\" data-element_type=\"section\" data-e-type=\"section\">\n\t\t\t\t\t\t<div class=\"elementor-container elementor-column-gap-extended\">\n\t\t\t\t\t<div class=\"elementor-column elementor-col-100 elementor-top-column elementor-element elementor-element-0a2bc64\" data-id=\"0a2bc64\" data-element_type=\"column\" data-e-type=\"column\">\n\t\t\t<div class=\"elementor-widget-wrap elementor-element-populated\">\n\t\t\t\t\t\t<div class=\"elementor-element elementor-element-447e3ef elementor-widget__width-initial elementor-invisible elementor-widget elementor-widget-text-editor\" data-id=\"447e3ef\" data-element_type=\"widget\" data-e-type=\"widget\" data-settings=\"{&quot;_animation&quot;:&quot;nussFadeInUp&quot;}\" data-widget_type=\"text-editor.default\">\n\t\t\t\t\t\t\t\t\t<p>Wir tun unser Bestes, um allen unseren G\u00e4sten die Dienstleistungen und Einrichtungen zu bieten, die ihren Aufenthalt unvergesslich machen.<\/p>\t\t\t\t\t\t\t\t<\/div>\n\t\t\t\t\t<\/div>\n\t\t<\/div>\n\t\t\t\t\t<\/div>\n\t\t<\/section>\n\t\t<div class=\"elementor-element elementor-element-9045166 e-flex e-con-boxed e-con e-parent\" data-id=\"9045166\" data-element_type=\"container\" data-e-type=\"container\">\n\t\t\t\t\t<div class=\"e-con-inner\">\n\t\t\t\t<div class=\"elementor-element elementor-element-0d16263 elementor-widget elementor-widget-text-editor\" data-id=\"0d16263\" data-element_type=\"widget\" data-e-type=\"widget\" data-widget_type=\"text-editor.default\">\n\t\t\t\t\t\t\t\t\t<p data-spm-anchor-id=\"a2ty_o01.29997173.0.i118.1dedc9214ByEdy\">Bei <strong>East Sacred Hotel <\/strong>, gelegen an der prestigetr\u00e4chtigen Adresse von <strong>Nr. 33 Jia, Nr. 3 Stra\u00dfe, Dongdan, Bezirk Dongcheng, Peking, China <\/strong>Wir sind \u00fcberzeugt, dass au\u00dfergew\u00f6hnlicher Service der Grundstein f\u00fcr einen unvergesslichen Aufenthalt ist. Unser Hotel bietet nicht nur elegante Unterk\u00fcnfte und eine erstklassige Lage in der N\u00e4he der ber\u00fchmtesten Sehensw\u00fcrdigkeiten Pekings, sondern auch eine Reihe von <strong>sorgf\u00e4ltig kuratierte Dienstleistungen <\/strong> die den vielf\u00e4ltigen Bed\u00fcrfnissen moderner Reisender gerecht werden.<\/p><p data-spm-anchor-id=\"a2ty_o01.29997173.0.i119.1dedc9214ByEdy\">Von Ihrer Ankunft an m\u00f6chten wir Ihnen einen reibungslosen, komfortablen und pers\u00f6nlichen Aufenthalt bei uns erm\u00f6glichen. Ob Sie gesch\u00e4ftlich, privat oder kulturell unterwegs sind \u2013 unser umfassendes Angebot an Annehmlichkeiten und Serviceleistungen sorgt daf\u00fcr, dass Ihre Reise so angenehm und stressfrei wie m\u00f6glich verl\u00e4uft.<\/p><h3>Eine nahtlose Mischung aus Tradition und moderner Effizienz<\/h3><p>Unsere Servicephilosophie ist tief in traditionellen chinesischen Werten \u2013 Respekt, Herzlichkeit und Aufmerksamkeit \u2013 verwurzelt und spiegelt gleichzeitig moderne internationale Standards in puncto Effizienz und Innovation wider. Jedes Mitglied unseres mehrsprachigen Teams ist darauf geschult, Ihre Bed\u00fcrfnisse zu erkennen und Ihnen w\u00e4hrend Ihres gesamten Aufenthalts umgehend und zuvorkommend zur Seite zu stehen.<\/p><p>Diese einzigartige Mischung erm\u00f6glicht es uns, eine globale Kundschaft zu bedienen und gleichzeitig die Authentizit\u00e4t und den Charme zu bewahren, die unsere Marke ausmachen. Ob es um Hilfe mit dem Gep\u00e4ck, die Empfehlung von Sehensw\u00fcrdigkeiten in der N\u00e4he oder die Erf\u00fcllung von Sonderw\u00fcnschen geht \u2013 unser Personal ist bestrebt, sicherzustellen, dass Ihr Erlebnis die wahre Bedeutung von <strong>Chinesische Gastfreundschaft <\/strong>\u2013 wo G\u00e4ste wie gesch\u00e4tzte Familienmitglieder behandelt werden.<\/p><div class=\"my-2\">\u00a0<\/div><div class=\"py-2 my-3\"><hr \/><\/div><h3>Personalisierter G\u00e4steservice f\u00fcr Komfort und Bequemlichkeit<\/h3><p>Wir wissen, dass kein Reisender dem anderen gleicht. Deshalb bieten wir eine gro\u00dfe Auswahl an <strong>personalisierter G\u00e4steservice <\/strong> zugeschnitten auf unterschiedliche Reisestile und Vorlieben:<\/p><h4>\u2705 <strong>24-Stunden-Rezeption und Concierge-Service <\/strong><\/h4><p>Unsere Rezeption ist rund um die Uhr besetzt und bietet Ihnen kontinuierliche Unterst\u00fctzung. G\u00e4ste k\u00f6nnen jederzeit Unterst\u00fctzung bei Reservierungen, Transportbuchungen und allgemeinen Anfragen erhalten. Unsere <strong>professionelles Concierge-Team <\/strong> steht Ihnen auch bei der Planung Ihrer Reiseroute, der Buchung von F\u00fchrungen, der Empfehlung von Restaurants und sogar bei kurzfristigen \u00c4nderungen Ihres Zeitplans zur Seite.<\/p><h4>\u2705 <strong>Kostenloses Highspeed-WLAN im gesamten Geb\u00e4ude <\/strong><\/h4><p>Im heutigen digitalen Zeitalter ist es wichtig, in Verbindung zu bleiben. Deshalb bieten wir <strong>kostenloses Highspeed-Glasfaser-WLAN <\/strong> Im gesamten Hotel \u2013 einschlie\u00dflich G\u00e4stezimmern, \u00f6ffentlichen Bereichen und unserem Business Center. Ob Videokonferenzen, Surfen im Internet oder Streaming-Inhalte \u2013 unser Netzwerk sorgt f\u00fcr schnelle, sichere und unterbrechungsfreie Konnektivit\u00e4t.<\/p><h4>\u2705 <strong>W\u00e4sche- und Reinigungsdienste <\/strong><\/h4><p>Reisen Sie mit leichtem Gep\u00e4ck? Kein Problem. Wir bieten <strong>W\u00e4sche- und Reinigungsservice am selben und n\u00e4chsten Tag <\/strong>So k\u00f6nnen Sie clever packen und trotzdem w\u00e4hrend Ihrer Reise frische Kleidung genie\u00dfen. Geben Sie Ihre Kleidung einfach bei unserem Housekeeping-Team ab, wir geben sie sorgf\u00e4ltig gereinigt und geb\u00fcgelt zur\u00fcck.<\/p><h4>\u2705 <strong>Flughafentransfers und Transportarrangements <\/strong><\/h4><p>Um Ihnen den An- und Abreisestress zu erleichtern, bieten wir <strong>Flughafentransfer <\/strong> Auf Anfrage. Unser Team organisiert gerne private Mietwagen, Taxibuchungen oder gemeinsame Shuttle-Dienste, ganz nach Ihren W\u00fcnschen und Ihrem Budget. Dar\u00fcber hinaus unterst\u00fctzen wir Sie bei der Navigation in der U-Bahn, beim Fahrradverleih und bei der Nutzung von Mitfahr-Apps, damit Sie sich in Peking problemlos fortbewegen k\u00f6nnen.<\/p><h4>\u2705 <strong>Business Center und Meeting-Support <\/strong><\/h4><p>F\u00fcr Gesch\u00e4ftsreisende, unsere <strong>eigenes Businesscenter <\/strong> bietet Ihnen wichtige Tools wie Drucken, Scannen, Faxen und Dokumentenbinden. Wir organisieren au\u00dferdem Konferenzr\u00e4ume, organisieren Catering und bieten technischen Support f\u00fcr Pr\u00e4sentationen. So gew\u00e4hrleisten wir die pr\u00e4zise und professionelle Abwicklung Ihrer beruflichen Aufgaben.<\/p><h4>\u2705 <strong>Zimmerservice und Speisem\u00f6glichkeiten im Zimmer <\/strong><\/h4><p>Manchmal ist der beste Weg, nach einem langen Tag in Peking zu entspannen, der Komfort Ihres eigenen Zimmers. Unsere <strong>Zimmerservice-Men\u00fc <\/strong> bietet eine Auswahl an lokalen Spezialit\u00e4ten und internationalen Gerichten und ist w\u00e4hrend der verl\u00e4ngerten \u00d6ffnungszeiten erh\u00e4ltlich, um unterschiedlichen Zeitpl\u00e4nen gerecht zu werden.<\/p><h4>\u2705 <strong>Gep\u00e4ckaufbewahrung &amp; Fr\u00fches Einchecken \/ Sp\u00e4tes Auschecken <\/strong><\/h4><p>Sollten Ihre Pl\u00e4ne nicht mit den regul\u00e4ren Check-in-Zeiten \u00fcbereinstimmen, bewahren wir Ihr Gep\u00e4ck gerne vor oder nach Ihrem Aufenthalt sicher auf. Je nach Verf\u00fcgbarkeit <strong>Fr\u00fches Einchecken und sp\u00e4tes Auschecken <\/strong> Auf Anfrage k\u00f6nnen auch Ausfl\u00fcge organisiert werden, sodass Sie flexibel sind und in Ihrem eigenen Tempo reisen k\u00f6nnen.<\/p><h4>\u2705 <strong>Buchung von Kulturerlebnissen <\/strong><\/h4><p>Peking ist eine Stadt reich an Geschichte, Kunst und Tradition \u2013 und wir m\u00f6chten Ihnen helfen, all das zu entdecken. Unser Hotel bietet <strong>kulturelle Reisepakete <\/strong>, darunter Besuche der Verbotenen Stadt, des Himmelstempels, des Sommerpalastes und intensive Erlebnisse wie Teezeremonien, Kalligrafiekurse und Hutong-Rundg\u00e4nge. Wir erwecken die Essenz Pekings f\u00fcr Sie zum Leben.<\/p><h4>\u2705 <strong>Gesundheits- und Wellness-Services <\/strong><\/h4><p>Wir sind uns der Bedeutung des Wohlbefindens bewusst und bieten <strong>Massagetherapiesitzungen <\/strong>, <strong>Yoga-Empfehlungen <\/strong>und Zugang zu nahegelegenen Fitnesscentern f\u00fcr G\u00e4ste, die w\u00e4hrend ihres Aufenthalts K\u00f6rper und Geist regenerieren m\u00f6chten.<\/p><div class=\"py-2 my-3\"><hr \/><\/div><h3>Durchdachte Details, die den Unterschied machen<\/h3><p>\u00dcber die Standardangebote hinaus sind wir stolz darauf, noch mehr zu bieten mit <strong>kleine, aber bedeutungsvolle Details <\/strong> die Ihren Aufenthalt versch\u00f6nern:<\/p><ul><li><strong>Begr\u00fc\u00dfungstee bei der Ankunft <\/strong> \u2013 eine herzliche, traditionelle Geste zur Begr\u00fc\u00dfung nach Ihrer Reise<\/li><li><strong>T\u00e4glich kostenloses Mineralwasser <\/strong> \u2013 jeden Morgen aufgef\u00fcllt<\/li><li><strong>Hausschuhe und Badem\u00e4ntel sind in jedem Zimmer vorhanden <\/strong> \u2013 f\u00fcr zus\u00e4tzlichen Komfort<\/li><li><strong>Teezubereitungsm\u00f6glichkeiten <\/strong> \u2013 damit Sie einen ruhigen Moment der Besinnung genie\u00dfen k\u00f6nnen<\/li><li><strong>Besondere Arrangements f\u00fcr Jubil\u00e4en, Geburtstage und romantische Anl\u00e4sse <\/strong> \u2013 lassen Sie es uns im Voraus wissen und wir helfen, die Stimmung zu schaffen<\/li><\/ul><div class=\"py-2 my-3\"><hr \/><\/div><h3>Initiativen f\u00fcr Nachhaltigkeit und verantwortungsvollen Tourismus<\/h3><p>Im Rahmen unseres Engagements f\u00fcr verantwortungsvollen Tourismus haben wir in unserem gesamten Betrieb mehrere umweltfreundliche Praktiken eingef\u00fchrt, darunter:<\/p><ul><li><strong>Energieeffiziente Beleuchtungs- und Klimasysteme <\/strong><\/li><li><strong>Wiederverwendbare Annehmlichkeiten und weniger Einwegplastik <\/strong><\/li><li><strong>Wasserschutzprogramme <\/strong><\/li><li><strong>Unterst\u00fctzung lokaler Handwerker und gemeindebasierter Tourismusinitiativen <\/strong><\/li><\/ul><p>Wir glauben, dass Luxus nicht auf Kosten der Umwelt oder der lokalen Kultur gehen sollte, und wir sind bestrebt, bei jedem Gast, den wir willkommen hei\u00dfen, einen positiven Eindruck zu hinterlassen.<\/p><div class=\"py-2 my-3\"><hr \/><\/div><h3>Warum Reisende unsere Dienstleistungen lieben<\/h3><p>G\u00e4ste loben unsere Servicequalit\u00e4t regelm\u00e4\u00dfig in Bewertungen auf Plattformen wie <strong>TripAdvisor, Google Reviews und Booking.com <\/strong>, unterstreichen unsere <strong>aufmerksames Personal, schnelle Reaktionsf\u00e4higkeit und pers\u00f6nliche Betreuung <\/strong>. Viele weisen darauf hin, dass es nicht nur das ist, was wir anbieten, sondern auch die Art und Weise, wie wir es anbieten, was uns von anderen Hotels in der Gegend unterscheidet.<\/p><blockquote><p>\u201eDer Service hier war un\u00fcbertroffen. Jeder Mitarbeiter begr\u00fc\u00dfte uns mit einem L\u00e4cheln und war sehr hilfsbereit. Es f\u00fchlte sich weniger wie ein Hotel an, sondern eher wie ein Aufenthalt bei Freunden.\u201c \u2013 <em>TripAdvisor-Rezensent <\/em><\/p><\/blockquote><div class=\"py-2 my-3\"><hr \/><\/div><p><strong>Erleben Sie den Unterschied von East Sacred <\/strong><\/p><p>Bei <strong>East Sacred Hotel <\/strong>Wir glauben, dass guter Service nicht nur darin besteht, Erwartungen zu erf\u00fcllen, sondern sie zu \u00fcbertreffen. Von der Reservierung bis zur Verabschiedung ist unser Team bestrebt, Ihren Aufenthalt so angenehm wie m\u00f6glich zu gestalten. <strong>Bezirk Dongcheng, Peking <\/strong> so reibungslos, bereichernd und einpr\u00e4gsam wie m\u00f6glich.<\/p><p>Wir k\u00fcmmern uns um die Details, damit Sie sich auf das Wesentliche konzentrieren k\u00f6nnen: Ihre Reise, Ihre Verbindungen und Ihre pers\u00f6nliche Geschichte, die sich in einer der faszinierendsten St\u00e4dte der Welt entfaltet.<\/p><p data-spm-anchor-id=\"a2ty_o01.29997173.0.i120.1dedc9214ByEdy\">Buchen Sie Ihren Aufenthalt noch heute und entdecken Sie das gesamte Spektrum an Services, die speziell auf Sie zugeschnitten sind.<\/p>\t\t\t\t\t\t\t\t<\/div>\n\t\t\t\t\t<\/div>\n\t\t\t\t<\/div>\n\t\t\t\t<\/div>","protected":false},"excerpt":{"rendered":"<p>We do our best to offer all our guests the services and facilities to make their stay a memorable one. At East Sacred Hotel , located at the prestigious address of No. 33 Jia, No. 3 Street, Dongdan, Dongcheng District, Beijing, China , we believe that exceptional service is the cornerstone of a truly memorable [&hellip;]<\/p>\n","protected":false},"author":1,"featured_media":0,"parent":0,"menu_order":0,"comment_status":"closed","ping_status":"closed","template":"","meta":{"footnotes":""},"class_list":["post-647","page","type-page","status-publish","hentry","post-no-thumbnail"],"_links":{"self":[{"href":"https:\/\/eastsacredhotel.com\/de\/wp-json\/wp\/v2\/pages\/647","targetHints":{"allow":["GET"]}}],"collection":[{"href":"https:\/\/eastsacredhotel.com\/de\/wp-json\/wp\/v2\/pages"}],"about":[{"href":"https:\/\/eastsacredhotel.com\/de\/wp-json\/wp\/v2\/types\/page"}],"author":[{"embeddable":true,"href":"https:\/\/eastsacredhotel.com\/de\/wp-json\/wp\/v2\/users\/1"}],"replies":[{"embeddable":true,"href":"https:\/\/eastsacredhotel.com\/de\/wp-json\/wp\/v2\/comments?post=647"}],"version-history":[{"count":0,"href":"https:\/\/eastsacredhotel.com\/de\/wp-json\/wp\/v2\/pages\/647\/revisions"}],"wp:attachment":[{"href":"https:\/\/eastsacredhotel.com\/de\/wp-json\/wp\/v2\/media?parent=647"}],"curies":[{"name":"wp","href":"https:\/\/api.w.org\/{rel}","templated":true}]}}