{"id":2105,"date":"2021-03-24T07:25:45","date_gmt":"2021-03-24T07:25:45","guid":{"rendered":"http:\/\/localhost\/nuss\/?page_id=235"},"modified":"2025-07-06T15:31:27","modified_gmt":"2025-07-06T15:31:27","slug":"preguntas-frecuentes","status":"publish","type":"page","link":"https:\/\/eastsacredhotel.com\/es\/preguntas-frecuentes\/","title":{"rendered":"Preguntas frecuentes"},"content":{"rendered":"<div data-elementor-type=\"wp-page\" data-elementor-id=\"2105\" class=\"elementor elementor-2105\">\n\t\t\t\t\t\t<section class=\"elementor-section elementor-top-section elementor-element elementor-element-2a96a73 elementor-section-boxed elementor-section-gap-beside-yes elementor-section-height-default elementor-section-height-default elementor-section-column-vertical-align-stretch\" data-id=\"2a96a73\" data-element_type=\"section\" data-e-type=\"section\">\n\t\t\t\t\t\t<div class=\"elementor-container elementor-column-gap-extended\">\n\t\t\t\t\t<div class=\"elementor-column elementor-col-100 elementor-top-column elementor-element elementor-element-98ef20c\" data-id=\"98ef20c\" data-element_type=\"column\" data-e-type=\"column\">\n\t\t\t<div class=\"elementor-widget-wrap elementor-element-populated\">\n\t\t\t\t\t\t<div class=\"elementor-element elementor-element-97088c0 elementor-widget__width-initial elementor-invisible elementor-widget elementor-widget-text-editor\" data-id=\"97088c0\" data-element_type=\"widget\" data-e-type=\"widget\" data-settings=\"{&quot;_animation&quot;:&quot;nussFadeInUp&quot;}\" data-widget_type=\"text-editor.default\">\n\t\t\t\t\t\t\t\t\t<p>A continuaci\u00f3n encontrar\u00e1 una lista de las preguntas m\u00e1s frecuentes que nos realizan nuestros hu\u00e9spedes.<\/p>\t\t\t\t\t\t\t\t<\/div>\n\t\t\t\t\t<\/div>\n\t\t<\/div>\n\t\t\t\t\t<\/div>\n\t\t<\/section>\n\t\t\t\t<section class=\"elementor-section elementor-top-section elementor-element elementor-element-b184647 elementor-section-gap-beside-no elementor-section-boxed elementor-section-height-default elementor-section-height-default elementor-section-column-vertical-align-stretch\" data-id=\"b184647\" data-element_type=\"section\" data-e-type=\"section\">\n\t\t\t\t\t\t<div class=\"elementor-container elementor-column-gap-extended\">\n\t\t\t\t\t<div class=\"elementor-column elementor-col-100 elementor-top-column elementor-element elementor-element-1d49749\" data-id=\"1d49749\" data-element_type=\"column\" data-e-type=\"column\">\n\t\t\t<div class=\"elementor-widget-wrap elementor-element-populated\">\n\t\t\t\t\t\t<div class=\"elementor-element elementor-element-b986a9e elementor-invisible elementor-widget elementor-widget-nuss-heading\" data-id=\"b986a9e\" data-element_type=\"widget\" data-e-type=\"widget\" data-settings=\"{&quot;_animation&quot;:&quot;nussFadeInUp&quot;}\" data-widget_type=\"nuss-heading.default\">\n\t\t\t\t<div class=\"elementor-widget-container\">\n\t\t\t\t\t\t\t<div class=\"nuss-modern-heading\">\r\n\t\t\t\r\n\t\t\t\t\t\t<div class=\"heading-primary-wrap\">\r\n\t\t\t\t<h4 class=\"heading-primary elementor-heading-title\">Preguntas frecuentes<\/h4>\t\t\t<\/div>\r\n\t\t\r\n\t\t\t\t\t\t<div class=\"heading-divider-wrap\">\r\n\t\t\t\t<div class=\"heading-divider\" style=\"left: 0px;top: 6px\"><\/div>\r\n\t\t\t<\/div>\r\n\t\r\n\t\t\t\t\t<\/div>\r\n\t\t\t\t\t<\/div>\n\t\t\t\t<\/div>\n\t\t\t\t<div class=\"elementor-element elementor-element-50f0733 elementor-invisible elementor-widget elementor-widget-heading\" data-id=\"50f0733\" data-element_type=\"widget\" data-e-type=\"widget\" data-settings=\"{&quot;_animation&quot;:&quot;nussFadeInUp&quot;}\" data-widget_type=\"heading.default\">\n\t\t\t\t\t<h2 class=\"elementor-heading-title elementor-size-default\">Preguntas y respuestas<\/h2>\t\t\t\t<\/div>\n\t\t\t\t<div class=\"elementor-element elementor-element-ff9f09b elementor-widget elementor-widget-text-editor\" data-id=\"ff9f09b\" data-element_type=\"widget\" data-e-type=\"widget\" data-widget_type=\"text-editor.default\">\n\t\t\t\t\t\t\t\t\t<h3 data-spm-anchor-id=\"a2ty_o01.29997173.0.i94.1dedc9214ByEdy\"><strong>Ubicaci\u00f3n y accesibilidad <\/strong><\/h3><ol start=\"1\"><li><p><strong>\u00bfD\u00f3nde est\u00e1 ubicado East Sacred Hotel? <\/strong><br \/>El hotel est\u00e1 situado en <strong>No. 33 Jia, Calle No. 3, Dongdan, Distrito Dongcheng, Beijing, China <\/strong>, en un barrio hist\u00f3rico y culturalmente rico cerca de las principales atracciones tur\u00edsticas.<\/p><\/li><li><p><strong>\u00bfA qu\u00e9 distancia est\u00e1 el hotel de la Plaza de Tiananmen y la Ciudad Prohibida? <\/strong><br \/>Es aproximadamente <strong>2 kil\u00f3metros <\/strong> de ambos <strong>Plaza de Tiananm\u00e9n <\/strong> y el <strong>Ciudad Prohibida <\/strong>, con un tiempo de viaje estimado de aproximadamente <strong>10\u201315 minutos en taxi o metro <\/strong>.<\/p><\/li><li><p><strong>\u00bfHay parking disponible en el hotel? <\/strong><br \/>Debido a las limitaciones de espacio en el centro de Pek\u00edn, el hotel no dispone de aparcamiento privado. Sin embargo, hay aparcamientos p\u00fablicos cercanos disponibles previa solicitud.<\/p><\/li><li><p><strong>\u00bfCu\u00e1l es la estaci\u00f3n de metro m\u00e1s cercana a East Sacred Hotel? <\/strong><br \/>La estaci\u00f3n de metro m\u00e1s cercana es <strong>Estaci\u00f3n Dongdan (L\u00ednea 5) <\/strong>, que es s\u00f3lo una <strong>5 minutos a pie <\/strong> desde la entrada del hotel.<\/p><\/li><li><p><strong>\u00bfPuedo caminar hasta atracciones locales como la calle Wangfujing o el parque Beihai? <\/strong><br \/>\u00a1S\u00ed! <strong>Calle Wangfujing <\/strong> Se trata de una <strong>10 minutos a pie <\/strong>, mientras <strong>Parque Beihai <\/strong> es aproximadamente <strong>A 2 km de distancia <\/strong>, f\u00e1cilmente accesible en taxi, bicicleta o un corto viaje en metro.<\/p><\/li><\/ol><div class=\"my-2\">\u00a0<\/div><div class=\"py-2 my-3\"><hr \/><\/div><h3>\ud83d\udecf\ufe0f <strong>Consultas sobre alojamiento y habitaciones <\/strong><\/h3><ol start=\"6\"><li><p><strong>\u00bfQu\u00e9 tipos de habitaciones hay disponibles en el hotel? <\/strong><br \/>El hotel ofrece una variedad de tipos de habitaciones, incluidas: <strong>Habitaciones Deluxe, Suites Ejecutivas y Habitaciones Familiares <\/strong>, cada uno combinando la comodidad moderna con elementos de dise\u00f1o tradicionales chinos.<\/p><\/li><li><p><strong>\u00bfLas habitaciones est\u00e1n equipadas con aire acondicionado y calefacci\u00f3n? <\/strong><br \/>S\u00ed, todas las habitaciones cuentan con control individual. <strong>sistemas de aire acondicionado y calefacci\u00f3n <\/strong> Para garantizar comodidad durante todo el a\u00f1o.<\/p><\/li><li><p><strong>\u00bfEl hotel dispone de habitaciones para no fumadores? <\/strong><br \/>S\u00ed, el hotel aplica una <strong>Pol\u00edtica estricta de no fumar dentro de las habitaciones. <\/strong> y ofrece zonas designadas para fumar al aire libre.<\/p><\/li><li><p><strong>\u00bfHay camas supletorias o cunas disponibles? <\/strong><br \/>Se pueden proporcionar camas supletorias bajo petici\u00f3n y por un suplemento. <strong>Las cunas est\u00e1n disponibles de forma gratuita. <\/strong>, sujeto a disponibilidad.<\/p><\/li><li><p><strong>\u00bfLas habitaciones disponen de facilidades para preparar t\u00e9 y caf\u00e9? <\/strong><br \/>S\u00ed, cada habitaci\u00f3n incluye cortes\u00eda <strong>Instalaciones para preparar t\u00e9 y agua embotellada todos los d\u00edas. <\/strong>.<\/p><\/li><\/ol><div class=\"my-2\">\u00a0<\/div><div class=\"py-2 my-3\"><hr \/><\/div><h3>\ud83c\udf7d\ufe0f <strong>Alimentos y bebidas <\/strong><\/h3><ol start=\"11\"><li><p><strong>\u00bfEl desayuno est\u00e1 incluido en el precio de la habitaci\u00f3n? <\/strong><br \/>A <strong>Desayuno buffet continental y estilo chino <\/strong> Est\u00e1 incluido en la mayor\u00eda de las tarifas de habitaci\u00f3n. Pueden aplicarse cargos adicionales por opciones superiores o necesidades diet\u00e9ticas especiales.<\/p><\/li><li><p><strong>\u00bfEl hotel dispone de restaurante o cafeter\u00eda? <\/strong><br \/>S\u00ed, el hotel cuenta con un <strong>restaurante de alta cocina <\/strong> Ofreciendo una mezcla de <strong>Especialidades locales y platos internacionales <\/strong>.<\/p><\/li><li><p><strong>\u00bfHay restaurantes u opciones de comida cercanas al hotel? <\/strong><br \/>El \u00e1rea alrededor de Dongdan es conocida por su amplia variedad de <strong>aut\u00e9nticos restaurantes locales, vendedores de comida callejera y lugares para comer de lujo <\/strong>, especialmente a lo largo <strong>Calle Wangfujing <\/strong>.<\/p><\/li><\/ol><div class=\"my-2\">\u00a0<\/div><div class=\"py-2 my-3\"><hr \/><\/div><h3>\ud83e\uddf3 <strong>Servicios e instalaciones <\/strong><\/h3><ol start=\"14\"><li><p><strong>\u00bfEl hotel ofrece servicio de transporte al aeropuerto? <\/strong><br \/>Se pueden organizar traslados al aeropuerto bajo petici\u00f3n y con un coste adicional. Se recomienda reservar con antelaci\u00f3n en recepci\u00f3n.<\/p><\/li><li><p><strong>\u00bfHay recepci\u00f3n 24 horas y servicio de conserjer\u00eda? <\/strong><br \/>S\u00ed, el hotel opera un <strong>Recepci\u00f3n 24\/7 <\/strong> y ofertas <strong>asistencia de conserjer\u00eda <\/strong> Para reservas, tours y organizaci\u00f3n de viajes.<\/p><\/li><li><p><strong>\u00bfHay servicios de lavander\u00eda y limpieza en seco disponibles? <\/strong><br \/>S\u00ed, <strong>Servicios de lavander\u00eda y limpieza en seco el mismo d\u00eda y al d\u00eda siguiente <\/strong> Est\u00e1n disponibles para los hu\u00e9spedes.<\/p><\/li><li><p><strong>\u00bfHay WiFi gratuita en todo el hotel? <\/strong><br \/>Hay Wi-Fi de alta velocidad gratuito disponible en todas las habitaciones. <strong>habitaciones y \u00e1reas p\u00fablicas <\/strong>.<\/p><\/li><\/ol><div class=\"my-2\">\u00a0<\/div><div class=\"py-2 my-3\"><hr \/><\/div><h3>\ud83d\udcc5 <strong>Reservas y pol\u00edticas <\/strong><\/h3><ol start=\"18\"><li><p><strong>\u00bfCu\u00e1les son los horarios de check-in y check-out? <\/strong><br \/>La hora de entrada es a partir de <strong>2:00 p. m. <\/strong>, y la salida es hasta <strong>12:00 p. m. <\/strong>La salida tard\u00eda puede estar disponible bajo petici\u00f3n y sujeta a disponibilidad.<\/p><\/li><li><p><strong data-spm-anchor-id=\"a2ty_o01.29997173.0.i92.1dedc9214ByEdy\">\u00bfPuedo cancelar mi reserva sin cargo? <\/strong><br \/>Las pol\u00edticas de cancelaci\u00f3n var\u00edan seg\u00fan el tipo de reserva. Las tarifas m\u00e1s flexibles permiten <strong>Cancelaci\u00f3n gratuita hasta 24\u201348 horas antes de la llegada <\/strong>.<\/p><\/li><li><p><strong>\u00bfEl hotel acepta mascotas? <\/strong><br \/>Lamentablemente, el hotel no tiene <strong>No se permiten mascotas <\/strong> Por razones de higiene y alergias, se permiten animales de servicio con previo aviso.<\/p><\/li><\/ol><div class=\"my-2\">\u00a0<\/div><div class=\"py-2 my-3\" data-spm-anchor-id=\"a2ty_o01.29997173.0.i93.1dedc9214ByEdy\"><hr \/><\/div>\t\t\t\t\t\t\t\t<\/div>\n\t\t\t\t\t<\/div>\n\t\t<\/div>\n\t\t\t\t\t<\/div>\n\t\t<\/section>\n\t\t\t\t<\/div>","protected":false},"excerpt":{"rendered":"<p>Below, you will find a list of the questions most frequently asked by our guests. FAQ&#8217;S Questions &amp; Answers Check-in time? As a rough guide, the check-in time is after 12 a.m. Let us know your arrival time in case you schedule and early check in we\u2018ll do our best to have your room available. [&hellip;]<\/p>\n","protected":false},"author":1,"featured_media":0,"parent":0,"menu_order":0,"comment_status":"closed","ping_status":"closed","template":"elementor_header_footer","meta":{"footnotes":""},"class_list":["post-2105","page","type-page","status-publish","hentry","post-no-thumbnail"],"_links":{"self":[{"href":"https:\/\/eastsacredhotel.com\/es\/wp-json\/wp\/v2\/pages\/2105","targetHints":{"allow":["GET"]}}],"collection":[{"href":"https:\/\/eastsacredhotel.com\/es\/wp-json\/wp\/v2\/pages"}],"about":[{"href":"https:\/\/eastsacredhotel.com\/es\/wp-json\/wp\/v2\/types\/page"}],"author":[{"embeddable":true,"href":"https:\/\/eastsacredhotel.com\/es\/wp-json\/wp\/v2\/users\/1"}],"replies":[{"embeddable":true,"href":"https:\/\/eastsacredhotel.com\/es\/wp-json\/wp\/v2\/comments?post=2105"}],"version-history":[{"count":0,"href":"https:\/\/eastsacredhotel.com\/es\/wp-json\/wp\/v2\/pages\/2105\/revisions"}],"wp:attachment":[{"href":"https:\/\/eastsacredhotel.com\/es\/wp-json\/wp\/v2\/media?parent=2105"}],"curies":[{"name":"gracias","href":"https:\/\/api.w.org\/{rel}","templated":true}]}}