{"id":2106,"date":"2021-03-25T04:08:26","date_gmt":"2021-03-25T04:08:26","guid":{"rendered":"http:\/\/localhost\/nuss\/?page_id=298"},"modified":"2025-12-04T10:40:36","modified_gmt":"2025-12-04T10:40:36","slug":"experiencias","status":"publish","type":"page","link":"https:\/\/eastsacredhotel.com\/es\/experiencias\/","title":{"rendered":"Experiencias y rese\u00f1as de clientes"},"content":{"rendered":"<div data-elementor-type=\"wp-page\" data-elementor-id=\"2106\" class=\"elementor elementor-2106\">\n\t\t\t\t\t\t<section class=\"elementor-section elementor-top-section elementor-element elementor-element-1954ffc elementor-section-boxed elementor-section-gap-beside-yes elementor-section-height-default elementor-section-height-default elementor-section-column-vertical-align-stretch\" data-id=\"1954ffc\" data-element_type=\"section\" data-e-type=\"section\">\n\t\t\t\t\t\t<div class=\"elementor-container elementor-column-gap-extended\">\n\t\t\t\t\t<div class=\"elementor-column elementor-col-100 elementor-top-column elementor-element elementor-element-86aebc5\" data-id=\"86aebc5\" data-element_type=\"column\" data-e-type=\"column\">\n\t\t\t<div class=\"elementor-widget-wrap elementor-element-populated\">\n\t\t\t\t\t\t<div class=\"elementor-element elementor-element-11803d1 elementor-widget__width-initial elementor-invisible elementor-widget elementor-widget-text-editor\" data-id=\"11803d1\" data-element_type=\"widget\" data-e-type=\"widget\" data-settings=\"{&quot;_animation&quot;:&quot;nussFadeInUp&quot;}\" data-widget_type=\"text-editor.default\">\n\t\t\t\t\t\t\t\t\t<p>Descubra lo que dicen los hu\u00e9spedes sobre East Sacred Hotel: una recopilaci\u00f3n de experiencias y opiniones reales de clientes.<\/p>\t\t\t\t\t\t\t\t<\/div>\n\t\t\t\t<div class=\"elementor-element elementor-element-be7ac48 elementor-widget elementor-widget-text-editor\" data-id=\"be7ac48\" data-element_type=\"widget\" data-e-type=\"widget\" data-widget_type=\"text-editor.default\">\n\t\t\t\t\t\t\t\t\t<p data-spm-anchor-id=\"a2ty_o01.29997173.0.i61.1dedc9214ByEdy\">En <strong data-spm-anchor-id=\"a2ty_o01.29997173.0.i63.1dedc9214ByEdy\">Hotel Sagrado del Este <\/strong>, ubicado en <strong data-spm-anchor-id=\"a2ty_o01.29997173.0.i62.1dedc9214ByEdy\">No. 33 Jia, Calle No. 3, Dongdan, Distrito Dongcheng, Beijing, China <\/strong>Creemos que la verdadera esencia de nuestra hospitalidad se refleja mejor en las opiniones de nuestros hu\u00e9spedes. Ubicado en uno de los barrios con mayor riqueza cultural y mejor comunicados de Pek\u00edn, nuestro hotel boutique ofrece una combinaci\u00f3n \u00fanica de... <strong>Comodidad moderna, elegancia tradicional y servicio personalizado. <\/strong>\u2014lo que lo convierte en una opci\u00f3n preferida tanto para viajeros de placer como de negocios.<\/p><p data-spm-anchor-id=\"a2ty_o01.29997173.0.i67.1dedc9214ByEdy\">A lo largo de los a\u00f1os, East Sacred Hotel ha atra\u00eddo a un n\u00famero cada vez mayor de clientes. <strong data-spm-anchor-id=\"a2ty_o01.29997173.0.i66.1dedc9214ByEdy\">Rese\u00f1as positivas en las principales plataformas de viajes <\/strong> como <strong>TripAdvisor.com <\/strong>, <strong>Booking.com <\/strong>, <strong>Expedia <\/strong>, y otros importantes <strong>Agencias de viajes en l\u00ednea (OTA) <\/strong>Estas rese\u00f1as no solo resaltan nuestro compromiso con la excelencia, sino que tambi\u00e9n ofrecen informaci\u00f3n valiosa sobre lo que hace que una estancia aqu\u00ed sea verdaderamente inolvidable.<\/p>\t\t\t\t\t\t\t\t<\/div>\n\t\t\t\t\t<\/div>\n\t\t<\/div>\n\t\t\t\t\t<\/div>\n\t\t<\/section>\n\t\t\t\t<section class=\"elementor-section elementor-top-section elementor-element elementor-element-b2344ff elementor-section-gap-beside-no elementor-section-boxed elementor-section-height-default elementor-section-height-default elementor-section-column-vertical-align-stretch\" data-id=\"b2344ff\" data-element_type=\"section\" data-e-type=\"section\">\n\t\t\t\t\t\t<div class=\"elementor-container elementor-column-gap-extended\">\n\t\t\t\t\t<div class=\"elementor-column elementor-col-50 elementor-top-column elementor-element elementor-element-4698ec8\" data-id=\"4698ec8\" data-element_type=\"column\" data-e-type=\"column\">\n\t\t\t<div class=\"elementor-widget-wrap elementor-element-populated\">\n\t\t\t\t\t\t<div class=\"elementor-element elementor-element-88e5290 elementor-invisible nuss-elementor-loading nuss-slide-in-right elementor-widget elementor-widget-image\" data-id=\"88e5290\" data-element_type=\"widget\" data-e-type=\"widget\" data-settings=\"{&quot;_animation&quot;:&quot;nussSlideInRight&quot;}\" data-widget_type=\"image.default\">\n\t\t\t\t\t\t\t\t\t\t\t\t\t\t\t<img fetchpriority=\"high\" decoding=\"async\" width=\"1600\" height=\"1067\" src=\"https:\/\/eastsacredhotel.com\/wp-content\/uploads\/2025\/07\/East-Sacred-Hotel-Beijing-30.jpg\" class=\"attachment-full size-full wp-image-5475\" alt=\"\" srcset=\"https:\/\/eastsacredhotel.com\/wp-content\/uploads\/2025\/07\/East-Sacred-Hotel-Beijing-30.jpg 1600w, https:\/\/eastsacredhotel.com\/wp-content\/uploads\/2025\/07\/East-Sacred-Hotel-Beijing-30-300x200.jpg 300w, https:\/\/eastsacredhotel.com\/wp-content\/uploads\/2025\/07\/East-Sacred-Hotel-Beijing-30-1024x683.jpg 1024w, https:\/\/eastsacredhotel.com\/wp-content\/uploads\/2025\/07\/East-Sacred-Hotel-Beijing-30-768x512.jpg 768w, https:\/\/eastsacredhotel.com\/wp-content\/uploads\/2025\/07\/East-Sacred-Hotel-Beijing-30-1536x1024.jpg 1536w\" sizes=\"(max-width: 1600px) 100vw, 1600px\" \/>\t\t\t\t\t\t\t\t\t\t\t\t\t\t\t<\/div>\n\t\t\t\t\t<\/div>\n\t\t<\/div>\n\t\t\t\t<div class=\"elementor-column elementor-col-50 elementor-top-column elementor-element elementor-element-4b9e677\" data-id=\"4b9e677\" data-element_type=\"column\" data-e-type=\"column\">\n\t\t\t<div class=\"elementor-widget-wrap elementor-element-populated\">\n\t\t\t\t\t\t<div class=\"elementor-element elementor-element-fd82a54 elementor-invisible elementor-widget elementor-widget-heading\" data-id=\"fd82a54\" data-element_type=\"widget\" data-e-type=\"widget\" data-settings=\"{&quot;_animation&quot;:&quot;nussFadeInUp&quot;}\" data-widget_type=\"heading.default\">\n\t\t\t\t\t<h3 class=\"elementor-heading-title elementor-size-default\">Una opci\u00f3n preferida entre los viajeros m\u00e1s exigentes <\/h3>\t\t\t\t<\/div>\n\t\t\t\t<div class=\"elementor-element elementor-element-bc0b7e2 elementor-invisible elementor-widget elementor-widget-text-editor\" data-id=\"bc0b7e2\" data-element_type=\"widget\" data-e-type=\"widget\" data-settings=\"{&quot;_animation&quot;:&quot;nussFadeInUp&quot;}\" data-widget_type=\"text-editor.default\">\n\t\t\t\t\t\t\t\t\t<p data-spm-anchor-id=\"a2ty_o01.29997173.0.i69.1dedc9214ByEdy\">Con calificaciones constantemente altas y un flujo constante de testimonios entusiastas, <strong>Hotel Sagrado del Este <\/strong> se ha ganado una reputaci\u00f3n por ofrecer <strong>Valor excepcional, encanto aut\u00e9ntico y servicio de primer nivel <\/strong>Muchos hu\u00e9spedes elogian el hotel por su <strong>ubicaci\u00f3n estrat\u00e9gica <\/strong>, <strong>dise\u00f1o bien pensado <\/strong>, y <strong data-spm-anchor-id=\"a2ty_o01.29997173.0.i70.1dedc9214ByEdy\">personal atento <\/strong>, que juntos crean una atm\u00f3sfera que se siente lujosa y acogedora.<\/p><div class=\"my-2\">\u00a0<\/div><p>En <strong>TripAdvisor <\/strong>Un cr\u00edtico reciente escribi\u00f3:<\/p><blockquote><p><em data-spm-anchor-id=\"a2ty_o01.29997173.0.i72.1dedc9214ByEdy\">\u00a1Una joya! El East Sacred Hotel super\u00f3 todas mis expectativas. La habitaci\u00f3n era espaciosa, limpia y estaba decorada con gusto con toques tradicionales. La ubicaci\u00f3n es perfecta: a minutos de Wangfujing y con f\u00e1cil acceso a la Plaza de Tiananm\u00e9n y la Ciudad Prohibida. Apreci\u00e9 especialmente la amabilidad y la atenci\u00f3n del personal. \u00a1Sin duda, me alojar\u00eda aqu\u00ed de nuevo! <\/em><\/p><\/blockquote><p>Otro invitado agreg\u00f3:<\/p><blockquote><p data-spm-anchor-id=\"a2ty_o01.29997173.0.i71.1dedc9214ByEdy\"><em>Este hotel logra el equilibrio perfecto entre modernidad y tradici\u00f3n. El ambiente es tranquilo, el desayuno estuvo delicioso y el servicio, uno de los mejores que he experimentado en Asia. <\/em><\/p><\/blockquote>\t\t\t\t\t\t\t\t<\/div>\n\t\t\t\t\t<\/div>\n\t\t<\/div>\n\t\t\t\t\t<\/div>\n\t\t<\/section>\n\t\t\t\t<section class=\"elementor-section elementor-top-section elementor-element elementor-element-575fc68 elementor-section-gap-beside-no elementor-section-boxed elementor-section-height-default elementor-section-height-default elementor-section-column-vertical-align-stretch\" data-id=\"575fc68\" data-element_type=\"section\" data-e-type=\"section\">\n\t\t\t\t\t\t<div class=\"elementor-container elementor-column-gap-extended\">\n\t\t\t\t\t<div class=\"elementor-column elementor-col-50 elementor-top-column elementor-element elementor-element-dd03a56\" data-id=\"dd03a56\" data-element_type=\"column\" data-e-type=\"column\">\n\t\t\t<div class=\"elementor-widget-wrap elementor-element-populated\">\n\t\t\t\t\t\t<div class=\"elementor-element elementor-element-78ab5be elementor-invisible nuss-elementor-loading nuss-slide-in-right elementor-widget elementor-widget-image\" data-id=\"78ab5be\" data-element_type=\"widget\" data-e-type=\"widget\" data-settings=\"{&quot;_animation&quot;:&quot;nussSlideInRight&quot;}\" data-widget_type=\"image.default\">\n\t\t\t\t\t\t\t\t\t\t\t\t\t\t\t<img decoding=\"async\" width=\"1600\" height=\"1254\" src=\"https:\/\/eastsacredhotel.com\/wp-content\/uploads\/2025\/07\/East-Sacred-Hotel-Beijing-66.jpg\" class=\"attachment-full size-full wp-image-5443\" alt=\"\" srcset=\"https:\/\/eastsacredhotel.com\/wp-content\/uploads\/2025\/07\/East-Sacred-Hotel-Beijing-66.jpg 1600w, https:\/\/eastsacredhotel.com\/wp-content\/uploads\/2025\/07\/East-Sacred-Hotel-Beijing-66-300x235.jpg 300w, https:\/\/eastsacredhotel.com\/wp-content\/uploads\/2025\/07\/East-Sacred-Hotel-Beijing-66-1024x803.jpg 1024w, https:\/\/eastsacredhotel.com\/wp-content\/uploads\/2025\/07\/East-Sacred-Hotel-Beijing-66-768x602.jpg 768w, https:\/\/eastsacredhotel.com\/wp-content\/uploads\/2025\/07\/East-Sacred-Hotel-Beijing-66-1536x1204.jpg 1536w\" sizes=\"(max-width: 1600px) 100vw, 1600px\" \/>\t\t\t\t\t\t\t\t\t\t\t\t\t\t\t<\/div>\n\t\t\t\t\t<\/div>\n\t\t<\/div>\n\t\t\t\t<div class=\"elementor-column elementor-col-50 elementor-top-column elementor-element elementor-element-364a6b2\" data-id=\"364a6b2\" data-element_type=\"column\" data-e-type=\"column\">\n\t\t\t<div class=\"elementor-widget-wrap elementor-element-populated\">\n\t\t\t\t\t\t<div class=\"elementor-element elementor-element-e60cb65 elementor-invisible elementor-widget elementor-widget-heading\" data-id=\"e60cb65\" data-element_type=\"widget\" data-e-type=\"widget\" data-settings=\"{&quot;_animation&quot;:&quot;nussFadeInUp&quot;}\" data-widget_type=\"heading.default\">\n\t\t\t\t\t<h3 class=\"elementor-heading-title elementor-size-default\">Un servicio excepcional que deja una impresi\u00f3n duradera <\/h3>\t\t\t\t<\/div>\n\t\t\t\t<div class=\"elementor-element elementor-element-ccbb94d elementor-invisible elementor-widget elementor-widget-text-editor\" data-id=\"ccbb94d\" data-element_type=\"widget\" data-e-type=\"widget\" data-settings=\"{&quot;_animation&quot;:&quot;nussFadeInUp&quot;}\" data-widget_type=\"text-editor.default\">\n\t\t\t\t\t\t\t\t\t<p>Uno de los aspectos m\u00e1s destacados mencionados con m\u00e1s frecuencia en las rese\u00f1as de los clientes es nuestro <strong>Personal dedicado y multiling\u00fce <\/strong>, quienes se esfuerzan al m\u00e1ximo para garantizar que cada hu\u00e9sped se sienta bienvenido y bien atendido. Desde un registro sin contratiempos y asistencia con el equipaje hasta consejos locales y la organizaci\u00f3n de excursiones, nuestro equipo desempe\u00f1a un papel fundamental para crear estancias memorables.<\/p><div class=\"my-2\">\u00a0<\/div><p>Una rese\u00f1a de 5 estrellas en <strong>Booking.com <\/strong> dice:<\/p><blockquote><p><em>El personal de recepci\u00f3n merece una menci\u00f3n especial: se encargaron de todo, desde el traslado al aeropuerto hasta las entradas para la Gran Muralla. Nunca nos sentimos como turistas m\u00e1s; fue m\u00e1s como alojarnos con amigos que realmente quer\u00edan que disfrut\u00e1ramos de Pek\u00edn. <\/em><\/p><\/blockquote><p data-spm-anchor-id=\"a2ty_o01.29997173.0.i74.1dedc9214ByEdy\">Un entusiasta cr\u00edtico de Google expres\u00f3 sentimientos similares:<\/p><blockquote><p data-spm-anchor-id=\"a2ty_o01.29997173.0.i76.1dedc9214ByEdy\"><em>\u00a1Excelente servicio al cliente! Incluso me ayudaron a recuperar un objeto perdido despu\u00e9s de hacer el check-out. Ya no hay muchos hoteles que se esfuercen tanto. <\/em><\/p><\/blockquote>\t\t\t\t\t\t\t\t<\/div>\n\t\t\t\t\t<\/div>\n\t\t<\/div>\n\t\t\t\t\t<\/div>\n\t\t<\/section>\n\t\t\t\t<section class=\"elementor-section elementor-top-section elementor-element elementor-element-7853fd5 elementor-section-gap-beside-no elementor-section-boxed elementor-section-height-default elementor-section-height-default elementor-section-column-vertical-align-stretch\" data-id=\"7853fd5\" data-element_type=\"section\" data-e-type=\"section\">\n\t\t\t\t\t\t<div class=\"elementor-container elementor-column-gap-extended\">\n\t\t\t\t\t<div class=\"elementor-column elementor-col-50 elementor-top-column elementor-element elementor-element-9a8fa64\" data-id=\"9a8fa64\" data-element_type=\"column\" data-e-type=\"column\">\n\t\t\t<div class=\"elementor-widget-wrap elementor-element-populated\">\n\t\t\t\t\t\t<div class=\"elementor-element elementor-element-6f7d3f1 elementor-invisible nuss-elementor-loading nuss-slide-in-right elementor-widget elementor-widget-image\" data-id=\"6f7d3f1\" data-element_type=\"widget\" data-e-type=\"widget\" data-settings=\"{&quot;_animation&quot;:&quot;nussSlideInRight&quot;}\" data-widget_type=\"image.default\">\n\t\t\t\t\t\t\t\t\t\t\t\t\t\t\t<img decoding=\"async\" width=\"1600\" height=\"1067\" src=\"https:\/\/eastsacredhotel.com\/wp-content\/uploads\/2025\/07\/East-Sacred-Hotel-Beijing-58.jpg\" class=\"attachment-full size-full wp-image-5410\" alt=\"\" srcset=\"https:\/\/eastsacredhotel.com\/wp-content\/uploads\/2025\/07\/East-Sacred-Hotel-Beijing-58.jpg 1600w, https:\/\/eastsacredhotel.com\/wp-content\/uploads\/2025\/07\/East-Sacred-Hotel-Beijing-58-300x200.jpg 300w, https:\/\/eastsacredhotel.com\/wp-content\/uploads\/2025\/07\/East-Sacred-Hotel-Beijing-58-1024x683.jpg 1024w, https:\/\/eastsacredhotel.com\/wp-content\/uploads\/2025\/07\/East-Sacred-Hotel-Beijing-58-768x512.jpg 768w, https:\/\/eastsacredhotel.com\/wp-content\/uploads\/2025\/07\/East-Sacred-Hotel-Beijing-58-1536x1024.jpg 1536w\" sizes=\"(max-width: 1600px) 100vw, 1600px\" \/>\t\t\t\t\t\t\t\t\t\t\t\t\t\t\t<\/div>\n\t\t\t\t\t<\/div>\n\t\t<\/div>\n\t\t\t\t<div class=\"elementor-column elementor-col-50 elementor-top-column elementor-element elementor-element-abd874b\" data-id=\"abd874b\" data-element_type=\"column\" data-e-type=\"column\">\n\t\t\t<div class=\"elementor-widget-wrap elementor-element-populated\">\n\t\t\t\t\t\t<div class=\"elementor-element elementor-element-9ae1d53 elementor-invisible elementor-widget elementor-widget-heading\" data-id=\"9ae1d53\" data-element_type=\"widget\" data-e-type=\"widget\" data-settings=\"{&quot;_animation&quot;:&quot;nussFadeInUp&quot;}\" data-widget_type=\"heading.default\">\n\t\t\t\t\t<h3 class=\"elementor-heading-title elementor-size-default\">La comodidad se fusiona con la cultura en el coraz\u00f3n de Pek\u00edn <\/h3>\t\t\t\t<\/div>\n\t\t\t\t<div class=\"elementor-element elementor-element-a80ff28 elementor-invisible elementor-widget elementor-widget-text-editor\" data-id=\"a80ff28\" data-element_type=\"widget\" data-e-type=\"widget\" data-settings=\"{&quot;_animation&quot;:&quot;nussFadeInUp&quot;}\" data-widget_type=\"text-editor.default\">\n\t\t\t\t\t\t\t\t\t<p data-spm-anchor-id=\"a2ty_o01.29997173.0.i78.1dedc9214ByEdy\">Ubicado en el <strong>\u00c1rea de Dongdan del distrito de Dongcheng <\/strong>El East Sacred Hotel goza de una ubicaci\u00f3n privilegiada que permite a los hu\u00e9spedes acceder f\u00e1cilmente a <strong>Los monumentos m\u00e1s emblem\u00e1ticos de Pek\u00edn <\/strong>-incluido <strong>Plaza de Tiananmen, la Ciudad Prohibida, el Parque Beihai y la calle Wangfujing <\/strong>Esta ubicaci\u00f3n inmejorable sigue siendo un punto destacado para los viajeros que buscan tanto inmersi\u00f3n cultural como comodidad urbana.<\/p><div class=\"my-2\">\u00a0<\/div><p>Un usuario de TripAdvisor se\u00f1al\u00f3:<\/p><blockquote><p><em>No se podr\u00eda pedir una mejor ubicaci\u00f3n. Caminamos a varios sitios hist\u00f3ricos cada d\u00eda y volvimos para relajarnos en un hotel tranquilo y de hermoso dise\u00f1o. Es la combinaci\u00f3n perfecta de autenticidad y comodidad. <\/em><\/p><\/blockquote><p>Otro invitado en <strong>Agoda <\/strong> agregado:<\/p><blockquote><p data-spm-anchor-id=\"a2ty_o01.29997173.0.i79.1dedc9214ByEdy\"><em>Nos encant\u00f3 estar tan cerca de las principales atracciones sin tener que lidiar con el transporte p\u00fablico. Y, aun as\u00ed, el hotel en s\u00ed era tranquilo y relajante, justo lo que necesitas despu\u00e9s de un largo d\u00eda de turismo. <\/em><\/p><\/blockquote>\t\t\t\t\t\t\t\t<\/div>\n\t\t\t\t\t<\/div>\n\t\t<\/div>\n\t\t\t\t\t<\/div>\n\t\t<\/section>\n\t\t\t\t<section class=\"elementor-section elementor-top-section elementor-element elementor-element-9044336 elementor-section-gap-beside-no elementor-section-boxed elementor-section-height-default elementor-section-height-default elementor-section-column-vertical-align-stretch\" data-id=\"9044336\" data-element_type=\"section\" data-e-type=\"section\">\n\t\t\t\t\t\t<div class=\"elementor-container elementor-column-gap-extended\">\n\t\t\t\t\t<div class=\"elementor-column elementor-col-50 elementor-top-column elementor-element elementor-element-813ad3e\" data-id=\"813ad3e\" data-element_type=\"column\" data-e-type=\"column\">\n\t\t\t<div class=\"elementor-widget-wrap elementor-element-populated\">\n\t\t\t\t\t\t<div class=\"elementor-element elementor-element-650e526 elementor-invisible nuss-elementor-loading nuss-slide-in-right elementor-widget elementor-widget-image\" data-id=\"650e526\" data-element_type=\"widget\" data-e-type=\"widget\" data-settings=\"{&quot;_animation&quot;:&quot;nussSlideInRight&quot;}\" data-widget_type=\"image.default\">\n\t\t\t\t\t\t\t\t\t\t\t\t\t\t\t<img loading=\"lazy\" decoding=\"async\" width=\"1600\" height=\"1086\" src=\"https:\/\/eastsacredhotel.com\/wp-content\/uploads\/2025\/07\/East-Sacred-Hotel-Beijing-49.jpg\" class=\"attachment-full size-full wp-image-5434\" alt=\"\" srcset=\"https:\/\/eastsacredhotel.com\/wp-content\/uploads\/2025\/07\/East-Sacred-Hotel-Beijing-49.jpg 1600w, https:\/\/eastsacredhotel.com\/wp-content\/uploads\/2025\/07\/East-Sacred-Hotel-Beijing-49-300x204.jpg 300w, https:\/\/eastsacredhotel.com\/wp-content\/uploads\/2025\/07\/East-Sacred-Hotel-Beijing-49-1024x695.jpg 1024w, https:\/\/eastsacredhotel.com\/wp-content\/uploads\/2025\/07\/East-Sacred-Hotel-Beijing-49-768x521.jpg 768w, https:\/\/eastsacredhotel.com\/wp-content\/uploads\/2025\/07\/East-Sacred-Hotel-Beijing-49-1536x1043.jpg 1536w\" sizes=\"(max-width: 1600px) 100vw, 1600px\" \/>\t\t\t\t\t\t\t\t\t\t\t\t\t\t\t<\/div>\n\t\t\t\t\t<\/div>\n\t\t<\/div>\n\t\t\t\t<div class=\"elementor-column elementor-col-50 elementor-top-column elementor-element elementor-element-4e24363\" data-id=\"4e24363\" data-element_type=\"column\" data-e-type=\"column\">\n\t\t\t<div class=\"elementor-widget-wrap elementor-element-populated\">\n\t\t\t\t\t\t<div class=\"elementor-element elementor-element-d315bbe elementor-invisible elementor-widget elementor-widget-heading\" data-id=\"d315bbe\" data-element_type=\"widget\" data-e-type=\"widget\" data-settings=\"{&quot;_animation&quot;:&quot;nussFadeInUp&quot;}\" data-widget_type=\"heading.default\">\n\t\t\t\t\t<h3 class=\"elementor-heading-title elementor-size-default\">Habitaciones cuidadosamente dise\u00f1adas para m\u00e1xima comodidad <\/h3>\t\t\t\t<\/div>\n\t\t\t\t<div class=\"elementor-element elementor-element-607c4ef elementor-invisible elementor-widget elementor-widget-text-editor\" data-id=\"607c4ef\" data-element_type=\"widget\" data-e-type=\"widget\" data-settings=\"{&quot;_animation&quot;:&quot;nussFadeInUp&quot;}\" data-widget_type=\"text-editor.default\">\n\t\t\t\t\t\t\t\t\t<p data-spm-anchor-id=\"a2ty_o01.29997173.0.i81.1dedc9214ByEdy\">Los hu\u00e9spedes a menudo comentan sobre la <strong>Interiores elegantes, ropa de cama de lujo y atenci\u00f3n al detalle. <\/strong> en cada habitaci\u00f3n y suite. Ya sea que viajen solos, en pareja o en familia, los visitantes aprecian la <strong>distribuciones espaciosas, comodidades modernas y ambiente c\u00e1lido <\/strong> que hagan que su estancia se sienta como un retiro y no s\u00f3lo una parada.<\/p><div class=\"my-2\">\u00a0<\/div><p>Un invitado reciente en <strong>Hoteles.com <\/strong> compartido:<\/p><blockquote><p><em>La habitaci\u00f3n era espaciosa, limpia y decorada con buen gusto. Me encant\u00f3 la iluminaci\u00f3n tenue y los toques tradicionales. Tambi\u00e9n agradec\u00ed el agua embotellada gratuita, las zapatillas y el internet ultrarr\u00e1pido, perfecto para trabajar y disfrutar. <\/em><\/p><\/blockquote><p>Otro viajero elogi\u00f3 la limpieza y la comodidad del hotel:<\/p><blockquote><p data-spm-anchor-id=\"a2ty_o01.29997173.0.i82.1dedc9214ByEdy\"><em data-spm-anchor-id=\"a2ty_o01.29997173.0.i83.1dedc9214ByEdy\">Me he alojado en muchos hoteles de Asia, y este destaca por sus impecables est\u00e1ndares y su dise\u00f1o cuidado. Cada detalle, desde los art\u00edculos de aseo hasta el juego de t\u00e9, fue cuidadosamente elegido. <\/em><\/p><\/blockquote>\t\t\t\t\t\t\t\t<\/div>\n\t\t\t\t\t<\/div>\n\t\t<\/div>\n\t\t\t\t\t<\/div>\n\t\t<\/section>\n\t\t<div class=\"elementor-element elementor-element-9689d1f e-flex e-con-boxed e-con e-parent\" data-id=\"9689d1f\" data-element_type=\"container\" data-e-type=\"container\">\n\t\t\t\t\t<div class=\"e-con-inner\">\n\t\t\t\t<div class=\"elementor-element elementor-element-5687c27 elementor-widget elementor-widget-nuss-heading\" data-id=\"5687c27\" data-element_type=\"widget\" data-e-type=\"widget\" data-widget_type=\"nuss-heading.default\">\n\t\t\t\t<div class=\"elementor-widget-container\">\n\t\t\t\t\t\t\t<div class=\"nuss-modern-heading\">\r\n\t\t\t\t\t\t<div class=\"heading-secondary-wrap\">\r\n\t\t\t\t<h3 class=\"heading-secondary elementor-heading-title\">\u00bfPor qu\u00e9 los viajeros siguen regresando? <\/h3>\t\t\t<\/div>\r\n\t\t\r\n\t\t\t\r\n\t\t\t\r\n\t\t\t\t\t<\/div>\r\n\t\t\t\t\t<\/div>\n\t\t\t\t<\/div>\n\t\t\t\t<div class=\"elementor-element elementor-element-19ba05e elementor-widget elementor-widget-text-editor\" data-id=\"19ba05e\" data-element_type=\"widget\" data-e-type=\"widget\" data-widget_type=\"text-editor.default\">\n\t\t\t\t\t\t\t\t\t<p data-spm-anchor-id=\"a2ty_o01.29997173.0.i84.1dedc9214ByEdy\">Ya sea el <strong>limpieza impecable <\/strong>, el <strong>entorno c\u00e9ntrico pero sereno <\/strong>, o el <strong>una relaci\u00f3n calidad-precio excepcional <\/strong>Los visitantes habituales y los hu\u00e9spedes leales contin\u00faan eligiendo <strong>Hotel Sagrado del Este <\/strong> para sus estancias en Pek\u00edn. Nuestra capacidad para combinar <strong>Calidez tradicional con eficiencia contempor\u00e1nea <\/strong> garantiza que cada visita no s\u00f3lo sea c\u00f3moda sino tambi\u00e9n significativa.<\/p><p>Te invitamos a leer lo que otros han dicho sobre nosotros en <strong>TripAdvisor <\/strong>, <strong>Rese\u00f1as de Google <\/strong>y otras plataformas OTA, y luego venga a experimentar la diferencia de East Sacred. Perm\u00edtanos transformar su visita a Pek\u00edn en algo extraordinario.<\/p><p data-spm-anchor-id=\"a2ty_o01.29997173.0.i85.1dedc9214ByEdy\">Reserve su estad\u00eda hoy y forme parte de nuestra creciente familia de hu\u00e9spedes satisfechos que regresan a casa no s\u00f3lo con recuerdos, sino con preciados recuerdos de una experiencia de hospitalidad verdaderamente notable en el coraz\u00f3n de Beijing.<\/p>\t\t\t\t\t\t\t\t<\/div>\n\t\t\t\t\t<\/div>\n\t\t\t\t<\/div>\n\t\t\t\t<\/div>","protected":false},"excerpt":{"rendered":"<p>Discover what guests are saying about East Sacred Hotel \u2013 a collection of real customer experiences &amp; reviews At East Sacred Hotel , located at No. 33 Jia, No. 3 Street, Dongdan, Dongcheng District, Beijing, China , we believe that the true essence of our hospitality is best reflected in the voices of our guests. [&hellip;]<\/p>\n","protected":false},"author":1,"featured_media":0,"parent":0,"menu_order":0,"comment_status":"closed","ping_status":"closed","template":"","meta":{"footnotes":""},"class_list":["post-2106","page","type-page","status-publish","hentry","post-no-thumbnail"],"_links":{"self":[{"href":"https:\/\/eastsacredhotel.com\/es\/wp-json\/wp\/v2\/pages\/2106","targetHints":{"allow":["GET"]}}],"collection":[{"href":"https:\/\/eastsacredhotel.com\/es\/wp-json\/wp\/v2\/pages"}],"about":[{"href":"https:\/\/eastsacredhotel.com\/es\/wp-json\/wp\/v2\/types\/page"}],"author":[{"embeddable":true,"href":"https:\/\/eastsacredhotel.com\/es\/wp-json\/wp\/v2\/users\/1"}],"replies":[{"embeddable":true,"href":"https:\/\/eastsacredhotel.com\/es\/wp-json\/wp\/v2\/comments?post=2106"}],"version-history":[{"count":0,"href":"https:\/\/eastsacredhotel.com\/es\/wp-json\/wp\/v2\/pages\/2106\/revisions"}],"wp:attachment":[{"href":"https:\/\/eastsacredhotel.com\/es\/wp-json\/wp\/v2\/media?parent=2106"}],"curies":[{"name":"gracias","href":"https:\/\/api.w.org\/{rel}","templated":true}]}}