{"id":612,"date":"2021-03-26T10:04:13","date_gmt":"2021-03-26T10:04:13","guid":{"rendered":"http:\/\/localhost\/nuss\/?page_id=612"},"modified":"2025-12-04T10:41:03","modified_gmt":"2025-12-04T10:41:03","slug":"restaurante","status":"publish","type":"page","link":"https:\/\/eastsacredhotel.com\/es\/restaurante\/","title":{"rendered":"Restaurante"},"content":{"rendered":"<div data-elementor-type=\"wp-page\" data-elementor-id=\"612\" class=\"elementor elementor-612\">\n\t\t\t\t\t\t<section class=\"elementor-section elementor-top-section elementor-element elementor-element-e2effe8 elementor-section-boxed elementor-section-gap-beside-yes elementor-section-height-default elementor-section-height-default elementor-section-column-vertical-align-stretch\" data-id=\"e2effe8\" data-element_type=\"section\" data-e-type=\"section\">\n\t\t\t\t\t\t<div class=\"elementor-container elementor-column-gap-extended\">\n\t\t\t\t\t<div class=\"elementor-column elementor-col-100 elementor-top-column elementor-element elementor-element-e18f688\" data-id=\"e18f688\" data-element_type=\"column\" data-e-type=\"column\">\n\t\t\t<div class=\"elementor-widget-wrap elementor-element-populated\">\n\t\t\t\t\t\t<div class=\"elementor-element elementor-element-6db146d elementor-widget__width-initial elementor-invisible elementor-widget elementor-widget-text-editor\" data-id=\"6db146d\" data-element_type=\"widget\" data-e-type=\"widget\" data-settings=\"{&quot;_animation&quot;:&quot;nussFadeInUp&quot;}\" data-widget_type=\"text-editor.default\">\n\t\t\t\t\t\t\t\t\t<p data-spm-anchor-id=\"a2ty_o01.29997173.0.i42.1dedc9214ByEdy\">M\u00e1s que un lugar para cenar, nuestro restaurante es un destino en s\u00ed mismo: una elegante fusi\u00f3n de <strong>est\u00e9tica tradicional china <\/strong> y <strong>arte culinario moderno <\/strong>Donde las recetas tradicionales se fusionan con la presentaci\u00f3n contempor\u00e1nea. Ya sea que disfrute de un desayuno relajado antes de explorar la Ciudad Prohibida, saboree una comida de negocios en un ambiente tranquilo o disfrute de una cena rom\u00e1ntica bajo una suave iluminaci\u00f3n ambiental, cada visita promete un viaje inolvidable a trav\u00e9s del sabor y la tradici\u00f3n.<\/p>\t\t\t\t\t\t\t\t<\/div>\n\t\t\t\t\t<\/div>\n\t\t<\/div>\n\t\t\t\t\t<\/div>\n\t\t<\/section>\n\t\t<div class=\"elementor-element elementor-element-73e8a9d e-flex e-con-boxed e-con e-parent\" data-id=\"73e8a9d\" data-element_type=\"container\" data-e-type=\"container\">\n\t\t\t\t\t<div class=\"e-con-inner\">\n\t\t<div class=\"elementor-element elementor-element-6aae9ff e-con-full e-flex e-con e-child\" data-id=\"6aae9ff\" data-element_type=\"container\" data-e-type=\"container\">\n\t\t\t\t<div class=\"elementor-element elementor-element-f677e27 elementor-widget elementor-widget-text-editor\" data-id=\"f677e27\" data-element_type=\"widget\" data-e-type=\"widget\" data-widget_type=\"text-editor.default\">\n\t\t\t\t\t\t\t\t\t<p data-spm-anchor-id=\"a2ty_o01.29997173.0.i47.1dedc9214ByEdy\">En el coraz\u00f3n de la filosof\u00eda de nuestro restaurante hay un profundo respeto por <strong>gastronom\u00eda china <\/strong>, en particular los sabores y t\u00e9cnicas que han definido la identidad culinaria de Pek\u00edn durante siglos. Nuestro equipo de chefs expertos se inspira en <strong>especialidades regionales y cocina imperial <\/strong>, utilizando s\u00f3lo los ingredientes de temporada m\u00e1s frescos procedentes de proveedores locales de confianza para garantizar la autenticidad y la calidad en cada plato.<\/p><p data-spm-anchor-id=\"a2ty_o01.29997173.0.i44.1dedc9214ByEdy\">Desde el primer bocado de nuestra firma <strong>Pato Pek\u00edn <\/strong>Desde los elaborados m\u00e9todos de tostado tradicionales transmitidos de generaci\u00f3n en generaci\u00f3n hasta las delicadas texturas de nuestros dumplings y dim sum hechos a mano, cada art\u00edculo de nuestro men\u00fa cuenta una historia arraigada en la historia, pero presentada con un toque moderno que atrae al paladar exigente de hoy.<\/p>\t\t\t\t\t\t\t\t<\/div>\n\t\t\t\t<\/div>\n\t\t<div class=\"elementor-element elementor-element-3e2f665 e-con-full e-flex e-con e-child\" data-id=\"3e2f665\" data-element_type=\"container\" data-e-type=\"container\">\n\t\t\t\t<div class=\"elementor-element elementor-element-6e371d4 elementor-widget elementor-widget-image\" data-id=\"6e371d4\" data-element_type=\"widget\" data-e-type=\"widget\" data-widget_type=\"image.default\">\n\t\t\t\t\t\t\t\t\t\t\t\t\t\t\t<img fetchpriority=\"high\" decoding=\"async\" width=\"1024\" height=\"682\" src=\"https:\/\/eastsacredhotel.com\/wp-content\/uploads\/2025\/07\/East-Sacred-Hotel-dinning-5-1024x682.webp\" class=\"attachment-large size-large wp-image-5504\" alt=\"\" srcset=\"https:\/\/eastsacredhotel.com\/wp-content\/uploads\/2025\/07\/East-Sacred-Hotel-dinning-5-1024x682.webp 1024w, https:\/\/eastsacredhotel.com\/wp-content\/uploads\/2025\/07\/East-Sacred-Hotel-dinning-5-300x200.webp 300w, https:\/\/eastsacredhotel.com\/wp-content\/uploads\/2025\/07\/East-Sacred-Hotel-dinning-5-768x512.webp 768w, https:\/\/eastsacredhotel.com\/wp-content\/uploads\/2025\/07\/East-Sacred-Hotel-dinning-5.webp 1280w\" sizes=\"(max-width: 1024px) 100vw, 1024px\" \/>\t\t\t\t\t\t\t\t\t\t\t\t\t\t\t<\/div>\n\t\t\t\t<\/div>\n\t\t\t\t\t<\/div>\n\t\t\t\t<\/div>\n\t\t<div class=\"elementor-element elementor-element-5da33e8 e-flex e-con-boxed e-con e-parent\" data-id=\"5da33e8\" data-element_type=\"container\" data-e-type=\"container\">\n\t\t\t\t\t<div class=\"e-con-inner\">\n\t\t<div class=\"elementor-element elementor-element-a3f373d e-con-full e-flex e-con e-child\" data-id=\"a3f373d\" data-element_type=\"container\" data-e-type=\"container\">\n\t\t\t\t<div class=\"elementor-element elementor-element-eb56151 elementor-widget elementor-widget-image\" data-id=\"eb56151\" data-element_type=\"widget\" data-e-type=\"widget\" data-widget_type=\"image.default\">\n\t\t\t\t\t\t\t\t\t\t\t\t\t\t\t<img decoding=\"async\" width=\"1024\" height=\"695\" src=\"https:\/\/eastsacredhotel.com\/wp-content\/uploads\/2025\/07\/East-Sacred-Hotel-dinning-1-1024x695.webp\" class=\"attachment-large size-large wp-image-5505\" alt=\"\" srcset=\"https:\/\/eastsacredhotel.com\/wp-content\/uploads\/2025\/07\/East-Sacred-Hotel-dinning-1-1024x695.webp 1024w, https:\/\/eastsacredhotel.com\/wp-content\/uploads\/2025\/07\/East-Sacred-Hotel-dinning-1-300x204.webp 300w, https:\/\/eastsacredhotel.com\/wp-content\/uploads\/2025\/07\/East-Sacred-Hotel-dinning-1-768x522.webp 768w, https:\/\/eastsacredhotel.com\/wp-content\/uploads\/2025\/07\/East-Sacred-Hotel-dinning-1.webp 1256w\" sizes=\"(max-width: 1024px) 100vw, 1024px\" \/>\t\t\t\t\t\t\t\t\t\t\t\t\t\t\t<\/div>\n\t\t\t\t<\/div>\n\t\t<div class=\"elementor-element elementor-element-867318e e-con-full e-flex e-con e-child\" data-id=\"867318e\" data-element_type=\"container\" data-e-type=\"container\">\n\t\t\t\t<div class=\"elementor-element elementor-element-559a1ed elementor-widget elementor-widget-text-editor\" data-id=\"559a1ed\" data-element_type=\"widget\" data-e-type=\"widget\" data-widget_type=\"text-editor.default\">\n\t\t\t\t\t\t\t\t\t<p data-spm-anchor-id=\"a2ty_o01.29997173.0.i48.1dedc9214ByEdy\">Si bien nuestras ra\u00edces est\u00e1n firmemente arraigadas en las tradiciones culinarias chinas, entendemos que los viajeros de hoy provienen de todos los rincones del mundo con gustos y preferencias diversos. Por eso, nuestro men\u00fa tambi\u00e9n incluye una gama cuidadosamente seleccionada de <strong>platos internacionales <\/strong>, desde abundantes desayunos de estilo occidental y pastas gourmet hasta delicias panasi\u00e1ticas y opciones ligeras y saludables para comensales preocupados por el bienestar.<\/p><p>Ya sea que anhele la calidez de un risotto italiano cl\u00e1sico, la frescura del sushi japon\u00e9s o la reconfortante familiaridad de los pasteles franceses, nuestra cocina est\u00e1 equipada para satisfacer una amplia variedad de antojos sin comprometer la calidad ni la autenticidad.<\/p>\t\t\t\t\t\t\t\t<\/div>\n\t\t\t\t<\/div>\n\t\t\t\t\t<\/div>\n\t\t\t\t<\/div>\n\t\t<div class=\"elementor-element elementor-element-30c710b e-flex e-con-boxed e-con e-parent\" data-id=\"30c710b\" data-element_type=\"container\" data-e-type=\"container\">\n\t\t\t\t\t<div class=\"e-con-inner\">\n\t\t<div class=\"elementor-element elementor-element-4ae2562 e-con-full e-flex e-con e-child\" data-id=\"4ae2562\" data-element_type=\"container\" data-e-type=\"container\">\n\t\t\t\t<div class=\"elementor-element elementor-element-29bfa29 elementor-widget elementor-widget-text-editor\" data-id=\"29bfa29\" data-element_type=\"widget\" data-e-type=\"widget\" data-widget_type=\"text-editor.default\">\n\t\t\t\t\t\t\t\t\t<p data-spm-anchor-id=\"a2ty_o01.29997173.0.i49.1dedc9214ByEdy\">Ubicado dentro del interior bellamente dise\u00f1ado del hotel, nuestro restaurante combina a la perfecci\u00f3n <strong>Acentos de madera natural, caligraf\u00eda tradicional y decoraci\u00f3n minimalista. <\/strong>Creando un espacio que se siente atemporal y contempor\u00e1neo a la vez. El ambiente es c\u00e1lido y acogedor, con una iluminaci\u00f3n tenue, asientos c\u00f3modos y una m\u00fasica de fondo sutil que enriquece la experiencia sensorial.<\/p><p data-spm-anchor-id=\"a2ty_o01.29997173.0.i50.1dedc9214ByEdy\">El dise\u00f1o permite ambas cosas <strong>experiencias gastron\u00f3micas \u00edntimas <\/strong> y <strong>reuniones m\u00e1s grandes <\/strong>Ideal para viajeros solos, parejas, familias y peque\u00f1os grupos de negocios. Ya sea que prefiera cenar en el interior o disfrutar de un momento de tranquilidad en nuestra terraza con vistas a las bulliciosas calles de Dongdan, descubrir\u00e1 que cada detalle ha sido pensado para su comodidad y disfrute.<\/p>\t\t\t\t\t\t\t\t<\/div>\n\t\t\t\t<\/div>\n\t\t<div class=\"elementor-element elementor-element-862e28d e-con-full e-flex e-con e-child\" data-id=\"862e28d\" data-element_type=\"container\" data-e-type=\"container\">\n\t\t\t\t<div class=\"elementor-element elementor-element-5d46164 elementor-widget elementor-widget-image\" data-id=\"5d46164\" data-element_type=\"widget\" data-e-type=\"widget\" data-widget_type=\"image.default\">\n\t\t\t\t\t\t\t\t\t\t\t\t\t\t\t<img decoding=\"async\" width=\"1024\" height=\"682\" src=\"https:\/\/eastsacredhotel.com\/wp-content\/uploads\/2025\/07\/East-Sacred-Hotel-dinning-4-1024x682.webp\" class=\"attachment-large size-large wp-image-5506\" alt=\"\" srcset=\"https:\/\/eastsacredhotel.com\/wp-content\/uploads\/2025\/07\/East-Sacred-Hotel-dinning-4-1024x682.webp 1024w, https:\/\/eastsacredhotel.com\/wp-content\/uploads\/2025\/07\/East-Sacred-Hotel-dinning-4-300x200.webp 300w, https:\/\/eastsacredhotel.com\/wp-content\/uploads\/2025\/07\/East-Sacred-Hotel-dinning-4-768x512.webp 768w, https:\/\/eastsacredhotel.com\/wp-content\/uploads\/2025\/07\/East-Sacred-Hotel-dinning-4.webp 1280w\" sizes=\"(max-width: 1024px) 100vw, 1024px\" \/>\t\t\t\t\t\t\t\t\t\t\t\t\t\t\t<\/div>\n\t\t\t\t<\/div>\n\t\t\t\t\t<\/div>\n\t\t\t\t<\/div>\n\t\t<div class=\"elementor-element elementor-element-fa46734 e-flex e-con-boxed e-con e-parent\" data-id=\"fa46734\" data-element_type=\"container\" data-e-type=\"container\">\n\t\t\t\t\t<div class=\"e-con-inner\">\n\t\t<div class=\"elementor-element elementor-element-9ab4a1b e-con-full e-flex e-con e-child\" data-id=\"9ab4a1b\" data-element_type=\"container\" data-e-type=\"container\">\n\t\t\t\t<div class=\"elementor-element elementor-element-0443a57 elementor-widget elementor-widget-image\" data-id=\"0443a57\" data-element_type=\"widget\" data-e-type=\"widget\" data-widget_type=\"image.default\">\n\t\t\t\t\t\t\t\t\t\t\t\t\t\t\t<img loading=\"lazy\" decoding=\"async\" width=\"1024\" height=\"682\" src=\"https:\/\/eastsacredhotel.com\/wp-content\/uploads\/2025\/07\/East-Sacred-Hotel-dinning-2-1024x682.webp\" class=\"attachment-large size-large wp-image-5507\" alt=\"\" srcset=\"https:\/\/eastsacredhotel.com\/wp-content\/uploads\/2025\/07\/East-Sacred-Hotel-dinning-2-1024x682.webp 1024w, https:\/\/eastsacredhotel.com\/wp-content\/uploads\/2025\/07\/East-Sacred-Hotel-dinning-2-300x200.webp 300w, https:\/\/eastsacredhotel.com\/wp-content\/uploads\/2025\/07\/East-Sacred-Hotel-dinning-2-768x512.webp 768w, https:\/\/eastsacredhotel.com\/wp-content\/uploads\/2025\/07\/East-Sacred-Hotel-dinning-2.webp 1280w\" sizes=\"(max-width: 1024px) 100vw, 1024px\" \/>\t\t\t\t\t\t\t\t\t\t\t\t\t\t\t<\/div>\n\t\t\t\t<\/div>\n\t\t<div class=\"elementor-element elementor-element-3d9c457 e-con-full e-flex e-con e-child\" data-id=\"3d9c457\" data-element_type=\"container\" data-e-type=\"container\">\n\t\t\t\t<div class=\"elementor-element elementor-element-9873e7a elementor-widget elementor-widget-text-editor\" data-id=\"9873e7a\" data-element_type=\"widget\" data-e-type=\"widget\" data-widget_type=\"text-editor.default\">\n\t\t\t\t\t\t\t\t\t<p data-spm-anchor-id=\"a2ty_o01.29997173.0.i51.1dedc9214ByEdy\">Nuestro men\u00fa evoluciona con las estaciones, reflejando la disponibilidad natural de productos frescos y las preferencias cambiantes de nuestros comensales a lo largo del a\u00f1o. Durante los meses m\u00e1s fr\u00edos, del\u00e9itese con sopas reconfortantes, guisos de cocci\u00f3n lenta y t\u00e9s especiados, mientras que el verano trae platos m\u00e1s ligeros como fideos fr\u00edos, caldos con hierbas y refrescantes postres de frutas.<\/p><p data-spm-anchor-id=\"a2ty_o01.29997173.0.i52.1dedc9214ByEdy\">Tambi\u00e9n somos anfitriones <strong>cenas tem\u00e1ticas especiales y men\u00fas degustaci\u00f3n <\/strong> Durante festivales importantes como el <strong>Festival de Primavera, Festival del Medio Oto\u00f1o y Festival de los Faroles <\/strong>, permitiendo a los hu\u00e9spedes experimentar la riqueza de la cultura china a trav\u00e9s de su comida.<\/p>\t\t\t\t\t\t\t\t<\/div>\n\t\t\t\t<\/div>\n\t\t\t\t\t<\/div>\n\t\t\t\t<\/div>\n\t\t<div class=\"elementor-element elementor-element-17a8ffd e-flex e-con-boxed e-con e-parent\" data-id=\"17a8ffd\" data-element_type=\"container\" data-e-type=\"container\">\n\t\t\t\t\t<div class=\"e-con-inner\">\n\t\t<div class=\"elementor-element elementor-element-d3aab42 e-con-full e-flex e-con e-child\" data-id=\"d3aab42\" data-element_type=\"container\" data-e-type=\"container\">\n\t\t\t\t<div class=\"elementor-element elementor-element-639311b elementor-widget elementor-widget-text-editor\" data-id=\"639311b\" data-element_type=\"widget\" data-e-type=\"widget\" data-widget_type=\"text-editor.default\">\n\t\t\t\t\t\t\t\t\t<p data-spm-anchor-id=\"a2ty_o01.29997173.0.i53.1dedc9214ByEdy\">Lo que realmente distingue a nuestro restaurante no es solo el plato, sino c\u00f3mo se sirve. Nuestro atento personal multiling\u00fce est\u00e1 capacitado para anticiparse a sus necesidades y brindar un servicio impecable que combina la profesionalidad internacional con la calidez y amabilidad de la hospitalidad tradicional china.<\/p><p>Ya sea recomendando la combinaci\u00f3n de t\u00e9 perfecta para su comida, adapt\u00e1ndose cuidadosamente a las restricciones diet\u00e9ticas u organizando una experiencia gastron\u00f3mica privada para ocasiones especiales, nuestro equipo se dedica a garantizar que cada invitado se vaya con una impresi\u00f3n memorable.<\/p>\t\t\t\t\t\t\t\t<\/div>\n\t\t\t\t<\/div>\n\t\t<div class=\"elementor-element elementor-element-c7effd6 e-con-full e-flex e-con e-child\" data-id=\"c7effd6\" data-element_type=\"container\" data-e-type=\"container\">\n\t\t\t\t<div class=\"elementor-element elementor-element-21dc18f elementor-widget elementor-widget-image\" data-id=\"21dc18f\" data-element_type=\"widget\" data-e-type=\"widget\" data-widget_type=\"image.default\">\n\t\t\t\t\t\t\t\t\t\t\t\t\t\t\t<img loading=\"lazy\" decoding=\"async\" width=\"1024\" height=\"682\" src=\"https:\/\/eastsacredhotel.com\/wp-content\/uploads\/2025\/07\/East-Sacred-Hotel-1024x682.webp\" class=\"attachment-large size-large wp-image-5499\" alt=\"\" srcset=\"https:\/\/eastsacredhotel.com\/wp-content\/uploads\/2025\/07\/East-Sacred-Hotel-1024x682.webp 1024w, https:\/\/eastsacredhotel.com\/wp-content\/uploads\/2025\/07\/East-Sacred-Hotel-300x200.webp 300w, https:\/\/eastsacredhotel.com\/wp-content\/uploads\/2025\/07\/East-Sacred-Hotel-768x512.webp 768w, https:\/\/eastsacredhotel.com\/wp-content\/uploads\/2025\/07\/East-Sacred-Hotel.webp 1280w\" sizes=\"(max-width: 1024px) 100vw, 1024px\" \/>\t\t\t\t\t\t\t\t\t\t\t\t\t\t\t<\/div>\n\t\t\t\t<\/div>\n\t\t\t\t\t<\/div>\n\t\t\t\t<\/div>\n\t\t<div class=\"elementor-element elementor-element-9da748c e-flex e-con-boxed e-con e-parent\" data-id=\"9da748c\" data-element_type=\"container\" data-e-type=\"container\">\n\t\t\t\t\t<div class=\"e-con-inner\">\n\t\t\t\t<div class=\"elementor-element elementor-element-afbe34b elementor-widget elementor-widget-text-editor\" data-id=\"afbe34b\" data-element_type=\"widget\" data-e-type=\"widget\" data-widget_type=\"text-editor.default\">\n\t\t\t\t\t\t\t\t\t<p data-spm-anchor-id=\"a2ty_o01.29997173.0.i55.1dedc9214ByEdy\">Ya sea que sea hu\u00e9sped del hotel o simplemente est\u00e9 explorando las vibrantes calles de Dongdan, lo invitamos a experimentar un viaje gastron\u00f3mico que honra el pasado y abraza el futuro. En <strong>Restaurante del East Sacred Hotel <\/strong>, cada comida es una historia contada a trav\u00e9s del sabor, cada plato un homenaje a la tierra que lo inspira y cada visita un recuerdo esperando ser creado.<\/p><p data-spm-anchor-id=\"a2ty_o01.29997173.0.i57.1dedc9214ByEdy\">Perm\u00edtanos darle la bienvenida con los brazos abiertos, una c\u00e1lida hospitalidad y una mesa preparada con las mejores ofertas culinarias que Beijing tiene para ofrecer.<\/p>\t\t\t\t\t\t\t\t<\/div>\n\t\t\t\t\t<\/div>\n\t\t\t\t<\/div>\n\t\t\t\t<\/div>","protected":false},"excerpt":{"rendered":"<p>More than just a place to dine, our restaurant is a destination in itself\u2014an elegant fusion of traditional Chinese aesthetics and modern culinary artistry , where time-honored recipes meet contemporary presentation. Whether you&#8217;re enjoying a leisurely breakfast before exploring the Forbidden City, savoring a business lunch in a tranquil setting, or indulging in a romantic [&hellip;]<\/p>\n","protected":false},"author":1,"featured_media":0,"parent":0,"menu_order":0,"comment_status":"closed","ping_status":"closed","template":"","meta":{"footnotes":""},"class_list":["post-612","page","type-page","status-publish","hentry","post-no-thumbnail"],"_links":{"self":[{"href":"https:\/\/eastsacredhotel.com\/es\/wp-json\/wp\/v2\/pages\/612","targetHints":{"allow":["GET"]}}],"collection":[{"href":"https:\/\/eastsacredhotel.com\/es\/wp-json\/wp\/v2\/pages"}],"about":[{"href":"https:\/\/eastsacredhotel.com\/es\/wp-json\/wp\/v2\/types\/page"}],"author":[{"embeddable":true,"href":"https:\/\/eastsacredhotel.com\/es\/wp-json\/wp\/v2\/users\/1"}],"replies":[{"embeddable":true,"href":"https:\/\/eastsacredhotel.com\/es\/wp-json\/wp\/v2\/comments?post=612"}],"version-history":[{"count":0,"href":"https:\/\/eastsacredhotel.com\/es\/wp-json\/wp\/v2\/pages\/612\/revisions"}],"wp:attachment":[{"href":"https:\/\/eastsacredhotel.com\/es\/wp-json\/wp\/v2\/media?parent=612"}],"curies":[{"name":"gracias","href":"https:\/\/api.w.org\/{rel}","templated":true}]}}