{"id":2104,"date":"2021-03-23T09:33:48","date_gmt":"2021-03-23T09:33:48","guid":{"rendered":"http:\/\/localhost\/nuss\/?page_id=167"},"modified":"2025-12-04T10:40:48","modified_gmt":"2025-12-04T10:40:48","slug":"notre-histoire","status":"publish","type":"page","link":"https:\/\/eastsacredhotel.com\/fr\/notre-histoire\/","title":{"rendered":"Notre histoire"},"content":{"rendered":"<div data-elementor-type=\"wp-page\" data-elementor-id=\"2104\" class=\"elementor elementor-2104\">\n\t\t\t\t\t\t<section class=\"elementor-section elementor-top-section elementor-element elementor-element-8f5bb9d elementor-section-boxed elementor-section-gap-beside-yes elementor-section-height-default elementor-section-height-default elementor-section-column-vertical-align-stretch\" data-id=\"8f5bb9d\" data-element_type=\"section\" data-e-type=\"section\">\n\t\t\t\t\t\t<div class=\"elementor-container elementor-column-gap-extended\">\n\t\t\t\t\t<div class=\"elementor-column elementor-col-100 elementor-top-column elementor-element elementor-element-7ec4215\" data-id=\"7ec4215\" data-element_type=\"column\" data-e-type=\"column\">\n\t\t\t<div class=\"elementor-widget-wrap elementor-element-populated\">\n\t\t\t\t\t\t<div class=\"elementor-element elementor-element-edd9d03 elementor-widget__width-initial elementor-invisible elementor-widget elementor-widget-text-editor\" data-id=\"edd9d03\" data-element_type=\"widget\" data-e-type=\"widget\" data-settings=\"{&quot;_animation&quot;:&quot;nussFadeInUp&quot;}\" data-widget_type=\"text-editor.default\">\n\t\t\t\t\t\t\t\t\t<p>Nous sommes plus qu\u2019un simple h\u00f4tel-boutique : nous sommes un r\u00e9cit vivant qui relie des traditions s\u00e9culaires au confort contemporain, offrant \u00e0 nos clients une occasion unique de d\u00e9couvrir l\u2019\u00e2me de P\u00e9kin dans un environnement qui c\u00e9l\u00e8bre \u00e0 la fois l\u2019histoire et l\u2019innovation.<\/p>\t\t\t\t\t\t\t\t<\/div>\n\t\t\t\t\t<\/div>\n\t\t<\/div>\n\t\t\t\t\t<\/div>\n\t\t<\/section>\n\t\t\t\t<section class=\"elementor-section elementor-top-section elementor-element elementor-element-fcc2c5b elementor-section-boxed elementor-section-gap-beside-yes elementor-section-height-default elementor-section-height-default elementor-section-column-vertical-align-stretch\" data-id=\"fcc2c5b\" data-element_type=\"section\" data-e-type=\"section\">\n\t\t\t\t\t\t<div class=\"elementor-container elementor-column-gap-extended\">\n\t\t\t\t\t<div class=\"elementor-column elementor-col-100 elementor-top-column elementor-element elementor-element-2f7d653\" data-id=\"2f7d653\" data-element_type=\"column\" data-e-type=\"column\">\n\t\t\t<div class=\"elementor-widget-wrap elementor-element-populated\">\n\t\t\t\t\t\t<section class=\"elementor-section elementor-inner-section elementor-element elementor-element-6f6d8ba elementor-section-boxed elementor-section-gap-beside-yes elementor-section-height-default elementor-section-height-default elementor-section-column-vertical-align-stretch\" data-id=\"6f6d8ba\" data-element_type=\"section\" data-e-type=\"section\">\n\t\t\t\t\t\t<div class=\"elementor-container elementor-column-gap-extended\">\n\t\t\t\t\t<div class=\"elementor-column elementor-col-50 elementor-inner-column elementor-element elementor-element-0878be6\" data-id=\"0878be6\" data-element_type=\"column\" data-e-type=\"column\">\n\t\t\t<div class=\"elementor-widget-wrap elementor-element-populated\">\n\t\t\t\t\t\t<div class=\"elementor-element elementor-element-42014f7 elementor-invisible elementor-widget elementor-widget-heading\" data-id=\"42014f7\" data-element_type=\"widget\" data-e-type=\"widget\" data-settings=\"{&quot;_animation&quot;:&quot;nussFadeInUp&quot;}\" data-widget_type=\"heading.default\">\n\t\t\t\t\t<h3 class=\"elementor-heading-title elementor-size-default\">Des d\u00e9buts modestes ancr\u00e9s dans le respect culturel <\/h3>\t\t\t\t<\/div>\n\t\t\t\t<div class=\"elementor-element elementor-element-2ba7908 elementor-invisible elementor-widget elementor-widget-text-editor\" data-id=\"2ba7908\" data-element_type=\"widget\" data-e-type=\"widget\" data-settings=\"{&quot;_animation&quot;:&quot;nussFadeInUp&quot;}\" data-widget_type=\"text-editor.default\">\n\t\t\t\t\t\t\t\t\t<p data-spm-anchor-id=\"a2ty_o01.29997173.0.i103.1dedc9214ByEdy\">L&#039;id\u00e9e de <strong>H\u00f4tel East Sacred <\/strong> est n\u00e9 du d\u00e9sir de cr\u00e9er un lieu v\u00e9ritablement significatif\u00a0: un lieu o\u00f9 les voyageurs pourraient non seulement se reposer, mais aussi s&#039;immerger dans l&#039;essence de la culture traditionnelle chinoise tout en profitant du confort de l&#039;hospitalit\u00e9 moderne. Situ\u00e9 dans le quartier historique <strong>R\u00e9gion de Dongdan du district de Dongcheng <\/strong>, connue pour son pass\u00e9 imp\u00e9rial et sa proximit\u00e9 avec des monuments tels que le <strong>Cit\u00e9 interdite <\/strong> et <strong>Place Tiananmen <\/strong>, l&#039;h\u00f4tel a \u00e9t\u00e9 imagin\u00e9 comme un sanctuaire pour les voyageurs exigeants qui recherchent l&#039;authenticit\u00e9 sans compromettre la qualit\u00e9 ou le confort.<\/p><p data-spm-anchor-id=\"a2ty_o01.29997173.0.i104.1dedc9214ByEdy\">D\u00e8s ses d\u00e9buts, les fondateurs ont d\u00e9cel\u00e9 le potentiel de transformer une structure modeste mais \u00e9l\u00e9gante en un espace refl\u00e9tant l&#039;harmonie entre nature, architecture et bien-\u00eatre humain. Inspir\u00e9s par l&#039;ancienne philosophie chinoise de l&#039;\u00e9quilibre, incarn\u00e9e par des concepts tels que <strong>Feng Shui <\/strong> et <strong>Minimalisme zen <\/strong>\u2014L\u2019\u00e9quipe de conception a travaill\u00e9 en \u00e9troite collaboration avec des artisans et des architectes locaux pour garantir que chaque d\u00e9tail honore les racines culturelles du lieu.<\/p>\t\t\t\t\t\t\t\t<\/div>\n\t\t\t\t\t<\/div>\n\t\t<\/div>\n\t\t\t\t<div class=\"elementor-column elementor-col-50 elementor-inner-column elementor-element elementor-element-6f3f021\" data-id=\"6f3f021\" data-element_type=\"column\" data-e-type=\"column\">\n\t\t\t<div class=\"elementor-widget-wrap elementor-element-populated\">\n\t\t\t\t\t\t<div class=\"elementor-element elementor-element-63d8463 elementor-invisible nuss-elementor-loading nuss-slide-in-left elementor-widget elementor-widget-image\" data-id=\"63d8463\" data-element_type=\"widget\" data-e-type=\"widget\" data-settings=\"{&quot;_animation&quot;:&quot;nussSlideInLeft&quot;}\" data-widget_type=\"image.default\">\n\t\t\t\t\t\t\t\t\t\t\t\t\t\t\t<img fetchpriority=\"high\" decoding=\"async\" width=\"1600\" height=\"1067\" src=\"https:\/\/eastsacredhotel.com\/wp-content\/uploads\/2025\/07\/East-Sacred-Hotel-Beijing-55.jpg\" class=\"attachment-full size-full wp-image-5455\" alt=\"\" srcset=\"https:\/\/eastsacredhotel.com\/wp-content\/uploads\/2025\/07\/East-Sacred-Hotel-Beijing-55.jpg 1600w, https:\/\/eastsacredhotel.com\/wp-content\/uploads\/2025\/07\/East-Sacred-Hotel-Beijing-55-300x200.jpg 300w, https:\/\/eastsacredhotel.com\/wp-content\/uploads\/2025\/07\/East-Sacred-Hotel-Beijing-55-1024x683.jpg 1024w, https:\/\/eastsacredhotel.com\/wp-content\/uploads\/2025\/07\/East-Sacred-Hotel-Beijing-55-768x512.jpg 768w, https:\/\/eastsacredhotel.com\/wp-content\/uploads\/2025\/07\/East-Sacred-Hotel-Beijing-55-1536x1024.jpg 1536w\" sizes=\"(max-width: 1600px) 100vw, 1600px\" \/>\t\t\t\t\t\t\t\t\t\t\t\t\t\t\t<\/div>\n\t\t\t\t\t<\/div>\n\t\t<\/div>\n\t\t\t\t\t<\/div>\n\t\t<\/section>\n\t\t\t\t<section class=\"elementor-section elementor-inner-section elementor-element elementor-element-0ad233f elementor-section-boxed elementor-section-gap-beside-yes elementor-section-height-default elementor-section-height-default elementor-section-column-vertical-align-stretch\" data-id=\"0ad233f\" data-element_type=\"section\" data-e-type=\"section\">\n\t\t\t\t\t\t<div class=\"elementor-container elementor-column-gap-extended\">\n\t\t\t\t\t<div class=\"elementor-column elementor-col-50 elementor-inner-column elementor-element elementor-element-2cde083\" data-id=\"2cde083\" data-element_type=\"column\" data-e-type=\"column\">\n\t\t\t<div class=\"elementor-widget-wrap elementor-element-populated\">\n\t\t\t\t\t\t<div class=\"elementor-element elementor-element-28e3da5 elementor-widget elementor-widget-image\" data-id=\"28e3da5\" data-element_type=\"widget\" data-e-type=\"widget\" data-widget_type=\"image.default\">\n\t\t\t\t\t\t\t\t\t\t\t\t\t\t\t<img decoding=\"async\" width=\"1024\" height=\"686\" src=\"https:\/\/eastsacredhotel.com\/wp-content\/uploads\/2025\/07\/East-Sacred-Hotel-Beijing-4-1024x686.jpg\" class=\"attachment-large size-large wp-image-5444\" alt=\"\" srcset=\"https:\/\/eastsacredhotel.com\/wp-content\/uploads\/2025\/07\/East-Sacred-Hotel-Beijing-4-1024x686.jpg 1024w, https:\/\/eastsacredhotel.com\/wp-content\/uploads\/2025\/07\/East-Sacred-Hotel-Beijing-4-300x201.jpg 300w, https:\/\/eastsacredhotel.com\/wp-content\/uploads\/2025\/07\/East-Sacred-Hotel-Beijing-4-768x515.jpg 768w, https:\/\/eastsacredhotel.com\/wp-content\/uploads\/2025\/07\/East-Sacred-Hotel-Beijing-4-1536x1029.jpg 1536w, https:\/\/eastsacredhotel.com\/wp-content\/uploads\/2025\/07\/East-Sacred-Hotel-Beijing-4.jpg 1600w\" sizes=\"(max-width: 1024px) 100vw, 1024px\" \/>\t\t\t\t\t\t\t\t\t\t\t\t\t\t\t<\/div>\n\t\t\t\t\t<\/div>\n\t\t<\/div>\n\t\t\t\t<div class=\"elementor-column elementor-col-50 elementor-inner-column elementor-element elementor-element-ccbc7cc\" data-id=\"ccbc7cc\" data-element_type=\"column\" data-e-type=\"column\">\n\t\t\t<div class=\"elementor-widget-wrap elementor-element-populated\">\n\t\t\t\t\t\t<div class=\"elementor-element elementor-element-377ec23 elementor-invisible elementor-widget elementor-widget-heading\" data-id=\"377ec23\" data-element_type=\"widget\" data-e-type=\"widget\" data-settings=\"{&quot;_animation&quot;:&quot;nussFadeInUp&quot;}\" data-widget_type=\"heading.default\">\n\t\t\t\t\t<h3 class=\"elementor-heading-title elementor-size-default\">Un nom qui refl\u00e8te notre identit\u00e9 <\/h3>\t\t\t\t<\/div>\n\t\t\t\t<div class=\"elementor-element elementor-element-9956e21 elementor-invisible elementor-widget elementor-widget-text-editor\" data-id=\"9956e21\" data-element_type=\"widget\" data-e-type=\"widget\" data-settings=\"{&quot;_animation&quot;:&quot;nussFadeInUp&quot;}\" data-widget_type=\"text-editor.default\">\n\t\t\t\t\t\t\t\t\t<p data-spm-anchor-id=\"a2ty_o01.29997173.0.i113.1dedc9214ByEdy\">Le nom <strong>\u00ab Orient sacr\u00e9 \u00bb <\/strong> Le choix de \u00ab\u00a0Sacr\u00e9\u00a0\u00bb n&#039;est pas anodin\u00a0: il t\u00e9moigne d&#039;un profond respect pour les traditions spirituelles et philosophiques de l&#039;Orient, notamment celles ancr\u00e9es dans la culture chinoise. \u00ab\u00a0Sacr\u00e9\u00a0\u00bb \u00e9voque le respect que nous portons \u00e0 la terre, \u00e0 son peuple et \u00e0 la sagesse intemporelle ancr\u00e9e dans ses coutumes. Il symbolise notre engagement \u00e0 cr\u00e9er des espaces non seulement beaux, mais aussi empreints de sens, o\u00f9 chaque h\u00f4te ressent un sentiment de paix, de connexion et d&#039;inspiration.<\/p><p data-spm-anchor-id=\"a2ty_o01.29997173.0.i114.1dedc9214ByEdy\">Cette philosophie est \u00e9vidente dans tout ce que nous faisons, de la d\u00e9coration int\u00e9rieure soigneusement s\u00e9lectionn\u00e9e au service personnalis\u00e9 qui permet \u00e0 chaque visiteur de se sentir comme chez lui.<\/p>\t\t\t\t\t\t\t\t<\/div>\n\t\t\t\t\t<\/div>\n\t\t<\/div>\n\t\t\t\t\t<\/div>\n\t\t<\/section>\n\t\t\t\t<section class=\"elementor-section elementor-inner-section elementor-element elementor-element-c127b44 elementor-section-boxed elementor-section-gap-beside-yes elementor-section-height-default elementor-section-height-default elementor-section-column-vertical-align-stretch\" data-id=\"c127b44\" data-element_type=\"section\" data-e-type=\"section\">\n\t\t\t\t\t\t<div class=\"elementor-container elementor-column-gap-extended\">\n\t\t\t\t\t<div class=\"elementor-column elementor-col-50 elementor-inner-column elementor-element elementor-element-e050279\" data-id=\"e050279\" data-element_type=\"column\" data-e-type=\"column\">\n\t\t\t<div class=\"elementor-widget-wrap elementor-element-populated\">\n\t\t\t\t\t\t<div class=\"elementor-element elementor-element-75973ee elementor-invisible elementor-widget elementor-widget-heading\" data-id=\"75973ee\" data-element_type=\"widget\" data-e-type=\"widget\" data-settings=\"{&quot;_animation&quot;:&quot;nussFadeInUp&quot;}\" data-widget_type=\"heading.default\">\n\t\t\t\t\t<h3 class=\"elementor-heading-title elementor-size-default\">Concevoir un sanctuaire pour le voyageur moderne <\/h3>\t\t\t\t<\/div>\n\t\t\t\t<div class=\"elementor-element elementor-element-818ffa2 elementor-invisible elementor-widget elementor-widget-text-editor\" data-id=\"818ffa2\" data-element_type=\"widget\" data-e-type=\"widget\" data-settings=\"{&quot;_animation&quot;:&quot;nussFadeInUp&quot;}\" data-widget_type=\"text-editor.default\">\n\t\t\t\t\t\t\t\t\t<p data-spm-anchor-id=\"a2ty_o01.29997173.0.i108.1dedc9214ByEdy\">D\u00e8s le d\u00e9part, notre mission \u00e9tait claire\u00a0: offrir une exp\u00e9rience de voyage hors du commun. Plut\u00f4t que de suivre les tendances du march\u00e9 de masse, nous avons choisi de nous concentrer sur <strong>authenticit\u00e9, savoir-faire et durabilit\u00e9 <\/strong>.<\/p><p data-spm-anchor-id=\"a2ty_o01.29997173.0.i107.1dedc9214ByEdy\">Chaque chambre et suite a \u00e9t\u00e9 con\u00e7ue non seulement pour dormir, mais aussi pour vivre une exp\u00e9rience unique. Des artisans locaux ont \u00e9t\u00e9 sollicit\u00e9s pour confectionner \u00e0 la main de nombreux \u00e9l\u00e9ments int\u00e9rieurs, notamment des meubles sur mesure, des textiles brod\u00e9s et des \u00e9l\u00e9ments d\u00e9coratifs inspir\u00e9s de motifs chinois classiques. L&#039;agencement m\u00eame de l&#039;h\u00f4tel respecte les principes de <strong>maisons traditionnelles avec cour (Siheyuan) <\/strong>, cr\u00e9ant un sentiment d\u2019intimit\u00e9, de tranquillit\u00e9 et de communaut\u00e9.<\/p><p data-spm-anchor-id=\"a2ty_o01.29997173.0.i109.1dedc9214ByEdy\">Cette approche r\u00e9fl\u00e9chie de la conception a fait <strong>H\u00f4tel East Sacred <\/strong> un favori parmi les voyageurs en qu\u00eate de liens significatifs avec les lieux qu&#039;ils visitent, non seulement en tant que touristes, mais aussi en tant qu&#039;explorateurs de la culture.<\/p>\t\t\t\t\t\t\t\t<\/div>\n\t\t\t\t\t<\/div>\n\t\t<\/div>\n\t\t\t\t<div class=\"elementor-column elementor-col-50 elementor-inner-column elementor-element elementor-element-6cab6d3\" data-id=\"6cab6d3\" data-element_type=\"column\" data-e-type=\"column\">\n\t\t\t<div class=\"elementor-widget-wrap elementor-element-populated\">\n\t\t\t\t\t\t<div class=\"elementor-element elementor-element-03b3301 elementor-widget elementor-widget-image\" data-id=\"03b3301\" data-element_type=\"widget\" data-e-type=\"widget\" data-widget_type=\"image.default\">\n\t\t\t\t\t\t\t\t\t\t\t\t\t\t\t<img decoding=\"async\" width=\"1024\" height=\"683\" src=\"https:\/\/eastsacredhotel.com\/wp-content\/uploads\/2025\/07\/East-Sacred-Hotel-Beijing-57-1024x683.jpg\" class=\"attachment-large size-large wp-image-5422\" alt=\"\" srcset=\"https:\/\/eastsacredhotel.com\/wp-content\/uploads\/2025\/07\/East-Sacred-Hotel-Beijing-57-1024x683.jpg 1024w, https:\/\/eastsacredhotel.com\/wp-content\/uploads\/2025\/07\/East-Sacred-Hotel-Beijing-57-300x200.jpg 300w, https:\/\/eastsacredhotel.com\/wp-content\/uploads\/2025\/07\/East-Sacred-Hotel-Beijing-57-768x512.jpg 768w, https:\/\/eastsacredhotel.com\/wp-content\/uploads\/2025\/07\/East-Sacred-Hotel-Beijing-57-1536x1024.jpg 1536w, https:\/\/eastsacredhotel.com\/wp-content\/uploads\/2025\/07\/East-Sacred-Hotel-Beijing-57.jpg 1600w\" sizes=\"(max-width: 1024px) 100vw, 1024px\" \/>\t\t\t\t\t\t\t\t\t\t\t\t\t\t\t<\/div>\n\t\t\t\t\t<\/div>\n\t\t<\/div>\n\t\t\t\t\t<\/div>\n\t\t<\/section>\n\t\t\t\t<section class=\"elementor-section elementor-inner-section elementor-element elementor-element-60124f0 elementor-section-boxed elementor-section-gap-beside-yes elementor-section-height-default elementor-section-height-default elementor-section-column-vertical-align-stretch\" data-id=\"60124f0\" data-element_type=\"section\" data-e-type=\"section\">\n\t\t\t\t\t\t<div class=\"elementor-container elementor-column-gap-extended\">\n\t\t\t\t\t<div class=\"elementor-column elementor-col-50 elementor-inner-column elementor-element elementor-element-98bc148\" data-id=\"98bc148\" data-element_type=\"column\" data-e-type=\"column\">\n\t\t\t<div class=\"elementor-widget-wrap elementor-element-populated\">\n\t\t\t\t\t\t<div class=\"elementor-element elementor-element-c2a2c4a elementor-widget elementor-widget-image\" data-id=\"c2a2c4a\" data-element_type=\"widget\" data-e-type=\"widget\" data-widget_type=\"image.default\">\n\t\t\t\t\t\t\t\t\t\t\t\t\t\t\t<img decoding=\"async\" width=\"1024\" height=\"686\" src=\"https:\/\/eastsacredhotel.com\/wp-content\/uploads\/2025\/07\/East-Sacred-Hotel-Beijing-4-1024x686.jpg\" class=\"attachment-large size-large wp-image-5444\" alt=\"\" srcset=\"https:\/\/eastsacredhotel.com\/wp-content\/uploads\/2025\/07\/East-Sacred-Hotel-Beijing-4-1024x686.jpg 1024w, https:\/\/eastsacredhotel.com\/wp-content\/uploads\/2025\/07\/East-Sacred-Hotel-Beijing-4-300x201.jpg 300w, https:\/\/eastsacredhotel.com\/wp-content\/uploads\/2025\/07\/East-Sacred-Hotel-Beijing-4-768x515.jpg 768w, https:\/\/eastsacredhotel.com\/wp-content\/uploads\/2025\/07\/East-Sacred-Hotel-Beijing-4-1536x1029.jpg 1536w, https:\/\/eastsacredhotel.com\/wp-content\/uploads\/2025\/07\/East-Sacred-Hotel-Beijing-4.jpg 1600w\" sizes=\"(max-width: 1024px) 100vw, 1024px\" \/>\t\t\t\t\t\t\t\t\t\t\t\t\t\t\t<\/div>\n\t\t\t\t\t<\/div>\n\t\t<\/div>\n\t\t\t\t<div class=\"elementor-column elementor-col-50 elementor-inner-column elementor-element elementor-element-6b06576\" data-id=\"6b06576\" data-element_type=\"column\" data-e-type=\"column\">\n\t\t\t<div class=\"elementor-widget-wrap elementor-element-populated\">\n\t\t\t\t\t\t<div class=\"elementor-element elementor-element-166c3f0 elementor-invisible elementor-widget elementor-widget-heading\" data-id=\"166c3f0\" data-element_type=\"widget\" data-e-type=\"widget\" data-settings=\"{&quot;_animation&quot;:&quot;nussFadeInUp&quot;}\" data-widget_type=\"heading.default\">\n\t\t\t\t\t<h3 class=\"elementor-heading-title elementor-size-default\">Construire un h\u00e9ritage de chaleur et d&#039;hospitalit\u00e9 <\/h3>\t\t\t\t<\/div>\n\t\t\t\t<div class=\"elementor-element elementor-element-e7f6d91 elementor-invisible elementor-widget elementor-widget-text-editor\" data-id=\"e7f6d91\" data-element_type=\"widget\" data-e-type=\"widget\" data-settings=\"{&quot;_animation&quot;:&quot;nussFadeInUp&quot;}\" data-widget_type=\"text-editor.default\">\n\t\t\t\t\t\t\t\t\t<p data-spm-anchor-id=\"a2ty_o01.29997173.0.i112.1dedc9214ByEdy\">Au fil des ans, nous avons accueilli des voyageurs du monde entier\u00a0: professionnels, aventuriers curieux, amateurs d&#039;art, historiens et familles en qu\u00eate d&#039;une meilleure compr\u00e9hension de la capitale chinoise. Chaque voyageur a sa propre histoire, et nous sommes fiers de faire partie de son r\u00e9cit de voyage.<\/p><p data-spm-anchor-id=\"a2ty_o01.29997173.0.i111.1dedc9214ByEdy\">Notre \u00e9quipe, form\u00e9e aux standards internationaux de service et \u00e0 l&#039;\u00e9tiquette traditionnelle chinoise, s&#039;efforce de faire en sorte que chaque visiteur se sente non seulement accueilli, mais aussi v\u00e9ritablement pris en charge. Qu&#039;il s&#039;agisse de vous recommander un salon de th\u00e9 cach\u00e9 \u00e0 proximit\u00e9, de vous aider \u00e0 vous rep\u00e9rer dans le m\u00e9tro ou simplement d&#039;offrir un sourire chaleureux \u00e0 votre arriv\u00e9e, notre personnel incarne l&#039;esprit de <strong>l&#039;hospitalit\u00e9 avec le c\u0153ur <\/strong>.<\/p>\t\t\t\t\t\t\t\t<\/div>\n\t\t\t\t\t<\/div>\n\t\t<\/div>\n\t\t\t\t\t<\/div>\n\t\t<\/section>\n\t\t\t\t\t<\/div>\n\t\t<\/div>\n\t\t\t\t\t<\/div>\n\t\t<\/section>\n\t\t\t\t<\/div>","protected":false},"excerpt":{"rendered":"<p>We are more than just a boutique hotel\u2014we are a living narrative that bridges centuries-old traditions with contemporary comfort, offering guests a unique opportunity to experience the soul of Beijing in an environment that celebrates both history and innovation. Humble Beginnings Rooted in Cultural Respect The idea for East Sacred Hotel was born from a [&hellip;]<\/p>\n","protected":false},"author":1,"featured_media":0,"parent":0,"menu_order":0,"comment_status":"closed","ping_status":"closed","template":"","meta":{"footnotes":""},"class_list":["post-2104","page","type-page","status-publish","hentry","post-no-thumbnail"],"_links":{"self":[{"href":"https:\/\/eastsacredhotel.com\/fr\/wp-json\/wp\/v2\/pages\/2104","targetHints":{"allow":["GET"]}}],"collection":[{"href":"https:\/\/eastsacredhotel.com\/fr\/wp-json\/wp\/v2\/pages"}],"about":[{"href":"https:\/\/eastsacredhotel.com\/fr\/wp-json\/wp\/v2\/types\/page"}],"author":[{"embeddable":true,"href":"https:\/\/eastsacredhotel.com\/fr\/wp-json\/wp\/v2\/users\/1"}],"replies":[{"embeddable":true,"href":"https:\/\/eastsacredhotel.com\/fr\/wp-json\/wp\/v2\/comments?post=2104"}],"version-history":[{"count":0,"href":"https:\/\/eastsacredhotel.com\/fr\/wp-json\/wp\/v2\/pages\/2104\/revisions"}],"wp:attachment":[{"href":"https:\/\/eastsacredhotel.com\/fr\/wp-json\/wp\/v2\/media?parent=2104"}],"curies":[{"name":"wp","href":"https:\/\/api.w.org\/{rel}","templated":true}]}}