{"id":2105,"date":"2021-03-24T07:25:45","date_gmt":"2021-03-24T07:25:45","guid":{"rendered":"http:\/\/localhost\/nuss\/?page_id=235"},"modified":"2025-07-06T15:31:27","modified_gmt":"2025-07-06T15:31:27","slug":"faq","status":"publish","type":"page","link":"https:\/\/eastsacredhotel.com\/fr\/faq\/","title":{"rendered":"FAQ"},"content":{"rendered":"<div data-elementor-type=\"wp-page\" data-elementor-id=\"2105\" class=\"elementor elementor-2105\">\n\t\t\t\t\t\t<section class=\"elementor-section elementor-top-section elementor-element elementor-element-2a96a73 elementor-section-boxed elementor-section-gap-beside-yes elementor-section-height-default elementor-section-height-default elementor-section-column-vertical-align-stretch\" data-id=\"2a96a73\" data-element_type=\"section\" data-e-type=\"section\">\n\t\t\t\t\t\t<div class=\"elementor-container elementor-column-gap-extended\">\n\t\t\t\t\t<div class=\"elementor-column elementor-col-100 elementor-top-column elementor-element elementor-element-98ef20c\" data-id=\"98ef20c\" data-element_type=\"column\" data-e-type=\"column\">\n\t\t\t<div class=\"elementor-widget-wrap elementor-element-populated\">\n\t\t\t\t\t\t<div class=\"elementor-element elementor-element-97088c0 elementor-widget__width-initial elementor-invisible elementor-widget elementor-widget-text-editor\" data-id=\"97088c0\" data-element_type=\"widget\" data-e-type=\"widget\" data-settings=\"{&quot;_animation&quot;:&quot;nussFadeInUp&quot;}\" data-widget_type=\"text-editor.default\">\n\t\t\t\t\t\t\t\t\t<p>Ci-dessous, vous trouverez une liste des questions les plus fr\u00e9quemment pos\u00e9es par nos clients.<\/p>\t\t\t\t\t\t\t\t<\/div>\n\t\t\t\t\t<\/div>\n\t\t<\/div>\n\t\t\t\t\t<\/div>\n\t\t<\/section>\n\t\t\t\t<section class=\"elementor-section elementor-top-section elementor-element elementor-element-b184647 elementor-section-gap-beside-no elementor-section-boxed elementor-section-height-default elementor-section-height-default elementor-section-column-vertical-align-stretch\" data-id=\"b184647\" data-element_type=\"section\" data-e-type=\"section\">\n\t\t\t\t\t\t<div class=\"elementor-container elementor-column-gap-extended\">\n\t\t\t\t\t<div class=\"elementor-column elementor-col-100 elementor-top-column elementor-element elementor-element-1d49749\" data-id=\"1d49749\" data-element_type=\"column\" data-e-type=\"column\">\n\t\t\t<div class=\"elementor-widget-wrap elementor-element-populated\">\n\t\t\t\t\t\t<div class=\"elementor-element elementor-element-b986a9e elementor-invisible elementor-widget elementor-widget-nuss-heading\" data-id=\"b986a9e\" data-element_type=\"widget\" data-e-type=\"widget\" data-settings=\"{&quot;_animation&quot;:&quot;nussFadeInUp&quot;}\" data-widget_type=\"nuss-heading.default\">\n\t\t\t\t<div class=\"elementor-widget-container\">\n\t\t\t\t\t\t\t<div class=\"nuss-modern-heading\">\r\n\t\t\t\r\n\t\t\t\t\t\t<div class=\"heading-primary-wrap\">\r\n\t\t\t\t<h4 class=\"heading-primary elementor-heading-title\">FAQ<\/h4>\t\t\t<\/div>\r\n\t\t\r\n\t\t\t\t\t\t<div class=\"heading-divider-wrap\">\r\n\t\t\t\t<div class=\"heading-divider\" style=\"left: 0px;top: 6px\"><\/div>\r\n\t\t\t<\/div>\r\n\t\r\n\t\t\t\t\t<\/div>\r\n\t\t\t\t\t<\/div>\n\t\t\t\t<\/div>\n\t\t\t\t<div class=\"elementor-element elementor-element-50f0733 elementor-invisible elementor-widget elementor-widget-heading\" data-id=\"50f0733\" data-element_type=\"widget\" data-e-type=\"widget\" data-settings=\"{&quot;_animation&quot;:&quot;nussFadeInUp&quot;}\" data-widget_type=\"heading.default\">\n\t\t\t\t\t<h2 class=\"elementor-heading-title elementor-size-default\">Questions et r\u00e9ponses<\/h2>\t\t\t\t<\/div>\n\t\t\t\t<div class=\"elementor-element elementor-element-ff9f09b elementor-widget elementor-widget-text-editor\" data-id=\"ff9f09b\" data-element_type=\"widget\" data-e-type=\"widget\" data-widget_type=\"text-editor.default\">\n\t\t\t\t\t\t\t\t\t<h3 data-spm-anchor-id=\"a2ty_o01.29997173.0.i94.1dedc9214ByEdy\"><strong>Localisation et accessibilit\u00e9 <\/strong><\/h3><ol start=\"1\"><li><p><strong>O\u00f9 se trouve l&#039;h\u00f4tel East Sacred ? <\/strong><br \/>L&#039;h\u00f4tel est situ\u00e9 \u00e0 <strong>No. 33 Jia, rue n\u00b0 3, Dongdan, district de Dongcheng, P\u00e9kin, Chine <\/strong>, dans un quartier historique et culturellement riche \u00e0 proximit\u00e9 des principales attractions touristiques.<\/p><\/li><li><p><strong>\u00c0 quelle distance se trouve l&#039;h\u00f4tel de la place Tiananmen et de la Cit\u00e9 interdite ? <\/strong><br \/>C&#039;est environ <strong>2 kilom\u00e8tres <\/strong> des deux <strong>Place Tiananmen <\/strong> et le <strong>Cit\u00e9 interdite <\/strong>, avec un temps de trajet estim\u00e9 \u00e0 environ <strong>10 \u00e0 15 minutes en taxi ou en m\u00e9tro <\/strong>.<\/p><\/li><li><p><strong>Y a-t-il un parking disponible \u00e0 l&#039;h\u00f4tel ? <\/strong><br \/>En raison du manque de place dans le centre de P\u00e9kin, l&#039;h\u00f4tel ne propose pas de parking priv\u00e9. Cependant, des parkings publics \u00e0 proximit\u00e9 sont accessibles sur demande.<\/p><\/li><li><p><strong>Quelle est la station de m\u00e9tro la plus proche de l&#039;East Sacred Hotel ? <\/strong><br \/>La station de m\u00e9tro la plus proche est <strong>Station Dongdan (ligne 5) <\/strong>, qui n&#039;est qu&#039;un <strong>5 minutes \u00e0 pied <\/strong> depuis l&#039;entr\u00e9e de l&#039;h\u00f4tel.<\/p><\/li><li><p><strong>Puis-je me rendre \u00e0 pied aux attractions locales comme la rue Wangfujing ou le parc Beihai ? <\/strong><br \/>Oui! <strong>Rue Wangfujing <\/strong> il s&#039;agit d&#039;un <strong>10 minutes \u00e0 pied <\/strong>, alors que <strong>Parc Beihai <\/strong> est approximativement <strong>\u00e0 2 km <\/strong>, facilement accessible en taxi, \u00e0 v\u00e9lo ou en quelques minutes en m\u00e9tro.<\/p><\/li><\/ol><div class=\"my-2\">\u00a0<\/div><div class=\"py-2 my-3\"><hr \/><\/div><h3>\ud83d\udecf\ufe0f <strong>Demandes d&#039;h\u00e9bergement et de chambre <\/strong><\/h3><ol start=\"6\"><li><p><strong>Quels types de chambres sont disponibles \u00e0 l&#039;h\u00f4tel ? <\/strong><br \/>L&#039;h\u00f4tel propose une gamme de types de chambres, notamment <strong>Chambres Deluxe, Suites Ex\u00e9cutives et Chambres Familiales <\/strong>, chacun alliant confort moderne et \u00e9l\u00e9ments de design chinois traditionnels.<\/p><\/li><li><p><strong>Les chambres sont-elles \u00e9quip\u00e9es de climatisation et de chauffage ? <\/strong><br \/>Oui, toutes les chambres sont \u00e9quip\u00e9es d&#039;un syst\u00e8me de climatisation \u00e0 r\u00e9glage individuel. <strong>syst\u00e8mes de climatisation et de chauffage <\/strong> pour assurer un confort toute l&#039;ann\u00e9e.<\/p><\/li><li><p><strong>L&#039;h\u00f4tel dispose-t-il de chambres non-fumeurs ? <\/strong><br \/>Oui, l&#039;h\u00f4tel applique une <strong>politique stricte d&#039;interdiction de fumer \u00e0 l&#039;int\u00e9rieur des chambres <\/strong> et propose des zones fumeurs d\u00e9sign\u00e9es \u00e0 l&#039;ext\u00e9rieur.<\/p><\/li><li><p><strong>Des lits suppl\u00e9mentaires ou des lits b\u00e9b\u00e9 sont-ils disponibles ? <\/strong><br \/>Des lits suppl\u00e9mentaires peuvent \u00eatre fournis sur demande moyennant des frais suppl\u00e9mentaires, et <strong>des lits b\u00e9b\u00e9 sont disponibles gratuitement <\/strong>, sous r\u00e9serve de disponibilit\u00e9.<\/p><\/li><li><p><strong>Les chambres disposent-elles d&#039;un plateau\/bouilloire ? <\/strong><br \/>Oui, chaque chambre comprend un service gratuit <strong>plateau de courtoisie et eau en bouteille tous les jours <\/strong>.<\/p><\/li><\/ol><div class=\"my-2\">\u00a0<\/div><div class=\"py-2 my-3\"><hr \/><\/div><h3>\ud83c\udf7d\ufe0f <strong>Alimentation et boissons <\/strong><\/h3><ol start=\"11\"><li><p><strong>Le petit-d\u00e9jeuner est-il inclus dans le prix de la chambre ? <\/strong><br \/>UN <strong>petit-d\u00e9jeuner buffet continental et chinois <\/strong> est inclus dans la plupart des tarifs des chambres. Des frais suppl\u00e9mentaires peuvent s&#039;appliquer pour les options sup\u00e9rieures ou les r\u00e9gimes alimentaires particuliers.<\/p><\/li><li><p><strong>L&#039;h\u00f4tel dispose-t-il d&#039;un restaurant ou d&#039;un caf\u00e9 sur place ? <\/strong><br \/>Oui, l&#039;h\u00f4tel dispose d&#039;un <strong>restaurant gastronomique <\/strong> offrant un m\u00e9lange de <strong>sp\u00e9cialit\u00e9s locales et plats internationaux <\/strong>.<\/p><\/li><li><p><strong>Y a-t-il des restaurants ou des options de restauration \u00e0 proximit\u00e9 de l&#039;h\u00f4tel ? <\/strong><br \/>La r\u00e9gion autour de Dongdan est connue pour sa grande vari\u00e9t\u00e9 de <strong>restaurants locaux authentiques, vendeurs de nourriture de rue et restaurants haut de gamme <\/strong>, surtout le long <strong>Rue Wangfujing <\/strong>.<\/p><\/li><\/ol><div class=\"my-2\">\u00a0<\/div><div class=\"py-2 my-3\"><hr \/><\/div><h3>\ud83e\uddf3 <strong>Services et installations <\/strong><\/h3><ol start=\"14\"><li><p><strong>L&#039;h\u00f4tel propose-t-il un service de navette a\u00e9roport ? <\/strong><br \/>Des transferts a\u00e9roport peuvent \u00eatre organis\u00e9s sur demande moyennant un suppl\u00e9ment. Il est conseill\u00e9 de r\u00e9server \u00e0 l&#039;avance aupr\u00e8s de la r\u00e9ception.<\/p><\/li><li><p><strong>Y a-t-il une r\u00e9ception et un service de conciergerie ouverts 24h\/24 ? <\/strong><br \/>Oui, l&#039;h\u00f4tel exploite un <strong>R\u00e9ception 24h\/24 et 7j\/7 <\/strong> et offres <strong>assistance de conciergerie <\/strong> pour les r\u00e9servations, les visites et les arrangements de voyage.<\/p><\/li><li><p><strong>Des services de blanchisserie et de nettoyage \u00e0 sec sont-ils disponibles ? <\/strong><br \/>Oui, <strong>services de blanchisserie et de nettoyage \u00e0 sec le jour m\u00eame et le lendemain <\/strong> sont \u00e0 la disposition des h\u00f4tes.<\/p><\/li><li><p><strong>Y a-t-il une connexion Wi-Fi gratuite dans tout l&#039;h\u00f4tel ? <\/strong><br \/>Une connexion Wi-Fi haut d\u00e9bit gratuite est disponible dans tous les <strong>chambres d&#039;h\u00f4tes et espaces publics <\/strong>.<\/p><\/li><\/ol><div class=\"my-2\">\u00a0<\/div><div class=\"py-2 my-3\"><hr \/><\/div><h3>\ud83d\udcc5 <strong>R\u00e9servations et politiques <\/strong><\/h3><ol start=\"18\"><li><p><strong>Quelles sont les heures d&#039;arriv\u00e9e et de d\u00e9part ? <\/strong><br \/>L&#039;heure d&#039;enregistrement est \u00e0 partir de <strong>14h00 <\/strong>, et le d\u00e9part est jusqu&#039;\u00e0 <strong>12h00 <\/strong>Un d\u00e9part tardif peut \u00eatre disponible sur demande et sous r\u00e9serve de disponibilit\u00e9.<\/p><\/li><li><p><strong data-spm-anchor-id=\"a2ty_o01.29997173.0.i92.1dedc9214ByEdy\">Puis-je annuler ma r\u00e9servation sans frais ? <\/strong><br \/>Les conditions d&#039;annulation varient selon le type de r\u00e9servation. La plupart des tarifs flexibles permettent <strong>annulation gratuite jusqu&#039;\u00e0 24 \u00e0 48 heures avant l&#039;arriv\u00e9e <\/strong>.<\/p><\/li><li><p><strong>L&#039;h\u00f4tel accepte-t-il les animaux de compagnie ? <\/strong><br \/>Malheureusement, l&#039;h\u00f4tel ne <strong>animaux de compagnie interdits <\/strong> Pour des raisons d&#039;hygi\u00e8ne et d&#039;allergies, les animaux d&#039;assistance peuvent \u00eatre admis sur pr\u00e9avis.<\/p><\/li><\/ol><div class=\"my-2\">\u00a0<\/div><div class=\"py-2 my-3\" data-spm-anchor-id=\"a2ty_o01.29997173.0.i93.1dedc9214ByEdy\"><hr \/><\/div>\t\t\t\t\t\t\t\t<\/div>\n\t\t\t\t\t<\/div>\n\t\t<\/div>\n\t\t\t\t\t<\/div>\n\t\t<\/section>\n\t\t\t\t<\/div>","protected":false},"excerpt":{"rendered":"<p>Below, you will find a list of the questions most frequently asked by our guests. FAQ&#8217;S Questions &amp; Answers Check-in time? As a rough guide, the check-in time is after 12 a.m. Let us know your arrival time in case you schedule and early check in we\u2018ll do our best to have your room available. [&hellip;]<\/p>\n","protected":false},"author":1,"featured_media":0,"parent":0,"menu_order":0,"comment_status":"closed","ping_status":"closed","template":"elementor_header_footer","meta":{"footnotes":""},"class_list":["post-2105","page","type-page","status-publish","hentry","post-no-thumbnail"],"_links":{"self":[{"href":"https:\/\/eastsacredhotel.com\/fr\/wp-json\/wp\/v2\/pages\/2105","targetHints":{"allow":["GET"]}}],"collection":[{"href":"https:\/\/eastsacredhotel.com\/fr\/wp-json\/wp\/v2\/pages"}],"about":[{"href":"https:\/\/eastsacredhotel.com\/fr\/wp-json\/wp\/v2\/types\/page"}],"author":[{"embeddable":true,"href":"https:\/\/eastsacredhotel.com\/fr\/wp-json\/wp\/v2\/users\/1"}],"replies":[{"embeddable":true,"href":"https:\/\/eastsacredhotel.com\/fr\/wp-json\/wp\/v2\/comments?post=2105"}],"version-history":[{"count":0,"href":"https:\/\/eastsacredhotel.com\/fr\/wp-json\/wp\/v2\/pages\/2105\/revisions"}],"wp:attachment":[{"href":"https:\/\/eastsacredhotel.com\/fr\/wp-json\/wp\/v2\/media?parent=2105"}],"curies":[{"name":"wp","href":"https:\/\/api.w.org\/{rel}","templated":true}]}}