{"id":2106,"date":"2021-03-25T04:08:26","date_gmt":"2021-03-25T04:08:26","guid":{"rendered":"http:\/\/localhost\/nuss\/?page_id=298"},"modified":"2025-12-04T10:40:36","modified_gmt":"2025-12-04T10:40:36","slug":"experiences","status":"publish","type":"page","link":"https:\/\/eastsacredhotel.com\/fr\/experiences\/","title":{"rendered":"Exp\u00e9riences et avis clients"},"content":{"rendered":"<div data-elementor-type=\"wp-page\" data-elementor-id=\"2106\" class=\"elementor elementor-2106\">\n\t\t\t\t\t\t<section class=\"elementor-section elementor-top-section elementor-element elementor-element-1954ffc elementor-section-boxed elementor-section-gap-beside-yes elementor-section-height-default elementor-section-height-default elementor-section-column-vertical-align-stretch\" data-id=\"1954ffc\" data-element_type=\"section\" data-e-type=\"section\">\n\t\t\t\t\t\t<div class=\"elementor-container elementor-column-gap-extended\">\n\t\t\t\t\t<div class=\"elementor-column elementor-col-100 elementor-top-column elementor-element elementor-element-86aebc5\" data-id=\"86aebc5\" data-element_type=\"column\" data-e-type=\"column\">\n\t\t\t<div class=\"elementor-widget-wrap elementor-element-populated\">\n\t\t\t\t\t\t<div class=\"elementor-element elementor-element-11803d1 elementor-widget__width-initial elementor-invisible elementor-widget elementor-widget-text-editor\" data-id=\"11803d1\" data-element_type=\"widget\" data-e-type=\"widget\" data-settings=\"{&quot;_animation&quot;:&quot;nussFadeInUp&quot;}\" data-widget_type=\"text-editor.default\">\n\t\t\t\t\t\t\t\t\t<p>D\u00e9couvrez ce que les clients disent de l&#039;East Sacred Hotel \u2013 une collection d&#039;exp\u00e9riences et d&#039;avis clients r\u00e9els<\/p>\t\t\t\t\t\t\t\t<\/div>\n\t\t\t\t<div class=\"elementor-element elementor-element-be7ac48 elementor-widget elementor-widget-text-editor\" data-id=\"be7ac48\" data-element_type=\"widget\" data-e-type=\"widget\" data-widget_type=\"text-editor.default\">\n\t\t\t\t\t\t\t\t\t<p data-spm-anchor-id=\"a2ty_o01.29997173.0.i61.1dedc9214ByEdy\">\u00c0 <strong data-spm-anchor-id=\"a2ty_o01.29997173.0.i63.1dedc9214ByEdy\">H\u00f4tel East Sacred <\/strong>, situ\u00e9 \u00e0 <strong data-spm-anchor-id=\"a2ty_o01.29997173.0.i62.1dedc9214ByEdy\">No. 33 Jia, rue n\u00b0 3, Dongdan, district de Dongcheng, P\u00e9kin, Chine <\/strong>Nous sommes convaincus que l&#039;essence m\u00eame de notre hospitalit\u00e9 se refl\u00e8te parfaitement dans les t\u00e9moignages de nos clients. Nich\u00e9 dans l&#039;un des quartiers les plus riches culturellement et les mieux desservis de P\u00e9kin, notre h\u00f4tel-boutique offre un m\u00e9lange unique de <strong>confort moderne, \u00e9l\u00e9gance traditionnelle et service personnalis\u00e9 <\/strong>\u2014ce qui en fait un choix privil\u00e9gi\u00e9 pour les voyageurs d&#039;agr\u00e9ment et d&#039;affaires.<\/p><p data-spm-anchor-id=\"a2ty_o01.29997173.0.i67.1dedc9214ByEdy\">Au fil des ann\u00e9es, l&#039;East Sacred Hotel a attir\u00e9 un nombre croissant de <strong data-spm-anchor-id=\"a2ty_o01.29997173.0.i66.1dedc9214ByEdy\">avis positifs sur les principales plateformes de voyage <\/strong> tel que <strong>TripAdvisor.com <\/strong>, <strong>Booking.com <\/strong>, <strong>Expedia <\/strong>, et d&#039;autres grands <strong>Agences de voyages en ligne (OTA) <\/strong>Ces commentaires soulignent non seulement notre engagement envers l\u2019excellence, mais offrent \u00e9galement des informations pr\u00e9cieuses sur ce qui rend un s\u00e9jour ici vraiment inoubliable.<\/p>\t\t\t\t\t\t\t\t<\/div>\n\t\t\t\t\t<\/div>\n\t\t<\/div>\n\t\t\t\t\t<\/div>\n\t\t<\/section>\n\t\t\t\t<section class=\"elementor-section elementor-top-section elementor-element elementor-element-b2344ff elementor-section-gap-beside-no elementor-section-boxed elementor-section-height-default elementor-section-height-default elementor-section-column-vertical-align-stretch\" data-id=\"b2344ff\" data-element_type=\"section\" data-e-type=\"section\">\n\t\t\t\t\t\t<div class=\"elementor-container elementor-column-gap-extended\">\n\t\t\t\t\t<div class=\"elementor-column elementor-col-50 elementor-top-column elementor-element elementor-element-4698ec8\" data-id=\"4698ec8\" data-element_type=\"column\" data-e-type=\"column\">\n\t\t\t<div class=\"elementor-widget-wrap elementor-element-populated\">\n\t\t\t\t\t\t<div class=\"elementor-element elementor-element-88e5290 elementor-invisible nuss-elementor-loading nuss-slide-in-right elementor-widget elementor-widget-image\" data-id=\"88e5290\" data-element_type=\"widget\" data-e-type=\"widget\" data-settings=\"{&quot;_animation&quot;:&quot;nussSlideInRight&quot;}\" data-widget_type=\"image.default\">\n\t\t\t\t\t\t\t\t\t\t\t\t\t\t\t<img fetchpriority=\"high\" decoding=\"async\" width=\"1600\" height=\"1067\" src=\"https:\/\/eastsacredhotel.com\/wp-content\/uploads\/2025\/07\/East-Sacred-Hotel-Beijing-30.jpg\" class=\"attachment-full size-full wp-image-5475\" alt=\"\" srcset=\"https:\/\/eastsacredhotel.com\/wp-content\/uploads\/2025\/07\/East-Sacred-Hotel-Beijing-30.jpg 1600w, https:\/\/eastsacredhotel.com\/wp-content\/uploads\/2025\/07\/East-Sacred-Hotel-Beijing-30-300x200.jpg 300w, https:\/\/eastsacredhotel.com\/wp-content\/uploads\/2025\/07\/East-Sacred-Hotel-Beijing-30-1024x683.jpg 1024w, https:\/\/eastsacredhotel.com\/wp-content\/uploads\/2025\/07\/East-Sacred-Hotel-Beijing-30-768x512.jpg 768w, https:\/\/eastsacredhotel.com\/wp-content\/uploads\/2025\/07\/East-Sacred-Hotel-Beijing-30-1536x1024.jpg 1536w\" sizes=\"(max-width: 1600px) 100vw, 1600px\" \/>\t\t\t\t\t\t\t\t\t\t\t\t\t\t\t<\/div>\n\t\t\t\t\t<\/div>\n\t\t<\/div>\n\t\t\t\t<div class=\"elementor-column elementor-col-50 elementor-top-column elementor-element elementor-element-4b9e677\" data-id=\"4b9e677\" data-element_type=\"column\" data-e-type=\"column\">\n\t\t\t<div class=\"elementor-widget-wrap elementor-element-populated\">\n\t\t\t\t\t\t<div class=\"elementor-element elementor-element-fd82a54 elementor-invisible elementor-widget elementor-widget-heading\" data-id=\"fd82a54\" data-element_type=\"widget\" data-e-type=\"widget\" data-settings=\"{&quot;_animation&quot;:&quot;nussFadeInUp&quot;}\" data-widget_type=\"heading.default\">\n\t\t\t\t\t<h3 class=\"elementor-heading-title elementor-size-default\">Un choix privil\u00e9gi\u00e9 parmi les voyageurs exigeants <\/h3>\t\t\t\t<\/div>\n\t\t\t\t<div class=\"elementor-element elementor-element-bc0b7e2 elementor-invisible elementor-widget elementor-widget-text-editor\" data-id=\"bc0b7e2\" data-element_type=\"widget\" data-e-type=\"widget\" data-settings=\"{&quot;_animation&quot;:&quot;nussFadeInUp&quot;}\" data-widget_type=\"text-editor.default\">\n\t\t\t\t\t\t\t\t\t<p data-spm-anchor-id=\"a2ty_o01.29997173.0.i69.1dedc9214ByEdy\">Avec des notes constamment \u00e9lev\u00e9es et un flux constant de t\u00e9moignages \u00e9logieux, <strong>H\u00f4tel East Sacred <\/strong> s&#039;est b\u00e2ti une r\u00e9putation de fournisseur <strong>valeur exceptionnelle, charme authentique et service haut de gamme <\/strong>. De nombreux clients f\u00e9licitent l&#039;h\u00f4tel pour son <strong>emplacement strat\u00e9gique <\/strong>, <strong>conception r\u00e9fl\u00e9chie <\/strong>, et <strong data-spm-anchor-id=\"a2ty_o01.29997173.0.i70.1dedc9214ByEdy\">personnel attentionn\u00e9 <\/strong>, qui cr\u00e9ent ensemble une atmosph\u00e8re \u00e0 la fois luxueuse et accueillante.<\/p><div class=\"my-2\">\u00a0<\/div><p>Sur <strong>TripAdvisor <\/strong>, un critique r\u00e9cent a \u00e9crit :<\/p><blockquote><p><em data-spm-anchor-id=\"a2ty_o01.29997173.0.i72.1dedc9214ByEdy\">Quel bijou ! L&#039;East Sacred Hotel a d\u00e9pass\u00e9 toutes mes attentes. La chambre \u00e9tait spacieuse, propre et joliment d\u00e9cor\u00e9e avec des touches traditionnelles. L&#039;emplacement est parfait : \u00e0 quelques minutes de Wangfujing et \u00e0 proximit\u00e9 de la place Tian&#039;anmen et de la Cit\u00e9 interdite. J&#039;ai particuli\u00e8rement appr\u00e9ci\u00e9 la gentillesse et la serviabilit\u00e9 du personnel. J&#039;y retournerais sans h\u00e9siter ! <\/em><\/p><\/blockquote><p>Un autre invit\u00e9 a ajout\u00e9 :<\/p><blockquote><p data-spm-anchor-id=\"a2ty_o01.29997173.0.i71.1dedc9214ByEdy\"><em>Cet h\u00f4tel allie parfaitement modernit\u00e9 et tradition. L&#039;ambiance est paisible, le petit-d\u00e9jeuner d\u00e9licieux et le service parmi les meilleurs que j&#039;aie jamais connus en Asie. <\/em><\/p><\/blockquote>\t\t\t\t\t\t\t\t<\/div>\n\t\t\t\t\t<\/div>\n\t\t<\/div>\n\t\t\t\t\t<\/div>\n\t\t<\/section>\n\t\t\t\t<section class=\"elementor-section elementor-top-section elementor-element elementor-element-575fc68 elementor-section-gap-beside-no elementor-section-boxed elementor-section-height-default elementor-section-height-default elementor-section-column-vertical-align-stretch\" data-id=\"575fc68\" data-element_type=\"section\" data-e-type=\"section\">\n\t\t\t\t\t\t<div class=\"elementor-container elementor-column-gap-extended\">\n\t\t\t\t\t<div class=\"elementor-column elementor-col-50 elementor-top-column elementor-element elementor-element-dd03a56\" data-id=\"dd03a56\" data-element_type=\"column\" data-e-type=\"column\">\n\t\t\t<div class=\"elementor-widget-wrap elementor-element-populated\">\n\t\t\t\t\t\t<div class=\"elementor-element elementor-element-78ab5be elementor-invisible nuss-elementor-loading nuss-slide-in-right elementor-widget elementor-widget-image\" data-id=\"78ab5be\" data-element_type=\"widget\" data-e-type=\"widget\" data-settings=\"{&quot;_animation&quot;:&quot;nussSlideInRight&quot;}\" data-widget_type=\"image.default\">\n\t\t\t\t\t\t\t\t\t\t\t\t\t\t\t<img decoding=\"async\" width=\"1600\" height=\"1254\" src=\"https:\/\/eastsacredhotel.com\/wp-content\/uploads\/2025\/07\/East-Sacred-Hotel-Beijing-66.jpg\" class=\"attachment-full size-full wp-image-5443\" alt=\"\" srcset=\"https:\/\/eastsacredhotel.com\/wp-content\/uploads\/2025\/07\/East-Sacred-Hotel-Beijing-66.jpg 1600w, https:\/\/eastsacredhotel.com\/wp-content\/uploads\/2025\/07\/East-Sacred-Hotel-Beijing-66-300x235.jpg 300w, https:\/\/eastsacredhotel.com\/wp-content\/uploads\/2025\/07\/East-Sacred-Hotel-Beijing-66-1024x803.jpg 1024w, https:\/\/eastsacredhotel.com\/wp-content\/uploads\/2025\/07\/East-Sacred-Hotel-Beijing-66-768x602.jpg 768w, https:\/\/eastsacredhotel.com\/wp-content\/uploads\/2025\/07\/East-Sacred-Hotel-Beijing-66-1536x1204.jpg 1536w\" sizes=\"(max-width: 1600px) 100vw, 1600px\" \/>\t\t\t\t\t\t\t\t\t\t\t\t\t\t\t<\/div>\n\t\t\t\t\t<\/div>\n\t\t<\/div>\n\t\t\t\t<div class=\"elementor-column elementor-col-50 elementor-top-column elementor-element elementor-element-364a6b2\" data-id=\"364a6b2\" data-element_type=\"column\" data-e-type=\"column\">\n\t\t\t<div class=\"elementor-widget-wrap elementor-element-populated\">\n\t\t\t\t\t\t<div class=\"elementor-element elementor-element-e60cb65 elementor-invisible elementor-widget elementor-widget-heading\" data-id=\"e60cb65\" data-element_type=\"widget\" data-e-type=\"widget\" data-settings=\"{&quot;_animation&quot;:&quot;nussFadeInUp&quot;}\" data-widget_type=\"heading.default\">\n\t\t\t\t\t<h3 class=\"elementor-heading-title elementor-size-default\">Un service exceptionnel qui laisse une impression durable <\/h3>\t\t\t\t<\/div>\n\t\t\t\t<div class=\"elementor-element elementor-element-ccbb94d elementor-invisible elementor-widget elementor-widget-text-editor\" data-id=\"ccbb94d\" data-element_type=\"widget\" data-e-type=\"widget\" data-settings=\"{&quot;_animation&quot;:&quot;nussFadeInUp&quot;}\" data-widget_type=\"text-editor.default\">\n\t\t\t\t\t\t\t\t\t<p>L\u2019un des points forts les plus fr\u00e9quemment mentionn\u00e9s dans les avis clients est notre <strong>personnel d\u00e9vou\u00e9 et multilingue <\/strong>, qui se surpassent pour que chaque client se sente accueilli et bien accueilli. De l&#039;enregistrement fluide \u00e0 l&#039;assistance bagages, en passant par les conseils locaux et l&#039;organisation d&#039;excursions, notre \u00e9quipe joue un r\u00f4le essentiel pour cr\u00e9er des s\u00e9jours m\u00e9morables.<\/p><div class=\"my-2\">\u00a0<\/div><p>Un avis 5 \u00e9toiles sur <strong>Booking.com <\/strong> lit:<\/p><blockquote><p><em>\u00ab Le personnel de la r\u00e9ception m\u00e9rite une mention sp\u00e9ciale\u00a0: il a tout organis\u00e9, du transfert a\u00e9roport aux billets pour la Grande Muraille. Nous ne nous sommes jamais sentis comme des touristes\u00a0; c&#039;\u00e9tait plut\u00f4t comme s\u00e9journer chez des amis qui voulaient vraiment que nous profitions de P\u00e9kin. \u00bb <\/em><\/p><\/blockquote><p data-spm-anchor-id=\"a2ty_o01.29997173.0.i74.1dedc9214ByEdy\">Un critique enthousiaste de Google a fait \u00e9cho \u00e0 des sentiments similaires :<\/p><blockquote><p data-spm-anchor-id=\"a2ty_o01.29997173.0.i76.1dedc9214ByEdy\"><em>\u00ab Un service client exceptionnel ! Ils m&#039;ont m\u00eame aid\u00e9 \u00e0 r\u00e9cup\u00e9rer un objet perdu apr\u00e8s mon d\u00e9part. Rares sont les h\u00f4tels qui font ce petit effort suppl\u00e9mentaire de nos jours. \u00bb <\/em><\/p><\/blockquote>\t\t\t\t\t\t\t\t<\/div>\n\t\t\t\t\t<\/div>\n\t\t<\/div>\n\t\t\t\t\t<\/div>\n\t\t<\/section>\n\t\t\t\t<section class=\"elementor-section elementor-top-section elementor-element elementor-element-7853fd5 elementor-section-gap-beside-no elementor-section-boxed elementor-section-height-default elementor-section-height-default elementor-section-column-vertical-align-stretch\" data-id=\"7853fd5\" data-element_type=\"section\" data-e-type=\"section\">\n\t\t\t\t\t\t<div class=\"elementor-container elementor-column-gap-extended\">\n\t\t\t\t\t<div class=\"elementor-column elementor-col-50 elementor-top-column elementor-element elementor-element-9a8fa64\" data-id=\"9a8fa64\" data-element_type=\"column\" data-e-type=\"column\">\n\t\t\t<div class=\"elementor-widget-wrap elementor-element-populated\">\n\t\t\t\t\t\t<div class=\"elementor-element elementor-element-6f7d3f1 elementor-invisible nuss-elementor-loading nuss-slide-in-right elementor-widget elementor-widget-image\" data-id=\"6f7d3f1\" data-element_type=\"widget\" data-e-type=\"widget\" data-settings=\"{&quot;_animation&quot;:&quot;nussSlideInRight&quot;}\" data-widget_type=\"image.default\">\n\t\t\t\t\t\t\t\t\t\t\t\t\t\t\t<img decoding=\"async\" width=\"1600\" height=\"1067\" src=\"https:\/\/eastsacredhotel.com\/wp-content\/uploads\/2025\/07\/East-Sacred-Hotel-Beijing-58.jpg\" class=\"attachment-full size-full wp-image-5410\" alt=\"\" srcset=\"https:\/\/eastsacredhotel.com\/wp-content\/uploads\/2025\/07\/East-Sacred-Hotel-Beijing-58.jpg 1600w, https:\/\/eastsacredhotel.com\/wp-content\/uploads\/2025\/07\/East-Sacred-Hotel-Beijing-58-300x200.jpg 300w, https:\/\/eastsacredhotel.com\/wp-content\/uploads\/2025\/07\/East-Sacred-Hotel-Beijing-58-1024x683.jpg 1024w, https:\/\/eastsacredhotel.com\/wp-content\/uploads\/2025\/07\/East-Sacred-Hotel-Beijing-58-768x512.jpg 768w, https:\/\/eastsacredhotel.com\/wp-content\/uploads\/2025\/07\/East-Sacred-Hotel-Beijing-58-1536x1024.jpg 1536w\" sizes=\"(max-width: 1600px) 100vw, 1600px\" \/>\t\t\t\t\t\t\t\t\t\t\t\t\t\t\t<\/div>\n\t\t\t\t\t<\/div>\n\t\t<\/div>\n\t\t\t\t<div class=\"elementor-column elementor-col-50 elementor-top-column elementor-element elementor-element-abd874b\" data-id=\"abd874b\" data-element_type=\"column\" data-e-type=\"column\">\n\t\t\t<div class=\"elementor-widget-wrap elementor-element-populated\">\n\t\t\t\t\t\t<div class=\"elementor-element elementor-element-9ae1d53 elementor-invisible elementor-widget elementor-widget-heading\" data-id=\"9ae1d53\" data-element_type=\"widget\" data-e-type=\"widget\" data-settings=\"{&quot;_animation&quot;:&quot;nussFadeInUp&quot;}\" data-widget_type=\"heading.default\">\n\t\t\t\t\t<h3 class=\"elementor-heading-title elementor-size-default\">Au c\u0153ur de P\u00e9kin, la commodit\u00e9 rencontre la culture <\/h3>\t\t\t\t<\/div>\n\t\t\t\t<div class=\"elementor-element elementor-element-a80ff28 elementor-invisible elementor-widget elementor-widget-text-editor\" data-id=\"a80ff28\" data-element_type=\"widget\" data-e-type=\"widget\" data-settings=\"{&quot;_animation&quot;:&quot;nussFadeInUp&quot;}\" data-widget_type=\"text-editor.default\">\n\t\t\t\t\t\t\t\t\t<p data-spm-anchor-id=\"a2ty_o01.29997173.0.i78.1dedc9214ByEdy\">Situ\u00e9 dans le <strong>R\u00e9gion de Dongdan du district de Dongcheng <\/strong>L&#039;East Sacred Hotel b\u00e9n\u00e9ficie d&#039;un emplacement privil\u00e9gi\u00e9 qui permet aux clients d&#039;acc\u00e9der facilement \u00e0 <strong>Les monuments les plus embl\u00e9matiques de P\u00e9kin <\/strong>-y compris <strong>La place Tiananmen, la Cit\u00e9 interdite, le parc Beihai et la rue Wangfujing <\/strong>Cet emplacement imbattable continue d&#039;\u00eatre un point fort pour les voyageurs \u00e0 la recherche d&#039;une immersion culturelle et d&#039;une commodit\u00e9 urbaine.<\/p><div class=\"my-2\">\u00a0<\/div><p>Un utilisateur de TripAdvisor a not\u00e9 :<\/p><blockquote><p><em>Impossible de r\u00eaver meilleur emplacement. Nous avons visit\u00e9 plusieurs sites historiques chaque jour et sommes revenus nous d\u00e9tendre dans un h\u00f4tel paisible et magnifiquement con\u00e7u. C&#039;est le parfait m\u00e9lange d&#039;authenticit\u00e9 et de confort. <\/em><\/p><\/blockquote><p>Un autre invit\u00e9 sur <strong>Agoda <\/strong> ajout\u00e9:<\/p><blockquote><p data-spm-anchor-id=\"a2ty_o01.29997173.0.i79.1dedc9214ByEdy\"><em>Nous avons appr\u00e9ci\u00e9 la proximit\u00e9 des principales attractions, sans avoir \u00e0 g\u00e9rer les transports en commun bond\u00e9s. Et pourtant, l&#039;h\u00f4tel lui-m\u00eame \u00e9tait calme et reposant, exactement ce qu&#039;il faut apr\u00e8s une longue journ\u00e9e de visites. <\/em><\/p><\/blockquote>\t\t\t\t\t\t\t\t<\/div>\n\t\t\t\t\t<\/div>\n\t\t<\/div>\n\t\t\t\t\t<\/div>\n\t\t<\/section>\n\t\t\t\t<section class=\"elementor-section elementor-top-section elementor-element elementor-element-9044336 elementor-section-gap-beside-no elementor-section-boxed elementor-section-height-default elementor-section-height-default elementor-section-column-vertical-align-stretch\" data-id=\"9044336\" data-element_type=\"section\" data-e-type=\"section\">\n\t\t\t\t\t\t<div class=\"elementor-container elementor-column-gap-extended\">\n\t\t\t\t\t<div class=\"elementor-column elementor-col-50 elementor-top-column elementor-element elementor-element-813ad3e\" data-id=\"813ad3e\" data-element_type=\"column\" data-e-type=\"column\">\n\t\t\t<div class=\"elementor-widget-wrap elementor-element-populated\">\n\t\t\t\t\t\t<div class=\"elementor-element elementor-element-650e526 elementor-invisible nuss-elementor-loading nuss-slide-in-right elementor-widget elementor-widget-image\" data-id=\"650e526\" data-element_type=\"widget\" data-e-type=\"widget\" data-settings=\"{&quot;_animation&quot;:&quot;nussSlideInRight&quot;}\" data-widget_type=\"image.default\">\n\t\t\t\t\t\t\t\t\t\t\t\t\t\t\t<img loading=\"lazy\" decoding=\"async\" width=\"1600\" height=\"1086\" src=\"https:\/\/eastsacredhotel.com\/wp-content\/uploads\/2025\/07\/East-Sacred-Hotel-Beijing-49.jpg\" class=\"attachment-full size-full wp-image-5434\" alt=\"\" srcset=\"https:\/\/eastsacredhotel.com\/wp-content\/uploads\/2025\/07\/East-Sacred-Hotel-Beijing-49.jpg 1600w, https:\/\/eastsacredhotel.com\/wp-content\/uploads\/2025\/07\/East-Sacred-Hotel-Beijing-49-300x204.jpg 300w, https:\/\/eastsacredhotel.com\/wp-content\/uploads\/2025\/07\/East-Sacred-Hotel-Beijing-49-1024x695.jpg 1024w, https:\/\/eastsacredhotel.com\/wp-content\/uploads\/2025\/07\/East-Sacred-Hotel-Beijing-49-768x521.jpg 768w, https:\/\/eastsacredhotel.com\/wp-content\/uploads\/2025\/07\/East-Sacred-Hotel-Beijing-49-1536x1043.jpg 1536w\" sizes=\"(max-width: 1600px) 100vw, 1600px\" \/>\t\t\t\t\t\t\t\t\t\t\t\t\t\t\t<\/div>\n\t\t\t\t\t<\/div>\n\t\t<\/div>\n\t\t\t\t<div class=\"elementor-column elementor-col-50 elementor-top-column elementor-element elementor-element-4e24363\" data-id=\"4e24363\" data-element_type=\"column\" data-e-type=\"column\">\n\t\t\t<div class=\"elementor-widget-wrap elementor-element-populated\">\n\t\t\t\t\t\t<div class=\"elementor-element elementor-element-d315bbe elementor-invisible elementor-widget elementor-widget-heading\" data-id=\"d315bbe\" data-element_type=\"widget\" data-e-type=\"widget\" data-settings=\"{&quot;_animation&quot;:&quot;nussFadeInUp&quot;}\" data-widget_type=\"heading.default\">\n\t\t\t\t\t<h3 class=\"elementor-heading-title elementor-size-default\">Des chambres soigneusement con\u00e7ues pour un confort maximal <\/h3>\t\t\t\t<\/div>\n\t\t\t\t<div class=\"elementor-element elementor-element-607c4ef elementor-invisible elementor-widget elementor-widget-text-editor\" data-id=\"607c4ef\" data-element_type=\"widget\" data-e-type=\"widget\" data-settings=\"{&quot;_animation&quot;:&quot;nussFadeInUp&quot;}\" data-widget_type=\"text-editor.default\">\n\t\t\t\t\t\t\t\t\t<p data-spm-anchor-id=\"a2ty_o01.29997173.0.i81.1dedc9214ByEdy\">Les invit\u00e9s commentent souvent le <strong>int\u00e9rieurs \u00e9l\u00e9gants, literie moelleuse et souci du d\u00e9tail <\/strong> dans chaque chambre et suite. Que vous voyagiez seul, en couple ou en famille, les visiteurs appr\u00e9cient <strong>am\u00e9nagements spacieux, \u00e9quipements modernes et ambiance chaleureuse <\/strong> qui font que leur s\u00e9jour ressemble \u00e0 une retraite plut\u00f4t qu&#039;\u00e0 une simple escale.<\/p><div class=\"my-2\">\u00a0<\/div><p>Un invit\u00e9 r\u00e9cent sur <strong>Hotels.com <\/strong> commun:<\/p><blockquote><p><em>La chambre \u00e9tait spacieuse, propre et d\u00e9cor\u00e9e avec go\u00fbt. J&#039;ai ador\u00e9 l&#039;\u00e9clairage tamis\u00e9 et les touches traditionnelles de la d\u00e9coration. J&#039;ai \u00e9galement appr\u00e9ci\u00e9 les bouteilles d&#039;eau gratuites, les chaussons et l&#039;internet ultra-rapide\u00a0: parfait pour travailler et se d\u00e9tendre. <\/em><\/p><\/blockquote><p>Un autre voyageur a salu\u00e9 la propret\u00e9 et le confort de l&#039;h\u00f4tel :<\/p><blockquote><p data-spm-anchor-id=\"a2ty_o01.29997173.0.i82.1dedc9214ByEdy\"><em data-spm-anchor-id=\"a2ty_o01.29997173.0.i83.1dedc9214ByEdy\">J&#039;ai s\u00e9journ\u00e9 dans de nombreux h\u00f4tels en Asie, et celui-ci se distingue par son exigence irr\u00e9prochable et son design soign\u00e9. Chaque d\u00e9tail, des produits de toilette au service \u00e0 th\u00e9, a \u00e9t\u00e9 soigneusement choisi. <\/em><\/p><\/blockquote>\t\t\t\t\t\t\t\t<\/div>\n\t\t\t\t\t<\/div>\n\t\t<\/div>\n\t\t\t\t\t<\/div>\n\t\t<\/section>\n\t\t<div class=\"elementor-element elementor-element-9689d1f e-flex e-con-boxed e-con e-parent\" data-id=\"9689d1f\" data-element_type=\"container\" data-e-type=\"container\">\n\t\t\t\t\t<div class=\"e-con-inner\">\n\t\t\t\t<div class=\"elementor-element elementor-element-5687c27 elementor-widget elementor-widget-nuss-heading\" data-id=\"5687c27\" data-element_type=\"widget\" data-e-type=\"widget\" data-widget_type=\"nuss-heading.default\">\n\t\t\t\t<div class=\"elementor-widget-container\">\n\t\t\t\t\t\t\t<div class=\"nuss-modern-heading\">\r\n\t\t\t\t\t\t<div class=\"heading-secondary-wrap\">\r\n\t\t\t\t<h3 class=\"heading-secondary elementor-heading-title\">Pourquoi les voyageurs reviennent sans cesse <\/h3>\t\t\t<\/div>\r\n\t\t\r\n\t\t\t\r\n\t\t\t\r\n\t\t\t\t\t<\/div>\r\n\t\t\t\t\t<\/div>\n\t\t\t\t<\/div>\n\t\t\t\t<div class=\"elementor-element elementor-element-19ba05e elementor-widget elementor-widget-text-editor\" data-id=\"19ba05e\" data-element_type=\"widget\" data-e-type=\"widget\" data-widget_type=\"text-editor.default\">\n\t\t\t\t\t\t\t\t\t<p data-spm-anchor-id=\"a2ty_o01.29997173.0.i84.1dedc9214ByEdy\">Que ce soit le <strong>propret\u00e9 irr\u00e9prochable <\/strong>, le <strong>cadre central mais serein <\/strong>, ou le <strong>rapport qualit\u00e9\/prix exceptionnel <\/strong>, les visiteurs r\u00e9guliers et les clients fid\u00e8les continuent de choisir <strong>H\u00f4tel East Sacred <\/strong> pour leurs s\u00e9jours \u00e0 P\u00e9kin. Notre capacit\u00e9 \u00e0 combiner <strong>chaleur traditionnelle avec efficacit\u00e9 contemporaine <\/strong> veille \u00e0 ce que chaque visite soit non seulement confortable mais aussi significative.<\/p><p>Nous vous invitons \u00e0 lire ce que les autres ont dit de nous sur <strong>TripAdvisor <\/strong>, <strong>Avis Google <\/strong>et d&#039;autres plateformes OTA, et venez d\u00e9couvrir par vous-m\u00eame la diff\u00e9rence East Sacred. Laissez-nous transformer votre visite \u00e0 P\u00e9kin en un moment extraordinaire.<\/p><p data-spm-anchor-id=\"a2ty_o01.29997173.0.i85.1dedc9214ByEdy\">R\u00e9servez votre s\u00e9jour d\u00e8s aujourd&#039;hui et faites partie de notre famille grandissante de clients satisfaits qui rentrent chez eux non seulement avec des souvenirs, mais avec des souvenirs pr\u00e9cieux d&#039;une exp\u00e9rience d&#039;hospitalit\u00e9 vraiment remarquable au c\u0153ur de P\u00e9kin.<\/p>\t\t\t\t\t\t\t\t<\/div>\n\t\t\t\t\t<\/div>\n\t\t\t\t<\/div>\n\t\t\t\t<\/div>","protected":false},"excerpt":{"rendered":"<p>Discover what guests are saying about East Sacred Hotel \u2013 a collection of real customer experiences &amp; reviews At East Sacred Hotel , located at No. 33 Jia, No. 3 Street, Dongdan, Dongcheng District, Beijing, China , we believe that the true essence of our hospitality is best reflected in the voices of our guests. [&hellip;]<\/p>\n","protected":false},"author":1,"featured_media":0,"parent":0,"menu_order":0,"comment_status":"closed","ping_status":"closed","template":"","meta":{"footnotes":""},"class_list":["post-2106","page","type-page","status-publish","hentry","post-no-thumbnail"],"_links":{"self":[{"href":"https:\/\/eastsacredhotel.com\/fr\/wp-json\/wp\/v2\/pages\/2106","targetHints":{"allow":["GET"]}}],"collection":[{"href":"https:\/\/eastsacredhotel.com\/fr\/wp-json\/wp\/v2\/pages"}],"about":[{"href":"https:\/\/eastsacredhotel.com\/fr\/wp-json\/wp\/v2\/types\/page"}],"author":[{"embeddable":true,"href":"https:\/\/eastsacredhotel.com\/fr\/wp-json\/wp\/v2\/users\/1"}],"replies":[{"embeddable":true,"href":"https:\/\/eastsacredhotel.com\/fr\/wp-json\/wp\/v2\/comments?post=2106"}],"version-history":[{"count":0,"href":"https:\/\/eastsacredhotel.com\/fr\/wp-json\/wp\/v2\/pages\/2106\/revisions"}],"wp:attachment":[{"href":"https:\/\/eastsacredhotel.com\/fr\/wp-json\/wp\/v2\/media?parent=2106"}],"curies":[{"name":"wp","href":"https:\/\/api.w.org\/{rel}","templated":true}]}}