{"id":612,"date":"2021-03-26T10:04:13","date_gmt":"2021-03-26T10:04:13","guid":{"rendered":"http:\/\/localhost\/nuss\/?page_id=612"},"modified":"2025-12-04T10:41:03","modified_gmt":"2025-12-04T10:41:03","slug":"restaurant","status":"publish","type":"page","link":"https:\/\/eastsacredhotel.com\/fr\/restaurant\/","title":{"rendered":"Restaurant"},"content":{"rendered":"<div data-elementor-type=\"wp-page\" data-elementor-id=\"612\" class=\"elementor elementor-612\">\n\t\t\t\t\t\t<section class=\"elementor-section elementor-top-section elementor-element elementor-element-e2effe8 elementor-section-boxed elementor-section-gap-beside-yes elementor-section-height-default elementor-section-height-default elementor-section-column-vertical-align-stretch\" data-id=\"e2effe8\" data-element_type=\"section\" data-e-type=\"section\">\n\t\t\t\t\t\t<div class=\"elementor-container elementor-column-gap-extended\">\n\t\t\t\t\t<div class=\"elementor-column elementor-col-100 elementor-top-column elementor-element elementor-element-e18f688\" data-id=\"e18f688\" data-element_type=\"column\" data-e-type=\"column\">\n\t\t\t<div class=\"elementor-widget-wrap elementor-element-populated\">\n\t\t\t\t\t\t<div class=\"elementor-element elementor-element-6db146d elementor-widget__width-initial elementor-invisible elementor-widget elementor-widget-text-editor\" data-id=\"6db146d\" data-element_type=\"widget\" data-e-type=\"widget\" data-settings=\"{&quot;_animation&quot;:&quot;nussFadeInUp&quot;}\" data-widget_type=\"text-editor.default\">\n\t\t\t\t\t\t\t\t\t<p data-spm-anchor-id=\"a2ty_o01.29997173.0.i42.1dedc9214ByEdy\">Plus qu&#039;un simple lieu de restauration, notre restaurant est une destination en soi, une fusion \u00e9l\u00e9gante de <strong>esth\u00e9tique traditionnelle chinoise <\/strong> et <strong>l&#039;art culinaire moderne <\/strong>, o\u00f9 les recettes traditionnelles rencontrent une pr\u00e9sentation contemporaine. Que vous profitiez d&#039;un petit-d\u00e9jeuner tranquille avant d&#039;explorer la Cit\u00e9 interdite, d&#039;un d\u00e9jeuner d&#039;affaires dans un cadre paisible ou d&#039;un d\u00eener romantique sous une douce lumi\u00e8re ambiante, chaque visite promet un voyage inoubliable entre saveurs et traditions.<\/p>\t\t\t\t\t\t\t\t<\/div>\n\t\t\t\t\t<\/div>\n\t\t<\/div>\n\t\t\t\t\t<\/div>\n\t\t<\/section>\n\t\t<div class=\"elementor-element elementor-element-73e8a9d e-flex e-con-boxed e-con e-parent\" data-id=\"73e8a9d\" data-element_type=\"container\" data-e-type=\"container\">\n\t\t\t\t\t<div class=\"e-con-inner\">\n\t\t<div class=\"elementor-element elementor-element-6aae9ff e-con-full e-flex e-con e-child\" data-id=\"6aae9ff\" data-element_type=\"container\" data-e-type=\"container\">\n\t\t\t\t<div class=\"elementor-element elementor-element-f677e27 elementor-widget elementor-widget-text-editor\" data-id=\"f677e27\" data-element_type=\"widget\" data-e-type=\"widget\" data-widget_type=\"text-editor.default\">\n\t\t\t\t\t\t\t\t\t<p data-spm-anchor-id=\"a2ty_o01.29997173.0.i47.1dedc9214ByEdy\">Au c\u0153ur de la philosophie de notre restaurant se trouve un profond respect pour <strong>gastronomie chinoise <\/strong>, en particulier les saveurs et les techniques qui ont d\u00e9fini l&#039;identit\u00e9 culinaire p\u00e9kinoise pendant des si\u00e8cles. Notre \u00e9quipe de chefs qualifi\u00e9s s&#039;inspire de <strong>sp\u00e9cialit\u00e9s r\u00e9gionales et cuisine imp\u00e9riale <\/strong>, en utilisant uniquement les ingr\u00e9dients de saison les plus frais provenant de fournisseurs locaux de confiance pour garantir l&#039;authenticit\u00e9 et la qualit\u00e9 de chaque plat.<\/p><p data-spm-anchor-id=\"a2ty_o01.29997173.0.i44.1dedc9214ByEdy\">D\u00e8s la premi\u00e8re bouch\u00e9e de notre signature <strong>canard laqu\u00e9 <\/strong>, pr\u00e9par\u00e9 selon des m\u00e9thodes de torr\u00e9faction traditionnelles transmises de g\u00e9n\u00e9ration en g\u00e9n\u00e9ration, aux textures d\u00e9licates de nos boulettes et dim sum faits \u00e0 la main, chaque \u00e9l\u00e9ment de notre menu raconte une histoire enracin\u00e9e dans l&#039;histoire, mais pr\u00e9sent\u00e9e avec une touche moderne qui pla\u00eet au palais exigeant d&#039;aujourd&#039;hui.<\/p>\t\t\t\t\t\t\t\t<\/div>\n\t\t\t\t<\/div>\n\t\t<div class=\"elementor-element elementor-element-3e2f665 e-con-full e-flex e-con e-child\" data-id=\"3e2f665\" data-element_type=\"container\" data-e-type=\"container\">\n\t\t\t\t<div class=\"elementor-element elementor-element-6e371d4 elementor-widget elementor-widget-image\" data-id=\"6e371d4\" data-element_type=\"widget\" data-e-type=\"widget\" data-widget_type=\"image.default\">\n\t\t\t\t\t\t\t\t\t\t\t\t\t\t\t<img fetchpriority=\"high\" decoding=\"async\" width=\"1024\" height=\"682\" src=\"https:\/\/eastsacredhotel.com\/wp-content\/uploads\/2025\/07\/East-Sacred-Hotel-dinning-5-1024x682.webp\" class=\"attachment-large size-large wp-image-5504\" alt=\"\" srcset=\"https:\/\/eastsacredhotel.com\/wp-content\/uploads\/2025\/07\/East-Sacred-Hotel-dinning-5-1024x682.webp 1024w, https:\/\/eastsacredhotel.com\/wp-content\/uploads\/2025\/07\/East-Sacred-Hotel-dinning-5-300x200.webp 300w, https:\/\/eastsacredhotel.com\/wp-content\/uploads\/2025\/07\/East-Sacred-Hotel-dinning-5-768x512.webp 768w, https:\/\/eastsacredhotel.com\/wp-content\/uploads\/2025\/07\/East-Sacred-Hotel-dinning-5.webp 1280w\" sizes=\"(max-width: 1024px) 100vw, 1024px\" \/>\t\t\t\t\t\t\t\t\t\t\t\t\t\t\t<\/div>\n\t\t\t\t<\/div>\n\t\t\t\t\t<\/div>\n\t\t\t\t<\/div>\n\t\t<div class=\"elementor-element elementor-element-5da33e8 e-flex e-con-boxed e-con e-parent\" data-id=\"5da33e8\" data-element_type=\"container\" data-e-type=\"container\">\n\t\t\t\t\t<div class=\"e-con-inner\">\n\t\t<div class=\"elementor-element elementor-element-a3f373d e-con-full e-flex e-con e-child\" data-id=\"a3f373d\" data-element_type=\"container\" data-e-type=\"container\">\n\t\t\t\t<div class=\"elementor-element elementor-element-eb56151 elementor-widget elementor-widget-image\" data-id=\"eb56151\" data-element_type=\"widget\" data-e-type=\"widget\" data-widget_type=\"image.default\">\n\t\t\t\t\t\t\t\t\t\t\t\t\t\t\t<img decoding=\"async\" width=\"1024\" height=\"695\" src=\"https:\/\/eastsacredhotel.com\/wp-content\/uploads\/2025\/07\/East-Sacred-Hotel-dinning-1-1024x695.webp\" class=\"attachment-large size-large wp-image-5505\" alt=\"\" srcset=\"https:\/\/eastsacredhotel.com\/wp-content\/uploads\/2025\/07\/East-Sacred-Hotel-dinning-1-1024x695.webp 1024w, https:\/\/eastsacredhotel.com\/wp-content\/uploads\/2025\/07\/East-Sacred-Hotel-dinning-1-300x204.webp 300w, https:\/\/eastsacredhotel.com\/wp-content\/uploads\/2025\/07\/East-Sacred-Hotel-dinning-1-768x522.webp 768w, https:\/\/eastsacredhotel.com\/wp-content\/uploads\/2025\/07\/East-Sacred-Hotel-dinning-1.webp 1256w\" sizes=\"(max-width: 1024px) 100vw, 1024px\" \/>\t\t\t\t\t\t\t\t\t\t\t\t\t\t\t<\/div>\n\t\t\t\t<\/div>\n\t\t<div class=\"elementor-element elementor-element-867318e e-con-full e-flex e-con e-child\" data-id=\"867318e\" data-element_type=\"container\" data-e-type=\"container\">\n\t\t\t\t<div class=\"elementor-element elementor-element-559a1ed elementor-widget elementor-widget-text-editor\" data-id=\"559a1ed\" data-element_type=\"widget\" data-e-type=\"widget\" data-widget_type=\"text-editor.default\">\n\t\t\t\t\t\t\t\t\t<p data-spm-anchor-id=\"a2ty_o01.29997173.0.i48.1dedc9214ByEdy\">Bien que nos racines soient profond\u00e9ment ancr\u00e9es dans la tradition culinaire chinoise, nous comprenons que les voyageurs d&#039;aujourd&#039;hui viennent des quatre coins du monde et ont des go\u00fbts et des pr\u00e9f\u00e9rences vari\u00e9s. C&#039;est pourquoi notre menu propose \u00e9galement une s\u00e9lection rigoureuse de plats. <strong>plats internationaux <\/strong>, des petits-d\u00e9jeuners copieux de style occidental et des p\u00e2tes gastronomiques aux d\u00e9lices panasiatiques et aux options l\u00e9g\u00e8res et saines pour les convives soucieux de leur bien-\u00eatre.<\/p><p>Que vous ayez envie de la chaleur d&#039;un risotto italien classique, de la fra\u00eecheur des sushis japonais ou de la familiarit\u00e9 r\u00e9confortante des p\u00e2tisseries fran\u00e7aises, notre cuisine est \u00e9quip\u00e9e pour satisfaire un large \u00e9ventail d&#039;envies sans compromettre la qualit\u00e9 ou l&#039;authenticit\u00e9.<\/p>\t\t\t\t\t\t\t\t<\/div>\n\t\t\t\t<\/div>\n\t\t\t\t\t<\/div>\n\t\t\t\t<\/div>\n\t\t<div class=\"elementor-element elementor-element-30c710b e-flex e-con-boxed e-con e-parent\" data-id=\"30c710b\" data-element_type=\"container\" data-e-type=\"container\">\n\t\t\t\t\t<div class=\"e-con-inner\">\n\t\t<div class=\"elementor-element elementor-element-4ae2562 e-con-full e-flex e-con e-child\" data-id=\"4ae2562\" data-element_type=\"container\" data-e-type=\"container\">\n\t\t\t\t<div class=\"elementor-element elementor-element-29bfa29 elementor-widget elementor-widget-text-editor\" data-id=\"29bfa29\" data-element_type=\"widget\" data-e-type=\"widget\" data-widget_type=\"text-editor.default\">\n\t\t\t\t\t\t\t\t\t<p data-spm-anchor-id=\"a2ty_o01.29997173.0.i49.1dedc9214ByEdy\">Install\u00e9 dans l&#039;int\u00e9rieur magnifiquement con\u00e7u de l&#039;h\u00f4tel, notre restaurant s&#039;int\u00e8gre parfaitement <strong>accents de bois naturel, calligraphie traditionnelle et d\u00e9cor minimaliste <\/strong>, cr\u00e9ant un espace \u00e0 la fois intemporel et contemporain. L&#039;ambiance est chaleureuse et accueillante, avec un \u00e9clairage tamis\u00e9, des si\u00e8ges confortables et une musique d&#039;ambiance subtile qui sublime l&#039;exp\u00e9rience sensorielle globale.<\/p><p data-spm-anchor-id=\"a2ty_o01.29997173.0.i50.1dedc9214ByEdy\">La disposition permet \u00e0 la fois <strong>exp\u00e9riences culinaires intimes <\/strong> et <strong>grands rassemblements <\/strong>Id\u00e9al pour les voyageurs seuls, les couples, les familles et les petits groupes d&#039;affaires, l&#039;h\u00f4tel est id\u00e9al. Que vous choisissiez de d\u00eener \u00e0 l&#039;int\u00e9rieur ou de profiter d&#039;un moment de calme sur notre terrasse surplombant les rues anim\u00e9es de Dongdan, vous constaterez que chaque d\u00e9tail a \u00e9t\u00e9 pens\u00e9 pour votre confort et votre plaisir.<\/p>\t\t\t\t\t\t\t\t<\/div>\n\t\t\t\t<\/div>\n\t\t<div class=\"elementor-element elementor-element-862e28d e-con-full e-flex e-con e-child\" data-id=\"862e28d\" data-element_type=\"container\" data-e-type=\"container\">\n\t\t\t\t<div class=\"elementor-element elementor-element-5d46164 elementor-widget elementor-widget-image\" data-id=\"5d46164\" data-element_type=\"widget\" data-e-type=\"widget\" data-widget_type=\"image.default\">\n\t\t\t\t\t\t\t\t\t\t\t\t\t\t\t<img decoding=\"async\" width=\"1024\" height=\"682\" src=\"https:\/\/eastsacredhotel.com\/wp-content\/uploads\/2025\/07\/East-Sacred-Hotel-dinning-4-1024x682.webp\" class=\"attachment-large size-large wp-image-5506\" alt=\"\" srcset=\"https:\/\/eastsacredhotel.com\/wp-content\/uploads\/2025\/07\/East-Sacred-Hotel-dinning-4-1024x682.webp 1024w, https:\/\/eastsacredhotel.com\/wp-content\/uploads\/2025\/07\/East-Sacred-Hotel-dinning-4-300x200.webp 300w, https:\/\/eastsacredhotel.com\/wp-content\/uploads\/2025\/07\/East-Sacred-Hotel-dinning-4-768x512.webp 768w, https:\/\/eastsacredhotel.com\/wp-content\/uploads\/2025\/07\/East-Sacred-Hotel-dinning-4.webp 1280w\" sizes=\"(max-width: 1024px) 100vw, 1024px\" \/>\t\t\t\t\t\t\t\t\t\t\t\t\t\t\t<\/div>\n\t\t\t\t<\/div>\n\t\t\t\t\t<\/div>\n\t\t\t\t<\/div>\n\t\t<div class=\"elementor-element elementor-element-fa46734 e-flex e-con-boxed e-con e-parent\" data-id=\"fa46734\" data-element_type=\"container\" data-e-type=\"container\">\n\t\t\t\t\t<div class=\"e-con-inner\">\n\t\t<div class=\"elementor-element elementor-element-9ab4a1b e-con-full e-flex e-con e-child\" data-id=\"9ab4a1b\" data-element_type=\"container\" data-e-type=\"container\">\n\t\t\t\t<div class=\"elementor-element elementor-element-0443a57 elementor-widget elementor-widget-image\" data-id=\"0443a57\" data-element_type=\"widget\" data-e-type=\"widget\" data-widget_type=\"image.default\">\n\t\t\t\t\t\t\t\t\t\t\t\t\t\t\t<img loading=\"lazy\" decoding=\"async\" width=\"1024\" height=\"682\" src=\"https:\/\/eastsacredhotel.com\/wp-content\/uploads\/2025\/07\/East-Sacred-Hotel-dinning-2-1024x682.webp\" class=\"attachment-large size-large wp-image-5507\" alt=\"\" srcset=\"https:\/\/eastsacredhotel.com\/wp-content\/uploads\/2025\/07\/East-Sacred-Hotel-dinning-2-1024x682.webp 1024w, https:\/\/eastsacredhotel.com\/wp-content\/uploads\/2025\/07\/East-Sacred-Hotel-dinning-2-300x200.webp 300w, https:\/\/eastsacredhotel.com\/wp-content\/uploads\/2025\/07\/East-Sacred-Hotel-dinning-2-768x512.webp 768w, https:\/\/eastsacredhotel.com\/wp-content\/uploads\/2025\/07\/East-Sacred-Hotel-dinning-2.webp 1280w\" sizes=\"(max-width: 1024px) 100vw, 1024px\" \/>\t\t\t\t\t\t\t\t\t\t\t\t\t\t\t<\/div>\n\t\t\t\t<\/div>\n\t\t<div class=\"elementor-element elementor-element-3d9c457 e-con-full e-flex e-con e-child\" data-id=\"3d9c457\" data-element_type=\"container\" data-e-type=\"container\">\n\t\t\t\t<div class=\"elementor-element elementor-element-9873e7a elementor-widget elementor-widget-text-editor\" data-id=\"9873e7a\" data-element_type=\"widget\" data-e-type=\"widget\" data-widget_type=\"text-editor.default\">\n\t\t\t\t\t\t\t\t\t<p data-spm-anchor-id=\"a2ty_o01.29997173.0.i51.1dedc9214ByEdy\">Notre carte \u00e9volue au fil des saisons, refl\u00e9tant la disponibilit\u00e9 naturelle des produits frais et les go\u00fbts changeants de nos clients tout au long de l&#039;ann\u00e9e. Pendant les mois les plus froids, savourez des soupes r\u00e9confortantes, des rago\u00fbts mijot\u00e9s et des th\u00e9s \u00e9pic\u00e9s, tandis que l&#039;\u00e9t\u00e9 propose des plats plus l\u00e9gers comme des nouilles froides, des bouillons aux herbes et des desserts rafra\u00eechissants \u00e0 base de fruits.<\/p><p data-spm-anchor-id=\"a2ty_o01.29997173.0.i52.1dedc9214ByEdy\">Nous h\u00e9bergeons \u00e9galement <strong>d\u00eeners \u00e0 th\u00e8me sp\u00e9ciaux et menus d\u00e9gustation <\/strong> lors des grands festivals comme le <strong>F\u00eate du Printemps, F\u00eate de la Mi-Automne et F\u00eate des Lanternes <\/strong>, permettant aux clients de d\u00e9couvrir la richesse de la culture chinoise \u00e0 travers sa cuisine.<\/p>\t\t\t\t\t\t\t\t<\/div>\n\t\t\t\t<\/div>\n\t\t\t\t\t<\/div>\n\t\t\t\t<\/div>\n\t\t<div class=\"elementor-element elementor-element-17a8ffd e-flex e-con-boxed e-con e-parent\" data-id=\"17a8ffd\" data-element_type=\"container\" data-e-type=\"container\">\n\t\t\t\t\t<div class=\"e-con-inner\">\n\t\t<div class=\"elementor-element elementor-element-d3aab42 e-con-full e-flex e-con e-child\" data-id=\"d3aab42\" data-element_type=\"container\" data-e-type=\"container\">\n\t\t\t\t<div class=\"elementor-element elementor-element-639311b elementor-widget elementor-widget-text-editor\" data-id=\"639311b\" data-element_type=\"widget\" data-e-type=\"widget\" data-widget_type=\"text-editor.default\">\n\t\t\t\t\t\t\t\t\t<p data-spm-anchor-id=\"a2ty_o01.29997173.0.i53.1dedc9214ByEdy\">Ce qui distingue v\u00e9ritablement notre restaurant, ce n&#039;est pas seulement le contenu de l&#039;assiette, mais aussi la fa\u00e7on dont il est servi. Notre personnel attentionn\u00e9 et multilingue est form\u00e9 pour anticiper vos besoins et vous offrir un service impeccable, alliant professionnalisme international et hospitalit\u00e9 chinoise traditionnelle.<\/p><p>Qu&#039;il s&#039;agisse de recommander l&#039;accord parfait de th\u00e9 pour votre repas, de r\u00e9pondre aux restrictions alimentaires avec soin ou d&#039;organiser une exp\u00e9rience culinaire priv\u00e9e pour des occasions sp\u00e9ciales, notre \u00e9quipe s&#039;engage \u00e0 faire en sorte que chaque invit\u00e9 reparte avec une impression m\u00e9morable.<\/p>\t\t\t\t\t\t\t\t<\/div>\n\t\t\t\t<\/div>\n\t\t<div class=\"elementor-element elementor-element-c7effd6 e-con-full e-flex e-con e-child\" data-id=\"c7effd6\" data-element_type=\"container\" data-e-type=\"container\">\n\t\t\t\t<div class=\"elementor-element elementor-element-21dc18f elementor-widget elementor-widget-image\" data-id=\"21dc18f\" data-element_type=\"widget\" data-e-type=\"widget\" data-widget_type=\"image.default\">\n\t\t\t\t\t\t\t\t\t\t\t\t\t\t\t<img loading=\"lazy\" decoding=\"async\" width=\"1024\" height=\"682\" src=\"https:\/\/eastsacredhotel.com\/wp-content\/uploads\/2025\/07\/East-Sacred-Hotel-1024x682.webp\" class=\"attachment-large size-large wp-image-5499\" alt=\"\" srcset=\"https:\/\/eastsacredhotel.com\/wp-content\/uploads\/2025\/07\/East-Sacred-Hotel-1024x682.webp 1024w, https:\/\/eastsacredhotel.com\/wp-content\/uploads\/2025\/07\/East-Sacred-Hotel-300x200.webp 300w, https:\/\/eastsacredhotel.com\/wp-content\/uploads\/2025\/07\/East-Sacred-Hotel-768x512.webp 768w, https:\/\/eastsacredhotel.com\/wp-content\/uploads\/2025\/07\/East-Sacred-Hotel.webp 1280w\" sizes=\"(max-width: 1024px) 100vw, 1024px\" \/>\t\t\t\t\t\t\t\t\t\t\t\t\t\t\t<\/div>\n\t\t\t\t<\/div>\n\t\t\t\t\t<\/div>\n\t\t\t\t<\/div>\n\t\t<div class=\"elementor-element elementor-element-9da748c e-flex e-con-boxed e-con e-parent\" data-id=\"9da748c\" data-element_type=\"container\" data-e-type=\"container\">\n\t\t\t\t\t<div class=\"e-con-inner\">\n\t\t\t\t<div class=\"elementor-element elementor-element-afbe34b elementor-widget elementor-widget-text-editor\" data-id=\"afbe34b\" data-element_type=\"widget\" data-e-type=\"widget\" data-widget_type=\"text-editor.default\">\n\t\t\t\t\t\t\t\t\t<p data-spm-anchor-id=\"a2ty_o01.29997173.0.i55.1dedc9214ByEdy\">Que vous soyez client de l&#039;h\u00f4tel ou que vous exploriez simplement les rues anim\u00e9es de Dongdan, nous vous invitons \u00e0 vivre une exp\u00e9rience gastronomique qui honore le pass\u00e9 tout en embrassant l&#039;avenir. <strong>Restaurant de l&#039;h\u00f4tel East Sacred <\/strong>, chaque repas est une histoire racont\u00e9e \u00e0 travers la saveur, chaque plat un hommage \u00e0 la terre qui l&#039;inspire et chaque visite un souvenir qui attend d&#039;\u00eatre cr\u00e9\u00e9.<\/p><p data-spm-anchor-id=\"a2ty_o01.29997173.0.i57.1dedc9214ByEdy\">Laissez-nous vous accueillir \u00e0 bras ouverts, avec une hospitalit\u00e9 chaleureuse et une table dress\u00e9e avec les meilleures offres culinaires que P\u00e9kin a \u00e0 offrir.<\/p>\t\t\t\t\t\t\t\t<\/div>\n\t\t\t\t\t<\/div>\n\t\t\t\t<\/div>\n\t\t\t\t<\/div>","protected":false},"excerpt":{"rendered":"<p>More than just a place to dine, our restaurant is a destination in itself\u2014an elegant fusion of traditional Chinese aesthetics and modern culinary artistry , where time-honored recipes meet contemporary presentation. Whether you&#8217;re enjoying a leisurely breakfast before exploring the Forbidden City, savoring a business lunch in a tranquil setting, or indulging in a romantic [&hellip;]<\/p>\n","protected":false},"author":1,"featured_media":0,"parent":0,"menu_order":0,"comment_status":"closed","ping_status":"closed","template":"","meta":{"footnotes":""},"class_list":["post-612","page","type-page","status-publish","hentry","post-no-thumbnail"],"_links":{"self":[{"href":"https:\/\/eastsacredhotel.com\/fr\/wp-json\/wp\/v2\/pages\/612","targetHints":{"allow":["GET"]}}],"collection":[{"href":"https:\/\/eastsacredhotel.com\/fr\/wp-json\/wp\/v2\/pages"}],"about":[{"href":"https:\/\/eastsacredhotel.com\/fr\/wp-json\/wp\/v2\/types\/page"}],"author":[{"embeddable":true,"href":"https:\/\/eastsacredhotel.com\/fr\/wp-json\/wp\/v2\/users\/1"}],"replies":[{"embeddable":true,"href":"https:\/\/eastsacredhotel.com\/fr\/wp-json\/wp\/v2\/comments?post=612"}],"version-history":[{"count":0,"href":"https:\/\/eastsacredhotel.com\/fr\/wp-json\/wp\/v2\/pages\/612\/revisions"}],"wp:attachment":[{"href":"https:\/\/eastsacredhotel.com\/fr\/wp-json\/wp\/v2\/media?parent=612"}],"curies":[{"name":"wp","href":"https:\/\/api.w.org\/{rel}","templated":true}]}}