{"id":647,"date":"2021-03-29T02:13:52","date_gmt":"2021-03-29T02:13:52","guid":{"rendered":"http:\/\/localhost\/nuss\/?page_id=647"},"modified":"2025-12-04T10:41:16","modified_gmt":"2025-12-04T10:41:16","slug":"services","status":"publish","type":"page","link":"https:\/\/eastsacredhotel.com\/fr\/services\/","title":{"rendered":"Services"},"content":{"rendered":"<div data-elementor-type=\"wp-page\" data-elementor-id=\"647\" class=\"elementor elementor-647\">\n\t\t\t\t\t\t<section class=\"elementor-section elementor-top-section elementor-element elementor-element-3353bc8 elementor-section-boxed elementor-section-gap-beside-yes elementor-section-height-default elementor-section-height-default elementor-section-column-vertical-align-stretch\" data-id=\"3353bc8\" data-element_type=\"section\" data-e-type=\"section\">\n\t\t\t\t\t\t<div class=\"elementor-container elementor-column-gap-extended\">\n\t\t\t\t\t<div class=\"elementor-column elementor-col-100 elementor-top-column elementor-element elementor-element-0a2bc64\" data-id=\"0a2bc64\" data-element_type=\"column\" data-e-type=\"column\">\n\t\t\t<div class=\"elementor-widget-wrap elementor-element-populated\">\n\t\t\t\t\t\t<div class=\"elementor-element elementor-element-447e3ef elementor-widget__width-initial elementor-invisible elementor-widget elementor-widget-text-editor\" data-id=\"447e3ef\" data-element_type=\"widget\" data-e-type=\"widget\" data-settings=\"{&quot;_animation&quot;:&quot;nussFadeInUp&quot;}\" data-widget_type=\"text-editor.default\">\n\t\t\t\t\t\t\t\t\t<p>Nous faisons de notre mieux pour offrir \u00e0 tous nos clients les services et installations n\u00e9cessaires pour rendre leur s\u00e9jour m\u00e9morable.<\/p>\t\t\t\t\t\t\t\t<\/div>\n\t\t\t\t\t<\/div>\n\t\t<\/div>\n\t\t\t\t\t<\/div>\n\t\t<\/section>\n\t\t<div class=\"elementor-element elementor-element-9045166 e-flex e-con-boxed e-con e-parent\" data-id=\"9045166\" data-element_type=\"container\" data-e-type=\"container\">\n\t\t\t\t\t<div class=\"e-con-inner\">\n\t\t\t\t<div class=\"elementor-element elementor-element-0d16263 elementor-widget elementor-widget-text-editor\" data-id=\"0d16263\" data-element_type=\"widget\" data-e-type=\"widget\" data-widget_type=\"text-editor.default\">\n\t\t\t\t\t\t\t\t\t<p data-spm-anchor-id=\"a2ty_o01.29997173.0.i118.1dedc9214ByEdy\">\u00c0 <strong>H\u00f4tel East Sacred <\/strong>, situ\u00e9 \u00e0 la prestigieuse adresse de <strong>No. 33 Jia, rue n\u00b0 3, Dongdan, district de Dongcheng, P\u00e9kin, Chine <\/strong>Nous sommes convaincus qu&#039;un service exceptionnel est la cl\u00e9 de vo\u00fbte d&#039;un s\u00e9jour inoubliable. Notre h\u00f4tel a \u00e9t\u00e9 con\u00e7u non seulement pour offrir un h\u00e9bergement \u00e9l\u00e9gant et un emplacement privil\u00e9gi\u00e9 \u00e0 proximit\u00e9 des monuments les plus embl\u00e9matiques de P\u00e9kin, mais aussi pour proposer un large \u00e9ventail de services. <strong>des services soigneusement s\u00e9lectionn\u00e9s <\/strong> qui r\u00e9pondent aux divers besoins des voyageurs modernes.<\/p><p data-spm-anchor-id=\"a2ty_o01.29997173.0.i119.1dedc9214ByEdy\">D\u00e8s votre arriv\u00e9e, notre objectif est de vous garantir un s\u00e9jour agr\u00e9able et personnalis\u00e9. Que vous soyez en voyage d&#039;affaires, de loisirs ou de d\u00e9couverte culturelle, notre gamme compl\u00e8te d&#039;\u00e9quipements et de services d&#039;assistance est con\u00e7ue pour rendre votre s\u00e9jour aussi simple et agr\u00e9able que possible.<\/p><h3>Un m\u00e9lange harmonieux de tradition et d&#039;efficacit\u00e9 moderne<\/h3><p>Notre philosophie de service est profond\u00e9ment ancr\u00e9e dans les valeurs traditionnelles chinoises \u2013 respect, chaleur et attention \u2013 tout en adh\u00e9rant aux standards internationaux modernes d&#039;efficacit\u00e9 et d&#039;innovation. Chaque membre de notre \u00e9quipe multilingue est form\u00e9 pour anticiper vos besoins et vous offrir une assistance rapide et courtoise tout au long de votre s\u00e9jour.<\/p><p>Cette combinaison unique nous permet de servir une client\u00e8le internationale tout en pr\u00e9servant l&#039;authenticit\u00e9 et le charme qui caract\u00e9risent notre marque. Qu&#039;il s&#039;agisse d&#039;aider \u00e0 porter vos bagages, de vous recommander des attractions \u00e0 proximit\u00e9 ou de r\u00e9pondre \u00e0 vos demandes sp\u00e9ciales, notre \u00e9quipe s&#039;engage \u00e0 ce que votre exp\u00e9rience refl\u00e8te pleinement votre personnalit\u00e9. <strong>L&#039;hospitalit\u00e9 chinoise <\/strong>\u2014o\u00f9 les invit\u00e9s sont trait\u00e9s comme des membres honor\u00e9s de la famille.<\/p><div class=\"my-2\">\u00a0<\/div><div class=\"py-2 my-3\"><hr \/><\/div><h3>Services clients personnalis\u00e9s con\u00e7us pour le confort et la commodit\u00e9<\/h3><p>Nous comprenons qu&#039;il n&#039;existe pas deux voyageurs identiques, c&#039;est pourquoi nous proposons une grande vari\u00e9t\u00e9 de <strong>services personnalis\u00e9s aux clients <\/strong> adapt\u00e9 aux diff\u00e9rents styles et pr\u00e9f\u00e9rences de voyage :<\/p><h4>\u2705 <strong>R\u00e9ception et conciergerie 24h\/24 <\/strong><\/h4><p>Notre r\u00e9ception est ouverte 24h\/24 pour vous offrir une assistance continue. Nos clients peuvent b\u00e9n\u00e9ficier d&#039;une assistance pour leurs r\u00e9servations, leurs transports et leurs demandes g\u00e9n\u00e9rales \u00e0 toute heure. <strong>\u00e9quipe de conciergerie professionnelle <\/strong> est \u00e9galement \u00e0 votre disposition pour vous aider \u00e0 planifier votre itin\u00e9raire, r\u00e9server des visites guid\u00e9es, recommander des lieux de restauration et m\u00eame vous aider \u00e0 apporter des modifications de derni\u00e8re minute \u00e0 votre emploi du temps.<\/p><h4>\u2705 <strong>Wi-Fi haut d\u00e9bit gratuit dans toute la propri\u00e9t\u00e9 <\/strong><\/h4><p>\u00c0 l&#039;\u00e8re du num\u00e9rique, rester connect\u00e9 est essentiel. C&#039;est pourquoi nous vous proposons <strong>Wi-Fi haut d\u00e9bit par fibre optique gratuit <\/strong> Dans tout l&#039;h\u00f4tel, y compris les chambres, les espaces communs et notre centre d&#039;affaires. Que vous participiez \u00e0 des visioconf\u00e9rences, naviguiez sur Internet ou visionniez des divertissements en streaming, notre r\u00e9seau garantit une connectivit\u00e9 rapide, s\u00e9curis\u00e9e et ininterrompue.<\/p><h4>\u2705 <strong>Services de blanchisserie et de nettoyage \u00e0 sec <\/strong><\/h4><p>Voyager l\u00e9ger\u00a0? Aucun probl\u00e8me. Nous vous proposons <strong>services de blanchisserie et de nettoyage \u00e0 sec le jour m\u00eame et le lendemain <\/strong>, pour que vous puissiez faire vos bagages intelligemment et profiter de v\u00eatements propres tout au long de votre voyage. Confiez simplement vos v\u00eatements \u00e0 notre \u00e9quipe d&#039;entretien\u00a0; nous vous les rendrons soigneusement nettoy\u00e9s et repass\u00e9s.<\/p><h4>\u2705 <strong>Transferts a\u00e9roport et organisation du transport <\/strong><\/h4><p>Pour all\u00e9ger le stress de l&#039;arriv\u00e9e et du d\u00e9part, nous vous proposons <strong>services de transfert a\u00e9roportuaire <\/strong> Sur demande. Notre \u00e9quipe peut organiser des locations de voitures priv\u00e9es, des r\u00e9servations de taxi ou des services de navettes partag\u00e9es, selon vos pr\u00e9f\u00e9rences et votre budget. De plus, nous vous proposons une assistance pour la navigation en m\u00e9tro, la location de v\u00e9los et l&#039;utilisation d&#039;applications de VTC pour vous permettre de vous d\u00e9placer facilement dans P\u00e9kin.<\/p><h4>\u2705 <strong>Centre d&#039;affaires et assistance aux r\u00e9unions <\/strong><\/h4><p>Pour les voyageurs d&#039;affaires, notre <strong>centre d&#039;affaires d\u00e9di\u00e9 <\/strong> Nous fournissons des outils essentiels, notamment des services d&#039;impression, de num\u00e9risation, de t\u00e9l\u00e9copie et de reliure. Nous proposons \u00e9galement l&#039;am\u00e9nagement de salles de r\u00e9union, la restauration et le support technique pour les pr\u00e9sentations, garantissant ainsi une gestion rigoureuse et professionnelle de vos engagements professionnels.<\/p><h4>\u2705 <strong>Service en chambre et options de restauration en chambre <\/strong><\/h4><p>Parfois, la meilleure fa\u00e7on de se d\u00e9tendre apr\u00e8s une longue journ\u00e9e de d\u00e9couverte de P\u00e9kin est de rester confortablement install\u00e9 dans sa chambre. <strong>menu du service en chambre <\/strong> propose une s\u00e9lection de sp\u00e9cialit\u00e9s locales et de plats internationaux, disponibles pendant des heures prolong\u00e9es pour s&#039;adapter \u00e0 des horaires vari\u00e9s.<\/p><h4>\u2705 <strong>Consigne \u00e0 bagages et enregistrement anticip\u00e9 \/ d\u00e9part tardif <\/strong><\/h4><p>Si vos horaires d&#039;enregistrement ne correspondent pas \u00e0 ceux habituels, nous serons ravis de stocker vos bagages en toute s\u00e9curit\u00e9 avant ou apr\u00e8s votre s\u00e9jour. Selon les disponibilit\u00e9s, <strong>enregistrement anticip\u00e9 et d\u00e9part tardif <\/strong> peut \u00e9galement \u00eatre organis\u00e9 sur demande, vous donnant la flexibilit\u00e9 de voyager \u00e0 votre rythme.<\/p><h4>\u2705 <strong>R\u00e9servation d&#039;exp\u00e9riences culturelles <\/strong><\/h4><p>P\u00e9kin est une ville riche en histoire, en art et en traditions, et nous souhaitons vous aider \u00e0 la d\u00e9couvrir. Nos offres h\u00f4teli\u00e8res <strong>forfaits de voyages culturels <\/strong>, incluant des visites de la Cit\u00e9 interdite, du Temple du Ciel et du Palais d&#039;\u00e9t\u00e9, ainsi que des exp\u00e9riences immersives telles que des c\u00e9r\u00e9monies du th\u00e9, des cours de calligraphie et des visites \u00e0 pied des hutongs. Laissez-nous vous faire vivre l&#039;essence m\u00eame de P\u00e9kin.<\/p><h4>\u2705 <strong>Services de sant\u00e9 et de bien-\u00eatre <\/strong><\/h4><p>Reconnaissant l\u2019importance du bien-\u00eatre, nous offrons <strong>s\u00e9ances de massoth\u00e9rapie <\/strong>, <strong>recommandations de yoga <\/strong>, et l&#039;acc\u00e8s aux centres de remise en forme \u00e0 proximit\u00e9 pour les clients souhaitant rajeunir leur corps et leur esprit pendant leur s\u00e9jour.<\/p><div class=\"py-2 my-3\"><hr \/><\/div><h3>Des touches attentionn\u00e9es qui font toute la diff\u00e9rence<\/h3><p>Au-del\u00e0 des offres standard, nous sommes fiers d&#039;aller au-del\u00e0 de nos attentes avec <strong>petites touches mais significatives <\/strong> qui rehaussent votre s\u00e9jour :<\/p><ul><li><strong>Th\u00e9 de bienvenue \u00e0 l&#039;arriv\u00e9e <\/strong> \u2013 un geste chaleureux et traditionnel pour vous saluer apr\u00e8s votre voyage<\/li><li><strong>Eau en bouteille gratuite tous les jours <\/strong> \u2013 r\u00e9approvisionn\u00e9 chaque matin<\/li><li><strong>Chaussons et peignoirs fournis dans chaque chambre <\/strong> \u2013 pour plus de confort<\/li><li><strong>\u00c9quipements pour faire du th\u00e9 <\/strong> \u2013 vous permettant de profiter d\u2019un moment de r\u00e9flexion tranquille<\/li><li><strong>Arrangements sp\u00e9ciaux pour anniversaires, f\u00eates et occasions romantiques <\/strong> \u2013 pr\u00e9venez-nous \u00e0 l\u2019avance et nous vous aiderons \u00e0 cr\u00e9er l\u2019ambiance<\/li><\/ul><div class=\"py-2 my-3\"><hr \/><\/div><h3>Initiatives en mati\u00e8re de d\u00e9veloppement durable et de tourisme responsable<\/h3><p>Dans le cadre de notre engagement en faveur d&#039;un tourisme responsable, nous avons mis en \u0153uvre plusieurs pratiques \u00e9cologiques dans l&#039;ensemble de nos op\u00e9rations, notamment :<\/p><ul><li><strong>Syst\u00e8mes d&#039;\u00e9clairage et de climatisation \u00e9co\u00e9nerg\u00e9tiques <\/strong><\/li><li><strong>\u00c9quipements r\u00e9utilisables et r\u00e9duction des plastiques \u00e0 usage unique <\/strong><\/li><li><strong>Programmes de conservation de l&#039;eau <\/strong><\/li><li><strong>Soutien aux artisans locaux et aux initiatives touristiques communautaires <\/strong><\/li><\/ul><p>Nous pensons que le luxe ne doit pas se faire au d\u00e9triment de l\u2019environnement ou de la culture locale, et nous nous effor\u00e7ons d\u2019avoir un impact positif sur chaque client que nous accueillons.<\/p><div class=\"py-2 my-3\"><hr \/><\/div><h3>Pourquoi les voyageurs aiment nos services<\/h3><p>Les clients louent r\u00e9guli\u00e8rement la qualit\u00e9 de notre service dans les avis sur des plateformes telles que <strong>TripAdvisor, Google Avis et Booking.com <\/strong>, mettant en valeur notre <strong>personnel attentionn\u00e9, r\u00e9activit\u00e9 rapide et soins personnalis\u00e9s <\/strong>. Beaucoup soulignent que ce n\u2019est pas seulement ce que nous offrons, mais la mani\u00e8re dont nous l\u2019offrons, qui nous distingue des autres h\u00f4tels de la r\u00e9gion.<\/p><blockquote><p>\u00ab Le niveau de service \u00e9tait incomparable. Chaque membre du personnel nous a accueillis avec le sourire et s&#039;est mis en quatre pour nous aider. On se sentait moins \u00e0 l&#039;h\u00f4tel qu&#039;\u00e0 la maison. \u00bb \u2013 <em>Critiqueur TripAdvisor <\/em><\/p><\/blockquote><div class=\"py-2 my-3\"><hr \/><\/div><p><strong>D\u00e9couvrez la diff\u00e9rence sacr\u00e9e de l&#039;Orient <\/strong><\/p><p>\u00c0 <strong>H\u00f4tel East Sacred <\/strong>Nous sommes convaincus qu&#039;un service de qualit\u00e9 ne se limite pas \u00e0 r\u00e9pondre \u00e0 vos attentes, mais qu&#039;il faut les d\u00e9passer. De votre r\u00e9servation jusqu&#039;\u00e0 votre d\u00e9part, notre \u00e9quipe s&#039;engage \u00e0 rendre votre s\u00e9jour inoubliable. <strong>District de Dongcheng, P\u00e9kin <\/strong> aussi fluide, enrichissant et m\u00e9morable que possible.<\/p><p>Laissez-nous nous occuper des d\u00e9tails, afin que vous puissiez vous concentrer sur ce qui compte le plus : votre voyage, vos relations et votre histoire personnelle se d\u00e9roulant dans l&#039;une des villes les plus captivantes du monde.<\/p><p data-spm-anchor-id=\"a2ty_o01.29997173.0.i120.1dedc9214ByEdy\">R\u00e9servez votre s\u00e9jour d\u00e8s aujourd&#039;hui et d\u00e9couvrez la gamme compl\u00e8te de services con\u00e7us pour vous.<\/p>\t\t\t\t\t\t\t\t<\/div>\n\t\t\t\t\t<\/div>\n\t\t\t\t<\/div>\n\t\t\t\t<\/div>","protected":false},"excerpt":{"rendered":"<p>We do our best to offer all our guests the services and facilities to make their stay a memorable one. At East Sacred Hotel , located at the prestigious address of No. 33 Jia, No. 3 Street, Dongdan, Dongcheng District, Beijing, China , we believe that exceptional service is the cornerstone of a truly memorable [&hellip;]<\/p>\n","protected":false},"author":1,"featured_media":0,"parent":0,"menu_order":0,"comment_status":"closed","ping_status":"closed","template":"","meta":{"footnotes":""},"class_list":["post-647","page","type-page","status-publish","hentry","post-no-thumbnail"],"_links":{"self":[{"href":"https:\/\/eastsacredhotel.com\/fr\/wp-json\/wp\/v2\/pages\/647","targetHints":{"allow":["GET"]}}],"collection":[{"href":"https:\/\/eastsacredhotel.com\/fr\/wp-json\/wp\/v2\/pages"}],"about":[{"href":"https:\/\/eastsacredhotel.com\/fr\/wp-json\/wp\/v2\/types\/page"}],"author":[{"embeddable":true,"href":"https:\/\/eastsacredhotel.com\/fr\/wp-json\/wp\/v2\/users\/1"}],"replies":[{"embeddable":true,"href":"https:\/\/eastsacredhotel.com\/fr\/wp-json\/wp\/v2\/comments?post=647"}],"version-history":[{"count":0,"href":"https:\/\/eastsacredhotel.com\/fr\/wp-json\/wp\/v2\/pages\/647\/revisions"}],"wp:attachment":[{"href":"https:\/\/eastsacredhotel.com\/fr\/wp-json\/wp\/v2\/media?parent=647"}],"curies":[{"name":"wp","href":"https:\/\/api.w.org\/{rel}","templated":true}]}}