{"id":2104,"date":"2021-03-23T09:33:48","date_gmt":"2021-03-23T09:33:48","guid":{"rendered":"http:\/\/localhost\/nuss\/?page_id=167"},"modified":"2025-12-04T10:40:48","modified_gmt":"2025-12-04T10:40:48","slug":"la-nostra-storia","status":"publish","type":"page","link":"https:\/\/eastsacredhotel.com\/it\/la-nostra-storia\/","title":{"rendered":"La nostra storia"},"content":{"rendered":"<div data-elementor-type=\"wp-page\" data-elementor-id=\"2104\" class=\"elementor elementor-2104\">\n\t\t\t\t\t\t<section class=\"elementor-section elementor-top-section elementor-element elementor-element-8f5bb9d elementor-section-boxed elementor-section-gap-beside-yes elementor-section-height-default elementor-section-height-default elementor-section-column-vertical-align-stretch\" data-id=\"8f5bb9d\" data-element_type=\"section\" data-e-type=\"section\">\n\t\t\t\t\t\t<div class=\"elementor-container elementor-column-gap-extended\">\n\t\t\t\t\t<div class=\"elementor-column elementor-col-100 elementor-top-column elementor-element elementor-element-7ec4215\" data-id=\"7ec4215\" data-element_type=\"column\" data-e-type=\"column\">\n\t\t\t<div class=\"elementor-widget-wrap elementor-element-populated\">\n\t\t\t\t\t\t<div class=\"elementor-element elementor-element-edd9d03 elementor-widget__width-initial elementor-invisible elementor-widget elementor-widget-text-editor\" data-id=\"edd9d03\" data-element_type=\"widget\" data-e-type=\"widget\" data-settings=\"{&quot;_animation&quot;:&quot;nussFadeInUp&quot;}\" data-widget_type=\"text-editor.default\">\n\t\t\t\t\t\t\t\t\t<p>Siamo pi\u00f9 di un semplice boutique hotel: siamo una narrazione viva che unisce tradizioni secolari con il comfort contemporaneo, offrendo agli ospiti un&#039;opportunit\u00e0 unica di vivere l&#039;anima di Pechino in un ambiente che celebra sia la storia che l&#039;innovazione.<\/p>\t\t\t\t\t\t\t\t<\/div>\n\t\t\t\t\t<\/div>\n\t\t<\/div>\n\t\t\t\t\t<\/div>\n\t\t<\/section>\n\t\t\t\t<section class=\"elementor-section elementor-top-section elementor-element elementor-element-fcc2c5b elementor-section-boxed elementor-section-gap-beside-yes elementor-section-height-default elementor-section-height-default elementor-section-column-vertical-align-stretch\" data-id=\"fcc2c5b\" data-element_type=\"section\" data-e-type=\"section\">\n\t\t\t\t\t\t<div class=\"elementor-container elementor-column-gap-extended\">\n\t\t\t\t\t<div class=\"elementor-column elementor-col-100 elementor-top-column elementor-element elementor-element-2f7d653\" data-id=\"2f7d653\" data-element_type=\"column\" data-e-type=\"column\">\n\t\t\t<div class=\"elementor-widget-wrap elementor-element-populated\">\n\t\t\t\t\t\t<section class=\"elementor-section elementor-inner-section elementor-element elementor-element-6f6d8ba elementor-section-boxed elementor-section-gap-beside-yes elementor-section-height-default elementor-section-height-default elementor-section-column-vertical-align-stretch\" data-id=\"6f6d8ba\" data-element_type=\"section\" data-e-type=\"section\">\n\t\t\t\t\t\t<div class=\"elementor-container elementor-column-gap-extended\">\n\t\t\t\t\t<div class=\"elementor-column elementor-col-50 elementor-inner-column elementor-element elementor-element-0878be6\" data-id=\"0878be6\" data-element_type=\"column\" data-e-type=\"column\">\n\t\t\t<div class=\"elementor-widget-wrap elementor-element-populated\">\n\t\t\t\t\t\t<div class=\"elementor-element elementor-element-42014f7 elementor-invisible elementor-widget elementor-widget-heading\" data-id=\"42014f7\" data-element_type=\"widget\" data-e-type=\"widget\" data-settings=\"{&quot;_animation&quot;:&quot;nussFadeInUp&quot;}\" data-widget_type=\"heading.default\">\n\t\t\t\t\t<h3 class=\"elementor-heading-title elementor-size-default\">Umili inizi radicati nel rispetto culturale <\/h3>\t\t\t\t<\/div>\n\t\t\t\t<div class=\"elementor-element elementor-element-2ba7908 elementor-invisible elementor-widget elementor-widget-text-editor\" data-id=\"2ba7908\" data-element_type=\"widget\" data-e-type=\"widget\" data-settings=\"{&quot;_animation&quot;:&quot;nussFadeInUp&quot;}\" data-widget_type=\"text-editor.default\">\n\t\t\t\t\t\t\t\t\t<p data-spm-anchor-id=\"a2ty_o01.29997173.0.i103.1dedc9214ByEdy\">L&#039;idea per <strong>Hotel Sacro Orientale <\/strong> \u00e8 nato dal desiderio di creare qualcosa di veramente significativo: un luogo dove i viaggiatori potessero non solo riposare, ma anche immergersi nell&#039;essenza della cultura tradizionale cinese, godendo al contempo delle comodit\u00e0 dell&#039;ospitalit\u00e0 moderna. Situato nello storico <strong>Zona di Dongdan del distretto di Dongcheng <\/strong>, noto per il suo passato imperiale e la vicinanza a punti di riferimento come il <strong>Citt\u00e0 Proibita <\/strong> E <strong>Piazza Tienanmen <\/strong>, l&#039;hotel \u00e8 stato concepito come un rifugio per viaggiatori esigenti che cercano l&#039;autenticit\u00e0 senza rinunciare alla qualit\u00e0 o al comfort.<\/p><p data-spm-anchor-id=\"a2ty_o01.29997173.0.i104.1dedc9214ByEdy\">Nelle sue fasi iniziali, i fondatori intravidero il potenziale nel trasformare una struttura modesta ma elegante in uno spazio che riflettesse l&#039;armonia tra natura, architettura e benessere umano. Ispirati dall&#039;antica filosofia cinese dell&#039;equilibrio, rappresentata da concetti come <strong>Feng Shui <\/strong> E <strong>minimalismo zen <\/strong>\u2014il team di progettazione ha lavorato a stretto contatto con artigiani e architetti locali per garantire che ogni dettaglio rispettasse le radici culturali del luogo.<\/p>\t\t\t\t\t\t\t\t<\/div>\n\t\t\t\t\t<\/div>\n\t\t<\/div>\n\t\t\t\t<div class=\"elementor-column elementor-col-50 elementor-inner-column elementor-element elementor-element-6f3f021\" data-id=\"6f3f021\" data-element_type=\"column\" data-e-type=\"column\">\n\t\t\t<div class=\"elementor-widget-wrap elementor-element-populated\">\n\t\t\t\t\t\t<div class=\"elementor-element elementor-element-63d8463 elementor-invisible nuss-elementor-loading nuss-slide-in-left elementor-widget elementor-widget-image\" data-id=\"63d8463\" data-element_type=\"widget\" data-e-type=\"widget\" data-settings=\"{&quot;_animation&quot;:&quot;nussSlideInLeft&quot;}\" data-widget_type=\"image.default\">\n\t\t\t\t\t\t\t\t\t\t\t\t\t\t\t<img fetchpriority=\"high\" decoding=\"async\" width=\"1600\" height=\"1067\" src=\"https:\/\/eastsacredhotel.com\/wp-content\/uploads\/2025\/07\/East-Sacred-Hotel-Beijing-55.jpg\" class=\"attachment-full size-full wp-image-5455\" alt=\"\" srcset=\"https:\/\/eastsacredhotel.com\/wp-content\/uploads\/2025\/07\/East-Sacred-Hotel-Beijing-55.jpg 1600w, https:\/\/eastsacredhotel.com\/wp-content\/uploads\/2025\/07\/East-Sacred-Hotel-Beijing-55-300x200.jpg 300w, https:\/\/eastsacredhotel.com\/wp-content\/uploads\/2025\/07\/East-Sacred-Hotel-Beijing-55-1024x683.jpg 1024w, https:\/\/eastsacredhotel.com\/wp-content\/uploads\/2025\/07\/East-Sacred-Hotel-Beijing-55-768x512.jpg 768w, https:\/\/eastsacredhotel.com\/wp-content\/uploads\/2025\/07\/East-Sacred-Hotel-Beijing-55-1536x1024.jpg 1536w\" sizes=\"(max-width: 1600px) 100vw, 1600px\" \/>\t\t\t\t\t\t\t\t\t\t\t\t\t\t\t<\/div>\n\t\t\t\t\t<\/div>\n\t\t<\/div>\n\t\t\t\t\t<\/div>\n\t\t<\/section>\n\t\t\t\t<section class=\"elementor-section elementor-inner-section elementor-element elementor-element-0ad233f elementor-section-boxed elementor-section-gap-beside-yes elementor-section-height-default elementor-section-height-default elementor-section-column-vertical-align-stretch\" data-id=\"0ad233f\" data-element_type=\"section\" data-e-type=\"section\">\n\t\t\t\t\t\t<div class=\"elementor-container elementor-column-gap-extended\">\n\t\t\t\t\t<div class=\"elementor-column elementor-col-50 elementor-inner-column elementor-element elementor-element-2cde083\" data-id=\"2cde083\" data-element_type=\"column\" data-e-type=\"column\">\n\t\t\t<div class=\"elementor-widget-wrap elementor-element-populated\">\n\t\t\t\t\t\t<div class=\"elementor-element elementor-element-28e3da5 elementor-widget elementor-widget-image\" data-id=\"28e3da5\" data-element_type=\"widget\" data-e-type=\"widget\" data-widget_type=\"image.default\">\n\t\t\t\t\t\t\t\t\t\t\t\t\t\t\t<img decoding=\"async\" width=\"1024\" height=\"686\" src=\"https:\/\/eastsacredhotel.com\/wp-content\/uploads\/2025\/07\/East-Sacred-Hotel-Beijing-4-1024x686.jpg\" class=\"attachment-large size-large wp-image-5444\" alt=\"\" srcset=\"https:\/\/eastsacredhotel.com\/wp-content\/uploads\/2025\/07\/East-Sacred-Hotel-Beijing-4-1024x686.jpg 1024w, https:\/\/eastsacredhotel.com\/wp-content\/uploads\/2025\/07\/East-Sacred-Hotel-Beijing-4-300x201.jpg 300w, https:\/\/eastsacredhotel.com\/wp-content\/uploads\/2025\/07\/East-Sacred-Hotel-Beijing-4-768x515.jpg 768w, https:\/\/eastsacredhotel.com\/wp-content\/uploads\/2025\/07\/East-Sacred-Hotel-Beijing-4-1536x1029.jpg 1536w, https:\/\/eastsacredhotel.com\/wp-content\/uploads\/2025\/07\/East-Sacred-Hotel-Beijing-4.jpg 1600w\" sizes=\"(max-width: 1024px) 100vw, 1024px\" \/>\t\t\t\t\t\t\t\t\t\t\t\t\t\t\t<\/div>\n\t\t\t\t\t<\/div>\n\t\t<\/div>\n\t\t\t\t<div class=\"elementor-column elementor-col-50 elementor-inner-column elementor-element elementor-element-ccbc7cc\" data-id=\"ccbc7cc\" data-element_type=\"column\" data-e-type=\"column\">\n\t\t\t<div class=\"elementor-widget-wrap elementor-element-populated\">\n\t\t\t\t\t\t<div class=\"elementor-element elementor-element-377ec23 elementor-invisible elementor-widget elementor-widget-heading\" data-id=\"377ec23\" data-element_type=\"widget\" data-e-type=\"widget\" data-settings=\"{&quot;_animation&quot;:&quot;nussFadeInUp&quot;}\" data-widget_type=\"heading.default\">\n\t\t\t\t\t<h3 class=\"elementor-heading-title elementor-size-default\">Un nome che riflette la nostra identit\u00e0 <\/h3>\t\t\t\t<\/div>\n\t\t\t\t<div class=\"elementor-element elementor-element-9956e21 elementor-invisible elementor-widget elementor-widget-text-editor\" data-id=\"9956e21\" data-element_type=\"widget\" data-e-type=\"widget\" data-settings=\"{&quot;_animation&quot;:&quot;nussFadeInUp&quot;}\" data-widget_type=\"text-editor.default\">\n\t\t\t\t\t\t\t\t\t<p data-spm-anchor-id=\"a2ty_o01.29997173.0.i113.1dedc9214ByEdy\">Il nome <strong>\u201cOriente Sacro\u201d <\/strong> Non \u00e8 una scelta a cuor leggero: rappresenta un profondo rispetto per le tradizioni spirituali e filosofiche orientali, in particolare quelle radicate nella cultura cinese. &quot;Sacred&quot; esprime la riverenza che nutriamo per la terra, la sua gente e la saggezza senza tempo racchiusa nelle sue usanze. Simboleggia il nostro impegno nel creare spazi non solo belli, ma anche significativi, dove ogni ospite provi un senso di pace, connessione e ispirazione.<\/p><p data-spm-anchor-id=\"a2ty_o01.29997173.0.i114.1dedc9214ByEdy\">Questa filosofia \u00e8 evidente in tutto ci\u00f2 che facciamo: dall&#039;arredamento interno curato con cura al servizio personalizzato che fa sentire ogni visitatore come a casa.<\/p>\t\t\t\t\t\t\t\t<\/div>\n\t\t\t\t\t<\/div>\n\t\t<\/div>\n\t\t\t\t\t<\/div>\n\t\t<\/section>\n\t\t\t\t<section class=\"elementor-section elementor-inner-section elementor-element elementor-element-c127b44 elementor-section-boxed elementor-section-gap-beside-yes elementor-section-height-default elementor-section-height-default elementor-section-column-vertical-align-stretch\" data-id=\"c127b44\" data-element_type=\"section\" data-e-type=\"section\">\n\t\t\t\t\t\t<div class=\"elementor-container elementor-column-gap-extended\">\n\t\t\t\t\t<div class=\"elementor-column elementor-col-50 elementor-inner-column elementor-element elementor-element-e050279\" data-id=\"e050279\" data-element_type=\"column\" data-e-type=\"column\">\n\t\t\t<div class=\"elementor-widget-wrap elementor-element-populated\">\n\t\t\t\t\t\t<div class=\"elementor-element elementor-element-75973ee elementor-invisible elementor-widget elementor-widget-heading\" data-id=\"75973ee\" data-element_type=\"widget\" data-e-type=\"widget\" data-settings=\"{&quot;_animation&quot;:&quot;nussFadeInUp&quot;}\" data-widget_type=\"heading.default\">\n\t\t\t\t\t<h3 class=\"elementor-heading-title elementor-size-default\">Progettare un santuario per il viaggiatore moderno <\/h3>\t\t\t\t<\/div>\n\t\t\t\t<div class=\"elementor-element elementor-element-818ffa2 elementor-invisible elementor-widget elementor-widget-text-editor\" data-id=\"818ffa2\" data-element_type=\"widget\" data-e-type=\"widget\" data-settings=\"{&quot;_animation&quot;:&quot;nussFadeInUp&quot;}\" data-widget_type=\"text-editor.default\">\n\t\t\t\t\t\t\t\t\t<p data-spm-anchor-id=\"a2ty_o01.29997173.0.i108.1dedc9214ByEdy\">Fin dall&#039;inizio, la nostra missione \u00e8 stata chiara: offrire un&#039;esperienza di viaggio che vada oltre l&#039;ordinario. Piuttosto che seguire le tendenze del mercato di massa, abbiamo scelto di concentrarci su <strong>autenticit\u00e0, artigianalit\u00e0 e sostenibilit\u00e0 <\/strong>.<\/p><p data-spm-anchor-id=\"a2ty_o01.29997173.0.i107.1dedc9214ByEdy\">Ogni camera e suite \u00e8 stata progettata non solo per dormire, ma per vivere un&#039;esperienza. Artigiani locali sono stati impiegati per realizzare a mano molti degli elementi interni, tra cui mobili su misura, tessuti ricamati e accenti decorativi ispirati ai motivi classici cinesi. Anche la disposizione dell&#039;hotel segue i principi di <strong>case tradizionali a corte (Siheyuan) <\/strong>, creando un senso di privacy, tranquillit\u00e0 e comunit\u00e0.<\/p><p data-spm-anchor-id=\"a2ty_o01.29997173.0.i109.1dedc9214ByEdy\">Questo approccio ponderato al design ha reso <strong>Hotel Sacro Orientale <\/strong> uno dei preferiti dai viaggiatori che cercano connessioni significative con i luoghi che visitano, non solo come turisti, ma come esploratori della cultura.<\/p>\t\t\t\t\t\t\t\t<\/div>\n\t\t\t\t\t<\/div>\n\t\t<\/div>\n\t\t\t\t<div class=\"elementor-column elementor-col-50 elementor-inner-column elementor-element elementor-element-6cab6d3\" data-id=\"6cab6d3\" data-element_type=\"column\" data-e-type=\"column\">\n\t\t\t<div class=\"elementor-widget-wrap elementor-element-populated\">\n\t\t\t\t\t\t<div class=\"elementor-element elementor-element-03b3301 elementor-widget elementor-widget-image\" data-id=\"03b3301\" data-element_type=\"widget\" data-e-type=\"widget\" data-widget_type=\"image.default\">\n\t\t\t\t\t\t\t\t\t\t\t\t\t\t\t<img decoding=\"async\" width=\"1024\" height=\"683\" src=\"https:\/\/eastsacredhotel.com\/wp-content\/uploads\/2025\/07\/East-Sacred-Hotel-Beijing-57-1024x683.jpg\" class=\"attachment-large size-large wp-image-5422\" alt=\"\" srcset=\"https:\/\/eastsacredhotel.com\/wp-content\/uploads\/2025\/07\/East-Sacred-Hotel-Beijing-57-1024x683.jpg 1024w, https:\/\/eastsacredhotel.com\/wp-content\/uploads\/2025\/07\/East-Sacred-Hotel-Beijing-57-300x200.jpg 300w, https:\/\/eastsacredhotel.com\/wp-content\/uploads\/2025\/07\/East-Sacred-Hotel-Beijing-57-768x512.jpg 768w, https:\/\/eastsacredhotel.com\/wp-content\/uploads\/2025\/07\/East-Sacred-Hotel-Beijing-57-1536x1024.jpg 1536w, https:\/\/eastsacredhotel.com\/wp-content\/uploads\/2025\/07\/East-Sacred-Hotel-Beijing-57.jpg 1600w\" sizes=\"(max-width: 1024px) 100vw, 1024px\" \/>\t\t\t\t\t\t\t\t\t\t\t\t\t\t\t<\/div>\n\t\t\t\t\t<\/div>\n\t\t<\/div>\n\t\t\t\t\t<\/div>\n\t\t<\/section>\n\t\t\t\t<section class=\"elementor-section elementor-inner-section elementor-element elementor-element-60124f0 elementor-section-boxed elementor-section-gap-beside-yes elementor-section-height-default elementor-section-height-default elementor-section-column-vertical-align-stretch\" data-id=\"60124f0\" data-element_type=\"section\" data-e-type=\"section\">\n\t\t\t\t\t\t<div class=\"elementor-container elementor-column-gap-extended\">\n\t\t\t\t\t<div class=\"elementor-column elementor-col-50 elementor-inner-column elementor-element elementor-element-98bc148\" data-id=\"98bc148\" data-element_type=\"column\" data-e-type=\"column\">\n\t\t\t<div class=\"elementor-widget-wrap elementor-element-populated\">\n\t\t\t\t\t\t<div class=\"elementor-element elementor-element-c2a2c4a elementor-widget elementor-widget-image\" data-id=\"c2a2c4a\" data-element_type=\"widget\" data-e-type=\"widget\" data-widget_type=\"image.default\">\n\t\t\t\t\t\t\t\t\t\t\t\t\t\t\t<img decoding=\"async\" width=\"1024\" height=\"686\" src=\"https:\/\/eastsacredhotel.com\/wp-content\/uploads\/2025\/07\/East-Sacred-Hotel-Beijing-4-1024x686.jpg\" class=\"attachment-large size-large wp-image-5444\" alt=\"\" srcset=\"https:\/\/eastsacredhotel.com\/wp-content\/uploads\/2025\/07\/East-Sacred-Hotel-Beijing-4-1024x686.jpg 1024w, https:\/\/eastsacredhotel.com\/wp-content\/uploads\/2025\/07\/East-Sacred-Hotel-Beijing-4-300x201.jpg 300w, https:\/\/eastsacredhotel.com\/wp-content\/uploads\/2025\/07\/East-Sacred-Hotel-Beijing-4-768x515.jpg 768w, https:\/\/eastsacredhotel.com\/wp-content\/uploads\/2025\/07\/East-Sacred-Hotel-Beijing-4-1536x1029.jpg 1536w, https:\/\/eastsacredhotel.com\/wp-content\/uploads\/2025\/07\/East-Sacred-Hotel-Beijing-4.jpg 1600w\" sizes=\"(max-width: 1024px) 100vw, 1024px\" \/>\t\t\t\t\t\t\t\t\t\t\t\t\t\t\t<\/div>\n\t\t\t\t\t<\/div>\n\t\t<\/div>\n\t\t\t\t<div class=\"elementor-column elementor-col-50 elementor-inner-column elementor-element elementor-element-6b06576\" data-id=\"6b06576\" data-element_type=\"column\" data-e-type=\"column\">\n\t\t\t<div class=\"elementor-widget-wrap elementor-element-populated\">\n\t\t\t\t\t\t<div class=\"elementor-element elementor-element-166c3f0 elementor-invisible elementor-widget elementor-widget-heading\" data-id=\"166c3f0\" data-element_type=\"widget\" data-e-type=\"widget\" data-settings=\"{&quot;_animation&quot;:&quot;nussFadeInUp&quot;}\" data-widget_type=\"heading.default\">\n\t\t\t\t\t<h3 class=\"elementor-heading-title elementor-size-default\">Costruire un&#039;eredit\u00e0 di calore e ospitalit\u00e0 <\/h3>\t\t\t\t<\/div>\n\t\t\t\t<div class=\"elementor-element elementor-element-e7f6d91 elementor-invisible elementor-widget elementor-widget-text-editor\" data-id=\"e7f6d91\" data-element_type=\"widget\" data-e-type=\"widget\" data-settings=\"{&quot;_animation&quot;:&quot;nussFadeInUp&quot;}\" data-widget_type=\"text-editor.default\">\n\t\t\t\t\t\t\t\t\t<p data-spm-anchor-id=\"a2ty_o01.29997173.0.i112.1dedc9214ByEdy\">Nel corso degli anni, abbiamo accolto ospiti da ogni angolo del mondo: professionisti, avventurieri curiosi, amanti dell&#039;arte, storici e famiglie in cerca di una conoscenza pi\u00f9 approfondita della capitale cinese. Ogni ospite porta con s\u00e9 la propria storia e siamo orgogliosi di essere parte integrante del racconto del loro viaggio.<\/p><p data-spm-anchor-id=\"a2ty_o01.29997173.0.i111.1dedc9214ByEdy\">Il nostro team, formato sia negli standard di servizio internazionali che nell&#039;etichetta tradizionale cinese, si impegna a far sentire ogni ospite non solo accolto, ma anche genuinamente curato. Che si tratti di consigliarvi una perla nascosta in una sala da t\u00e8 nelle vicinanze, di aiutarvi a orientarvi nella metropolitana o semplicemente di offrirvi un caloroso sorriso all&#039;arrivo, il nostro staff incarna lo spirito di <strong>ospitalit\u00e0 con cuore <\/strong>.<\/p>\t\t\t\t\t\t\t\t<\/div>\n\t\t\t\t\t<\/div>\n\t\t<\/div>\n\t\t\t\t\t<\/div>\n\t\t<\/section>\n\t\t\t\t\t<\/div>\n\t\t<\/div>\n\t\t\t\t\t<\/div>\n\t\t<\/section>\n\t\t\t\t<\/div>","protected":false},"excerpt":{"rendered":"<p>We are more than just a boutique hotel\u2014we are a living narrative that bridges centuries-old traditions with contemporary comfort, offering guests a unique opportunity to experience the soul of Beijing in an environment that celebrates both history and innovation. Humble Beginnings Rooted in Cultural Respect The idea for East Sacred Hotel was born from a [&hellip;]<\/p>\n","protected":false},"author":1,"featured_media":0,"parent":0,"menu_order":0,"comment_status":"closed","ping_status":"closed","template":"","meta":{"footnotes":""},"class_list":["post-2104","page","type-page","status-publish","hentry","post-no-thumbnail"],"_links":{"self":[{"href":"https:\/\/eastsacredhotel.com\/it\/wp-json\/wp\/v2\/pages\/2104","targetHints":{"allow":["GET"]}}],"collection":[{"href":"https:\/\/eastsacredhotel.com\/it\/wp-json\/wp\/v2\/pages"}],"about":[{"href":"https:\/\/eastsacredhotel.com\/it\/wp-json\/wp\/v2\/types\/page"}],"author":[{"embeddable":true,"href":"https:\/\/eastsacredhotel.com\/it\/wp-json\/wp\/v2\/users\/1"}],"replies":[{"embeddable":true,"href":"https:\/\/eastsacredhotel.com\/it\/wp-json\/wp\/v2\/comments?post=2104"}],"version-history":[{"count":0,"href":"https:\/\/eastsacredhotel.com\/it\/wp-json\/wp\/v2\/pages\/2104\/revisions"}],"wp:attachment":[{"href":"https:\/\/eastsacredhotel.com\/it\/wp-json\/wp\/v2\/media?parent=2104"}],"curies":[{"name":"wp","href":"https:\/\/api.w.org\/{rel}","templated":true}]}}