{"id":2106,"date":"2021-03-25T04:08:26","date_gmt":"2021-03-25T04:08:26","guid":{"rendered":"http:\/\/localhost\/nuss\/?page_id=298"},"modified":"2025-12-04T10:40:36","modified_gmt":"2025-12-04T10:40:36","slug":"esperienze","status":"publish","type":"page","link":"https:\/\/eastsacredhotel.com\/it\/esperienze\/","title":{"rendered":"Esperienze e recensioni dei clienti"},"content":{"rendered":"<div data-elementor-type=\"wp-page\" data-elementor-id=\"2106\" class=\"elementor elementor-2106\">\n\t\t\t\t\t\t<section class=\"elementor-section elementor-top-section elementor-element elementor-element-1954ffc elementor-section-boxed elementor-section-gap-beside-yes elementor-section-height-default elementor-section-height-default elementor-section-column-vertical-align-stretch\" data-id=\"1954ffc\" data-element_type=\"section\" data-e-type=\"section\">\n\t\t\t\t\t\t<div class=\"elementor-container elementor-column-gap-extended\">\n\t\t\t\t\t<div class=\"elementor-column elementor-col-100 elementor-top-column elementor-element elementor-element-86aebc5\" data-id=\"86aebc5\" data-element_type=\"column\" data-e-type=\"column\">\n\t\t\t<div class=\"elementor-widget-wrap elementor-element-populated\">\n\t\t\t\t\t\t<div class=\"elementor-element elementor-element-11803d1 elementor-widget__width-initial elementor-invisible elementor-widget elementor-widget-text-editor\" data-id=\"11803d1\" data-element_type=\"widget\" data-e-type=\"widget\" data-settings=\"{&quot;_animation&quot;:&quot;nussFadeInUp&quot;}\" data-widget_type=\"text-editor.default\">\n\t\t\t\t\t\t\t\t\t<p>Scopri cosa dicono gli ospiti dell&#039;East Sacred Hotel: una raccolta di esperienze e recensioni reali dei clienti<\/p>\t\t\t\t\t\t\t\t<\/div>\n\t\t\t\t<div class=\"elementor-element elementor-element-be7ac48 elementor-widget elementor-widget-text-editor\" data-id=\"be7ac48\" data-element_type=\"widget\" data-e-type=\"widget\" data-widget_type=\"text-editor.default\">\n\t\t\t\t\t\t\t\t\t<p data-spm-anchor-id=\"a2ty_o01.29997173.0.i61.1dedc9214ByEdy\">A <strong data-spm-anchor-id=\"a2ty_o01.29997173.0.i63.1dedc9214ByEdy\">Hotel Sacro Orientale <\/strong>, situato a <strong data-spm-anchor-id=\"a2ty_o01.29997173.0.i62.1dedc9214ByEdy\">No. 33 Jia, No. 3 Street, Dongdan, distretto di Dongcheng, Pechino, Cina <\/strong>Crediamo che la vera essenza della nostra ospitalit\u00e0 si rifletta al meglio nelle voci dei nostri ospiti. Immerso in uno dei quartieri di Pechino pi\u00f9 ricchi di cultura e comodamente collegati, il nostro boutique hotel offre un mix unico di <strong>comfort moderno, eleganza tradizionale e servizio personalizzato <\/strong>\u2014rendendolo la scelta preferita sia dai viaggiatori d&#039;affari che da quelli di piacere.<\/p><p data-spm-anchor-id=\"a2ty_o01.29997173.0.i67.1dedc9214ByEdy\">Nel corso degli anni, l&#039;East Sacred Hotel ha raccolto un numero crescente di <strong data-spm-anchor-id=\"a2ty_o01.29997173.0.i66.1dedc9214ByEdy\">recensioni positive sulle principali piattaforme di viaggio <\/strong> ad esempio <strong>TripAdvisor.com <\/strong>, <strong>Prenotazione.com <\/strong>, <strong>Expedia <\/strong>e altri importanti <strong>Agenzie di viaggio online (OTA) <\/strong>Queste recensioni non solo evidenziano il nostro impegno verso l&#039;eccellenza, ma offrono anche preziosi spunti su ci\u00f2 che rende un soggiorno qui davvero indimenticabile.<\/p>\t\t\t\t\t\t\t\t<\/div>\n\t\t\t\t\t<\/div>\n\t\t<\/div>\n\t\t\t\t\t<\/div>\n\t\t<\/section>\n\t\t\t\t<section class=\"elementor-section elementor-top-section elementor-element elementor-element-b2344ff elementor-section-gap-beside-no elementor-section-boxed elementor-section-height-default elementor-section-height-default elementor-section-column-vertical-align-stretch\" data-id=\"b2344ff\" data-element_type=\"section\" data-e-type=\"section\">\n\t\t\t\t\t\t<div class=\"elementor-container elementor-column-gap-extended\">\n\t\t\t\t\t<div class=\"elementor-column elementor-col-50 elementor-top-column elementor-element elementor-element-4698ec8\" data-id=\"4698ec8\" data-element_type=\"column\" data-e-type=\"column\">\n\t\t\t<div class=\"elementor-widget-wrap elementor-element-populated\">\n\t\t\t\t\t\t<div class=\"elementor-element elementor-element-88e5290 elementor-invisible nuss-elementor-loading nuss-slide-in-right elementor-widget elementor-widget-image\" data-id=\"88e5290\" data-element_type=\"widget\" data-e-type=\"widget\" data-settings=\"{&quot;_animation&quot;:&quot;nussSlideInRight&quot;}\" data-widget_type=\"image.default\">\n\t\t\t\t\t\t\t\t\t\t\t\t\t\t\t<img fetchpriority=\"high\" decoding=\"async\" width=\"1600\" height=\"1067\" src=\"https:\/\/eastsacredhotel.com\/wp-content\/uploads\/2025\/07\/East-Sacred-Hotel-Beijing-30.jpg\" class=\"attachment-full size-full wp-image-5475\" alt=\"\" srcset=\"https:\/\/eastsacredhotel.com\/wp-content\/uploads\/2025\/07\/East-Sacred-Hotel-Beijing-30.jpg 1600w, https:\/\/eastsacredhotel.com\/wp-content\/uploads\/2025\/07\/East-Sacred-Hotel-Beijing-30-300x200.jpg 300w, https:\/\/eastsacredhotel.com\/wp-content\/uploads\/2025\/07\/East-Sacred-Hotel-Beijing-30-1024x683.jpg 1024w, https:\/\/eastsacredhotel.com\/wp-content\/uploads\/2025\/07\/East-Sacred-Hotel-Beijing-30-768x512.jpg 768w, https:\/\/eastsacredhotel.com\/wp-content\/uploads\/2025\/07\/East-Sacred-Hotel-Beijing-30-1536x1024.jpg 1536w\" sizes=\"(max-width: 1600px) 100vw, 1600px\" \/>\t\t\t\t\t\t\t\t\t\t\t\t\t\t\t<\/div>\n\t\t\t\t\t<\/div>\n\t\t<\/div>\n\t\t\t\t<div class=\"elementor-column elementor-col-50 elementor-top-column elementor-element elementor-element-4b9e677\" data-id=\"4b9e677\" data-element_type=\"column\" data-e-type=\"column\">\n\t\t\t<div class=\"elementor-widget-wrap elementor-element-populated\">\n\t\t\t\t\t\t<div class=\"elementor-element elementor-element-fd82a54 elementor-invisible elementor-widget elementor-widget-heading\" data-id=\"fd82a54\" data-element_type=\"widget\" data-e-type=\"widget\" data-settings=\"{&quot;_animation&quot;:&quot;nussFadeInUp&quot;}\" data-widget_type=\"heading.default\">\n\t\t\t\t\t<h3 class=\"elementor-heading-title elementor-size-default\">Una scelta preferita dai viaggiatori pi\u00f9 esigenti <\/h3>\t\t\t\t<\/div>\n\t\t\t\t<div class=\"elementor-element elementor-element-bc0b7e2 elementor-invisible elementor-widget elementor-widget-text-editor\" data-id=\"bc0b7e2\" data-element_type=\"widget\" data-e-type=\"widget\" data-settings=\"{&quot;_animation&quot;:&quot;nussFadeInUp&quot;}\" data-widget_type=\"text-editor.default\">\n\t\t\t\t\t\t\t\t\t<p data-spm-anchor-id=\"a2ty_o01.29997173.0.i69.1dedc9214ByEdy\">Con valutazioni costantemente elevate e un flusso costante di testimonianze entusiastiche, <strong>Hotel Sacro Orientale <\/strong> si \u00e8 costruito una reputazione per la consegna <strong>valore eccezionale, fascino autentico e servizio di alto livello <\/strong>Molti ospiti elogiano l&#039;hotel per la sua <strong>posizione strategica <\/strong>, <strong>design ponderato <\/strong>, E <strong data-spm-anchor-id=\"a2ty_o01.29997173.0.i70.1dedc9214ByEdy\">personale attento <\/strong>, che insieme creano un&#039;atmosfera che risulta allo stesso tempo lussuosa e accogliente.<\/p><div class=\"my-2\">\u00a0<\/div><p>SU <strong>TripAdvisor <\/strong>, un recente recensore ha scritto:<\/p><blockquote><p><em data-spm-anchor-id=\"a2ty_o01.29997173.0.i72.1dedc9214ByEdy\">Che gioiello! L&#039;East Sacred Hotel ha superato tutte le mie aspettative. La camera era spaziosa, pulita e splendidamente arredata con tocchi tradizionali. La posizione \u00e8 perfetta: a pochi minuti da Wangfujing e con facile accesso a Piazza Tienanmen e alla Citt\u00e0 Proibita. Ho particolarmente apprezzato la cortesia e la disponibilit\u00e0 del personale. Ci tornerei sicuramente! <\/em><\/p><\/blockquote><p>Un altro ospite ha aggiunto:<\/p><blockquote><p data-spm-anchor-id=\"a2ty_o01.29997173.0.i71.1dedc9214ByEdy\"><em>Questo hotel rappresenta il perfetto equilibrio tra modernit\u00e0 e tradizione. L&#039;atmosfera \u00e8 tranquilla, la colazione deliziosa e il servizio \u00e8 stato tra i migliori che abbia mai sperimentato in Asia. <\/em><\/p><\/blockquote>\t\t\t\t\t\t\t\t<\/div>\n\t\t\t\t\t<\/div>\n\t\t<\/div>\n\t\t\t\t\t<\/div>\n\t\t<\/section>\n\t\t\t\t<section class=\"elementor-section elementor-top-section elementor-element elementor-element-575fc68 elementor-section-gap-beside-no elementor-section-boxed elementor-section-height-default elementor-section-height-default elementor-section-column-vertical-align-stretch\" data-id=\"575fc68\" data-element_type=\"section\" data-e-type=\"section\">\n\t\t\t\t\t\t<div class=\"elementor-container elementor-column-gap-extended\">\n\t\t\t\t\t<div class=\"elementor-column elementor-col-50 elementor-top-column elementor-element elementor-element-dd03a56\" data-id=\"dd03a56\" data-element_type=\"column\" data-e-type=\"column\">\n\t\t\t<div class=\"elementor-widget-wrap elementor-element-populated\">\n\t\t\t\t\t\t<div class=\"elementor-element elementor-element-78ab5be elementor-invisible nuss-elementor-loading nuss-slide-in-right elementor-widget elementor-widget-image\" data-id=\"78ab5be\" data-element_type=\"widget\" data-e-type=\"widget\" data-settings=\"{&quot;_animation&quot;:&quot;nussSlideInRight&quot;}\" data-widget_type=\"image.default\">\n\t\t\t\t\t\t\t\t\t\t\t\t\t\t\t<img decoding=\"async\" width=\"1600\" height=\"1254\" src=\"https:\/\/eastsacredhotel.com\/wp-content\/uploads\/2025\/07\/East-Sacred-Hotel-Beijing-66.jpg\" class=\"attachment-full size-full wp-image-5443\" alt=\"\" srcset=\"https:\/\/eastsacredhotel.com\/wp-content\/uploads\/2025\/07\/East-Sacred-Hotel-Beijing-66.jpg 1600w, https:\/\/eastsacredhotel.com\/wp-content\/uploads\/2025\/07\/East-Sacred-Hotel-Beijing-66-300x235.jpg 300w, https:\/\/eastsacredhotel.com\/wp-content\/uploads\/2025\/07\/East-Sacred-Hotel-Beijing-66-1024x803.jpg 1024w, https:\/\/eastsacredhotel.com\/wp-content\/uploads\/2025\/07\/East-Sacred-Hotel-Beijing-66-768x602.jpg 768w, https:\/\/eastsacredhotel.com\/wp-content\/uploads\/2025\/07\/East-Sacred-Hotel-Beijing-66-1536x1204.jpg 1536w\" sizes=\"(max-width: 1600px) 100vw, 1600px\" \/>\t\t\t\t\t\t\t\t\t\t\t\t\t\t\t<\/div>\n\t\t\t\t\t<\/div>\n\t\t<\/div>\n\t\t\t\t<div class=\"elementor-column elementor-col-50 elementor-top-column elementor-element elementor-element-364a6b2\" data-id=\"364a6b2\" data-element_type=\"column\" data-e-type=\"column\">\n\t\t\t<div class=\"elementor-widget-wrap elementor-element-populated\">\n\t\t\t\t\t\t<div class=\"elementor-element elementor-element-e60cb65 elementor-invisible elementor-widget elementor-widget-heading\" data-id=\"e60cb65\" data-element_type=\"widget\" data-e-type=\"widget\" data-settings=\"{&quot;_animation&quot;:&quot;nussFadeInUp&quot;}\" data-widget_type=\"heading.default\">\n\t\t\t\t\t<h3 class=\"elementor-heading-title elementor-size-default\">Un servizio eccezionale che lascia un&#039;impressione duratura <\/h3>\t\t\t\t<\/div>\n\t\t\t\t<div class=\"elementor-element elementor-element-ccbb94d elementor-invisible elementor-widget elementor-widget-text-editor\" data-id=\"ccbb94d\" data-element_type=\"widget\" data-e-type=\"widget\" data-settings=\"{&quot;_animation&quot;:&quot;nussFadeInUp&quot;}\" data-widget_type=\"text-editor.default\">\n\t\t\t\t\t\t\t\t\t<p>Uno degli aspetti pi\u00f9 frequentemente menzionati nelle recensioni dei clienti \u00e8 il nostro <strong>personale dedicato e multilingue <\/strong>, che si impegna al massimo per garantire che ogni ospite si senta accolto e coccolato. Dal check-in impeccabile all&#039;assistenza bagagli, fino all&#039;offerta di consigli locali e all&#039;organizzazione di tour, il nostro team gioca un ruolo fondamentale nel rendere i soggiorni indimenticabili.<\/p><div class=\"my-2\">\u00a0<\/div><p>Una recensione a 5 stelle su <strong>Prenotazione.com <\/strong> si legge:<\/p><blockquote><p><em>Il personale della reception merita una menzione speciale: hanno organizzato tutto, dal trasferimento aeroportuale ai biglietti per la Grande Muraglia. Non ci siamo mai sentiti come i soliti turisti; \u00e8 stato pi\u00f9 come stare a casa di amici che volevano davvero che ci godessimo Pechino. <\/em><\/p><\/blockquote><p data-spm-anchor-id=\"a2ty_o01.29997173.0.i74.1dedc9214ByEdy\">Un entusiasta recensore di Google ha espresso sentimenti simili:<\/p><blockquote><p data-spm-anchor-id=\"a2ty_o01.29997173.0.i76.1dedc9214ByEdy\"><em>&quot;Un servizio clienti eccezionale! Mi hanno persino aiutato a recuperare un oggetto smarrito dopo il check-out. Ormai non ci sono pi\u00f9 molti hotel che si impegnano cos\u00ec tanto.&quot; <\/em><\/p><\/blockquote>\t\t\t\t\t\t\t\t<\/div>\n\t\t\t\t\t<\/div>\n\t\t<\/div>\n\t\t\t\t\t<\/div>\n\t\t<\/section>\n\t\t\t\t<section class=\"elementor-section elementor-top-section elementor-element elementor-element-7853fd5 elementor-section-gap-beside-no elementor-section-boxed elementor-section-height-default elementor-section-height-default elementor-section-column-vertical-align-stretch\" data-id=\"7853fd5\" data-element_type=\"section\" data-e-type=\"section\">\n\t\t\t\t\t\t<div class=\"elementor-container elementor-column-gap-extended\">\n\t\t\t\t\t<div class=\"elementor-column elementor-col-50 elementor-top-column elementor-element elementor-element-9a8fa64\" data-id=\"9a8fa64\" data-element_type=\"column\" data-e-type=\"column\">\n\t\t\t<div class=\"elementor-widget-wrap elementor-element-populated\">\n\t\t\t\t\t\t<div class=\"elementor-element elementor-element-6f7d3f1 elementor-invisible nuss-elementor-loading nuss-slide-in-right elementor-widget elementor-widget-image\" data-id=\"6f7d3f1\" data-element_type=\"widget\" data-e-type=\"widget\" data-settings=\"{&quot;_animation&quot;:&quot;nussSlideInRight&quot;}\" data-widget_type=\"image.default\">\n\t\t\t\t\t\t\t\t\t\t\t\t\t\t\t<img decoding=\"async\" width=\"1600\" height=\"1067\" src=\"https:\/\/eastsacredhotel.com\/wp-content\/uploads\/2025\/07\/East-Sacred-Hotel-Beijing-58.jpg\" class=\"attachment-full size-full wp-image-5410\" alt=\"\" srcset=\"https:\/\/eastsacredhotel.com\/wp-content\/uploads\/2025\/07\/East-Sacred-Hotel-Beijing-58.jpg 1600w, https:\/\/eastsacredhotel.com\/wp-content\/uploads\/2025\/07\/East-Sacred-Hotel-Beijing-58-300x200.jpg 300w, https:\/\/eastsacredhotel.com\/wp-content\/uploads\/2025\/07\/East-Sacred-Hotel-Beijing-58-1024x683.jpg 1024w, https:\/\/eastsacredhotel.com\/wp-content\/uploads\/2025\/07\/East-Sacred-Hotel-Beijing-58-768x512.jpg 768w, https:\/\/eastsacredhotel.com\/wp-content\/uploads\/2025\/07\/East-Sacred-Hotel-Beijing-58-1536x1024.jpg 1536w\" sizes=\"(max-width: 1600px) 100vw, 1600px\" \/>\t\t\t\t\t\t\t\t\t\t\t\t\t\t\t<\/div>\n\t\t\t\t\t<\/div>\n\t\t<\/div>\n\t\t\t\t<div class=\"elementor-column elementor-col-50 elementor-top-column elementor-element elementor-element-abd874b\" data-id=\"abd874b\" data-element_type=\"column\" data-e-type=\"column\">\n\t\t\t<div class=\"elementor-widget-wrap elementor-element-populated\">\n\t\t\t\t\t\t<div class=\"elementor-element elementor-element-9ae1d53 elementor-invisible elementor-widget elementor-widget-heading\" data-id=\"9ae1d53\" data-element_type=\"widget\" data-e-type=\"widget\" data-settings=\"{&quot;_animation&quot;:&quot;nussFadeInUp&quot;}\" data-widget_type=\"heading.default\">\n\t\t\t\t\t<h3 class=\"elementor-heading-title elementor-size-default\">La comodit\u00e0 incontra la cultura nel cuore di Pechino <\/h3>\t\t\t\t<\/div>\n\t\t\t\t<div class=\"elementor-element elementor-element-a80ff28 elementor-invisible elementor-widget elementor-widget-text-editor\" data-id=\"a80ff28\" data-element_type=\"widget\" data-e-type=\"widget\" data-settings=\"{&quot;_animation&quot;:&quot;nussFadeInUp&quot;}\" data-widget_type=\"text-editor.default\">\n\t\t\t\t\t\t\t\t\t<p data-spm-anchor-id=\"a2ty_o01.29997173.0.i78.1dedc9214ByEdy\">Situato nel <strong>Zona di Dongdan del distretto di Dongcheng <\/strong>, l&#039;East Sacred Hotel gode di una posizione privilegiata che consente agli ospiti di raggiungere facilmente <strong>I monumenti pi\u00f9 iconici di Pechino <\/strong>\u2014incluso <strong>Piazza Tienanmen, la Citt\u00e0 Proibita, il Parco Beihai e la via Wangfujing <\/strong>Questa posizione imbattibile continua a essere una meta privilegiata per i viaggiatori che cercano sia un&#039;immersione culturale sia la comodit\u00e0 della citt\u00e0.<\/p><div class=\"my-2\">\u00a0<\/div><p>Un utente di TripAdvisor ha osservato:<\/p><blockquote><p><em>&quot;Non si potrebbe desiderare una posizione migliore. Abbiamo visitato diversi siti storici ogni giorno e siamo tornati per rilassarci in un hotel tranquillo e dal design splendido. \u00c8 il mix perfetto di autenticit\u00e0 e comfort.&quot; <\/em><\/p><\/blockquote><p>Un altro ospite su <strong>Agoda <\/strong> aggiunto:<\/p><blockquote><p data-spm-anchor-id=\"a2ty_o01.29997173.0.i79.1dedc9214ByEdy\"><em>&quot;Abbiamo apprezzato la vicinanza alle principali attrazioni, senza dover affrontare mezzi di trasporto affollati. Eppure, l&#039;hotel in s\u00e9 era tranquillo e rilassante: proprio quello che ci vuole dopo una lunga giornata di visite turistiche.&quot; <\/em><\/p><\/blockquote>\t\t\t\t\t\t\t\t<\/div>\n\t\t\t\t\t<\/div>\n\t\t<\/div>\n\t\t\t\t\t<\/div>\n\t\t<\/section>\n\t\t\t\t<section class=\"elementor-section elementor-top-section elementor-element elementor-element-9044336 elementor-section-gap-beside-no elementor-section-boxed elementor-section-height-default elementor-section-height-default elementor-section-column-vertical-align-stretch\" data-id=\"9044336\" data-element_type=\"section\" data-e-type=\"section\">\n\t\t\t\t\t\t<div class=\"elementor-container elementor-column-gap-extended\">\n\t\t\t\t\t<div class=\"elementor-column elementor-col-50 elementor-top-column elementor-element elementor-element-813ad3e\" data-id=\"813ad3e\" data-element_type=\"column\" data-e-type=\"column\">\n\t\t\t<div class=\"elementor-widget-wrap elementor-element-populated\">\n\t\t\t\t\t\t<div class=\"elementor-element elementor-element-650e526 elementor-invisible nuss-elementor-loading nuss-slide-in-right elementor-widget elementor-widget-image\" data-id=\"650e526\" data-element_type=\"widget\" data-e-type=\"widget\" data-settings=\"{&quot;_animation&quot;:&quot;nussSlideInRight&quot;}\" data-widget_type=\"image.default\">\n\t\t\t\t\t\t\t\t\t\t\t\t\t\t\t<img loading=\"lazy\" decoding=\"async\" width=\"1600\" height=\"1086\" src=\"https:\/\/eastsacredhotel.com\/wp-content\/uploads\/2025\/07\/East-Sacred-Hotel-Beijing-49.jpg\" class=\"attachment-full size-full wp-image-5434\" alt=\"\" srcset=\"https:\/\/eastsacredhotel.com\/wp-content\/uploads\/2025\/07\/East-Sacred-Hotel-Beijing-49.jpg 1600w, https:\/\/eastsacredhotel.com\/wp-content\/uploads\/2025\/07\/East-Sacred-Hotel-Beijing-49-300x204.jpg 300w, https:\/\/eastsacredhotel.com\/wp-content\/uploads\/2025\/07\/East-Sacred-Hotel-Beijing-49-1024x695.jpg 1024w, https:\/\/eastsacredhotel.com\/wp-content\/uploads\/2025\/07\/East-Sacred-Hotel-Beijing-49-768x521.jpg 768w, https:\/\/eastsacredhotel.com\/wp-content\/uploads\/2025\/07\/East-Sacred-Hotel-Beijing-49-1536x1043.jpg 1536w\" sizes=\"(max-width: 1600px) 100vw, 1600px\" \/>\t\t\t\t\t\t\t\t\t\t\t\t\t\t\t<\/div>\n\t\t\t\t\t<\/div>\n\t\t<\/div>\n\t\t\t\t<div class=\"elementor-column elementor-col-50 elementor-top-column elementor-element elementor-element-4e24363\" data-id=\"4e24363\" data-element_type=\"column\" data-e-type=\"column\">\n\t\t\t<div class=\"elementor-widget-wrap elementor-element-populated\">\n\t\t\t\t\t\t<div class=\"elementor-element elementor-element-d315bbe elementor-invisible elementor-widget elementor-widget-heading\" data-id=\"d315bbe\" data-element_type=\"widget\" data-e-type=\"widget\" data-settings=\"{&quot;_animation&quot;:&quot;nussFadeInUp&quot;}\" data-widget_type=\"heading.default\">\n\t\t\t\t\t<h3 class=\"elementor-heading-title elementor-size-default\">Camere progettate con cura per il massimo comfort <\/h3>\t\t\t\t<\/div>\n\t\t\t\t<div class=\"elementor-element elementor-element-607c4ef elementor-invisible elementor-widget elementor-widget-text-editor\" data-id=\"607c4ef\" data-element_type=\"widget\" data-e-type=\"widget\" data-settings=\"{&quot;_animation&quot;:&quot;nussFadeInUp&quot;}\" data-widget_type=\"text-editor.default\">\n\t\t\t\t\t\t\t\t\t<p data-spm-anchor-id=\"a2ty_o01.29997173.0.i81.1dedc9214ByEdy\">Gli ospiti spesso commentano il <strong>interni eleganti, biancheria da letto lussuosa e attenzione ai dettagli <\/strong> in ogni camera e suite. Che viaggiate da soli, in coppia o con la famiglia, i visitatori apprezzano il <strong>spazi spaziosi, comfort moderni e atmosfera calda <\/strong> che fanno s\u00ec che il soggiorno sia percepito come un ritiro piuttosto che come una semplice sosta.<\/p><div class=\"my-2\">\u00a0<\/div><p>Un ospite recente su <strong>Hotels.com <\/strong> condiviso:<\/p><blockquote><p><em>La camera era spaziosa, pulita e arredata con gusto. Ho apprezzato molto l&#039;illuminazione soffusa e i tocchi tradizionali nell&#039;arredamento. Ho apprezzato anche l&#039;acqua in bottiglia gratuita, le pantofole e la connessione internet superveloce, perfetta per lavorare e divertirsi. <\/em><\/p><\/blockquote><p>Un altro viaggiatore ha elogiato la pulizia e il comfort dell&#039;hotel:<\/p><blockquote><p data-spm-anchor-id=\"a2ty_o01.29997173.0.i82.1dedc9214ByEdy\"><em data-spm-anchor-id=\"a2ty_o01.29997173.0.i83.1dedc9214ByEdy\">Ho soggiornato in molti hotel in tutta l&#039;Asia, e questo si distingue per i suoi standard impeccabili e il design curato nei minimi dettagli. Ogni dettaglio, dai prodotti da bagno al set da t\u00e8, \u00e8 stato scelto con cura. <\/em><\/p><\/blockquote>\t\t\t\t\t\t\t\t<\/div>\n\t\t\t\t\t<\/div>\n\t\t<\/div>\n\t\t\t\t\t<\/div>\n\t\t<\/section>\n\t\t<div class=\"elementor-element elementor-element-9689d1f e-flex e-con-boxed e-con e-parent\" data-id=\"9689d1f\" data-element_type=\"container\" data-e-type=\"container\">\n\t\t\t\t\t<div class=\"e-con-inner\">\n\t\t\t\t<div class=\"elementor-element elementor-element-5687c27 elementor-widget elementor-widget-nuss-heading\" data-id=\"5687c27\" data-element_type=\"widget\" data-e-type=\"widget\" data-widget_type=\"nuss-heading.default\">\n\t\t\t\t<div class=\"elementor-widget-container\">\n\t\t\t\t\t\t\t<div class=\"nuss-modern-heading\">\r\n\t\t\t\t\t\t<div class=\"heading-secondary-wrap\">\r\n\t\t\t\t<h3 class=\"heading-secondary elementor-heading-title\">Perch\u00e9 i viaggiatori continuano a tornare <\/h3>\t\t\t<\/div>\r\n\t\t\r\n\t\t\t\r\n\t\t\t\r\n\t\t\t\t\t<\/div>\r\n\t\t\t\t\t<\/div>\n\t\t\t\t<\/div>\n\t\t\t\t<div class=\"elementor-element elementor-element-19ba05e elementor-widget elementor-widget-text-editor\" data-id=\"19ba05e\" data-element_type=\"widget\" data-e-type=\"widget\" data-widget_type=\"text-editor.default\">\n\t\t\t\t\t\t\t\t\t<p data-spm-anchor-id=\"a2ty_o01.29997173.0.i84.1dedc9214ByEdy\">Che si tratti del <strong>pulizia impeccabile <\/strong>, IL <strong>posizione centrale ma tranquilla <\/strong>, o il <strong>rapporto qualit\u00e0-prezzo eccezionale <\/strong>, i visitatori abituali e gli ospiti fedeli continuano a scegliere <strong>Hotel Sacro Orientale <\/strong> per i loro soggiorni a Pechino. La nostra capacit\u00e0 di combinare <strong>calore tradizionale con efficienza contemporanea <\/strong> garantisce che ogni visita sia non solo confortevole ma anche significativa.<\/p><p>Ti invitiamo a leggere cosa hanno detto di noi su <strong>TripAdvisor <\/strong>, <strong>Recensioni di Google <\/strong>e altre piattaforme OTA, e poi vieni a scoprire di persona la differenza di East Sacred. Lascia che trasformiamo la tua visita a Pechino in qualcosa di straordinario.<\/p><p data-spm-anchor-id=\"a2ty_o01.29997173.0.i85.1dedc9214ByEdy\">Prenota oggi stesso il tuo soggiorno e diventa parte della nostra famiglia in continua crescita di ospiti soddisfatti che tornano a casa non solo con dei souvenir, ma anche con preziosi ricordi di un&#039;esperienza di ospitalit\u00e0 davvero straordinaria nel cuore di Pechino.<\/p>\t\t\t\t\t\t\t\t<\/div>\n\t\t\t\t\t<\/div>\n\t\t\t\t<\/div>\n\t\t\t\t<\/div>","protected":false},"excerpt":{"rendered":"<p>Discover what guests are saying about East Sacred Hotel \u2013 a collection of real customer experiences &amp; reviews At East Sacred Hotel , located at No. 33 Jia, No. 3 Street, Dongdan, Dongcheng District, Beijing, China , we believe that the true essence of our hospitality is best reflected in the voices of our guests. [&hellip;]<\/p>\n","protected":false},"author":1,"featured_media":0,"parent":0,"menu_order":0,"comment_status":"closed","ping_status":"closed","template":"","meta":{"footnotes":""},"class_list":["post-2106","page","type-page","status-publish","hentry","post-no-thumbnail"],"_links":{"self":[{"href":"https:\/\/eastsacredhotel.com\/it\/wp-json\/wp\/v2\/pages\/2106","targetHints":{"allow":["GET"]}}],"collection":[{"href":"https:\/\/eastsacredhotel.com\/it\/wp-json\/wp\/v2\/pages"}],"about":[{"href":"https:\/\/eastsacredhotel.com\/it\/wp-json\/wp\/v2\/types\/page"}],"author":[{"embeddable":true,"href":"https:\/\/eastsacredhotel.com\/it\/wp-json\/wp\/v2\/users\/1"}],"replies":[{"embeddable":true,"href":"https:\/\/eastsacredhotel.com\/it\/wp-json\/wp\/v2\/comments?post=2106"}],"version-history":[{"count":0,"href":"https:\/\/eastsacredhotel.com\/it\/wp-json\/wp\/v2\/pages\/2106\/revisions"}],"wp:attachment":[{"href":"https:\/\/eastsacredhotel.com\/it\/wp-json\/wp\/v2\/media?parent=2106"}],"curies":[{"name":"wp","href":"https:\/\/api.w.org\/{rel}","templated":true}]}}