{"id":612,"date":"2021-03-26T10:04:13","date_gmt":"2021-03-26T10:04:13","guid":{"rendered":"http:\/\/localhost\/nuss\/?page_id=612"},"modified":"2025-12-04T10:41:03","modified_gmt":"2025-12-04T10:41:03","slug":"ristorante","status":"publish","type":"page","link":"https:\/\/eastsacredhotel.com\/it\/ristorante\/","title":{"rendered":"Ristorante"},"content":{"rendered":"<div data-elementor-type=\"wp-page\" data-elementor-id=\"612\" class=\"elementor elementor-612\">\n\t\t\t\t\t\t<section class=\"elementor-section elementor-top-section elementor-element elementor-element-e2effe8 elementor-section-boxed elementor-section-gap-beside-yes elementor-section-height-default elementor-section-height-default elementor-section-column-vertical-align-stretch\" data-id=\"e2effe8\" data-element_type=\"section\" data-e-type=\"section\">\n\t\t\t\t\t\t<div class=\"elementor-container elementor-column-gap-extended\">\n\t\t\t\t\t<div class=\"elementor-column elementor-col-100 elementor-top-column elementor-element elementor-element-e18f688\" data-id=\"e18f688\" data-element_type=\"column\" data-e-type=\"column\">\n\t\t\t<div class=\"elementor-widget-wrap elementor-element-populated\">\n\t\t\t\t\t\t<div class=\"elementor-element elementor-element-6db146d elementor-widget__width-initial elementor-invisible elementor-widget elementor-widget-text-editor\" data-id=\"6db146d\" data-element_type=\"widget\" data-e-type=\"widget\" data-settings=\"{&quot;_animation&quot;:&quot;nussFadeInUp&quot;}\" data-widget_type=\"text-editor.default\">\n\t\t\t\t\t\t\t\t\t<p data-spm-anchor-id=\"a2ty_o01.29997173.0.i42.1dedc9214ByEdy\">Pi\u00f9 di un semplice posto dove cenare, il nostro ristorante \u00e8 una destinazione in s\u00e9: un&#039;elegante fusione di <strong>estetica tradizionale cinese <\/strong> E <strong>arte culinaria moderna <\/strong>, dove ricette tradizionali incontrano presentazioni contemporanee. Che si tratti di una colazione tranquilla prima di esplorare la Citt\u00e0 Proibita, di un pranzo di lavoro in un ambiente tranquillo o di una cena romantica sotto luci soffuse, ogni visita promette un viaggio indimenticabile tra gusto e tradizione.<\/p>\t\t\t\t\t\t\t\t<\/div>\n\t\t\t\t\t<\/div>\n\t\t<\/div>\n\t\t\t\t\t<\/div>\n\t\t<\/section>\n\t\t<div class=\"elementor-element elementor-element-73e8a9d e-flex e-con-boxed e-con e-parent\" data-id=\"73e8a9d\" data-element_type=\"container\" data-e-type=\"container\">\n\t\t\t\t\t<div class=\"e-con-inner\">\n\t\t<div class=\"elementor-element elementor-element-6aae9ff e-con-full e-flex e-con e-child\" data-id=\"6aae9ff\" data-element_type=\"container\" data-e-type=\"container\">\n\t\t\t\t<div class=\"elementor-element elementor-element-f677e27 elementor-widget elementor-widget-text-editor\" data-id=\"f677e27\" data-element_type=\"widget\" data-e-type=\"widget\" data-widget_type=\"text-editor.default\">\n\t\t\t\t\t\t\t\t\t<p data-spm-anchor-id=\"a2ty_o01.29997173.0.i47.1dedc9214ByEdy\">Al centro della filosofia del nostro ristorante c&#039;\u00e8 un profondo rispetto per <strong>gastronomia cinese <\/strong>, in particolare i sapori e le tecniche che hanno definito l&#039;identit\u00e0 culinaria di Pechino per secoli. Il nostro team di chef qualificati trae ispirazione da <strong>specialit\u00e0 regionali e cucina imperiale <\/strong>, utilizzando solo gli ingredienti di stagione pi\u00f9 freschi, provenienti da fornitori locali di fiducia, per garantire autenticit\u00e0 e qualit\u00e0 in ogni piatto.<\/p><p data-spm-anchor-id=\"a2ty_o01.29997173.0.i44.1dedc9214ByEdy\">Dal primo morso della nostra firma <strong>Anatra alla pechinese <\/strong>, preparati utilizzando metodi di tostatura tradizionali tramandati di generazione in generazione, fino alle delicate consistenze dei nostri ravioli e dim sum fatti a mano, ogni articolo del nostro menu racconta una storia radicata nel passato, ma presentata con un tocco moderno che soddisfa i palati pi\u00f9 esigenti di oggi.<\/p>\t\t\t\t\t\t\t\t<\/div>\n\t\t\t\t<\/div>\n\t\t<div class=\"elementor-element elementor-element-3e2f665 e-con-full e-flex e-con e-child\" data-id=\"3e2f665\" data-element_type=\"container\" data-e-type=\"container\">\n\t\t\t\t<div class=\"elementor-element elementor-element-6e371d4 elementor-widget elementor-widget-image\" data-id=\"6e371d4\" data-element_type=\"widget\" data-e-type=\"widget\" data-widget_type=\"image.default\">\n\t\t\t\t\t\t\t\t\t\t\t\t\t\t\t<img fetchpriority=\"high\" decoding=\"async\" width=\"1024\" height=\"682\" src=\"https:\/\/eastsacredhotel.com\/wp-content\/uploads\/2025\/07\/East-Sacred-Hotel-dinning-5-1024x682.webp\" class=\"attachment-large size-large wp-image-5504\" alt=\"\" srcset=\"https:\/\/eastsacredhotel.com\/wp-content\/uploads\/2025\/07\/East-Sacred-Hotel-dinning-5-1024x682.webp 1024w, https:\/\/eastsacredhotel.com\/wp-content\/uploads\/2025\/07\/East-Sacred-Hotel-dinning-5-300x200.webp 300w, https:\/\/eastsacredhotel.com\/wp-content\/uploads\/2025\/07\/East-Sacred-Hotel-dinning-5-768x512.webp 768w, https:\/\/eastsacredhotel.com\/wp-content\/uploads\/2025\/07\/East-Sacred-Hotel-dinning-5.webp 1280w\" sizes=\"(max-width: 1024px) 100vw, 1024px\" \/>\t\t\t\t\t\t\t\t\t\t\t\t\t\t\t<\/div>\n\t\t\t\t<\/div>\n\t\t\t\t\t<\/div>\n\t\t\t\t<\/div>\n\t\t<div class=\"elementor-element elementor-element-5da33e8 e-flex e-con-boxed e-con e-parent\" data-id=\"5da33e8\" data-element_type=\"container\" data-e-type=\"container\">\n\t\t\t\t\t<div class=\"e-con-inner\">\n\t\t<div class=\"elementor-element elementor-element-a3f373d e-con-full e-flex e-con e-child\" data-id=\"a3f373d\" data-element_type=\"container\" data-e-type=\"container\">\n\t\t\t\t<div class=\"elementor-element elementor-element-eb56151 elementor-widget elementor-widget-image\" data-id=\"eb56151\" data-element_type=\"widget\" data-e-type=\"widget\" data-widget_type=\"image.default\">\n\t\t\t\t\t\t\t\t\t\t\t\t\t\t\t<img decoding=\"async\" width=\"1024\" height=\"695\" src=\"https:\/\/eastsacredhotel.com\/wp-content\/uploads\/2025\/07\/East-Sacred-Hotel-dinning-1-1024x695.webp\" class=\"attachment-large size-large wp-image-5505\" alt=\"\" srcset=\"https:\/\/eastsacredhotel.com\/wp-content\/uploads\/2025\/07\/East-Sacred-Hotel-dinning-1-1024x695.webp 1024w, https:\/\/eastsacredhotel.com\/wp-content\/uploads\/2025\/07\/East-Sacred-Hotel-dinning-1-300x204.webp 300w, https:\/\/eastsacredhotel.com\/wp-content\/uploads\/2025\/07\/East-Sacred-Hotel-dinning-1-768x522.webp 768w, https:\/\/eastsacredhotel.com\/wp-content\/uploads\/2025\/07\/East-Sacred-Hotel-dinning-1.webp 1256w\" sizes=\"(max-width: 1024px) 100vw, 1024px\" \/>\t\t\t\t\t\t\t\t\t\t\t\t\t\t\t<\/div>\n\t\t\t\t<\/div>\n\t\t<div class=\"elementor-element elementor-element-867318e e-con-full e-flex e-con e-child\" data-id=\"867318e\" data-element_type=\"container\" data-e-type=\"container\">\n\t\t\t\t<div class=\"elementor-element elementor-element-559a1ed elementor-widget elementor-widget-text-editor\" data-id=\"559a1ed\" data-element_type=\"widget\" data-e-type=\"widget\" data-widget_type=\"text-editor.default\">\n\t\t\t\t\t\t\t\t\t<p data-spm-anchor-id=\"a2ty_o01.29997173.0.i48.1dedc9214ByEdy\">Sebbene le nostre radici siano saldamente ancorate alle tradizioni culinarie cinesi, comprendiamo che i viaggiatori di oggi provengono da ogni angolo del mondo con gusti e preferenze diversi. Ecco perch\u00e9 il nostro menu offre anche una gamma accuratamente selezionata di <strong>piatti internazionali <\/strong>dalle sostanziose colazioni in stile occidentale e dalle paste gourmet alle delizie panasiatiche, fino alle opzioni leggere e salutari per i commensali attenti al benessere.<\/p><p>Che abbiate voglia del calore di un classico risotto italiano, della freschezza del sushi giapponese o della confortante familiarit\u00e0 della pasticceria francese, la nostra cucina \u00e8 attrezzata per soddisfare un&#039;ampia gamma di voglie senza compromettere la qualit\u00e0 o l&#039;autenticit\u00e0.<\/p>\t\t\t\t\t\t\t\t<\/div>\n\t\t\t\t<\/div>\n\t\t\t\t\t<\/div>\n\t\t\t\t<\/div>\n\t\t<div class=\"elementor-element elementor-element-30c710b e-flex e-con-boxed e-con e-parent\" data-id=\"30c710b\" data-element_type=\"container\" data-e-type=\"container\">\n\t\t\t\t\t<div class=\"e-con-inner\">\n\t\t<div class=\"elementor-element elementor-element-4ae2562 e-con-full e-flex e-con e-child\" data-id=\"4ae2562\" data-element_type=\"container\" data-e-type=\"container\">\n\t\t\t\t<div class=\"elementor-element elementor-element-29bfa29 elementor-widget elementor-widget-text-editor\" data-id=\"29bfa29\" data-element_type=\"widget\" data-e-type=\"widget\" data-widget_type=\"text-editor.default\">\n\t\t\t\t\t\t\t\t\t<p data-spm-anchor-id=\"a2ty_o01.29997173.0.i49.1dedc9214ByEdy\">Ospitato all&#039;interno degli interni splendidamente progettati dell&#039;hotel, il nostro ristorante si fonde perfettamente <strong>accenti in legno naturale, calligrafia tradizionale e arredamento minimalista <\/strong>, creando uno spazio che trasmette un&#039;atmosfera al tempo stesso senza tempo e contemporanea. L&#039;atmosfera \u00e8 calda e accogliente, con luci soffuse, comode sedute e una delicata musica di sottofondo che esalta l&#039;esperienza sensoriale complessiva.<\/p><p data-spm-anchor-id=\"a2ty_o01.29997173.0.i50.1dedc9214ByEdy\">Il layout consente entrambi <strong>esperienze culinarie intime <\/strong> E <strong>raduni pi\u00f9 grandi <\/strong>, rendendolo ideale per viaggiatori singoli, coppie, famiglie e piccoli gruppi di lavoro. Che scegliate di cenare all&#039;interno o di godervi un momento di tranquillit\u00e0 sulla nostra terrazza con vista sulle vivaci strade di Dongdan, scoprirete che ogni dettaglio \u00e8 stato curato per migliorare il vostro comfort e il vostro piacere.<\/p>\t\t\t\t\t\t\t\t<\/div>\n\t\t\t\t<\/div>\n\t\t<div class=\"elementor-element elementor-element-862e28d e-con-full e-flex e-con e-child\" data-id=\"862e28d\" data-element_type=\"container\" data-e-type=\"container\">\n\t\t\t\t<div class=\"elementor-element elementor-element-5d46164 elementor-widget elementor-widget-image\" data-id=\"5d46164\" data-element_type=\"widget\" data-e-type=\"widget\" data-widget_type=\"image.default\">\n\t\t\t\t\t\t\t\t\t\t\t\t\t\t\t<img decoding=\"async\" width=\"1024\" height=\"682\" src=\"https:\/\/eastsacredhotel.com\/wp-content\/uploads\/2025\/07\/East-Sacred-Hotel-dinning-4-1024x682.webp\" class=\"attachment-large size-large wp-image-5506\" alt=\"\" srcset=\"https:\/\/eastsacredhotel.com\/wp-content\/uploads\/2025\/07\/East-Sacred-Hotel-dinning-4-1024x682.webp 1024w, https:\/\/eastsacredhotel.com\/wp-content\/uploads\/2025\/07\/East-Sacred-Hotel-dinning-4-300x200.webp 300w, https:\/\/eastsacredhotel.com\/wp-content\/uploads\/2025\/07\/East-Sacred-Hotel-dinning-4-768x512.webp 768w, https:\/\/eastsacredhotel.com\/wp-content\/uploads\/2025\/07\/East-Sacred-Hotel-dinning-4.webp 1280w\" sizes=\"(max-width: 1024px) 100vw, 1024px\" \/>\t\t\t\t\t\t\t\t\t\t\t\t\t\t\t<\/div>\n\t\t\t\t<\/div>\n\t\t\t\t\t<\/div>\n\t\t\t\t<\/div>\n\t\t<div class=\"elementor-element elementor-element-fa46734 e-flex e-con-boxed e-con e-parent\" data-id=\"fa46734\" data-element_type=\"container\" data-e-type=\"container\">\n\t\t\t\t\t<div class=\"e-con-inner\">\n\t\t<div class=\"elementor-element elementor-element-9ab4a1b e-con-full e-flex e-con e-child\" data-id=\"9ab4a1b\" data-element_type=\"container\" data-e-type=\"container\">\n\t\t\t\t<div class=\"elementor-element elementor-element-0443a57 elementor-widget elementor-widget-image\" data-id=\"0443a57\" data-element_type=\"widget\" data-e-type=\"widget\" data-widget_type=\"image.default\">\n\t\t\t\t\t\t\t\t\t\t\t\t\t\t\t<img loading=\"lazy\" decoding=\"async\" width=\"1024\" height=\"682\" src=\"https:\/\/eastsacredhotel.com\/wp-content\/uploads\/2025\/07\/East-Sacred-Hotel-dinning-2-1024x682.webp\" class=\"attachment-large size-large wp-image-5507\" alt=\"\" srcset=\"https:\/\/eastsacredhotel.com\/wp-content\/uploads\/2025\/07\/East-Sacred-Hotel-dinning-2-1024x682.webp 1024w, https:\/\/eastsacredhotel.com\/wp-content\/uploads\/2025\/07\/East-Sacred-Hotel-dinning-2-300x200.webp 300w, https:\/\/eastsacredhotel.com\/wp-content\/uploads\/2025\/07\/East-Sacred-Hotel-dinning-2-768x512.webp 768w, https:\/\/eastsacredhotel.com\/wp-content\/uploads\/2025\/07\/East-Sacred-Hotel-dinning-2.webp 1280w\" sizes=\"(max-width: 1024px) 100vw, 1024px\" \/>\t\t\t\t\t\t\t\t\t\t\t\t\t\t\t<\/div>\n\t\t\t\t<\/div>\n\t\t<div class=\"elementor-element elementor-element-3d9c457 e-con-full e-flex e-con e-child\" data-id=\"3d9c457\" data-element_type=\"container\" data-e-type=\"container\">\n\t\t\t\t<div class=\"elementor-element elementor-element-9873e7a elementor-widget elementor-widget-text-editor\" data-id=\"9873e7a\" data-element_type=\"widget\" data-e-type=\"widget\" data-widget_type=\"text-editor.default\">\n\t\t\t\t\t\t\t\t\t<p data-spm-anchor-id=\"a2ty_o01.29997173.0.i51.1dedc9214ByEdy\">Il nostro men\u00f9 si evolve con le stagioni, riflettendo la naturale disponibilit\u00e0 di prodotti freschi e le mutevoli preferenze dei nostri ospiti durante tutto l&#039;anno. Nei mesi pi\u00f9 freddi, concedetevi zuppe calde, stufati a cottura lenta e t\u00e8 speziati, mentre l&#039;estate porta con s\u00e9 piatti pi\u00f9 leggeri come noodles freddi, brodi alle erbe e rinfrescanti dessert a base di frutta.<\/p><p data-spm-anchor-id=\"a2ty_o01.29997173.0.i52.1dedc9214ByEdy\">Ospitiamo anche <strong>cene speciali a tema e men\u00f9 degustazione <\/strong> durante i grandi festival come il <strong>Festa di Primavera, Festa di Met\u00e0 Autunno e Festa delle Lanterne <\/strong>, consentendo agli ospiti di sperimentare la ricchezza della cultura cinese attraverso il cibo.<\/p>\t\t\t\t\t\t\t\t<\/div>\n\t\t\t\t<\/div>\n\t\t\t\t\t<\/div>\n\t\t\t\t<\/div>\n\t\t<div class=\"elementor-element elementor-element-17a8ffd e-flex e-con-boxed e-con e-parent\" data-id=\"17a8ffd\" data-element_type=\"container\" data-e-type=\"container\">\n\t\t\t\t\t<div class=\"e-con-inner\">\n\t\t<div class=\"elementor-element elementor-element-d3aab42 e-con-full e-flex e-con e-child\" data-id=\"d3aab42\" data-element_type=\"container\" data-e-type=\"container\">\n\t\t\t\t<div class=\"elementor-element elementor-element-639311b elementor-widget elementor-widget-text-editor\" data-id=\"639311b\" data-element_type=\"widget\" data-e-type=\"widget\" data-widget_type=\"text-editor.default\">\n\t\t\t\t\t\t\t\t\t<p data-spm-anchor-id=\"a2ty_o01.29997173.0.i53.1dedc9214ByEdy\">Ci\u00f2 che distingue davvero il nostro ristorante non \u00e8 solo ci\u00f2 che viene servito, ma anche il modo in cui viene servito. Il nostro personale attento e multilingue \u00e8 preparato per anticipare le vostre esigenze e offrire un servizio impeccabile che unisce la professionalit\u00e0 internazionale al calore e alla cortesia della tradizionale ospitalit\u00e0 cinese.<\/p><p>Che si tratti di consigliare l&#039;abbinamento perfetto di t\u00e8 per il vostro pasto, di soddisfare con cura le vostre esigenze alimentari o di organizzare una cena privata per occasioni speciali, il nostro team si impegna a garantire che ogni ospite lasci un ricordo memorabile.<\/p>\t\t\t\t\t\t\t\t<\/div>\n\t\t\t\t<\/div>\n\t\t<div class=\"elementor-element elementor-element-c7effd6 e-con-full e-flex e-con e-child\" data-id=\"c7effd6\" data-element_type=\"container\" data-e-type=\"container\">\n\t\t\t\t<div class=\"elementor-element elementor-element-21dc18f elementor-widget elementor-widget-image\" data-id=\"21dc18f\" data-element_type=\"widget\" data-e-type=\"widget\" data-widget_type=\"image.default\">\n\t\t\t\t\t\t\t\t\t\t\t\t\t\t\t<img loading=\"lazy\" decoding=\"async\" width=\"1024\" height=\"682\" src=\"https:\/\/eastsacredhotel.com\/wp-content\/uploads\/2025\/07\/East-Sacred-Hotel-1024x682.webp\" class=\"attachment-large size-large wp-image-5499\" alt=\"\" srcset=\"https:\/\/eastsacredhotel.com\/wp-content\/uploads\/2025\/07\/East-Sacred-Hotel-1024x682.webp 1024w, https:\/\/eastsacredhotel.com\/wp-content\/uploads\/2025\/07\/East-Sacred-Hotel-300x200.webp 300w, https:\/\/eastsacredhotel.com\/wp-content\/uploads\/2025\/07\/East-Sacred-Hotel-768x512.webp 768w, https:\/\/eastsacredhotel.com\/wp-content\/uploads\/2025\/07\/East-Sacred-Hotel.webp 1280w\" sizes=\"(max-width: 1024px) 100vw, 1024px\" \/>\t\t\t\t\t\t\t\t\t\t\t\t\t\t\t<\/div>\n\t\t\t\t<\/div>\n\t\t\t\t\t<\/div>\n\t\t\t\t<\/div>\n\t\t<div class=\"elementor-element elementor-element-9da748c e-flex e-con-boxed e-con e-parent\" data-id=\"9da748c\" data-element_type=\"container\" data-e-type=\"container\">\n\t\t\t\t\t<div class=\"e-con-inner\">\n\t\t\t\t<div class=\"elementor-element elementor-element-afbe34b elementor-widget elementor-widget-text-editor\" data-id=\"afbe34b\" data-element_type=\"widget\" data-e-type=\"widget\" data-widget_type=\"text-editor.default\">\n\t\t\t\t\t\t\t\t\t<p data-spm-anchor-id=\"a2ty_o01.29997173.0.i55.1dedc9214ByEdy\">Che siate ospiti dell&#039;hotel o che stiate semplicemente esplorando le vivaci strade di Dongdan, vi invitiamo a vivere un viaggio culinario che onora il passato abbracciando il futuro. A <strong>Il ristorante dell&#039;East Sacred Hotel <\/strong>, ogni pasto \u00e8 una storia raccontata attraverso il sapore, ogni piatto un omaggio alla terra che lo ispira e ogni visita un ricordo da creare.<\/p><p data-spm-anchor-id=\"a2ty_o01.29997173.0.i57.1dedc9214ByEdy\">Vi accoglieremo a braccia aperte, con la nostra calorosa ospitalit\u00e0 e con una tavola imbandita con le migliori proposte culinarie che Pechino ha da offrire.<\/p>\t\t\t\t\t\t\t\t<\/div>\n\t\t\t\t\t<\/div>\n\t\t\t\t<\/div>\n\t\t\t\t<\/div>","protected":false},"excerpt":{"rendered":"<p>More than just a place to dine, our restaurant is a destination in itself\u2014an elegant fusion of traditional Chinese aesthetics and modern culinary artistry , where time-honored recipes meet contemporary presentation. Whether you&#8217;re enjoying a leisurely breakfast before exploring the Forbidden City, savoring a business lunch in a tranquil setting, or indulging in a romantic [&hellip;]<\/p>\n","protected":false},"author":1,"featured_media":0,"parent":0,"menu_order":0,"comment_status":"closed","ping_status":"closed","template":"","meta":{"footnotes":""},"class_list":["post-612","page","type-page","status-publish","hentry","post-no-thumbnail"],"_links":{"self":[{"href":"https:\/\/eastsacredhotel.com\/it\/wp-json\/wp\/v2\/pages\/612","targetHints":{"allow":["GET"]}}],"collection":[{"href":"https:\/\/eastsacredhotel.com\/it\/wp-json\/wp\/v2\/pages"}],"about":[{"href":"https:\/\/eastsacredhotel.com\/it\/wp-json\/wp\/v2\/types\/page"}],"author":[{"embeddable":true,"href":"https:\/\/eastsacredhotel.com\/it\/wp-json\/wp\/v2\/users\/1"}],"replies":[{"embeddable":true,"href":"https:\/\/eastsacredhotel.com\/it\/wp-json\/wp\/v2\/comments?post=612"}],"version-history":[{"count":0,"href":"https:\/\/eastsacredhotel.com\/it\/wp-json\/wp\/v2\/pages\/612\/revisions"}],"wp:attachment":[{"href":"https:\/\/eastsacredhotel.com\/it\/wp-json\/wp\/v2\/media?parent=612"}],"curies":[{"name":"wp","href":"https:\/\/api.w.org\/{rel}","templated":true}]}}