{"id":647,"date":"2021-03-29T02:13:52","date_gmt":"2021-03-29T02:13:52","guid":{"rendered":"http:\/\/localhost\/nuss\/?page_id=647"},"modified":"2025-12-04T10:41:16","modified_gmt":"2025-12-04T10:41:16","slug":"servizi","status":"publish","type":"page","link":"https:\/\/eastsacredhotel.com\/it\/servizi\/","title":{"rendered":"Servizi"},"content":{"rendered":"<div data-elementor-type=\"wp-page\" data-elementor-id=\"647\" class=\"elementor elementor-647\">\n\t\t\t\t\t\t<section class=\"elementor-section elementor-top-section elementor-element elementor-element-3353bc8 elementor-section-boxed elementor-section-gap-beside-yes elementor-section-height-default elementor-section-height-default elementor-section-column-vertical-align-stretch\" data-id=\"3353bc8\" data-element_type=\"section\" data-e-type=\"section\">\n\t\t\t\t\t\t<div class=\"elementor-container elementor-column-gap-extended\">\n\t\t\t\t\t<div class=\"elementor-column elementor-col-100 elementor-top-column elementor-element elementor-element-0a2bc64\" data-id=\"0a2bc64\" data-element_type=\"column\" data-e-type=\"column\">\n\t\t\t<div class=\"elementor-widget-wrap elementor-element-populated\">\n\t\t\t\t\t\t<div class=\"elementor-element elementor-element-447e3ef elementor-widget__width-initial elementor-invisible elementor-widget elementor-widget-text-editor\" data-id=\"447e3ef\" data-element_type=\"widget\" data-e-type=\"widget\" data-settings=\"{&quot;_animation&quot;:&quot;nussFadeInUp&quot;}\" data-widget_type=\"text-editor.default\">\n\t\t\t\t\t\t\t\t\t<p>Facciamo del nostro meglio per offrire a tutti i nostri ospiti i servizi e le strutture necessari per rendere il loro soggiorno indimenticabile.<\/p>\t\t\t\t\t\t\t\t<\/div>\n\t\t\t\t\t<\/div>\n\t\t<\/div>\n\t\t\t\t\t<\/div>\n\t\t<\/section>\n\t\t<div class=\"elementor-element elementor-element-9045166 e-flex e-con-boxed e-con e-parent\" data-id=\"9045166\" data-element_type=\"container\" data-e-type=\"container\">\n\t\t\t\t\t<div class=\"e-con-inner\">\n\t\t\t\t<div class=\"elementor-element elementor-element-0d16263 elementor-widget elementor-widget-text-editor\" data-id=\"0d16263\" data-element_type=\"widget\" data-e-type=\"widget\" data-widget_type=\"text-editor.default\">\n\t\t\t\t\t\t\t\t\t<p data-spm-anchor-id=\"a2ty_o01.29997173.0.i118.1dedc9214ByEdy\">A <strong>Hotel Sacro Orientale <\/strong>, situato al prestigioso indirizzo di <strong>No. 33 Jia, No. 3 Street, Dongdan, distretto di Dongcheng, Pechino, Cina <\/strong>Crediamo che un servizio eccezionale sia la pietra angolare di un soggiorno davvero memorabile. Il nostro hotel \u00e8 stato progettato non solo per offrire sistemazioni eleganti e una posizione privilegiata vicino ai monumenti pi\u00f9 iconici di Pechino, ma anche per offrire una vasta gamma di <strong>servizi attentamente curati <\/strong> che soddisfano le diverse esigenze dei viaggiatori moderni.<\/p><p data-spm-anchor-id=\"a2ty_o01.29997173.0.i119.1dedc9214ByEdy\">Fin dal tuo arrivo, il nostro obiettivo \u00e8 garantire che il tuo soggiorno con noi sia impeccabile, confortevole e arricchito da un&#039;attenzione personalizzata. Che tu sia in viaggio per lavoro, svago o per un&#039;esplorazione culturale, la nostra ampia gamma di comfort e servizi di supporto \u00e8 pensata per rendere il tuo viaggio il pi\u00f9 semplice e piacevole possibile.<\/p><h3>Un mix perfetto di tradizione ed efficienza moderna<\/h3><p>La nostra filosofia di servizio \u00e8 profondamente radicata nei valori tradizionali cinesi \u2013 rispetto, calore e attenzione \u2013 e al contempo abbraccia i moderni standard internazionali di efficienza e innovazione. Ogni membro del nostro team multilingue \u00e8 preparato per anticipare le vostre esigenze e offrirvi un&#039;assistenza tempestiva e cortese durante tutto il vostro soggiorno.<\/p><p>Questa combinazione unica ci permette di servire una clientela globale, mantenendo l&#039;autenticit\u00e0 e il fascino che caratterizzano il nostro marchio. Che si tratti di aiutarvi con i bagagli, consigliarvi attrazioni nelle vicinanze o soddisfare richieste speciali, il nostro staff si impegna a garantire che la vostra esperienza rifletta il vero significato di <strong>ospitalit\u00e0 cinese <\/strong>\u2014dove gli ospiti vengono trattati come membri onorati della famiglia.<\/p><div class=\"my-2\">\u00a0<\/div><div class=\"py-2 my-3\"><hr \/><\/div><h3>Servizi personalizzati per gli ospiti, pensati per il comfort e la praticit\u00e0<\/h3><p>Sappiamo che non esistono due viaggiatori uguali, ecco perch\u00e9 offriamo un&#039;ampia variet\u00e0 di <strong>servizi personalizzati per gli ospiti <\/strong> su misura per soddisfare diversi stili e preferenze di viaggio:<\/p><h4>\u2705 <strong>Reception 24 ore su 24 e assistenza concierge <\/strong><\/h4><p>La nostra reception \u00e8 aperta 24 ore su 24 per fornire supporto continuo. Gli ospiti possono usufruire di assistenza per prenotazioni, prenotazioni di trasporti e richieste generali a qualsiasi ora. <strong>team di concierge professionisti <\/strong> \u00e8 inoltre a disposizione per aiutarti a pianificare il tuo itinerario, prenotare visite guidate, consigliarti ristoranti e persino assisterti con modifiche dell&#039;ultimo minuto al tuo programma.<\/p><h4>\u2705 <strong>Wi-Fi ad alta velocit\u00e0 gratuito in tutta la struttura <\/strong><\/h4><p>Nell&#039;era digitale odierna, rimanere connessi \u00e8 essenziale. Ecco perch\u00e9 offriamo <strong>Wi-Fi in fibra ottica ad alta velocit\u00e0 gratuito <\/strong> In tutto l&#039;hotel, comprese le camere, le aree comuni e il nostro business center. Che si tratti di videoconferenze, navigazione sul web o streaming di contenuti multimediali, la nostra rete garantisce una connettivit\u00e0 veloce, sicura e senza interruzioni.<\/p><h4>\u2705 <strong>Servizi di lavanderia e lavaggio a secco <\/strong><\/h4><p>Viaggiare leggeri? Nessun problema. Offriamo <strong>servizi di lavanderia e lavaggio a secco in giornata e il giorno successivo <\/strong>, cos\u00ec potrai preparare i bagagli in modo intelligente e goderti comunque abiti puliti durante il tuo viaggio. Lascia i tuoi capi al nostro team addetto alle pulizie e te li restituiremo puliti e stirati meticolosamente.<\/p><h4>\u2705 <strong>Trasferimenti aeroportuali e accordi di trasporto <\/strong><\/h4><p>Per alleviare lo stress dell&#039;arrivo e della partenza, offriamo <strong>servizi di trasferimento aeroportuale <\/strong> Su richiesta. Il nostro team pu\u00f2 organizzare il noleggio di auto private, la prenotazione di taxi o servizi navetta condivisi in base alle vostre preferenze e al vostro budget. Inoltre, forniamo assistenza per la navigazione della metropolitana, il noleggio di biciclette e il supporto tramite app di ride-hailing per garantirvi spostamenti a Pechino in tutta semplicit\u00e0.<\/p><h4>\u2705 <strong>Centro business e supporto per riunioni <\/strong><\/h4><p>Per i viaggiatori d&#039;affari, il nostro <strong>centro business dedicato <\/strong> Fornisce strumenti essenziali, tra cui servizi di stampa, scansione, fax e rilegatura di documenti. Offriamo inoltre l&#039;allestimento di sale riunioni, il catering e il supporto tecnico per le presentazioni, garantendo che i vostri impegni professionali siano gestiti con precisione e professionalit\u00e0.<\/p><h4>\u2705 <strong>Servizio in camera e opzioni di ristorazione in camera <\/strong><\/h4><p>A volte, il modo migliore per rilassarsi dopo una lunga giornata trascorsa ad esplorare Pechino \u00e8 dal comfort della propria camera. Il nostro <strong>men\u00f9 del servizio in camera <\/strong> offre una selezione di specialit\u00e0 locali e piatti internazionali, disponibili con orari prolungati per adattarsi a diverse esigenze.<\/p><h4>\u2705 <strong>Deposito bagagli e check-in anticipato \/ check-out posticipato <\/strong><\/h4><p>Se i tuoi piani non coincidono con gli orari standard di check-in, saremo lieti di custodire i tuoi bagagli in modo sicuro prima o dopo il tuo soggiorno. A seconda della disponibilit\u00e0, <strong>check-in anticipato e check-out posticipato <\/strong> possono anche essere organizzati su richiesta, dandoti la flessibilit\u00e0 di viaggiare al tuo ritmo.<\/p><h4>\u2705 <strong>Prenotazione di esperienze culturali <\/strong><\/h4><p>Pechino \u00e8 una citt\u00e0 ricca di storia, arte e tradizione, e vogliamo aiutarti a scoprirla tutta. Il nostro hotel offre <strong>pacchetti turistici culturali <\/strong>, tra cui visite alla Citt\u00e0 Proibita, al Tempio del Cielo, al Palazzo d&#039;Estate ed esperienze immersive come cerimonie del t\u00e8, corsi di calligrafia e tour a piedi degli hutong. Lasciate che vi portiamo a vivere l&#039;essenza di Pechino.<\/p><h4>\u2705 <strong>Servizi di salute e benessere <\/strong><\/h4><p>Riconoscendo l&#039;importanza del benessere, offriamo <strong>sedute di massoterapia <\/strong>, <strong>consigli sullo yoga <\/strong>e accesso ai centri fitness nelle vicinanze per gli ospiti che desiderano ringiovanire corpo e mente durante il soggiorno.<\/p><div class=\"py-2 my-3\"><hr \/><\/div><h3>Tocchi premurosi che fanno la differenza<\/h3><p>Oltre alle offerte standard, siamo orgogliosi di andare oltre con <strong>piccoli ma significativi tocchi <\/strong> che arricchiscono il tuo soggiorno:<\/p><ul><li><strong>T\u00e8 di benvenuto all&#039;arrivo <\/strong> \u2013 un gesto caloroso e tradizionale per salutarti dopo i tuoi viaggi<\/li><li><strong>Acqua in bottiglia gratuita ogni giorno <\/strong> \u2013 rifornito ogni mattina<\/li><li><strong>Pantofole e accappatoi forniti in ogni camera <\/strong> \u2013 per un maggiore comfort<\/li><li><strong>Set per la preparazione del t\u00e8 <\/strong> \u2013 permettendoti di goderti un momento di tranquilla riflessione<\/li><li><strong>Accordi speciali per anniversari, compleanni e occasioni romantiche <\/strong> \u2013 fatecelo sapere in anticipo e vi aiuteremo a creare l&#039;atmosfera giusta<\/li><\/ul><div class=\"py-2 my-3\"><hr \/><\/div><h3>Iniziative di sostenibilit\u00e0 e turismo responsabile<\/h3><p>Nell&#039;ambito del nostro impegno per un turismo responsabile, abbiamo implementato diverse pratiche ecocompatibili in tutte le nostre attivit\u00e0, tra cui:<\/p><ul><li><strong>Sistemi di illuminazione e climatizzazione a risparmio energetico <\/strong><\/li><li><strong>Servizi riutilizzabili e riduzione della plastica monouso <\/strong><\/li><li><strong>Programmi di conservazione dell&#039;acqua <\/strong><\/li><li><strong>Sostegno agli artigiani locali e alle iniziative turistiche basate sulla comunit\u00e0 <\/strong><\/li><\/ul><p>Siamo convinti che il lusso non debba andare a discapito dell&#039;ambiente o della cultura locale e ci impegniamo a creare un impatto positivo con ogni ospite che accogliamo.<\/p><div class=\"py-2 my-3\"><hr \/><\/div><h3>Perch\u00e9 i viaggiatori amano i nostri servizi<\/h3><p>Gli ospiti elogiano costantemente la qualit\u00e0 del nostro servizio nelle recensioni su piattaforme come <strong>TripAdvisor, recensioni di Google e Booking.com <\/strong>, evidenziando il nostro <strong>personale attento, pronta risposta e cura personalizzata <\/strong>Molti sottolineano che non \u00e8 solo ci\u00f2 che offriamo, ma anche il modo in cui lo offriamo, a distinguerci dagli altri hotel della zona.<\/p><blockquote><p>&quot;Il livello di servizio qui \u00e8 stato ineguagliabile. Ogni membro del personale ci ha accolto con un sorriso e ha fatto di tutto per aiutarci. Sembrava pi\u00f9 di stare a casa di amici che in un hotel.&quot; \u2013 <em>Recensore di TripAdvisor <\/em><\/p><\/blockquote><div class=\"py-2 my-3\"><hr \/><\/div><p><strong>Scopri la differenza sacra dell&#039;Oriente <\/strong><\/p><p>A <strong>Hotel Sacro Orientale <\/strong>Crediamo che un servizio eccellente non consista solo nel soddisfare le aspettative, ma nel superarle. Dal momento della prenotazione fino al saluto finale, il nostro team si impegna a rendere il vostro soggiorno indimenticabile. <strong>Distretto di Dongcheng, Pechino <\/strong> il pi\u00f9 possibile scorrevole, arricchente e memorabile.<\/p><p>Lascia che siamo noi a occuparci dei dettagli, cos\u00ec potrai concentrarti su ci\u00f2 che conta di pi\u00f9: il tuo viaggio, le tue conoscenze e la tua storia personale che si svolge in una delle citt\u00e0 pi\u00f9 affascinanti del mondo.<\/p><p data-spm-anchor-id=\"a2ty_o01.29997173.0.i120.1dedc9214ByEdy\">Prenota oggi stesso il tuo soggiorno e scopri l&#039;intera gamma di servizi pensati appositamente per te.<\/p>\t\t\t\t\t\t\t\t<\/div>\n\t\t\t\t\t<\/div>\n\t\t\t\t<\/div>\n\t\t\t\t<\/div>","protected":false},"excerpt":{"rendered":"<p>We do our best to offer all our guests the services and facilities to make their stay a memorable one. At East Sacred Hotel , located at the prestigious address of No. 33 Jia, No. 3 Street, Dongdan, Dongcheng District, Beijing, China , we believe that exceptional service is the cornerstone of a truly memorable [&hellip;]<\/p>\n","protected":false},"author":1,"featured_media":0,"parent":0,"menu_order":0,"comment_status":"closed","ping_status":"closed","template":"","meta":{"footnotes":""},"class_list":["post-647","page","type-page","status-publish","hentry","post-no-thumbnail"],"_links":{"self":[{"href":"https:\/\/eastsacredhotel.com\/it\/wp-json\/wp\/v2\/pages\/647","targetHints":{"allow":["GET"]}}],"collection":[{"href":"https:\/\/eastsacredhotel.com\/it\/wp-json\/wp\/v2\/pages"}],"about":[{"href":"https:\/\/eastsacredhotel.com\/it\/wp-json\/wp\/v2\/types\/page"}],"author":[{"embeddable":true,"href":"https:\/\/eastsacredhotel.com\/it\/wp-json\/wp\/v2\/users\/1"}],"replies":[{"embeddable":true,"href":"https:\/\/eastsacredhotel.com\/it\/wp-json\/wp\/v2\/comments?post=647"}],"version-history":[{"count":0,"href":"https:\/\/eastsacredhotel.com\/it\/wp-json\/wp\/v2\/pages\/647\/revisions"}],"wp:attachment":[{"href":"https:\/\/eastsacredhotel.com\/it\/wp-json\/wp\/v2\/media?parent=647"}],"curies":[{"name":"wp","href":"https:\/\/api.w.org\/{rel}","templated":true}]}}